{"id":2976,"date":"2020-12-25T15:07:44","date_gmt":"2020-12-25T14:07:44","guid":{"rendered":"http:\/\/laserelectronique.com\/?product=import-placeholder-for-2938"},"modified":"2020-12-26T16:41:23","modified_gmt":"2020-12-26T15:41:23","slug":"beches-double-serie-ds","status":"publish","type":"product","link":"https:\/\/laserelectronique.com\/?product=beches-double-serie-ds","title":{"rendered":"B\u00eaches double s\u00e9rie DS"},"content":{"rendered":"<p><strong>Pour faire des trous de diam\u00e8tre maximum 170 mm<\/strong><\/p>\n<p><strong>Deux b\u00eaches articul\u00e9es en acier avec manches en h\u00eatre<img loading=\"lazy\" decoding=\"async\" class=\" wp-image-2936 alignright\" src=\"http:\/\/laserins.fr\/wp-content\/uploads\/2019\/07\/DS14-1.png\" alt=\"\" width=\"224\" height=\"224\" \/><\/strong><\/p>\n<p><strong>\u00a0<\/strong><\/p>\n<p><strong>\u00a0DS14 hauteur 127cm\u00a0\u00a0 4,2 kg<\/strong><\/p>\n<p><strong>Avec manches 4x100cm lames bleues 14x27cm<\/strong><\/p>\n<p><strong>\u00a0<\/strong><\/p>\n<h3><img loading=\"lazy\" decoding=\"async\" class=\"wp-image-2937 alignright\" style=\"font-size: 16px;\" src=\"http:\/\/laserins.fr\/wp-content\/uploads\/2019\/07\/DS12.png\" alt=\"\" width=\"200\" height=\"279\" \/><\/h3>\n<p><strong>DS12 hauteur 170cm\u00a0\u00a0 6.0 kg\u00a0<\/strong><\/p>\n<p><strong>Avec manches 4x130cm lames crois\u00e9es 13x20cm<\/strong><\/p>\n<p>&nbsp;<\/p>\n<p><strong>\u00a0<\/strong><\/p>\n<p><strong>Fabrication Allemande<\/strong><\/p>\n<p><img loading=\"lazy\" decoding=\"async\" class=\"alignnone wp-image-2058\" src=\"http:\/\/laserins.fr\/wp-content\/uploads\/2018\/05\/ALUREXGIF.gif\" alt=\"\" width=\"335\" height=\"251\" \/><\/p>\n<h3>Document produit:<\/h3>\n<ul>\n<li><a href=\"http:\/\/laserins.fr\/wp-content\/uploads\/2018\/01\/Doc-OutilsEnrob\u00e9s-LASER-INS-2020.pdf\">Doc Outils a enrobe 2017<\/a><\/li>\n<li><a href=\"http:\/\/laserins.fr\/wp-content\/uploads\/2018\/01\/Doc-OUTILS-complete-2017.pdf\">Doc OUTILS complete 2017<\/a><\/li>\n<\/ul>\n","protected":false},"excerpt":{"rendered":"<p>Pour faire des trous de diam\u00e8tre maximum 170 mm Deux b\u00eaches articul\u00e9es en acier avec manches en h\u00eatre \u00a0 \u00a0DS14 hauteur 127cm\u00a0\u00a0 4,2 kg Avec manches 4x100cm lames bleues 14x27cm&hellip;<\/p>\n","protected":false},"featured_media":3026,"comment_status":"open","ping_status":"closed","template":"","meta":[],"product_cat":[88],"product_tag":[],"class_list":{"0":"post-2976","1":"product","2":"type-product","3":"status-publish","4":"has-post-thumbnail","6":"product_cat-outils","7":"","9":"first","10":"instock","11":"taxable","12":"shipping-taxable","13":"product-type-simple"},"yoast_head":"<!-- This site is optimized with the Yoast SEO plugin v24.7 - https:\/\/yoast.com\/wordpress\/plugins\/seo\/ -->\n<title>B\u00eaches double s\u00e9rie DS - LASER ELECTRONIQUE TP<\/title>\n<meta name=\"robots\" content=\"index, follow, max-snippet:-1, max-image-preview:large, max-video-preview:-1\" \/>\n<link rel=\"canonical\" href=\"https:\/\/laserelectronique.com\/?product=beches-double-serie-ds\" \/>\n<meta property=\"og:locale\" content=\"fr_FR\" \/>\n<meta property=\"og:type\" content=\"article\" \/>\n<meta property=\"og:title\" content=\"B\u00eaches double s\u00e9rie DS - LASER ELECTRONIQUE TP\" \/>\n<meta property=\"og:description\" content=\"Pour faire des trous de diam\u00e8tre maximum 170 mm Deux b\u00eaches articul\u00e9es en acier avec manches en h\u00eatre \u00a0 \u00a0DS14 hauteur 127cm\u00a0\u00a0 4,2 kg Avec manches 4x100cm lames bleues 14x27cm&hellip;\" \/>\n<meta property=\"og:url\" content=\"https:\/\/laserelectronique.com\/?product=beches-double-serie-ds\" \/>\n<meta property=\"og:site_name\" content=\"LASER ELECTRONIQUE TP\" \/>\n<meta property=\"article:modified_time\" content=\"2020-12-26T15:41:23+00:00\" \/>\n<meta property=\"og:image\" content=\"https:\/\/laserelectronique.com\/wp-content\/uploads\/2020\/12\/DS14-1.png\" \/>\n\t<meta property=\"og:image:width\" content=\"700\" \/>\n\t<meta property=\"og:image:height\" content=\"700\" \/>\n\t<meta property=\"og:image:type\" content=\"image\/png\" \/>\n<meta name=\"twitter:card\" content=\"summary_large_image\" \/>\n<script type=\"application\/ld+json\" class=\"yoast-schema-graph\">{\"@context\":\"https:\/\/schema.org\",\"@graph\":[{\"@type\":\"WebPage\",\"@id\":\"https:\/\/laserelectronique.com\/?product=beches-double-serie-ds\",\"url\":\"https:\/\/laserelectronique.com\/?product=beches-double-serie-ds\",\"name\":\"B\u00eaches double s\u00e9rie DS - LASER ELECTRONIQUE TP\",\"isPartOf\":{\"@id\":\"https:\/\/laserelectronique.com\/#website\"},\"primaryImageOfPage\":{\"@id\":\"https:\/\/laserelectronique.com\/?product=beches-double-serie-ds#primaryimage\"},\"image\":{\"@id\":\"https:\/\/laserelectronique.com\/?product=beches-double-serie-ds#primaryimage\"},\"thumbnailUrl\":\"https:\/\/laserelectronique.com\/wp-content\/uploads\/2020\/12\/DS14-1.png\",\"datePublished\":\"2020-12-25T14:07:44+00:00\",\"dateModified\":\"2020-12-26T15:41:23+00:00\",\"breadcrumb\":{\"@id\":\"https:\/\/laserelectronique.com\/?product=beches-double-serie-ds#breadcrumb\"},\"inLanguage\":\"fr-FR\",\"potentialAction\":[{\"@type\":\"ReadAction\",\"target\":[\"https:\/\/laserelectronique.com\/?product=beches-double-serie-ds\"]}]},{\"@type\":\"ImageObject\",\"inLanguage\":\"fr-FR\",\"@id\":\"https:\/\/laserelectronique.com\/?product=beches-double-serie-ds#primaryimage\",\"url\":\"https:\/\/laserelectronique.com\/wp-content\/uploads\/2020\/12\/DS14-1.png\",\"contentUrl\":\"https:\/\/laserelectronique.com\/wp-content\/uploads\/2020\/12\/DS14-1.png\",\"width\":700,\"height\":700},{\"@type\":\"BreadcrumbList\",\"@id\":\"https:\/\/laserelectronique.com\/?product=beches-double-serie-ds#breadcrumb\",\"itemListElement\":[{\"@type\":\"ListItem\",\"position\":1,\"name\":\"Accueil\",\"item\":\"https:\/\/laserelectronique.com\/\"},{\"@type\":\"ListItem\",\"position\":2,\"name\":\"Boutique\",\"item\":\"https:\/\/laserelectronique.com\/?page_id=7\"},{\"@type\":\"ListItem\",\"position\":3,\"name\":\"B\u00eaches double s\u00e9rie DS\"}]},{\"@type\":\"WebSite\",\"@id\":\"https:\/\/laserelectronique.com\/#website\",\"url\":\"https:\/\/laserelectronique.com\/\",\"name\":\"LASER ELECTRONIQUE TP\",\"description\":\"VOTRE PARTENAIRE EN GUIDAGE D&#039;ENGINS, TOPOGRAPHIE ET SERVICES\",\"potentialAction\":[{\"@type\":\"SearchAction\",\"target\":{\"@type\":\"EntryPoint\",\"urlTemplate\":\"https:\/\/laserelectronique.com\/?s={search_term_string}\"},\"query-input\":{\"@type\":\"PropertyValueSpecification\",\"valueRequired\":true,\"valueName\":\"search_term_string\"}}],\"inLanguage\":\"fr-FR\"}]}<\/script>\n<!-- \/ Yoast SEO plugin. -->","yoast_head_json":{"title":"B\u00eaches double s\u00e9rie DS - LASER ELECTRONIQUE TP","robots":{"index":"index","follow":"follow","max-snippet":"max-snippet:-1","max-image-preview":"max-image-preview:large","max-video-preview":"max-video-preview:-1"},"canonical":"https:\/\/laserelectronique.com\/?product=beches-double-serie-ds","og_locale":"fr_FR","og_type":"article","og_title":"B\u00eaches double s\u00e9rie DS - LASER ELECTRONIQUE TP","og_description":"Pour faire des trous de diam\u00e8tre maximum 170 mm Deux b\u00eaches articul\u00e9es en acier avec manches en h\u00eatre \u00a0 \u00a0DS14 hauteur 127cm\u00a0\u00a0 4,2 kg Avec manches 4x100cm lames bleues 14x27cm&hellip;","og_url":"https:\/\/laserelectronique.com\/?product=beches-double-serie-ds","og_site_name":"LASER ELECTRONIQUE TP","article_modified_time":"2020-12-26T15:41:23+00:00","og_image":[{"width":700,"height":700,"url":"https:\/\/laserelectronique.com\/wp-content\/uploads\/2020\/12\/DS14-1.png","type":"image\/png"}],"twitter_card":"summary_large_image","schema":{"@context":"https:\/\/schema.org","@graph":[{"@type":"WebPage","@id":"https:\/\/laserelectronique.com\/?product=beches-double-serie-ds","url":"https:\/\/laserelectronique.com\/?product=beches-double-serie-ds","name":"B\u00eaches double s\u00e9rie DS - LASER ELECTRONIQUE TP","isPartOf":{"@id":"https:\/\/laserelectronique.com\/#website"},"primaryImageOfPage":{"@id":"https:\/\/laserelectronique.com\/?product=beches-double-serie-ds#primaryimage"},"image":{"@id":"https:\/\/laserelectronique.com\/?product=beches-double-serie-ds#primaryimage"},"thumbnailUrl":"https:\/\/laserelectronique.com\/wp-content\/uploads\/2020\/12\/DS14-1.png","datePublished":"2020-12-25T14:07:44+00:00","dateModified":"2020-12-26T15:41:23+00:00","breadcrumb":{"@id":"https:\/\/laserelectronique.com\/?product=beches-double-serie-ds#breadcrumb"},"inLanguage":"fr-FR","potentialAction":[{"@type":"ReadAction","target":["https:\/\/laserelectronique.com\/?product=beches-double-serie-ds"]}]},{"@type":"ImageObject","inLanguage":"fr-FR","@id":"https:\/\/laserelectronique.com\/?product=beches-double-serie-ds#primaryimage","url":"https:\/\/laserelectronique.com\/wp-content\/uploads\/2020\/12\/DS14-1.png","contentUrl":"https:\/\/laserelectronique.com\/wp-content\/uploads\/2020\/12\/DS14-1.png","width":700,"height":700},{"@type":"BreadcrumbList","@id":"https:\/\/laserelectronique.com\/?product=beches-double-serie-ds#breadcrumb","itemListElement":[{"@type":"ListItem","position":1,"name":"Accueil","item":"https:\/\/laserelectronique.com\/"},{"@type":"ListItem","position":2,"name":"Boutique","item":"https:\/\/laserelectronique.com\/?page_id=7"},{"@type":"ListItem","position":3,"name":"B\u00eaches double s\u00e9rie DS"}]},{"@type":"WebSite","@id":"https:\/\/laserelectronique.com\/#website","url":"https:\/\/laserelectronique.com\/","name":"LASER ELECTRONIQUE TP","description":"VOTRE PARTENAIRE EN GUIDAGE D&#039;ENGINS, TOPOGRAPHIE ET SERVICES","potentialAction":[{"@type":"SearchAction","target":{"@type":"EntryPoint","urlTemplate":"https:\/\/laserelectronique.com\/?s={search_term_string}"},"query-input":{"@type":"PropertyValueSpecification","valueRequired":true,"valueName":"search_term_string"}}],"inLanguage":"fr-FR"}]}},"_links":{"self":[{"href":"https:\/\/laserelectronique.com\/index.php?rest_route=\/wp\/v2\/product\/2976","targetHints":{"allow":["GET"]}}],"collection":[{"href":"https:\/\/laserelectronique.com\/index.php?rest_route=\/wp\/v2\/product"}],"about":[{"href":"https:\/\/laserelectronique.com\/index.php?rest_route=\/wp\/v2\/types\/product"}],"replies":[{"embeddable":true,"href":"https:\/\/laserelectronique.com\/index.php?rest_route=%2Fwp%2Fv2%2Fcomments&post=2976"}],"wp:featuredmedia":[{"embeddable":true,"href":"https:\/\/laserelectronique.com\/index.php?rest_route=\/wp\/v2\/media\/3026"}],"wp:attachment":[{"href":"https:\/\/laserelectronique.com\/index.php?rest_route=%2Fwp%2Fv2%2Fmedia&parent=2976"}],"wp:term":[{"taxonomy":"product_cat","embeddable":true,"href":"https:\/\/laserelectronique.com\/index.php?rest_route=%2Fwp%2Fv2%2Fproduct_cat&post=2976"},{"taxonomy":"product_tag","embeddable":true,"href":"https:\/\/laserelectronique.com\/index.php?rest_route=%2Fwp%2Fv2%2Fproduct_tag&post=2976"}],"curies":[{"name":"wp","href":"https:\/\/api.w.org\/{rel}","templated":true}]}}