{"id":2975,"date":"2020-12-25T15:07:44","date_gmt":"2020-12-25T14:07:44","guid":{"rendered":"http:\/\/laserelectronique.com\/?product=import-placeholder-for-2933"},"modified":"2020-12-26T16:41:22","modified_gmt":"2020-12-26T15:41:22","slug":"tarieres-a-main-serie-hbv","status":"publish","type":"product","link":"https:\/\/laserelectronique.com\/?product=tarieres-a-main-serie-hbv","title":{"rendered":"Tari\u00e8res \u00e0 main s\u00e9rie HBV"},"content":{"rendered":"<h3>TARIERES A MAIN<\/h3>\n<p><strong>Pouvant \u00eatre utilis\u00e9es jusqu&rsquo;\u00e0 150 cm de profondeur<\/strong><\/p>\n<p><strong>avec sa rallonge de 70cm, tout acier<\/strong><\/p>\n<h3><\/h3>\n<p><strong>HB8V\u00a0 \u00a0Diam\u00e8tre\u00a0 8cm \u00a0\u00a0\u00a03,9 kg\u00a0 <img loading=\"lazy\" decoding=\"async\" class=\" wp-image-2934 alignright\" src=\"http:\/\/laserins.fr\/wp-content\/uploads\/2019\/07\/rallonge-ZV.png\" alt=\"\" width=\"205\" height=\"412\" \/><\/strong><\/p>\n<p><strong>HB10V\u00a0 Diam\u00e8tre 10cm\u00a0\u00a0 4,1 kg\u00a0<\/strong><\/p>\n<p><strong>HB12V\u00a0 Diam\u00e8tre 12cm\u00a0\u00a0 5,0 kg\u00a0\u00a0<\/strong><\/p>\n<p><strong>HB15V \u00a0Diam\u00e8tre 15cm\u00a0\u00a0 5,3 kg\u00a0 \u00a0<\/strong><\/p>\n<p><strong>HB20V \u00a0Diam\u00e8tre 20cm\u00a0\u00a0 5,7 kg\u00a0 \u00a0<\/strong><\/p>\n<p><strong>HB25V \u00a0Diam\u00e8tre 25cm\u00a0\u00a0 8,8 kg\u00a0 \u00a0<\/strong><\/p>\n<p><strong>HB30V\u00a0 Diam\u00e8tre 30cm\u00a0 11,7 kg\u00a0 \u00a0<\/strong><\/p>\n<p><strong>ZV100\/18 Rallonge 1m 8v a 20v 2,1 kg \u00a0\u00a05<\/strong><\/p>\n<p><strong>ZV100\/20 Rallonge 1m 25v-30v 2,6 kg\u00a0\u00a0<\/strong><\/p>\n<p><strong>ZV150\/18 Rallonge 1,5m 8va 20v 3,2 kg\u00a0\u00a0<\/strong><\/p>\n<p><strong>ZV150\/20<\/strong> <strong>Rallonge 1,5m 25-30v \u00a03,8 kg<\/strong><\/p>\n<p><strong>\u00a0<\/strong><\/p>\n<p><strong>Fabrication Allemande<\/strong><\/p>\n<p><img loading=\"lazy\" decoding=\"async\" class=\"alignnone wp-image-2058\" src=\"http:\/\/laserins.fr\/wp-content\/uploads\/2018\/05\/ALUREXGIF.gif\" alt=\"\" width=\"335\" height=\"251\" \/><\/p>\n<h3>Document produit:<\/h3>\n<ul>\n<li><a href=\"http:\/\/laserins.fr\/wp-content\/uploads\/2018\/01\/Doc-OutilsEnrob\u00e9s-LASER-INS-2020.pdf\">Doc Outils a enrobe 2017<\/a><\/li>\n<li><a href=\"http:\/\/laserins.fr\/wp-content\/uploads\/2018\/01\/Doc-OUTILS-complete-2017.pdf\">Doc OUTILS complete 2017<\/a><\/li>\n<\/ul>\n","protected":false},"excerpt":{"rendered":"<p>TARIERES A MAIN Pouvant \u00eatre utilis\u00e9es jusqu&rsquo;\u00e0 150 cm de profondeur avec sa rallonge de 70cm, tout acier HB8V\u00a0 \u00a0Diam\u00e8tre\u00a0 8cm \u00a0\u00a0\u00a03,9 kg\u00a0 HB10V\u00a0 Diam\u00e8tre 10cm\u00a0\u00a0 4,1 kg\u00a0 HB12V\u00a0 Diam\u00e8tre&hellip;<\/p>\n","protected":false},"featured_media":3025,"comment_status":"open","ping_status":"closed","template":"","meta":[],"product_cat":[88],"product_tag":[],"class_list":{"0":"post-2975","1":"product","2":"type-product","3":"status-publish","4":"has-post-thumbnail","6":"product_cat-outils","7":"","9":"first","10":"instock","11":"taxable","12":"shipping-taxable","13":"product-type-simple"},"yoast_head":"<!-- This site is optimized with the Yoast SEO plugin v24.7 - https:\/\/yoast.com\/wordpress\/plugins\/seo\/ -->\n<title>Tari\u00e8res \u00e0 main s\u00e9rie HBV - LASER ELECTRONIQUE TP<\/title>\n<meta name=\"robots\" content=\"index, follow, max-snippet:-1, max-image-preview:large, max-video-preview:-1\" \/>\n<link rel=\"canonical\" href=\"https:\/\/laserelectronique.com\/?product=tarieres-a-main-serie-hbv\" \/>\n<meta property=\"og:locale\" content=\"fr_FR\" \/>\n<meta property=\"og:type\" content=\"article\" \/>\n<meta property=\"og:title\" content=\"Tari\u00e8res \u00e0 main s\u00e9rie HBV - LASER ELECTRONIQUE TP\" \/>\n<meta property=\"og:description\" content=\"TARIERES A MAIN Pouvant \u00eatre utilis\u00e9es jusqu&rsquo;\u00e0 150 cm de profondeur avec sa rallonge de 70cm, tout acier HB8V\u00a0 \u00a0Diam\u00e8tre\u00a0 8cm \u00a0\u00a0\u00a03,9 kg\u00a0 HB10V\u00a0 Diam\u00e8tre 10cm\u00a0\u00a0 4,1 kg\u00a0 HB12V\u00a0 Diam\u00e8tre&hellip;\" \/>\n<meta property=\"og:url\" content=\"https:\/\/laserelectronique.com\/?product=tarieres-a-main-serie-hbv\" \/>\n<meta property=\"og:site_name\" content=\"LASER ELECTRONIQUE TP\" \/>\n<meta property=\"article:modified_time\" content=\"2020-12-26T15:41:22+00:00\" \/>\n<meta property=\"og:image\" content=\"https:\/\/laserelectronique.com\/wp-content\/uploads\/2020\/12\/HB8V-1.png\" \/>\n\t<meta property=\"og:image:width\" content=\"350\" \/>\n\t<meta property=\"og:image:height\" content=\"350\" \/>\n\t<meta property=\"og:image:type\" content=\"image\/png\" \/>\n<meta name=\"twitter:card\" content=\"summary_large_image\" \/>\n<script type=\"application\/ld+json\" class=\"yoast-schema-graph\">{\"@context\":\"https:\/\/schema.org\",\"@graph\":[{\"@type\":\"WebPage\",\"@id\":\"https:\/\/laserelectronique.com\/?product=tarieres-a-main-serie-hbv\",\"url\":\"https:\/\/laserelectronique.com\/?product=tarieres-a-main-serie-hbv\",\"name\":\"Tari\u00e8res \u00e0 main s\u00e9rie HBV - LASER ELECTRONIQUE TP\",\"isPartOf\":{\"@id\":\"https:\/\/laserelectronique.com\/#website\"},\"primaryImageOfPage\":{\"@id\":\"https:\/\/laserelectronique.com\/?product=tarieres-a-main-serie-hbv#primaryimage\"},\"image\":{\"@id\":\"https:\/\/laserelectronique.com\/?product=tarieres-a-main-serie-hbv#primaryimage\"},\"thumbnailUrl\":\"https:\/\/laserelectronique.com\/wp-content\/uploads\/2020\/12\/HB8V-1.png\",\"datePublished\":\"2020-12-25T14:07:44+00:00\",\"dateModified\":\"2020-12-26T15:41:22+00:00\",\"breadcrumb\":{\"@id\":\"https:\/\/laserelectronique.com\/?product=tarieres-a-main-serie-hbv#breadcrumb\"},\"inLanguage\":\"fr-FR\",\"potentialAction\":[{\"@type\":\"ReadAction\",\"target\":[\"https:\/\/laserelectronique.com\/?product=tarieres-a-main-serie-hbv\"]}]},{\"@type\":\"ImageObject\",\"inLanguage\":\"fr-FR\",\"@id\":\"https:\/\/laserelectronique.com\/?product=tarieres-a-main-serie-hbv#primaryimage\",\"url\":\"https:\/\/laserelectronique.com\/wp-content\/uploads\/2020\/12\/HB8V-1.png\",\"contentUrl\":\"https:\/\/laserelectronique.com\/wp-content\/uploads\/2020\/12\/HB8V-1.png\",\"width\":350,\"height\":350},{\"@type\":\"BreadcrumbList\",\"@id\":\"https:\/\/laserelectronique.com\/?product=tarieres-a-main-serie-hbv#breadcrumb\",\"itemListElement\":[{\"@type\":\"ListItem\",\"position\":1,\"name\":\"Accueil\",\"item\":\"https:\/\/laserelectronique.com\/\"},{\"@type\":\"ListItem\",\"position\":2,\"name\":\"Boutique\",\"item\":\"https:\/\/laserelectronique.com\/?page_id=7\"},{\"@type\":\"ListItem\",\"position\":3,\"name\":\"Tari\u00e8res \u00e0 main s\u00e9rie HBV\"}]},{\"@type\":\"WebSite\",\"@id\":\"https:\/\/laserelectronique.com\/#website\",\"url\":\"https:\/\/laserelectronique.com\/\",\"name\":\"LASER ELECTRONIQUE TP\",\"description\":\"VOTRE PARTENAIRE EN GUIDAGE D&#039;ENGINS, TOPOGRAPHIE ET SERVICES\",\"potentialAction\":[{\"@type\":\"SearchAction\",\"target\":{\"@type\":\"EntryPoint\",\"urlTemplate\":\"https:\/\/laserelectronique.com\/?s={search_term_string}\"},\"query-input\":{\"@type\":\"PropertyValueSpecification\",\"valueRequired\":true,\"valueName\":\"search_term_string\"}}],\"inLanguage\":\"fr-FR\"}]}<\/script>\n<!-- \/ Yoast SEO plugin. -->","yoast_head_json":{"title":"Tari\u00e8res \u00e0 main s\u00e9rie HBV - LASER ELECTRONIQUE TP","robots":{"index":"index","follow":"follow","max-snippet":"max-snippet:-1","max-image-preview":"max-image-preview:large","max-video-preview":"max-video-preview:-1"},"canonical":"https:\/\/laserelectronique.com\/?product=tarieres-a-main-serie-hbv","og_locale":"fr_FR","og_type":"article","og_title":"Tari\u00e8res \u00e0 main s\u00e9rie HBV - LASER ELECTRONIQUE TP","og_description":"TARIERES A MAIN Pouvant \u00eatre utilis\u00e9es jusqu&rsquo;\u00e0 150 cm de profondeur avec sa rallonge de 70cm, tout acier HB8V\u00a0 \u00a0Diam\u00e8tre\u00a0 8cm \u00a0\u00a0\u00a03,9 kg\u00a0 HB10V\u00a0 Diam\u00e8tre 10cm\u00a0\u00a0 4,1 kg\u00a0 HB12V\u00a0 Diam\u00e8tre&hellip;","og_url":"https:\/\/laserelectronique.com\/?product=tarieres-a-main-serie-hbv","og_site_name":"LASER ELECTRONIQUE TP","article_modified_time":"2020-12-26T15:41:22+00:00","og_image":[{"width":350,"height":350,"url":"https:\/\/laserelectronique.com\/wp-content\/uploads\/2020\/12\/HB8V-1.png","type":"image\/png"}],"twitter_card":"summary_large_image","schema":{"@context":"https:\/\/schema.org","@graph":[{"@type":"WebPage","@id":"https:\/\/laserelectronique.com\/?product=tarieres-a-main-serie-hbv","url":"https:\/\/laserelectronique.com\/?product=tarieres-a-main-serie-hbv","name":"Tari\u00e8res \u00e0 main s\u00e9rie HBV - LASER ELECTRONIQUE TP","isPartOf":{"@id":"https:\/\/laserelectronique.com\/#website"},"primaryImageOfPage":{"@id":"https:\/\/laserelectronique.com\/?product=tarieres-a-main-serie-hbv#primaryimage"},"image":{"@id":"https:\/\/laserelectronique.com\/?product=tarieres-a-main-serie-hbv#primaryimage"},"thumbnailUrl":"https:\/\/laserelectronique.com\/wp-content\/uploads\/2020\/12\/HB8V-1.png","datePublished":"2020-12-25T14:07:44+00:00","dateModified":"2020-12-26T15:41:22+00:00","breadcrumb":{"@id":"https:\/\/laserelectronique.com\/?product=tarieres-a-main-serie-hbv#breadcrumb"},"inLanguage":"fr-FR","potentialAction":[{"@type":"ReadAction","target":["https:\/\/laserelectronique.com\/?product=tarieres-a-main-serie-hbv"]}]},{"@type":"ImageObject","inLanguage":"fr-FR","@id":"https:\/\/laserelectronique.com\/?product=tarieres-a-main-serie-hbv#primaryimage","url":"https:\/\/laserelectronique.com\/wp-content\/uploads\/2020\/12\/HB8V-1.png","contentUrl":"https:\/\/laserelectronique.com\/wp-content\/uploads\/2020\/12\/HB8V-1.png","width":350,"height":350},{"@type":"BreadcrumbList","@id":"https:\/\/laserelectronique.com\/?product=tarieres-a-main-serie-hbv#breadcrumb","itemListElement":[{"@type":"ListItem","position":1,"name":"Accueil","item":"https:\/\/laserelectronique.com\/"},{"@type":"ListItem","position":2,"name":"Boutique","item":"https:\/\/laserelectronique.com\/?page_id=7"},{"@type":"ListItem","position":3,"name":"Tari\u00e8res \u00e0 main s\u00e9rie HBV"}]},{"@type":"WebSite","@id":"https:\/\/laserelectronique.com\/#website","url":"https:\/\/laserelectronique.com\/","name":"LASER ELECTRONIQUE TP","description":"VOTRE PARTENAIRE EN GUIDAGE D&#039;ENGINS, TOPOGRAPHIE ET SERVICES","potentialAction":[{"@type":"SearchAction","target":{"@type":"EntryPoint","urlTemplate":"https:\/\/laserelectronique.com\/?s={search_term_string}"},"query-input":{"@type":"PropertyValueSpecification","valueRequired":true,"valueName":"search_term_string"}}],"inLanguage":"fr-FR"}]}},"_links":{"self":[{"href":"https:\/\/laserelectronique.com\/index.php?rest_route=\/wp\/v2\/product\/2975","targetHints":{"allow":["GET"]}}],"collection":[{"href":"https:\/\/laserelectronique.com\/index.php?rest_route=\/wp\/v2\/product"}],"about":[{"href":"https:\/\/laserelectronique.com\/index.php?rest_route=\/wp\/v2\/types\/product"}],"replies":[{"embeddable":true,"href":"https:\/\/laserelectronique.com\/index.php?rest_route=%2Fwp%2Fv2%2Fcomments&post=2975"}],"wp:featuredmedia":[{"embeddable":true,"href":"https:\/\/laserelectronique.com\/index.php?rest_route=\/wp\/v2\/media\/3025"}],"wp:attachment":[{"href":"https:\/\/laserelectronique.com\/index.php?rest_route=%2Fwp%2Fv2%2Fmedia&parent=2975"}],"wp:term":[{"taxonomy":"product_cat","embeddable":true,"href":"https:\/\/laserelectronique.com\/index.php?rest_route=%2Fwp%2Fv2%2Fproduct_cat&post=2975"},{"taxonomy":"product_tag","embeddable":true,"href":"https:\/\/laserelectronique.com\/index.php?rest_route=%2Fwp%2Fv2%2Fproduct_tag&post=2975"}],"curies":[{"name":"wp","href":"https:\/\/api.w.org\/{rel}","templated":true}]}}