{"id":2953,"date":"2020-12-25T15:06:30","date_gmt":"2020-12-25T14:06:30","guid":{"rendered":"http:\/\/laserelectronique.com\/?product=import-placeholder-for-2842"},"modified":"2020-12-25T15:08:59","modified_gmt":"2020-12-25T14:08:59","slug":"telemetre-laser-messfix50-nedo","status":"publish","type":"product","link":"https:\/\/laserelectronique.com\/?product=telemetre-laser-messfix50-nedo","title":{"rendered":"T\u00e9l\u00e9m\u00e8tre laser MESSFIX50 NEDO"},"content":{"rendered":"<p><strong>Avec une plage de mesure de 0,05 m \u00e0 50 m et <\/strong><strong>une pr\u00e9cision de \u00b1 2,0 mm, le laser mEssfix<sup>50<\/sup> est\u00a0<\/strong><strong>le laserm\u00e8tre pour les vrais professionnels :\u00a0<\/strong><br \/>\n<strong>petit, maniable et extr\u00eamement robuste. Les <\/strong><strong>mesures peuvent \u00eatre effectu\u00e9es depuis le bord <\/strong><strong>avant ou le bord arri\u00e8re de l\u2019appareil.\u00a0<\/strong><br \/>\n<strong>De nombreuses fonctions de mesure permettent <\/strong><strong>de gagner du temps dans le m\u00e9trage. Les dix <\/strong><strong>derni\u00e8res valeurs mesur\u00e9es sont enregistr\u00e9es et <\/strong><strong>peuvent \u00eatre pr\u00e9lev\u00e9es par la suite.<\/strong><\/p>\n<div class=\"STYLE_12\" align=\"LEFT\">\n<h3 class=\"STYLE_12\" align=\"LEFT\"><strong>Particularit\u00e9s:<\/strong><\/h3>\n<div class=\"STYLE_12\" align=\"LEFT\">\n<ul type=\"square\">\n<li><strong>Mesure depuis le bord avant ou le bord arri\u00e8re de <\/strong><strong>l\u2019appareil<\/strong><\/li>\n<li><strong>\u00c9cran clairement agenc\u00e9 \u00e0 deux lignes<\/strong><\/li>\n<li><strong>\u00c9clairage<\/strong><\/li>\n<li><strong>Calcul de surfaces et volumes<\/strong><\/li>\n<li><strong>Fonction Pythagore<\/strong><\/li>\n<li><strong>Mesures individuelles ou continues<\/strong><\/li>\n<li><strong>Fonction calculatrice (+,-)<\/strong><\/li>\n<li><strong>Petit, pratique et robuste<\/strong><\/li>\n<li><strong>\u00c9tanche aux projections d\u2019eau selon IP 54<\/strong><\/li>\n<li><strong>Les indications de port\u00e9e et de pr\u00e9cision sont\u00a0<\/strong><br \/>\n<strong>conformes \u00e0 la norme ISO 16331-1<\/strong><\/li>\n<\/ul>\n<\/div>\n<h3 class=\"STYLE_12\" align=\"LEFT\"><b>Conditionnement:<\/b><\/h3>\n<h3 class=\"STYLE_12\" align=\"LEFT\"><strong><img loading=\"lazy\" decoding=\"async\" class=\" wp-image-2841 alignright\" src=\"http:\/\/laserins.fr\/wp-content\/uploads\/2019\/07\/705584_icons.png\" alt=\"\" width=\"279\" height=\"226\" \/><\/strong><\/h3>\n<div class=\"STYLE_12\" align=\"LEFT\">\n<ul type=\"square\">\n<li><strong>Nedo\u00a0<i>laser<\/i>\u00a0mEssfix<sup>50<\/sup>\u00a0<\/strong><\/li>\n<li><strong>Etui de protection<\/strong><\/li>\n<li><strong>Piles<\/strong><\/li>\n<\/ul>\n<\/div>\n<div class=\"STYLE_9\" align=\"LEFT\"><a name=\"Marker_705584t_td\"><\/a><img loading=\"lazy\" decoding=\"async\" src=\"http:\/\/www.nedo.com\/img\/trans.gif\" alt=\"\" width=\"1\" height=\"1\" border=\"0\" hspace=\"0\" vspace=\"0\" \/><\/div>\n<h3 class=\"STYLE_12\" align=\"Left\"><strong>Caract\u00e9ristiques techniques:<\/strong><\/h3>\n<div class=\"STYLE_12\" align=\"LEFT\">\n<table border=\"0\" cellspacing=\"0\" cellpadding=\"2\">\n<tbody>\n<tr>\n<td class=\"TabelleZeile1\" align=\"LEFT\" valign=\"TOP\" width=\"300\"><strong>Pr\u00e9cision de mesure..<\/strong><\/td>\n<td class=\"TabelleZeile1\" align=\"LEFT\" valign=\"TOP\" width=\"300\"><strong>\u00b1 2,0 mm<\/strong><\/td>\n<\/tr>\n<tr>\n<td class=\"TabelleZeile2\" align=\"LEFT\" valign=\"TOP\" width=\"300\"><strong>Plage de mesure<\/strong><\/td>\n<td class=\"TabelleZeile2\" align=\"LEFT\" valign=\"TOP\" width=\"300\"><strong>0,05 m &#8211; 50 m<\/strong><\/td>\n<\/tr>\n<tr>\n<td class=\"TabelleZeile3\" align=\"LEFT\" valign=\"TOP\" width=\"300\"><strong>Laser<\/strong><\/td>\n<td class=\"TabelleZeile3\" align=\"LEFT\" valign=\"TOP\" width=\"300\"><strong>classe 2, 635 nm<\/strong><\/td>\n<\/tr>\n<tr>\n<td class=\"TabelleZeile2\" align=\"LEFT\" valign=\"TOP\" width=\"300\"><strong>Arr\u00eat automatique<\/strong><\/td>\n<td class=\"TabelleZeile2\" align=\"LEFT\" valign=\"TOP\" width=\"300\"><strong>apr\u00e8s env. 3 min<\/strong><\/td>\n<\/tr>\n<tr>\n<td class=\"TabelleZeile3\" align=\"LEFT\" valign=\"TOP\" width=\"300\"><strong>Alimentation<\/strong><\/td>\n<td class=\"TabelleZeile3\" align=\"LEFT\" valign=\"TOP\" width=\"300\"><\/td>\n<\/tr>\n<tr>\n<td class=\"TabelleZeile2\" align=\"LEFT\" valign=\"TOP\" width=\"300\"><strong>Nombre de mesures par jeu de piles<\/strong><\/td>\n<td class=\"TabelleZeile2\" align=\"LEFT\" valign=\"TOP\" width=\"300\"><strong>env. 5000<\/strong><\/td>\n<\/tr>\n<tr>\n<td class=\"TabelleZeile3\" align=\"LEFT\" valign=\"TOP\" width=\"300\"><strong>Dimensions<\/strong><\/td>\n<td class=\"TabelleZeile3\" align=\"LEFT\" valign=\"TOP\" width=\"300\"><strong>env. 116 mm x 45 mm x 29 mm<\/strong><\/td>\n<\/tr>\n<tr>\n<td class=\"TabelleZeile2\" align=\"LEFT\" valign=\"TOP\" width=\"300\"><strong>Weight<\/strong><\/td>\n<td class=\"TabelleZeile2\" align=\"LEFT\" valign=\"TOP\" width=\"300\"><strong>100 g<\/strong><\/td>\n<\/tr>\n<\/tbody>\n<\/table>\n<\/div>\n<div class=\"STYLE_9\" align=\"LEFT\"><strong><a name=\"Marker_705584t_bd\"><\/a><\/strong><\/div>\n<\/div>\n<h3 class=\"STYLE_12\" align=\"left\"><b>Documentation:<\/b><\/h3>\n<p><strong><a href=\"http:\/\/laserins.fr\/wp-content\/uploads\/2019\/07\/t\u00e9l\u00e9metre-DISTO-LEICA.pdf\">et aussi les DISTO LEICA<\/a><\/strong><\/p>\n<div class=\"STYLE_12\" align=\"LEFT\"><a href=\"http:\/\/laserins.fr\/wp-content\/uploads\/2019\/07\/distotechnischedaten-fr.pdf\"><strong>Comparatif DISTO<\/strong><\/a><\/div>\n","protected":false},"excerpt":{"rendered":"<p>Avec une plage de mesure de 0,05 m \u00e0 50 m et une pr\u00e9cision de \u00b1 2,0 mm, le laser mEssfix50 est\u00a0le laserm\u00e8tre pour les vrais professionnels :\u00a0 petit, maniable&hellip;<\/p>\n","protected":false},"featured_media":3002,"comment_status":"closed","ping_status":"closed","template":"","meta":[],"product_cat":[57],"product_tag":[],"class_list":{"0":"post-2953","1":"product","2":"type-product","3":"status-publish","4":"has-post-thumbnail","6":"product_cat-securite-et-mesures","7":"","9":"first","10":"instock","11":"taxable","12":"shipping-taxable","13":"product-type-simple"},"yoast_head":"<!-- This site is optimized with the Yoast SEO plugin v24.7 - https:\/\/yoast.com\/wordpress\/plugins\/seo\/ -->\n<title>T\u00e9l\u00e9m\u00e8tre laser MESSFIX50 NEDO - LASER ELECTRONIQUE TP<\/title>\n<meta name=\"robots\" content=\"index, follow, max-snippet:-1, max-image-preview:large, max-video-preview:-1\" \/>\n<link rel=\"canonical\" href=\"https:\/\/laserelectronique.com\/?product=telemetre-laser-messfix50-nedo\" \/>\n<meta property=\"og:locale\" content=\"fr_FR\" \/>\n<meta property=\"og:type\" content=\"article\" \/>\n<meta property=\"og:title\" content=\"T\u00e9l\u00e9m\u00e8tre laser MESSFIX50 NEDO - LASER ELECTRONIQUE TP\" \/>\n<meta property=\"og:description\" content=\"Avec une plage de mesure de 0,05 m \u00e0 50 m et une pr\u00e9cision de \u00b1 2,0 mm, le laser mEssfix50 est\u00a0le laserm\u00e8tre pour les vrais professionnels :\u00a0 petit, maniable&hellip;\" \/>\n<meta property=\"og:url\" content=\"https:\/\/laserelectronique.com\/?product=telemetre-laser-messfix50-nedo\" \/>\n<meta property=\"og:site_name\" content=\"LASER ELECTRONIQUE TP\" \/>\n<meta property=\"article:modified_time\" content=\"2020-12-25T14:08:59+00:00\" \/>\n<meta property=\"og:image\" content=\"https:\/\/laserelectronique.com\/wp-content\/uploads\/2020\/12\/705584_lasermetre.png\" \/>\n\t<meta property=\"og:image:width\" content=\"800\" \/>\n\t<meta property=\"og:image:height\" content=\"800\" \/>\n\t<meta property=\"og:image:type\" content=\"image\/png\" \/>\n<meta name=\"twitter:card\" content=\"summary_large_image\" \/>\n<meta name=\"twitter:label1\" content=\"Dur\u00e9e de lecture estim\u00e9e\" \/>\n\t<meta name=\"twitter:data1\" content=\"1 minute\" \/>\n<script type=\"application\/ld+json\" class=\"yoast-schema-graph\">{\"@context\":\"https:\/\/schema.org\",\"@graph\":[{\"@type\":\"WebPage\",\"@id\":\"https:\/\/laserelectronique.com\/?product=telemetre-laser-messfix50-nedo\",\"url\":\"https:\/\/laserelectronique.com\/?product=telemetre-laser-messfix50-nedo\",\"name\":\"T\u00e9l\u00e9m\u00e8tre laser MESSFIX50 NEDO - LASER ELECTRONIQUE TP\",\"isPartOf\":{\"@id\":\"https:\/\/laserelectronique.com\/#website\"},\"primaryImageOfPage\":{\"@id\":\"https:\/\/laserelectronique.com\/?product=telemetre-laser-messfix50-nedo#primaryimage\"},\"image\":{\"@id\":\"https:\/\/laserelectronique.com\/?product=telemetre-laser-messfix50-nedo#primaryimage\"},\"thumbnailUrl\":\"https:\/\/laserelectronique.com\/wp-content\/uploads\/2020\/12\/705584_lasermetre.png\",\"datePublished\":\"2020-12-25T14:06:30+00:00\",\"dateModified\":\"2020-12-25T14:08:59+00:00\",\"breadcrumb\":{\"@id\":\"https:\/\/laserelectronique.com\/?product=telemetre-laser-messfix50-nedo#breadcrumb\"},\"inLanguage\":\"fr-FR\",\"potentialAction\":[{\"@type\":\"ReadAction\",\"target\":[\"https:\/\/laserelectronique.com\/?product=telemetre-laser-messfix50-nedo\"]}]},{\"@type\":\"ImageObject\",\"inLanguage\":\"fr-FR\",\"@id\":\"https:\/\/laserelectronique.com\/?product=telemetre-laser-messfix50-nedo#primaryimage\",\"url\":\"https:\/\/laserelectronique.com\/wp-content\/uploads\/2020\/12\/705584_lasermetre.png\",\"contentUrl\":\"https:\/\/laserelectronique.com\/wp-content\/uploads\/2020\/12\/705584_lasermetre.png\",\"width\":800,\"height\":800},{\"@type\":\"BreadcrumbList\",\"@id\":\"https:\/\/laserelectronique.com\/?product=telemetre-laser-messfix50-nedo#breadcrumb\",\"itemListElement\":[{\"@type\":\"ListItem\",\"position\":1,\"name\":\"Accueil\",\"item\":\"https:\/\/laserelectronique.com\/\"},{\"@type\":\"ListItem\",\"position\":2,\"name\":\"Boutique\",\"item\":\"https:\/\/laserelectronique.com\/?page_id=7\"},{\"@type\":\"ListItem\",\"position\":3,\"name\":\"T\u00e9l\u00e9m\u00e8tre laser MESSFIX50 NEDO\"}]},{\"@type\":\"WebSite\",\"@id\":\"https:\/\/laserelectronique.com\/#website\",\"url\":\"https:\/\/laserelectronique.com\/\",\"name\":\"LASER ELECTRONIQUE TP\",\"description\":\"VOTRE PARTENAIRE EN GUIDAGE D&#039;ENGINS, TOPOGRAPHIE ET SERVICES\",\"potentialAction\":[{\"@type\":\"SearchAction\",\"target\":{\"@type\":\"EntryPoint\",\"urlTemplate\":\"https:\/\/laserelectronique.com\/?s={search_term_string}\"},\"query-input\":{\"@type\":\"PropertyValueSpecification\",\"valueRequired\":true,\"valueName\":\"search_term_string\"}}],\"inLanguage\":\"fr-FR\"}]}<\/script>\n<!-- \/ Yoast SEO plugin. -->","yoast_head_json":{"title":"T\u00e9l\u00e9m\u00e8tre laser MESSFIX50 NEDO - LASER ELECTRONIQUE TP","robots":{"index":"index","follow":"follow","max-snippet":"max-snippet:-1","max-image-preview":"max-image-preview:large","max-video-preview":"max-video-preview:-1"},"canonical":"https:\/\/laserelectronique.com\/?product=telemetre-laser-messfix50-nedo","og_locale":"fr_FR","og_type":"article","og_title":"T\u00e9l\u00e9m\u00e8tre laser MESSFIX50 NEDO - LASER ELECTRONIQUE TP","og_description":"Avec une plage de mesure de 0,05 m \u00e0 50 m et une pr\u00e9cision de \u00b1 2,0 mm, le laser mEssfix50 est\u00a0le laserm\u00e8tre pour les vrais professionnels :\u00a0 petit, maniable&hellip;","og_url":"https:\/\/laserelectronique.com\/?product=telemetre-laser-messfix50-nedo","og_site_name":"LASER ELECTRONIQUE TP","article_modified_time":"2020-12-25T14:08:59+00:00","og_image":[{"width":800,"height":800,"url":"https:\/\/laserelectronique.com\/wp-content\/uploads\/2020\/12\/705584_lasermetre.png","type":"image\/png"}],"twitter_card":"summary_large_image","twitter_misc":{"Dur\u00e9e de lecture estim\u00e9e":"1 minute"},"schema":{"@context":"https:\/\/schema.org","@graph":[{"@type":"WebPage","@id":"https:\/\/laserelectronique.com\/?product=telemetre-laser-messfix50-nedo","url":"https:\/\/laserelectronique.com\/?product=telemetre-laser-messfix50-nedo","name":"T\u00e9l\u00e9m\u00e8tre laser MESSFIX50 NEDO - LASER ELECTRONIQUE TP","isPartOf":{"@id":"https:\/\/laserelectronique.com\/#website"},"primaryImageOfPage":{"@id":"https:\/\/laserelectronique.com\/?product=telemetre-laser-messfix50-nedo#primaryimage"},"image":{"@id":"https:\/\/laserelectronique.com\/?product=telemetre-laser-messfix50-nedo#primaryimage"},"thumbnailUrl":"https:\/\/laserelectronique.com\/wp-content\/uploads\/2020\/12\/705584_lasermetre.png","datePublished":"2020-12-25T14:06:30+00:00","dateModified":"2020-12-25T14:08:59+00:00","breadcrumb":{"@id":"https:\/\/laserelectronique.com\/?product=telemetre-laser-messfix50-nedo#breadcrumb"},"inLanguage":"fr-FR","potentialAction":[{"@type":"ReadAction","target":["https:\/\/laserelectronique.com\/?product=telemetre-laser-messfix50-nedo"]}]},{"@type":"ImageObject","inLanguage":"fr-FR","@id":"https:\/\/laserelectronique.com\/?product=telemetre-laser-messfix50-nedo#primaryimage","url":"https:\/\/laserelectronique.com\/wp-content\/uploads\/2020\/12\/705584_lasermetre.png","contentUrl":"https:\/\/laserelectronique.com\/wp-content\/uploads\/2020\/12\/705584_lasermetre.png","width":800,"height":800},{"@type":"BreadcrumbList","@id":"https:\/\/laserelectronique.com\/?product=telemetre-laser-messfix50-nedo#breadcrumb","itemListElement":[{"@type":"ListItem","position":1,"name":"Accueil","item":"https:\/\/laserelectronique.com\/"},{"@type":"ListItem","position":2,"name":"Boutique","item":"https:\/\/laserelectronique.com\/?page_id=7"},{"@type":"ListItem","position":3,"name":"T\u00e9l\u00e9m\u00e8tre laser MESSFIX50 NEDO"}]},{"@type":"WebSite","@id":"https:\/\/laserelectronique.com\/#website","url":"https:\/\/laserelectronique.com\/","name":"LASER ELECTRONIQUE TP","description":"VOTRE PARTENAIRE EN GUIDAGE D&#039;ENGINS, TOPOGRAPHIE ET SERVICES","potentialAction":[{"@type":"SearchAction","target":{"@type":"EntryPoint","urlTemplate":"https:\/\/laserelectronique.com\/?s={search_term_string}"},"query-input":{"@type":"PropertyValueSpecification","valueRequired":true,"valueName":"search_term_string"}}],"inLanguage":"fr-FR"}]}},"_links":{"self":[{"href":"https:\/\/laserelectronique.com\/index.php?rest_route=\/wp\/v2\/product\/2953","targetHints":{"allow":["GET"]}}],"collection":[{"href":"https:\/\/laserelectronique.com\/index.php?rest_route=\/wp\/v2\/product"}],"about":[{"href":"https:\/\/laserelectronique.com\/index.php?rest_route=\/wp\/v2\/types\/product"}],"replies":[{"embeddable":true,"href":"https:\/\/laserelectronique.com\/index.php?rest_route=%2Fwp%2Fv2%2Fcomments&post=2953"}],"wp:featuredmedia":[{"embeddable":true,"href":"https:\/\/laserelectronique.com\/index.php?rest_route=\/wp\/v2\/media\/3002"}],"wp:attachment":[{"href":"https:\/\/laserelectronique.com\/index.php?rest_route=%2Fwp%2Fv2%2Fmedia&parent=2953"}],"wp:term":[{"taxonomy":"product_cat","embeddable":true,"href":"https:\/\/laserelectronique.com\/index.php?rest_route=%2Fwp%2Fv2%2Fproduct_cat&post=2953"},{"taxonomy":"product_tag","embeddable":true,"href":"https:\/\/laserelectronique.com\/index.php?rest_route=%2Fwp%2Fv2%2Fproduct_tag&post=2953"}],"curies":[{"name":"wp","href":"https:\/\/api.w.org\/{rel}","templated":true}]}}