{"id":2949,"date":"2020-12-25T15:06:04","date_gmt":"2020-12-25T14:06:04","guid":{"rendered":"http:\/\/laserelectronique.com\/?product=import-placeholder-for-2837"},"modified":"2022-07-27T11:47:10","modified_gmt":"2022-07-27T09:47:10","slug":"odometre-nedo-703120","status":"publish","type":"product","link":"https:\/\/laserelectronique.com\/?product=odometre-nedo-703120","title":{"rendered":"Odom\u00e8tre NEDO 703120"},"content":{"rendered":"<h3 class=\"STYLE_TextBalken_12\" align=\"center\"><b>Odom\u00e8tre l\u00e9ger Nedo \u00ab Professional \u00bb<\/b><\/h3>\n<div class=\"STYLE_12\" align=\"left\">L<strong>&lsquo;odom\u00e8tre \u00ab Professional \u00bb est \u00e9quip\u00e9 d&rsquo;un <\/strong><strong><i>bouton de remise \u00e0 z\u00e9ro<\/i>\u00a0int\u00e9gr\u00e9e\u00a0<\/strong><br \/>\n<strong>et d\u2019une manette de frein dans la poign\u00e9e.\u00a0<\/strong><br \/>\n<strong>Ainsi, le compteur peut \u00eatre remis \u00e0 <\/strong><strong>z\u00e9ro sans que l\u2019utilisateur doive se pencher.<\/strong><\/div>\n<div align=\"left\"><\/div>\n<div class=\"STYLE_12\" align=\"left\"><strong>Particularit\u00e9s :<\/strong><\/div>\n<ul>\n<li class=\"STYLE_12\"><strong>Circonf\u00e9rence de la roue : 1 m<\/strong><\/li>\n<li class=\"STYLE_12\"><strong>Port\u00e9e : 0 \u00e0 9 999,9 m<\/strong><\/li>\n<li class=\"STYLE_12\"><strong>R\u00e9solution : 0,01 m<\/strong><\/li>\n<li><strong>Poids : env. 2,4 kg<\/strong><\/li>\n<li><strong>Tol\u00e9rance : 0,05 %<\/strong><\/li>\n<li><strong>Bouton de remise \u00e0 z\u00e9ro dans la poign\u00e9e <\/strong><strong>pistolet<\/strong><\/li>\n<\/ul>\n<div class=\"STYLE_12\" align=\"LEFT\"><\/div>\n<h3 class=\"STYLE_12\" align=\"left\"><b>Documentation:<\/b><\/h3>\n<p><a href=\"http:\/\/laserins.fr\/wp-content\/uploads\/2019\/07\/Odom\u00e8tres-NEDO.pdf\"><strong>Odom\u00e8tres NEDO<\/strong><\/a><\/p>\n<div class=\"STYLE_12\" align=\"LEFT\"><\/div>\n","protected":false},"excerpt":{"rendered":"<p>Odom\u00e8tre l\u00e9ger Nedo \u00ab Professional \u00bb L&lsquo;odom\u00e8tre \u00ab Professional \u00bb est \u00e9quip\u00e9 d&rsquo;un bouton de remise \u00e0 z\u00e9ro\u00a0int\u00e9gr\u00e9e\u00a0 et d\u2019une manette de frein dans la poign\u00e9e.\u00a0 Ainsi, le compteur peut&hellip;<\/p>\n","protected":false},"featured_media":2996,"comment_status":"closed","ping_status":"closed","template":"","meta":[],"product_cat":[86,57],"product_tag":[],"class_list":{"0":"post-2949","1":"product","2":"type-product","3":"status-publish","4":"has-post-thumbnail","6":"product_cat-promotions-topo","7":"product_cat-securite-et-mesures","8":"","10":"first","11":"instock","12":"taxable","13":"shipping-taxable","14":"product-type-simple"},"yoast_head":"<!-- This site is optimized with the Yoast SEO plugin v24.7 - https:\/\/yoast.com\/wordpress\/plugins\/seo\/ -->\n<title>Odom\u00e8tre NEDO 703120 - LASER ELECTRONIQUE TP<\/title>\n<meta name=\"robots\" content=\"index, follow, max-snippet:-1, max-image-preview:large, max-video-preview:-1\" \/>\n<link rel=\"canonical\" href=\"https:\/\/laserelectronique.com\/?product=odometre-nedo-703120\" \/>\n<meta property=\"og:locale\" content=\"fr_FR\" \/>\n<meta property=\"og:type\" content=\"article\" \/>\n<meta property=\"og:title\" content=\"Odom\u00e8tre NEDO 703120 - LASER ELECTRONIQUE TP\" \/>\n<meta property=\"og:description\" content=\"Odom\u00e8tre l\u00e9ger Nedo \u00ab Professional \u00bb L&lsquo;odom\u00e8tre \u00ab Professional \u00bb est \u00e9quip\u00e9 d&rsquo;un bouton de remise \u00e0 z\u00e9ro\u00a0int\u00e9gr\u00e9e\u00a0 et d\u2019une manette de frein dans la poign\u00e9e.\u00a0 Ainsi, le compteur peut&hellip;\" \/>\n<meta property=\"og:url\" content=\"https:\/\/laserelectronique.com\/?product=odometre-nedo-703120\" \/>\n<meta property=\"og:site_name\" content=\"LASER ELECTRONIQUE TP\" \/>\n<meta property=\"article:modified_time\" content=\"2022-07-27T09:47:10+00:00\" \/>\n<meta property=\"og:image\" content=\"https:\/\/laserelectronique.com\/wp-content\/uploads\/2020\/12\/703120.png\" \/>\n\t<meta property=\"og:image:width\" content=\"1181\" \/>\n\t<meta property=\"og:image:height\" content=\"1181\" \/>\n\t<meta property=\"og:image:type\" content=\"image\/png\" \/>\n<meta name=\"twitter:card\" content=\"summary_large_image\" \/>\n<script type=\"application\/ld+json\" class=\"yoast-schema-graph\">{\"@context\":\"https:\/\/schema.org\",\"@graph\":[{\"@type\":\"WebPage\",\"@id\":\"https:\/\/laserelectronique.com\/?product=odometre-nedo-703120\",\"url\":\"https:\/\/laserelectronique.com\/?product=odometre-nedo-703120\",\"name\":\"Odom\u00e8tre NEDO 703120 - LASER ELECTRONIQUE TP\",\"isPartOf\":{\"@id\":\"https:\/\/laserelectronique.com\/#website\"},\"primaryImageOfPage\":{\"@id\":\"https:\/\/laserelectronique.com\/?product=odometre-nedo-703120#primaryimage\"},\"image\":{\"@id\":\"https:\/\/laserelectronique.com\/?product=odometre-nedo-703120#primaryimage\"},\"thumbnailUrl\":\"https:\/\/laserelectronique.com\/wp-content\/uploads\/2020\/12\/703120.png\",\"datePublished\":\"2020-12-25T14:06:04+00:00\",\"dateModified\":\"2022-07-27T09:47:10+00:00\",\"breadcrumb\":{\"@id\":\"https:\/\/laserelectronique.com\/?product=odometre-nedo-703120#breadcrumb\"},\"inLanguage\":\"fr-FR\",\"potentialAction\":[{\"@type\":\"ReadAction\",\"target\":[\"https:\/\/laserelectronique.com\/?product=odometre-nedo-703120\"]}]},{\"@type\":\"ImageObject\",\"inLanguage\":\"fr-FR\",\"@id\":\"https:\/\/laserelectronique.com\/?product=odometre-nedo-703120#primaryimage\",\"url\":\"https:\/\/laserelectronique.com\/wp-content\/uploads\/2020\/12\/703120.png\",\"contentUrl\":\"https:\/\/laserelectronique.com\/wp-content\/uploads\/2020\/12\/703120.png\",\"width\":1181,\"height\":1181},{\"@type\":\"BreadcrumbList\",\"@id\":\"https:\/\/laserelectronique.com\/?product=odometre-nedo-703120#breadcrumb\",\"itemListElement\":[{\"@type\":\"ListItem\",\"position\":1,\"name\":\"Accueil\",\"item\":\"https:\/\/laserelectronique.com\/\"},{\"@type\":\"ListItem\",\"position\":2,\"name\":\"Boutique\",\"item\":\"https:\/\/laserelectronique.com\/?page_id=7\"},{\"@type\":\"ListItem\",\"position\":3,\"name\":\"Odom\u00e8tre NEDO 703120\"}]},{\"@type\":\"WebSite\",\"@id\":\"https:\/\/laserelectronique.com\/#website\",\"url\":\"https:\/\/laserelectronique.com\/\",\"name\":\"LASER ELECTRONIQUE TP\",\"description\":\"VOTRE PARTENAIRE EN GUIDAGE D&#039;ENGINS, TOPOGRAPHIE ET SERVICES\",\"potentialAction\":[{\"@type\":\"SearchAction\",\"target\":{\"@type\":\"EntryPoint\",\"urlTemplate\":\"https:\/\/laserelectronique.com\/?s={search_term_string}\"},\"query-input\":{\"@type\":\"PropertyValueSpecification\",\"valueRequired\":true,\"valueName\":\"search_term_string\"}}],\"inLanguage\":\"fr-FR\"}]}<\/script>\n<!-- \/ Yoast SEO plugin. -->","yoast_head_json":{"title":"Odom\u00e8tre NEDO 703120 - LASER ELECTRONIQUE TP","robots":{"index":"index","follow":"follow","max-snippet":"max-snippet:-1","max-image-preview":"max-image-preview:large","max-video-preview":"max-video-preview:-1"},"canonical":"https:\/\/laserelectronique.com\/?product=odometre-nedo-703120","og_locale":"fr_FR","og_type":"article","og_title":"Odom\u00e8tre NEDO 703120 - LASER ELECTRONIQUE TP","og_description":"Odom\u00e8tre l\u00e9ger Nedo \u00ab Professional \u00bb L&lsquo;odom\u00e8tre \u00ab Professional \u00bb est \u00e9quip\u00e9 d&rsquo;un bouton de remise \u00e0 z\u00e9ro\u00a0int\u00e9gr\u00e9e\u00a0 et d\u2019une manette de frein dans la poign\u00e9e.\u00a0 Ainsi, le compteur peut&hellip;","og_url":"https:\/\/laserelectronique.com\/?product=odometre-nedo-703120","og_site_name":"LASER ELECTRONIQUE TP","article_modified_time":"2022-07-27T09:47:10+00:00","og_image":[{"width":1181,"height":1181,"url":"https:\/\/laserelectronique.com\/wp-content\/uploads\/2020\/12\/703120.png","type":"image\/png"}],"twitter_card":"summary_large_image","schema":{"@context":"https:\/\/schema.org","@graph":[{"@type":"WebPage","@id":"https:\/\/laserelectronique.com\/?product=odometre-nedo-703120","url":"https:\/\/laserelectronique.com\/?product=odometre-nedo-703120","name":"Odom\u00e8tre NEDO 703120 - LASER ELECTRONIQUE TP","isPartOf":{"@id":"https:\/\/laserelectronique.com\/#website"},"primaryImageOfPage":{"@id":"https:\/\/laserelectronique.com\/?product=odometre-nedo-703120#primaryimage"},"image":{"@id":"https:\/\/laserelectronique.com\/?product=odometre-nedo-703120#primaryimage"},"thumbnailUrl":"https:\/\/laserelectronique.com\/wp-content\/uploads\/2020\/12\/703120.png","datePublished":"2020-12-25T14:06:04+00:00","dateModified":"2022-07-27T09:47:10+00:00","breadcrumb":{"@id":"https:\/\/laserelectronique.com\/?product=odometre-nedo-703120#breadcrumb"},"inLanguage":"fr-FR","potentialAction":[{"@type":"ReadAction","target":["https:\/\/laserelectronique.com\/?product=odometre-nedo-703120"]}]},{"@type":"ImageObject","inLanguage":"fr-FR","@id":"https:\/\/laserelectronique.com\/?product=odometre-nedo-703120#primaryimage","url":"https:\/\/laserelectronique.com\/wp-content\/uploads\/2020\/12\/703120.png","contentUrl":"https:\/\/laserelectronique.com\/wp-content\/uploads\/2020\/12\/703120.png","width":1181,"height":1181},{"@type":"BreadcrumbList","@id":"https:\/\/laserelectronique.com\/?product=odometre-nedo-703120#breadcrumb","itemListElement":[{"@type":"ListItem","position":1,"name":"Accueil","item":"https:\/\/laserelectronique.com\/"},{"@type":"ListItem","position":2,"name":"Boutique","item":"https:\/\/laserelectronique.com\/?page_id=7"},{"@type":"ListItem","position":3,"name":"Odom\u00e8tre NEDO 703120"}]},{"@type":"WebSite","@id":"https:\/\/laserelectronique.com\/#website","url":"https:\/\/laserelectronique.com\/","name":"LASER ELECTRONIQUE TP","description":"VOTRE PARTENAIRE EN GUIDAGE D&#039;ENGINS, TOPOGRAPHIE ET SERVICES","potentialAction":[{"@type":"SearchAction","target":{"@type":"EntryPoint","urlTemplate":"https:\/\/laserelectronique.com\/?s={search_term_string}"},"query-input":{"@type":"PropertyValueSpecification","valueRequired":true,"valueName":"search_term_string"}}],"inLanguage":"fr-FR"}]}},"_links":{"self":[{"href":"https:\/\/laserelectronique.com\/index.php?rest_route=\/wp\/v2\/product\/2949","targetHints":{"allow":["GET"]}}],"collection":[{"href":"https:\/\/laserelectronique.com\/index.php?rest_route=\/wp\/v2\/product"}],"about":[{"href":"https:\/\/laserelectronique.com\/index.php?rest_route=\/wp\/v2\/types\/product"}],"replies":[{"embeddable":true,"href":"https:\/\/laserelectronique.com\/index.php?rest_route=%2Fwp%2Fv2%2Fcomments&post=2949"}],"wp:featuredmedia":[{"embeddable":true,"href":"https:\/\/laserelectronique.com\/index.php?rest_route=\/wp\/v2\/media\/2996"}],"wp:attachment":[{"href":"https:\/\/laserelectronique.com\/index.php?rest_route=%2Fwp%2Fv2%2Fmedia&parent=2949"}],"wp:term":[{"taxonomy":"product_cat","embeddable":true,"href":"https:\/\/laserelectronique.com\/index.php?rest_route=%2Fwp%2Fv2%2Fproduct_cat&post=2949"},{"taxonomy":"product_tag","embeddable":true,"href":"https:\/\/laserelectronique.com\/index.php?rest_route=%2Fwp%2Fv2%2Fproduct_tag&post=2949"}],"curies":[{"name":"wp","href":"https:\/\/api.w.org\/{rel}","templated":true}]}}