{"id":2946,"date":"2020-12-25T15:05:40","date_gmt":"2020-12-25T14:05:40","guid":{"rendered":"http:\/\/laserelectronique.com\/?product=import-placeholder-for-2828"},"modified":"2020-12-25T15:08:45","modified_gmt":"2020-12-25T14:08:45","slug":"mesureur-dangle-laser-nedo","status":"publish","type":"product","link":"https:\/\/laserelectronique.com\/?product=mesureur-dangle-laser-nedo","title":{"rendered":"Mesureur d&rsquo;angle laser NEDO"},"content":{"rendered":"<div id=\"beschreibung\" class=\"section\"><\/div>\n<div id=\"downloads\" class=\"section downloads\">\n<h2 class=\"STYLE_TextBalken_12\" align=\"center\"><b>LaserWinkeltronic Nedo<\/b><\/h2>\n<div class=\"STYLE_12\" align=\"LEFT\"><strong>Les op\u00e9rations connues, telles que la mesure<\/strong><br \/>\n<strong>et la d\u00e9termination des angles dans l&rsquo;installation\u00a0<\/strong><br \/>\n<strong>d&rsquo;escaliers, dans l&rsquo;am\u00e9nagement int\u00e9rieur, lors <img loading=\"lazy\" decoding=\"async\" class=\"wp-image-2826 alignright\" src=\"http:\/\/laserins.fr\/wp-content\/uploads\/2019\/07\/460612_2.png\" alt=\"\" width=\"297\" height=\"166\" \/><\/strong><br \/>\n<strong>de r\u00e9novations, sont largement simplifi\u00e9es par\u00a0<\/strong><br \/>\n<strong>la appr\u00e9ci\u00e9 sur le chantier et particuli\u00e8rement<\/strong><br \/>\n<strong>technique du laser. Plus de relev\u00e9s fastidieux !<\/strong><br \/>\n<strong>Le LaserWinkeltronic Nedo allie les avantages<\/strong><br \/>\n<strong>de la technique du laser avec la technique d\u00e9j\u00e0<\/strong><br \/>\n<strong>\u00e9prouv\u00e9e du Winkeltronic. Le rayon laser est<\/strong><br \/>\n<strong>projet\u00e9 dans l&rsquo;axe du bras et le prolonge ainsi<\/strong><br \/>\n<strong>sur une longueur pouvant atteindre 20 m.<\/strong><\/div>\n<div align=\"LEFT\"><\/div>\n<div class=\"STYLE_12\" align=\"Left\"><b>LaserWinkeltronic Nedo<\/b><\/div>\n<div class=\"STYLE_12\" align=\"LEFT\">\n<table border=\"0\" cellspacing=\"0\" cellpadding=\"2\">\n<tbody>\n<tr>\n<td class=\"TabelleZeile1\" align=\"LEFT\" valign=\"TOP\" width=\"130\"><strong>R\u00e9f.<\/strong><\/td>\n<td class=\"TabelleZeile1\" align=\"LEFT\" valign=\"TOP\" width=\"130\"><strong>Nbre de<br \/>\nfaisceaux<\/strong><\/td>\n<td class=\"TabelleZeile1\" align=\"LEFT\" valign=\"TOP\" width=\"130\"><strong>Longueur<br \/>\nde bras<\/strong><\/td>\n<td class=\"TabelleZeile1\" align=\"LEFT\" valign=\"TOP\" width=\"130\"><strong>R\u00e9solution<\/strong><\/td>\n<td class=\"TabelleZeile1\" align=\"LEFT\" valign=\"TOP\" width=\"80\"><strong>Plage de<br \/>\nmesure<\/strong><\/td>\n<\/tr>\n<tr>\n<td class=\"TabelleZeile2\" align=\"LEFT\" valign=\"TOP\" width=\"130\"><strong>460 612<\/strong><\/td>\n<td class=\"TabelleZeile2\" align=\"LEFT\" valign=\"TOP\" width=\"130\"><strong>2<\/strong><\/td>\n<td class=\"TabelleZeile2\" align=\"LEFT\" valign=\"TOP\" width=\"130\"><strong>605 mm<\/strong><\/td>\n<td class=\"TabelleZeile2\" align=\"LEFT\" valign=\"TOP\" width=\"130\"><strong>0,1\u00b0<\/strong><\/td>\n<td class=\"TabelleZeile2\" align=\"LEFT\" valign=\"TOP\" width=\"80\"><strong>0\u00b0 \u00e0 360\u00b0<\/strong><\/td>\n<\/tr>\n<tr>\n<td class=\"TabelleZeile3\" align=\"LEFT\" valign=\"TOP\" width=\"130\"><strong>460 613<\/strong><\/td>\n<td class=\"TabelleZeile3\" align=\"LEFT\" valign=\"TOP\" width=\"130\"><strong>1<\/strong><\/td>\n<td class=\"TabelleZeile3\" align=\"LEFT\" valign=\"TOP\" width=\"130\"><strong>605 mm<\/strong><\/td>\n<td class=\"TabelleZeile3\" align=\"LEFT\" valign=\"TOP\" width=\"130\"><strong>0,1\u00b0<\/strong><\/td>\n<td class=\"TabelleZeile3\" align=\"LEFT\" valign=\"TOP\" width=\"80\"><strong>0\u00b0 \u00e0 360\u00b0<\/strong><\/td>\n<\/tr>\n<\/tbody>\n<\/table>\n<\/div>\n<div class=\"STYLE_TextBalken_12\" align=\"center\"><strong><img decoding=\"async\" src=\"http:\/\/www.nedo.de\/img\/balken_290.gif\" alt=\"\" align=\"TOP\" border=\"0\" hspace=\"0\" vspace=\"0\" \/><\/strong><\/div>\n<div class=\"STYLE_TextBalken_12\" align=\"center\"><strong>Particularit\u00e9s du Winkeltronic<\/strong><\/div>\n<div class=\"STYLE_12\" align=\"LEFT\">\n<ul type=\"square\">\n<li><strong>R\u00e9solution : 0,1\u00b0<\/strong><\/li>\n<li><strong>Pr\u00e9cision : \u00b1 0,1\u00b0<\/strong><\/li>\n<li><strong>Fonction \u00ab Hold \u00bb pour garder une valeur mesur\u00e9e sur l&rsquo;afficheur<\/strong><\/li>\n<li><strong>Mise \u00e0 z\u00e9ro possible dans n&rsquo;importe quelle position des bras<\/strong><\/li>\n<li><strong>Nivelles horizontale et verticale int\u00e9gr\u00e9es<\/strong><\/li>\n<li><strong>Alimentation : 4 x 1,5 V, type LR6\/AA<\/strong><\/li>\n<\/ul>\n<\/div>\n<div class=\"STYLE_TextBalken_12\" align=\"center\"><strong><img decoding=\"async\" src=\"http:\/\/www.nedo.de\/img\/balken_290.gif\" alt=\"\" align=\"TOP\" border=\"0\" hspace=\"0\" vspace=\"0\" \/><\/strong><\/div>\n<div class=\"STYLE_TextBalken_12\" align=\"center\"><strong>Particularit\u00e9s du Laser<\/strong><\/div>\n<div class=\"STYLE_12\" align=\"LEFT\">\n<ul type=\"square\">\n<li><strong>Diodes classe 2<\/strong><\/li>\n<li><strong>Rayon rouge lumineux visible, longueur d&rsquo;onde 650 nm<\/strong><\/li>\n<li><strong>Diam\u00e8tre du rayon : 6 mm<\/strong><\/li>\n<li><strong>Port\u00e9e : env. 20 m, en fonction des conditions d&rsquo;environnement<\/strong><\/li>\n<li><strong>Pr\u00e9cision : \u00b1 0,5 mm\/m<\/strong><\/li>\n<li><strong>Alimentation : 2 x 1,5 V, type LR03\/AAA<\/strong><\/li>\n<li><strong>Autonomie : env. 10 heures<\/strong><\/li>\n<li><strong>Livr\u00e9 avec \u00e9tui<\/strong><\/li>\n<\/ul>\n<\/div>\n<h4 class=\"ce_headline\"><img loading=\"lazy\" decoding=\"async\" class=\"size-full wp-image-2829 alignleft\" src=\"http:\/\/laserins.fr\/wp-content\/uploads\/2019\/07\/winkeltronic_housse.png\" alt=\"\" width=\"215\" height=\"140\" \/><\/h4>\n<\/div>\n","protected":false},"excerpt":{"rendered":"<p>LaserWinkeltronic Nedo Les op\u00e9rations connues, telles que la mesure et la d\u00e9termination des angles dans l&rsquo;installation\u00a0 d&rsquo;escaliers, dans l&rsquo;am\u00e9nagement int\u00e9rieur, lors de r\u00e9novations, sont largement simplifi\u00e9es par\u00a0 la appr\u00e9ci\u00e9 sur&hellip;<\/p>\n","protected":false},"featured_media":2994,"comment_status":"closed","ping_status":"closed","template":"","meta":[],"product_cat":[57],"product_tag":[],"class_list":{"0":"post-2946","1":"product","2":"type-product","3":"status-publish","4":"has-post-thumbnail","6":"product_cat-securite-et-mesures","7":"","9":"first","10":"instock","11":"taxable","12":"shipping-taxable","13":"product-type-simple"},"yoast_head":"<!-- This site is optimized with the Yoast SEO plugin v24.7 - https:\/\/yoast.com\/wordpress\/plugins\/seo\/ -->\n<title>Mesureur d&#039;angle laser NEDO - LASER ELECTRONIQUE TP<\/title>\n<meta name=\"robots\" content=\"index, follow, max-snippet:-1, max-image-preview:large, max-video-preview:-1\" \/>\n<link rel=\"canonical\" href=\"https:\/\/laserelectronique.com\/?product=mesureur-dangle-laser-nedo\" \/>\n<meta property=\"og:locale\" content=\"fr_FR\" \/>\n<meta property=\"og:type\" content=\"article\" \/>\n<meta property=\"og:title\" content=\"Mesureur d&#039;angle laser NEDO - LASER ELECTRONIQUE TP\" \/>\n<meta property=\"og:description\" content=\"LaserWinkeltronic Nedo Les op\u00e9rations connues, telles que la mesure et la d\u00e9termination des angles dans l&rsquo;installation\u00a0 d&rsquo;escaliers, dans l&rsquo;am\u00e9nagement int\u00e9rieur, lors de r\u00e9novations, sont largement simplifi\u00e9es par\u00a0 la appr\u00e9ci\u00e9 sur&hellip;\" \/>\n<meta property=\"og:url\" content=\"https:\/\/laserelectronique.com\/?product=mesureur-dangle-laser-nedo\" \/>\n<meta property=\"og:site_name\" content=\"LASER ELECTRONIQUE TP\" \/>\n<meta property=\"article:modified_time\" content=\"2020-12-25T14:08:45+00:00\" \/>\n<meta property=\"og:image\" content=\"https:\/\/laserelectronique.com\/wp-content\/uploads\/2020\/12\/460612_big.png\" \/>\n\t<meta property=\"og:image:width\" content=\"700\" \/>\n\t<meta property=\"og:image:height\" content=\"700\" \/>\n\t<meta property=\"og:image:type\" content=\"image\/png\" \/>\n<meta name=\"twitter:card\" content=\"summary_large_image\" \/>\n<meta name=\"twitter:label1\" content=\"Dur\u00e9e de lecture estim\u00e9e\" \/>\n\t<meta name=\"twitter:data1\" content=\"1 minute\" \/>\n<script type=\"application\/ld+json\" class=\"yoast-schema-graph\">{\"@context\":\"https:\/\/schema.org\",\"@graph\":[{\"@type\":\"WebPage\",\"@id\":\"https:\/\/laserelectronique.com\/?product=mesureur-dangle-laser-nedo\",\"url\":\"https:\/\/laserelectronique.com\/?product=mesureur-dangle-laser-nedo\",\"name\":\"Mesureur d'angle laser NEDO - LASER ELECTRONIQUE TP\",\"isPartOf\":{\"@id\":\"https:\/\/laserelectronique.com\/#website\"},\"primaryImageOfPage\":{\"@id\":\"https:\/\/laserelectronique.com\/?product=mesureur-dangle-laser-nedo#primaryimage\"},\"image\":{\"@id\":\"https:\/\/laserelectronique.com\/?product=mesureur-dangle-laser-nedo#primaryimage\"},\"thumbnailUrl\":\"https:\/\/laserelectronique.com\/wp-content\/uploads\/2020\/12\/460612_big.png\",\"datePublished\":\"2020-12-25T14:05:40+00:00\",\"dateModified\":\"2020-12-25T14:08:45+00:00\",\"breadcrumb\":{\"@id\":\"https:\/\/laserelectronique.com\/?product=mesureur-dangle-laser-nedo#breadcrumb\"},\"inLanguage\":\"fr-FR\",\"potentialAction\":[{\"@type\":\"ReadAction\",\"target\":[\"https:\/\/laserelectronique.com\/?product=mesureur-dangle-laser-nedo\"]}]},{\"@type\":\"ImageObject\",\"inLanguage\":\"fr-FR\",\"@id\":\"https:\/\/laserelectronique.com\/?product=mesureur-dangle-laser-nedo#primaryimage\",\"url\":\"https:\/\/laserelectronique.com\/wp-content\/uploads\/2020\/12\/460612_big.png\",\"contentUrl\":\"https:\/\/laserelectronique.com\/wp-content\/uploads\/2020\/12\/460612_big.png\",\"width\":700,\"height\":700},{\"@type\":\"BreadcrumbList\",\"@id\":\"https:\/\/laserelectronique.com\/?product=mesureur-dangle-laser-nedo#breadcrumb\",\"itemListElement\":[{\"@type\":\"ListItem\",\"position\":1,\"name\":\"Accueil\",\"item\":\"https:\/\/laserelectronique.com\/\"},{\"@type\":\"ListItem\",\"position\":2,\"name\":\"Boutique\",\"item\":\"https:\/\/laserelectronique.com\/?page_id=7\"},{\"@type\":\"ListItem\",\"position\":3,\"name\":\"Mesureur d&rsquo;angle laser NEDO\"}]},{\"@type\":\"WebSite\",\"@id\":\"https:\/\/laserelectronique.com\/#website\",\"url\":\"https:\/\/laserelectronique.com\/\",\"name\":\"LASER ELECTRONIQUE TP\",\"description\":\"VOTRE PARTENAIRE EN GUIDAGE D&#039;ENGINS, TOPOGRAPHIE ET SERVICES\",\"potentialAction\":[{\"@type\":\"SearchAction\",\"target\":{\"@type\":\"EntryPoint\",\"urlTemplate\":\"https:\/\/laserelectronique.com\/?s={search_term_string}\"},\"query-input\":{\"@type\":\"PropertyValueSpecification\",\"valueRequired\":true,\"valueName\":\"search_term_string\"}}],\"inLanguage\":\"fr-FR\"}]}<\/script>\n<!-- \/ Yoast SEO plugin. -->","yoast_head_json":{"title":"Mesureur d'angle laser NEDO - LASER ELECTRONIQUE TP","robots":{"index":"index","follow":"follow","max-snippet":"max-snippet:-1","max-image-preview":"max-image-preview:large","max-video-preview":"max-video-preview:-1"},"canonical":"https:\/\/laserelectronique.com\/?product=mesureur-dangle-laser-nedo","og_locale":"fr_FR","og_type":"article","og_title":"Mesureur d'angle laser NEDO - LASER ELECTRONIQUE TP","og_description":"LaserWinkeltronic Nedo Les op\u00e9rations connues, telles que la mesure et la d\u00e9termination des angles dans l&rsquo;installation\u00a0 d&rsquo;escaliers, dans l&rsquo;am\u00e9nagement int\u00e9rieur, lors de r\u00e9novations, sont largement simplifi\u00e9es par\u00a0 la appr\u00e9ci\u00e9 sur&hellip;","og_url":"https:\/\/laserelectronique.com\/?product=mesureur-dangle-laser-nedo","og_site_name":"LASER ELECTRONIQUE TP","article_modified_time":"2020-12-25T14:08:45+00:00","og_image":[{"width":700,"height":700,"url":"https:\/\/laserelectronique.com\/wp-content\/uploads\/2020\/12\/460612_big.png","type":"image\/png"}],"twitter_card":"summary_large_image","twitter_misc":{"Dur\u00e9e de lecture estim\u00e9e":"1 minute"},"schema":{"@context":"https:\/\/schema.org","@graph":[{"@type":"WebPage","@id":"https:\/\/laserelectronique.com\/?product=mesureur-dangle-laser-nedo","url":"https:\/\/laserelectronique.com\/?product=mesureur-dangle-laser-nedo","name":"Mesureur d'angle laser NEDO - LASER ELECTRONIQUE TP","isPartOf":{"@id":"https:\/\/laserelectronique.com\/#website"},"primaryImageOfPage":{"@id":"https:\/\/laserelectronique.com\/?product=mesureur-dangle-laser-nedo#primaryimage"},"image":{"@id":"https:\/\/laserelectronique.com\/?product=mesureur-dangle-laser-nedo#primaryimage"},"thumbnailUrl":"https:\/\/laserelectronique.com\/wp-content\/uploads\/2020\/12\/460612_big.png","datePublished":"2020-12-25T14:05:40+00:00","dateModified":"2020-12-25T14:08:45+00:00","breadcrumb":{"@id":"https:\/\/laserelectronique.com\/?product=mesureur-dangle-laser-nedo#breadcrumb"},"inLanguage":"fr-FR","potentialAction":[{"@type":"ReadAction","target":["https:\/\/laserelectronique.com\/?product=mesureur-dangle-laser-nedo"]}]},{"@type":"ImageObject","inLanguage":"fr-FR","@id":"https:\/\/laserelectronique.com\/?product=mesureur-dangle-laser-nedo#primaryimage","url":"https:\/\/laserelectronique.com\/wp-content\/uploads\/2020\/12\/460612_big.png","contentUrl":"https:\/\/laserelectronique.com\/wp-content\/uploads\/2020\/12\/460612_big.png","width":700,"height":700},{"@type":"BreadcrumbList","@id":"https:\/\/laserelectronique.com\/?product=mesureur-dangle-laser-nedo#breadcrumb","itemListElement":[{"@type":"ListItem","position":1,"name":"Accueil","item":"https:\/\/laserelectronique.com\/"},{"@type":"ListItem","position":2,"name":"Boutique","item":"https:\/\/laserelectronique.com\/?page_id=7"},{"@type":"ListItem","position":3,"name":"Mesureur d&rsquo;angle laser NEDO"}]},{"@type":"WebSite","@id":"https:\/\/laserelectronique.com\/#website","url":"https:\/\/laserelectronique.com\/","name":"LASER ELECTRONIQUE TP","description":"VOTRE PARTENAIRE EN GUIDAGE D&#039;ENGINS, TOPOGRAPHIE ET SERVICES","potentialAction":[{"@type":"SearchAction","target":{"@type":"EntryPoint","urlTemplate":"https:\/\/laserelectronique.com\/?s={search_term_string}"},"query-input":{"@type":"PropertyValueSpecification","valueRequired":true,"valueName":"search_term_string"}}],"inLanguage":"fr-FR"}]}},"_links":{"self":[{"href":"https:\/\/laserelectronique.com\/index.php?rest_route=\/wp\/v2\/product\/2946","targetHints":{"allow":["GET"]}}],"collection":[{"href":"https:\/\/laserelectronique.com\/index.php?rest_route=\/wp\/v2\/product"}],"about":[{"href":"https:\/\/laserelectronique.com\/index.php?rest_route=\/wp\/v2\/types\/product"}],"replies":[{"embeddable":true,"href":"https:\/\/laserelectronique.com\/index.php?rest_route=%2Fwp%2Fv2%2Fcomments&post=2946"}],"wp:featuredmedia":[{"embeddable":true,"href":"https:\/\/laserelectronique.com\/index.php?rest_route=\/wp\/v2\/media\/2994"}],"wp:attachment":[{"href":"https:\/\/laserelectronique.com\/index.php?rest_route=%2Fwp%2Fv2%2Fmedia&parent=2946"}],"wp:term":[{"taxonomy":"product_cat","embeddable":true,"href":"https:\/\/laserelectronique.com\/index.php?rest_route=%2Fwp%2Fv2%2Fproduct_cat&post=2946"},{"taxonomy":"product_tag","embeddable":true,"href":"https:\/\/laserelectronique.com\/index.php?rest_route=%2Fwp%2Fv2%2Fproduct_tag&post=2946"}],"curies":[{"name":"wp","href":"https:\/\/api.w.org\/{rel}","templated":true}]}}