{"id":2866,"date":"2020-12-25T15:01:00","date_gmt":"2020-12-25T14:01:00","guid":{"rendered":"http:\/\/laserelectronique.com\/?product=import-placeholder-for-2173"},"modified":"2025-05-13T18:17:16","modified_gmt":"2025-05-13T16:17:16","slug":"silent-bloc-345215-ou-285494-dynapac","status":"publish","type":"product","link":"https:\/\/laserelectronique.com\/?product=silent-bloc-345215-ou-285494-dynapac","title":{"rendered":"Silent bloc 345215 ou 285494 Dynapac"},"content":{"rendered":"<p><strong>Pi\u00e8ce adaptable \u00e9quivalente \u00e0 345215 ou 285494 Dynapac.<\/strong><\/p>\n<p><strong>Se monte sur\u00a0CC10, CC12, CC82, CC92, CC100, CC101, CC102, CC103,CC105, CC121, CC122<\/strong><\/p>\n<p><strong>Prix sp\u00e9cial valable pour une quantit\u00e9 minimale de 10.<\/strong><\/p>\n<p>&nbsp;<\/p>\n<p>&nbsp;<\/p>\n<p><img loading=\"lazy\" decoding=\"async\" class=\"alignnone wp-image-2062\" src=\"http:\/\/laserins.fr\/wp-content\/uploads\/2018\/05\/silent-bloc-gif.gif\" alt=\"\" width=\"310\" height=\"290\" \/><\/p>\n<p><strong>Document associ\u00e9 :<\/strong><\/p>\n<ul>\n<li><a href=\"http:\/\/laserins.fr\/wp-content\/uploads\/2017\/04\/Doc-usure-rouleau.pdf\">DOC Usure Rouleau<\/a><\/li>\n<\/ul>\n","protected":false},"excerpt":{"rendered":"<p>Pi\u00e8ce adaptable \u00e9quivalente \u00e0 345215 ou 285494 Dynapac. Se monte sur\u00a0CC10, CC12, CC82, CC92, CC100, CC101, CC102, CC103,CC105, CC121, CC122 Prix sp\u00e9cial valable pour une quantit\u00e9 minimale de 10. &nbsp;&hellip;<\/p>\n","protected":false},"featured_media":2869,"comment_status":"open","ping_status":"closed","template":"","meta":[],"product_cat":[8,78,12,91],"product_tag":[],"class_list":{"0":"post-2866","1":"product","2":"type-product","3":"status-publish","4":"has-post-thumbnail","6":"product_cat-pieces-tp","7":"product_cat-promotions","8":"product_cat-rouleaux","9":"product_cat-silent-blocs","10":"","12":"first","13":"instock","14":"taxable","15":"shipping-taxable","16":"product-type-simple"},"yoast_head":"<!-- This site is optimized with the Yoast SEO plugin v24.7 - https:\/\/yoast.com\/wordpress\/plugins\/seo\/ -->\n<title>Silent bloc 345215 ou 285494 Dynapac - LASER ELECTRONIQUE TP<\/title>\n<meta name=\"robots\" content=\"index, follow, max-snippet:-1, max-image-preview:large, max-video-preview:-1\" \/>\n<link rel=\"canonical\" href=\"https:\/\/laserelectronique.com\/?product=silent-bloc-345215-ou-285494-dynapac\" \/>\n<meta property=\"og:locale\" content=\"fr_FR\" \/>\n<meta property=\"og:type\" content=\"article\" \/>\n<meta property=\"og:title\" content=\"Silent bloc 345215 ou 285494 Dynapac - LASER ELECTRONIQUE TP\" \/>\n<meta property=\"og:description\" content=\"Pi\u00e8ce adaptable \u00e9quivalente \u00e0 345215 ou 285494 Dynapac. Se monte sur\u00a0CC10, CC12, CC82, CC92, CC100, CC101, CC102, CC103,CC105, CC121, CC122 Prix sp\u00e9cial valable pour une quantit\u00e9 minimale de 10. &nbsp;&hellip;\" \/>\n<meta property=\"og:url\" content=\"https:\/\/laserelectronique.com\/?product=silent-bloc-345215-ou-285494-dynapac\" \/>\n<meta property=\"og:site_name\" content=\"LASER ELECTRONIQUE TP\" \/>\n<meta property=\"article:modified_time\" content=\"2025-05-13T16:17:16+00:00\" \/>\n<meta property=\"og:image\" content=\"https:\/\/laserelectronique.com\/wp-content\/uploads\/2020\/12\/45A7.png\" \/>\n\t<meta property=\"og:image:width\" content=\"1100\" \/>\n\t<meta property=\"og:image:height\" content=\"1100\" \/>\n\t<meta property=\"og:image:type\" content=\"image\/png\" \/>\n<meta name=\"twitter:card\" content=\"summary_large_image\" \/>\n<script type=\"application\/ld+json\" class=\"yoast-schema-graph\">{\"@context\":\"https:\/\/schema.org\",\"@graph\":[{\"@type\":\"WebPage\",\"@id\":\"https:\/\/laserelectronique.com\/?product=silent-bloc-345215-ou-285494-dynapac\",\"url\":\"https:\/\/laserelectronique.com\/?product=silent-bloc-345215-ou-285494-dynapac\",\"name\":\"Silent bloc 345215 ou 285494 Dynapac - LASER ELECTRONIQUE TP\",\"isPartOf\":{\"@id\":\"https:\/\/laserelectronique.com\/#website\"},\"primaryImageOfPage\":{\"@id\":\"https:\/\/laserelectronique.com\/?product=silent-bloc-345215-ou-285494-dynapac#primaryimage\"},\"image\":{\"@id\":\"https:\/\/laserelectronique.com\/?product=silent-bloc-345215-ou-285494-dynapac#primaryimage\"},\"thumbnailUrl\":\"https:\/\/laserelectronique.com\/wp-content\/uploads\/2020\/12\/45A7.png\",\"datePublished\":\"2020-12-25T14:01:00+00:00\",\"dateModified\":\"2025-05-13T16:17:16+00:00\",\"breadcrumb\":{\"@id\":\"https:\/\/laserelectronique.com\/?product=silent-bloc-345215-ou-285494-dynapac#breadcrumb\"},\"inLanguage\":\"fr-FR\",\"potentialAction\":[{\"@type\":\"ReadAction\",\"target\":[\"https:\/\/laserelectronique.com\/?product=silent-bloc-345215-ou-285494-dynapac\"]}]},{\"@type\":\"ImageObject\",\"inLanguage\":\"fr-FR\",\"@id\":\"https:\/\/laserelectronique.com\/?product=silent-bloc-345215-ou-285494-dynapac#primaryimage\",\"url\":\"https:\/\/laserelectronique.com\/wp-content\/uploads\/2020\/12\/45A7.png\",\"contentUrl\":\"https:\/\/laserelectronique.com\/wp-content\/uploads\/2020\/12\/45A7.png\",\"width\":1100,\"height\":1100},{\"@type\":\"BreadcrumbList\",\"@id\":\"https:\/\/laserelectronique.com\/?product=silent-bloc-345215-ou-285494-dynapac#breadcrumb\",\"itemListElement\":[{\"@type\":\"ListItem\",\"position\":1,\"name\":\"Accueil\",\"item\":\"https:\/\/laserelectronique.com\/\"},{\"@type\":\"ListItem\",\"position\":2,\"name\":\"Boutique\",\"item\":\"https:\/\/laserelectronique.com\/?page_id=7\"},{\"@type\":\"ListItem\",\"position\":3,\"name\":\"Silent bloc 345215 ou 285494 Dynapac\"}]},{\"@type\":\"WebSite\",\"@id\":\"https:\/\/laserelectronique.com\/#website\",\"url\":\"https:\/\/laserelectronique.com\/\",\"name\":\"LASER ELECTRONIQUE TP\",\"description\":\"VOTRE PARTENAIRE EN GUIDAGE D&#039;ENGINS, TOPOGRAPHIE ET SERVICES\",\"potentialAction\":[{\"@type\":\"SearchAction\",\"target\":{\"@type\":\"EntryPoint\",\"urlTemplate\":\"https:\/\/laserelectronique.com\/?s={search_term_string}\"},\"query-input\":{\"@type\":\"PropertyValueSpecification\",\"valueRequired\":true,\"valueName\":\"search_term_string\"}}],\"inLanguage\":\"fr-FR\"}]}<\/script>\n<!-- \/ Yoast SEO plugin. -->","yoast_head_json":{"title":"Silent bloc 345215 ou 285494 Dynapac - LASER ELECTRONIQUE TP","robots":{"index":"index","follow":"follow","max-snippet":"max-snippet:-1","max-image-preview":"max-image-preview:large","max-video-preview":"max-video-preview:-1"},"canonical":"https:\/\/laserelectronique.com\/?product=silent-bloc-345215-ou-285494-dynapac","og_locale":"fr_FR","og_type":"article","og_title":"Silent bloc 345215 ou 285494 Dynapac - LASER ELECTRONIQUE TP","og_description":"Pi\u00e8ce adaptable \u00e9quivalente \u00e0 345215 ou 285494 Dynapac. Se monte sur\u00a0CC10, CC12, CC82, CC92, CC100, CC101, CC102, CC103,CC105, CC121, CC122 Prix sp\u00e9cial valable pour une quantit\u00e9 minimale de 10. &nbsp;&hellip;","og_url":"https:\/\/laserelectronique.com\/?product=silent-bloc-345215-ou-285494-dynapac","og_site_name":"LASER ELECTRONIQUE TP","article_modified_time":"2025-05-13T16:17:16+00:00","og_image":[{"width":1100,"height":1100,"url":"https:\/\/laserelectronique.com\/wp-content\/uploads\/2020\/12\/45A7.png","type":"image\/png"}],"twitter_card":"summary_large_image","schema":{"@context":"https:\/\/schema.org","@graph":[{"@type":"WebPage","@id":"https:\/\/laserelectronique.com\/?product=silent-bloc-345215-ou-285494-dynapac","url":"https:\/\/laserelectronique.com\/?product=silent-bloc-345215-ou-285494-dynapac","name":"Silent bloc 345215 ou 285494 Dynapac - LASER ELECTRONIQUE TP","isPartOf":{"@id":"https:\/\/laserelectronique.com\/#website"},"primaryImageOfPage":{"@id":"https:\/\/laserelectronique.com\/?product=silent-bloc-345215-ou-285494-dynapac#primaryimage"},"image":{"@id":"https:\/\/laserelectronique.com\/?product=silent-bloc-345215-ou-285494-dynapac#primaryimage"},"thumbnailUrl":"https:\/\/laserelectronique.com\/wp-content\/uploads\/2020\/12\/45A7.png","datePublished":"2020-12-25T14:01:00+00:00","dateModified":"2025-05-13T16:17:16+00:00","breadcrumb":{"@id":"https:\/\/laserelectronique.com\/?product=silent-bloc-345215-ou-285494-dynapac#breadcrumb"},"inLanguage":"fr-FR","potentialAction":[{"@type":"ReadAction","target":["https:\/\/laserelectronique.com\/?product=silent-bloc-345215-ou-285494-dynapac"]}]},{"@type":"ImageObject","inLanguage":"fr-FR","@id":"https:\/\/laserelectronique.com\/?product=silent-bloc-345215-ou-285494-dynapac#primaryimage","url":"https:\/\/laserelectronique.com\/wp-content\/uploads\/2020\/12\/45A7.png","contentUrl":"https:\/\/laserelectronique.com\/wp-content\/uploads\/2020\/12\/45A7.png","width":1100,"height":1100},{"@type":"BreadcrumbList","@id":"https:\/\/laserelectronique.com\/?product=silent-bloc-345215-ou-285494-dynapac#breadcrumb","itemListElement":[{"@type":"ListItem","position":1,"name":"Accueil","item":"https:\/\/laserelectronique.com\/"},{"@type":"ListItem","position":2,"name":"Boutique","item":"https:\/\/laserelectronique.com\/?page_id=7"},{"@type":"ListItem","position":3,"name":"Silent bloc 345215 ou 285494 Dynapac"}]},{"@type":"WebSite","@id":"https:\/\/laserelectronique.com\/#website","url":"https:\/\/laserelectronique.com\/","name":"LASER ELECTRONIQUE TP","description":"VOTRE PARTENAIRE EN GUIDAGE D&#039;ENGINS, TOPOGRAPHIE ET SERVICES","potentialAction":[{"@type":"SearchAction","target":{"@type":"EntryPoint","urlTemplate":"https:\/\/laserelectronique.com\/?s={search_term_string}"},"query-input":{"@type":"PropertyValueSpecification","valueRequired":true,"valueName":"search_term_string"}}],"inLanguage":"fr-FR"}]}},"_links":{"self":[{"href":"https:\/\/laserelectronique.com\/index.php?rest_route=\/wp\/v2\/product\/2866","targetHints":{"allow":["GET"]}}],"collection":[{"href":"https:\/\/laserelectronique.com\/index.php?rest_route=\/wp\/v2\/product"}],"about":[{"href":"https:\/\/laserelectronique.com\/index.php?rest_route=\/wp\/v2\/types\/product"}],"replies":[{"embeddable":true,"href":"https:\/\/laserelectronique.com\/index.php?rest_route=%2Fwp%2Fv2%2Fcomments&post=2866"}],"wp:featuredmedia":[{"embeddable":true,"href":"https:\/\/laserelectronique.com\/index.php?rest_route=\/wp\/v2\/media\/2869"}],"wp:attachment":[{"href":"https:\/\/laserelectronique.com\/index.php?rest_route=%2Fwp%2Fv2%2Fmedia&parent=2866"}],"wp:term":[{"taxonomy":"product_cat","embeddable":true,"href":"https:\/\/laserelectronique.com\/index.php?rest_route=%2Fwp%2Fv2%2Fproduct_cat&post=2866"},{"taxonomy":"product_tag","embeddable":true,"href":"https:\/\/laserelectronique.com\/index.php?rest_route=%2Fwp%2Fv2%2Fproduct_tag&post=2866"}],"curies":[{"name":"wp","href":"https:\/\/api.w.org\/{rel}","templated":true}]}}