{"id":2843,"date":"2020-12-25T14:59:51","date_gmt":"2020-12-25T13:59:51","guid":{"rendered":"http:\/\/laserelectronique.com\/?product=import-placeholder-for-1794"},"modified":"2020-12-25T15:00:30","modified_gmt":"2020-12-25T14:00:30","slug":"controleur-de-temperature-de-chauffe-stc1600","status":"publish","type":"product","link":"https:\/\/laserelectronique.com\/?product=controleur-de-temperature-de-chauffe-stc1600","title":{"rendered":"Contr\u00f4leur  de temp\u00e9rature de chauffe STC1600"},"content":{"rendered":"<div class=\"product--description\">\n<p style=\"text-align: left;\"><strong>Contr\u00f4le la temp\u00e9rature des t\u00f4les\u00a0<\/strong><strong>lisseuses pour chauffage gaz ou \u00e9lectrique.<\/strong><\/p>\n<\/div>\n<div class=\"product--properties panel has--border\"><strong>Le STC 1600 est l&rsquo;interface utilisateur (MMI) dans un syst\u00e8me de contr\u00f4le de temp\u00e9rature pour les tables de finisseurs. Il contr\u00f4le et r\u00e9gule la temp\u00e9rature des toles lisseuses via quatre capteurs et surveille le d\u00e9marrage et l&rsquo;arr\u00eat des ventilateurs et des br\u00fbleurs via le bo\u00eetier d&rsquo;allumage connect\u00e9. Chacun des ventilateurs du br\u00fbleur individuel, les vannes magn\u00e9tiques et l&rsquo;allumage \/ combustion sont \u00e9galement surveill\u00e9s. Le syst\u00e8me utilise des capteurs de temp\u00e9rature PT100 int\u00e9gr\u00e9s \u00e0 la table.<\/strong><\/div>\n<div>\n<p><strong>Il existe deux versions de STC1600: pour les tables chauff\u00e9es au gaz et pour les tables chauff\u00e9es \u00e9lectriquement. Les deux commandes r\u00e9gulent la temp\u00e9rature au niveau d\u00e9fini par l&rsquo;op\u00e9rateur en activant \/ d\u00e9sactivant l&rsquo;\u00e9l\u00e9ment chauffant raccord\u00e9 concern\u00e9. La temp\u00e9rature souhait\u00e9e peut \u00eatre r\u00e9gl\u00e9e et r\u00e9gul\u00e9e individuellement pour chacune des quatre sections de la chape sur les boutons haut et bas du panneau LED.<\/strong><\/p>\n<p><strong>Caract\u00e9ristiques du produit:<\/strong><\/p>\n<ul>\n<li><strong>4 x sorties de br\u00fbleur, chacune max.\u00a00,5 A<\/strong><\/li>\n<li><strong>4 x sorties de ventilateur, chacune max.\u00a00,5 A\u00a0<small>(gaz uniquement)<\/small><\/strong><\/li>\n<li><strong>4 entr\u00e9es Pt-100<\/strong><\/li>\n<li><strong>Pour machines 10-30 V DC<\/strong><\/li>\n<\/ul>\n<\/div>\n","protected":false},"excerpt":{"rendered":"<p>Contr\u00f4le la temp\u00e9rature des t\u00f4les\u00a0lisseuses pour chauffage gaz ou \u00e9lectrique. Le STC 1600 est l&rsquo;interface utilisateur (MMI) dans un syst\u00e8me de contr\u00f4le de temp\u00e9rature pour les tables de finisseurs. Il&hellip;<\/p>\n","protected":false},"featured_media":2858,"comment_status":"open","ping_status":"closed","template":"","meta":[],"product_cat":[14],"product_tag":[],"class_list":{"0":"post-2843","1":"product","2":"type-product","3":"status-publish","4":"has-post-thumbnail","6":"product_cat-finisseurs","7":"","9":"first","10":"instock","11":"taxable","12":"shipping-taxable","13":"product-type-simple"},"yoast_head":"<!-- This site is optimized with the Yoast SEO plugin v24.7 - https:\/\/yoast.com\/wordpress\/plugins\/seo\/ -->\n<title>Contr\u00f4leur de temp\u00e9rature de chauffe STC1600 - LASER ELECTRONIQUE TP<\/title>\n<meta name=\"robots\" content=\"index, follow, max-snippet:-1, max-image-preview:large, max-video-preview:-1\" \/>\n<link rel=\"canonical\" href=\"https:\/\/laserelectronique.com\/?product=controleur-de-temperature-de-chauffe-stc1600\" \/>\n<meta property=\"og:locale\" content=\"fr_FR\" \/>\n<meta property=\"og:type\" content=\"article\" \/>\n<meta property=\"og:title\" content=\"Contr\u00f4leur de temp\u00e9rature de chauffe STC1600 - LASER ELECTRONIQUE TP\" \/>\n<meta property=\"og:description\" content=\"Contr\u00f4le la temp\u00e9rature des t\u00f4les\u00a0lisseuses pour chauffage gaz ou \u00e9lectrique. Le STC 1600 est l&rsquo;interface utilisateur (MMI) dans un syst\u00e8me de contr\u00f4le de temp\u00e9rature pour les tables de finisseurs. Il&hellip;\" \/>\n<meta property=\"og:url\" content=\"https:\/\/laserelectronique.com\/?product=controleur-de-temperature-de-chauffe-stc1600\" \/>\n<meta property=\"og:site_name\" content=\"LASER ELECTRONIQUE TP\" \/>\n<meta property=\"article:modified_time\" content=\"2020-12-25T14:00:30+00:00\" \/>\n<meta property=\"og:image\" content=\"https:\/\/laserelectronique.com\/wp-content\/uploads\/2020\/12\/TC1600.png\" \/>\n\t<meta property=\"og:image:width\" content=\"1349\" \/>\n\t<meta property=\"og:image:height\" content=\"1349\" \/>\n\t<meta property=\"og:image:type\" content=\"image\/png\" \/>\n<meta name=\"twitter:card\" content=\"summary_large_image\" \/>\n<meta name=\"twitter:label1\" content=\"Dur\u00e9e de lecture estim\u00e9e\" \/>\n\t<meta name=\"twitter:data1\" content=\"1 minute\" \/>\n<script type=\"application\/ld+json\" class=\"yoast-schema-graph\">{\"@context\":\"https:\/\/schema.org\",\"@graph\":[{\"@type\":\"WebPage\",\"@id\":\"https:\/\/laserelectronique.com\/?product=controleur-de-temperature-de-chauffe-stc1600\",\"url\":\"https:\/\/laserelectronique.com\/?product=controleur-de-temperature-de-chauffe-stc1600\",\"name\":\"Contr\u00f4leur de temp\u00e9rature de chauffe STC1600 - LASER ELECTRONIQUE TP\",\"isPartOf\":{\"@id\":\"https:\/\/laserelectronique.com\/#website\"},\"primaryImageOfPage\":{\"@id\":\"https:\/\/laserelectronique.com\/?product=controleur-de-temperature-de-chauffe-stc1600#primaryimage\"},\"image\":{\"@id\":\"https:\/\/laserelectronique.com\/?product=controleur-de-temperature-de-chauffe-stc1600#primaryimage\"},\"thumbnailUrl\":\"https:\/\/laserelectronique.com\/wp-content\/uploads\/2020\/12\/TC1600.png\",\"datePublished\":\"2020-12-25T13:59:51+00:00\",\"dateModified\":\"2020-12-25T14:00:30+00:00\",\"breadcrumb\":{\"@id\":\"https:\/\/laserelectronique.com\/?product=controleur-de-temperature-de-chauffe-stc1600#breadcrumb\"},\"inLanguage\":\"fr-FR\",\"potentialAction\":[{\"@type\":\"ReadAction\",\"target\":[\"https:\/\/laserelectronique.com\/?product=controleur-de-temperature-de-chauffe-stc1600\"]}]},{\"@type\":\"ImageObject\",\"inLanguage\":\"fr-FR\",\"@id\":\"https:\/\/laserelectronique.com\/?product=controleur-de-temperature-de-chauffe-stc1600#primaryimage\",\"url\":\"https:\/\/laserelectronique.com\/wp-content\/uploads\/2020\/12\/TC1600.png\",\"contentUrl\":\"https:\/\/laserelectronique.com\/wp-content\/uploads\/2020\/12\/TC1600.png\",\"width\":1349,\"height\":1349},{\"@type\":\"BreadcrumbList\",\"@id\":\"https:\/\/laserelectronique.com\/?product=controleur-de-temperature-de-chauffe-stc1600#breadcrumb\",\"itemListElement\":[{\"@type\":\"ListItem\",\"position\":1,\"name\":\"Accueil\",\"item\":\"https:\/\/laserelectronique.com\/\"},{\"@type\":\"ListItem\",\"position\":2,\"name\":\"Boutique\",\"item\":\"https:\/\/laserelectronique.com\/?page_id=7\"},{\"@type\":\"ListItem\",\"position\":3,\"name\":\"Contr\u00f4leur de temp\u00e9rature de chauffe STC1600\"}]},{\"@type\":\"WebSite\",\"@id\":\"https:\/\/laserelectronique.com\/#website\",\"url\":\"https:\/\/laserelectronique.com\/\",\"name\":\"LASER ELECTRONIQUE TP\",\"description\":\"VOTRE PARTENAIRE EN GUIDAGE D&#039;ENGINS, TOPOGRAPHIE ET SERVICES\",\"potentialAction\":[{\"@type\":\"SearchAction\",\"target\":{\"@type\":\"EntryPoint\",\"urlTemplate\":\"https:\/\/laserelectronique.com\/?s={search_term_string}\"},\"query-input\":{\"@type\":\"PropertyValueSpecification\",\"valueRequired\":true,\"valueName\":\"search_term_string\"}}],\"inLanguage\":\"fr-FR\"}]}<\/script>\n<!-- \/ Yoast SEO plugin. -->","yoast_head_json":{"title":"Contr\u00f4leur de temp\u00e9rature de chauffe STC1600 - LASER ELECTRONIQUE TP","robots":{"index":"index","follow":"follow","max-snippet":"max-snippet:-1","max-image-preview":"max-image-preview:large","max-video-preview":"max-video-preview:-1"},"canonical":"https:\/\/laserelectronique.com\/?product=controleur-de-temperature-de-chauffe-stc1600","og_locale":"fr_FR","og_type":"article","og_title":"Contr\u00f4leur de temp\u00e9rature de chauffe STC1600 - LASER ELECTRONIQUE TP","og_description":"Contr\u00f4le la temp\u00e9rature des t\u00f4les\u00a0lisseuses pour chauffage gaz ou \u00e9lectrique. Le STC 1600 est l&rsquo;interface utilisateur (MMI) dans un syst\u00e8me de contr\u00f4le de temp\u00e9rature pour les tables de finisseurs. Il&hellip;","og_url":"https:\/\/laserelectronique.com\/?product=controleur-de-temperature-de-chauffe-stc1600","og_site_name":"LASER ELECTRONIQUE TP","article_modified_time":"2020-12-25T14:00:30+00:00","og_image":[{"width":1349,"height":1349,"url":"https:\/\/laserelectronique.com\/wp-content\/uploads\/2020\/12\/TC1600.png","type":"image\/png"}],"twitter_card":"summary_large_image","twitter_misc":{"Dur\u00e9e de lecture estim\u00e9e":"1 minute"},"schema":{"@context":"https:\/\/schema.org","@graph":[{"@type":"WebPage","@id":"https:\/\/laserelectronique.com\/?product=controleur-de-temperature-de-chauffe-stc1600","url":"https:\/\/laserelectronique.com\/?product=controleur-de-temperature-de-chauffe-stc1600","name":"Contr\u00f4leur de temp\u00e9rature de chauffe STC1600 - LASER ELECTRONIQUE TP","isPartOf":{"@id":"https:\/\/laserelectronique.com\/#website"},"primaryImageOfPage":{"@id":"https:\/\/laserelectronique.com\/?product=controleur-de-temperature-de-chauffe-stc1600#primaryimage"},"image":{"@id":"https:\/\/laserelectronique.com\/?product=controleur-de-temperature-de-chauffe-stc1600#primaryimage"},"thumbnailUrl":"https:\/\/laserelectronique.com\/wp-content\/uploads\/2020\/12\/TC1600.png","datePublished":"2020-12-25T13:59:51+00:00","dateModified":"2020-12-25T14:00:30+00:00","breadcrumb":{"@id":"https:\/\/laserelectronique.com\/?product=controleur-de-temperature-de-chauffe-stc1600#breadcrumb"},"inLanguage":"fr-FR","potentialAction":[{"@type":"ReadAction","target":["https:\/\/laserelectronique.com\/?product=controleur-de-temperature-de-chauffe-stc1600"]}]},{"@type":"ImageObject","inLanguage":"fr-FR","@id":"https:\/\/laserelectronique.com\/?product=controleur-de-temperature-de-chauffe-stc1600#primaryimage","url":"https:\/\/laserelectronique.com\/wp-content\/uploads\/2020\/12\/TC1600.png","contentUrl":"https:\/\/laserelectronique.com\/wp-content\/uploads\/2020\/12\/TC1600.png","width":1349,"height":1349},{"@type":"BreadcrumbList","@id":"https:\/\/laserelectronique.com\/?product=controleur-de-temperature-de-chauffe-stc1600#breadcrumb","itemListElement":[{"@type":"ListItem","position":1,"name":"Accueil","item":"https:\/\/laserelectronique.com\/"},{"@type":"ListItem","position":2,"name":"Boutique","item":"https:\/\/laserelectronique.com\/?page_id=7"},{"@type":"ListItem","position":3,"name":"Contr\u00f4leur de temp\u00e9rature de chauffe STC1600"}]},{"@type":"WebSite","@id":"https:\/\/laserelectronique.com\/#website","url":"https:\/\/laserelectronique.com\/","name":"LASER ELECTRONIQUE TP","description":"VOTRE PARTENAIRE EN GUIDAGE D&#039;ENGINS, TOPOGRAPHIE ET SERVICES","potentialAction":[{"@type":"SearchAction","target":{"@type":"EntryPoint","urlTemplate":"https:\/\/laserelectronique.com\/?s={search_term_string}"},"query-input":{"@type":"PropertyValueSpecification","valueRequired":true,"valueName":"search_term_string"}}],"inLanguage":"fr-FR"}]}},"_links":{"self":[{"href":"https:\/\/laserelectronique.com\/index.php?rest_route=\/wp\/v2\/product\/2843","targetHints":{"allow":["GET"]}}],"collection":[{"href":"https:\/\/laserelectronique.com\/index.php?rest_route=\/wp\/v2\/product"}],"about":[{"href":"https:\/\/laserelectronique.com\/index.php?rest_route=\/wp\/v2\/types\/product"}],"replies":[{"embeddable":true,"href":"https:\/\/laserelectronique.com\/index.php?rest_route=%2Fwp%2Fv2%2Fcomments&post=2843"}],"wp:featuredmedia":[{"embeddable":true,"href":"https:\/\/laserelectronique.com\/index.php?rest_route=\/wp\/v2\/media\/2858"}],"wp:attachment":[{"href":"https:\/\/laserelectronique.com\/index.php?rest_route=%2Fwp%2Fv2%2Fmedia&parent=2843"}],"wp:term":[{"taxonomy":"product_cat","embeddable":true,"href":"https:\/\/laserelectronique.com\/index.php?rest_route=%2Fwp%2Fv2%2Fproduct_cat&post=2843"},{"taxonomy":"product_tag","embeddable":true,"href":"https:\/\/laserelectronique.com\/index.php?rest_route=%2Fwp%2Fv2%2Fproduct_tag&post=2843"}],"curies":[{"name":"wp","href":"https:\/\/api.w.org\/{rel}","templated":true}]}}