{"id":2841,"date":"2020-12-25T14:59:50","date_gmt":"2020-12-25T13:59:50","guid":{"rendered":"http:\/\/laserelectronique.com\/?product=import-placeholder-for-1788"},"modified":"2020-12-25T15:00:19","modified_gmt":"2020-12-25T14:00:19","slug":"electro-vanne-alimentation-gaz-2","status":"publish","type":"product","link":"https:\/\/laserelectronique.com\/?product=electro-vanne-alimentation-gaz-2","title":{"rendered":"Electro-vanne alimentation gaz"},"content":{"rendered":"<div class=\"product--description\">\n<p style=\"text-align: left;\"><strong>Vanne \u00e9lectromagn\u00e9tique standard pour contr\u00f4ler le d\u00e9bit de gaz dans un syst\u00e8me \u00e0 gaz.<\/strong><\/p>\n<\/div>\n<div class=\"product--properties panel has--border\"><\/div>\n","protected":false},"excerpt":{"rendered":"<p>Vanne \u00e9lectromagn\u00e9tique standard pour contr\u00f4ler le d\u00e9bit de gaz dans un syst\u00e8me \u00e0 gaz.<\/p>\n","protected":false},"featured_media":2856,"comment_status":"open","ping_status":"closed","template":"","meta":[],"product_cat":[14],"product_tag":[],"class_list":{"0":"post-2841","1":"product","2":"type-product","3":"status-publish","4":"has-post-thumbnail","6":"product_cat-finisseurs","7":"","9":"first","10":"instock","11":"taxable","12":"shipping-taxable","13":"product-type-simple"},"yoast_head":"<!-- This site is optimized with the Yoast SEO plugin v24.7 - https:\/\/yoast.com\/wordpress\/plugins\/seo\/ -->\n<title>Electro-vanne alimentation gaz - LASER ELECTRONIQUE TP<\/title>\n<meta name=\"robots\" content=\"index, follow, max-snippet:-1, max-image-preview:large, max-video-preview:-1\" \/>\n<link rel=\"canonical\" href=\"https:\/\/laserelectronique.com\/?product=electro-vanne-alimentation-gaz-2\" \/>\n<meta property=\"og:locale\" content=\"fr_FR\" \/>\n<meta property=\"og:type\" content=\"article\" \/>\n<meta property=\"og:title\" content=\"Electro-vanne alimentation gaz - LASER ELECTRONIQUE TP\" \/>\n<meta property=\"og:description\" content=\"Vanne \u00e9lectromagn\u00e9tique standard pour contr\u00f4ler le d\u00e9bit de gaz dans un syst\u00e8me \u00e0 gaz.\" \/>\n<meta property=\"og:url\" content=\"https:\/\/laserelectronique.com\/?product=electro-vanne-alimentation-gaz-2\" \/>\n<meta property=\"og:site_name\" content=\"LASER ELECTRONIQUE TP\" \/>\n<meta property=\"article:modified_time\" content=\"2020-12-25T14:00:19+00:00\" \/>\n<meta property=\"og:image\" content=\"https:\/\/laserelectronique.com\/wp-content\/uploads\/2020\/12\/Electrovanne-gaz.png\" \/>\n\t<meta property=\"og:image:width\" content=\"500\" \/>\n\t<meta property=\"og:image:height\" content=\"500\" \/>\n\t<meta property=\"og:image:type\" content=\"image\/png\" \/>\n<meta name=\"twitter:card\" content=\"summary_large_image\" \/>\n<script type=\"application\/ld+json\" class=\"yoast-schema-graph\">{\"@context\":\"https:\/\/schema.org\",\"@graph\":[{\"@type\":\"WebPage\",\"@id\":\"https:\/\/laserelectronique.com\/?product=electro-vanne-alimentation-gaz-2\",\"url\":\"https:\/\/laserelectronique.com\/?product=electro-vanne-alimentation-gaz-2\",\"name\":\"Electro-vanne alimentation gaz - LASER ELECTRONIQUE TP\",\"isPartOf\":{\"@id\":\"https:\/\/laserelectronique.com\/#website\"},\"primaryImageOfPage\":{\"@id\":\"https:\/\/laserelectronique.com\/?product=electro-vanne-alimentation-gaz-2#primaryimage\"},\"image\":{\"@id\":\"https:\/\/laserelectronique.com\/?product=electro-vanne-alimentation-gaz-2#primaryimage\"},\"thumbnailUrl\":\"https:\/\/laserelectronique.com\/wp-content\/uploads\/2020\/12\/Electrovanne-gaz.png\",\"datePublished\":\"2020-12-25T13:59:50+00:00\",\"dateModified\":\"2020-12-25T14:00:19+00:00\",\"breadcrumb\":{\"@id\":\"https:\/\/laserelectronique.com\/?product=electro-vanne-alimentation-gaz-2#breadcrumb\"},\"inLanguage\":\"fr-FR\",\"potentialAction\":[{\"@type\":\"ReadAction\",\"target\":[\"https:\/\/laserelectronique.com\/?product=electro-vanne-alimentation-gaz-2\"]}]},{\"@type\":\"ImageObject\",\"inLanguage\":\"fr-FR\",\"@id\":\"https:\/\/laserelectronique.com\/?product=electro-vanne-alimentation-gaz-2#primaryimage\",\"url\":\"https:\/\/laserelectronique.com\/wp-content\/uploads\/2020\/12\/Electrovanne-gaz.png\",\"contentUrl\":\"https:\/\/laserelectronique.com\/wp-content\/uploads\/2020\/12\/Electrovanne-gaz.png\",\"width\":500,\"height\":500},{\"@type\":\"BreadcrumbList\",\"@id\":\"https:\/\/laserelectronique.com\/?product=electro-vanne-alimentation-gaz-2#breadcrumb\",\"itemListElement\":[{\"@type\":\"ListItem\",\"position\":1,\"name\":\"Accueil\",\"item\":\"https:\/\/laserelectronique.com\/\"},{\"@type\":\"ListItem\",\"position\":2,\"name\":\"Boutique\",\"item\":\"https:\/\/laserelectronique.com\/?page_id=7\"},{\"@type\":\"ListItem\",\"position\":3,\"name\":\"Electro-vanne alimentation gaz\"}]},{\"@type\":\"WebSite\",\"@id\":\"https:\/\/laserelectronique.com\/#website\",\"url\":\"https:\/\/laserelectronique.com\/\",\"name\":\"LASER ELECTRONIQUE TP\",\"description\":\"VOTRE PARTENAIRE EN GUIDAGE D&#039;ENGINS, TOPOGRAPHIE ET SERVICES\",\"potentialAction\":[{\"@type\":\"SearchAction\",\"target\":{\"@type\":\"EntryPoint\",\"urlTemplate\":\"https:\/\/laserelectronique.com\/?s={search_term_string}\"},\"query-input\":{\"@type\":\"PropertyValueSpecification\",\"valueRequired\":true,\"valueName\":\"search_term_string\"}}],\"inLanguage\":\"fr-FR\"}]}<\/script>\n<!-- \/ Yoast SEO plugin. -->","yoast_head_json":{"title":"Electro-vanne alimentation gaz - LASER ELECTRONIQUE TP","robots":{"index":"index","follow":"follow","max-snippet":"max-snippet:-1","max-image-preview":"max-image-preview:large","max-video-preview":"max-video-preview:-1"},"canonical":"https:\/\/laserelectronique.com\/?product=electro-vanne-alimentation-gaz-2","og_locale":"fr_FR","og_type":"article","og_title":"Electro-vanne alimentation gaz - LASER ELECTRONIQUE TP","og_description":"Vanne \u00e9lectromagn\u00e9tique standard pour contr\u00f4ler le d\u00e9bit de gaz dans un syst\u00e8me \u00e0 gaz.","og_url":"https:\/\/laserelectronique.com\/?product=electro-vanne-alimentation-gaz-2","og_site_name":"LASER ELECTRONIQUE TP","article_modified_time":"2020-12-25T14:00:19+00:00","og_image":[{"width":500,"height":500,"url":"https:\/\/laserelectronique.com\/wp-content\/uploads\/2020\/12\/Electrovanne-gaz.png","type":"image\/png"}],"twitter_card":"summary_large_image","schema":{"@context":"https:\/\/schema.org","@graph":[{"@type":"WebPage","@id":"https:\/\/laserelectronique.com\/?product=electro-vanne-alimentation-gaz-2","url":"https:\/\/laserelectronique.com\/?product=electro-vanne-alimentation-gaz-2","name":"Electro-vanne alimentation gaz - LASER ELECTRONIQUE TP","isPartOf":{"@id":"https:\/\/laserelectronique.com\/#website"},"primaryImageOfPage":{"@id":"https:\/\/laserelectronique.com\/?product=electro-vanne-alimentation-gaz-2#primaryimage"},"image":{"@id":"https:\/\/laserelectronique.com\/?product=electro-vanne-alimentation-gaz-2#primaryimage"},"thumbnailUrl":"https:\/\/laserelectronique.com\/wp-content\/uploads\/2020\/12\/Electrovanne-gaz.png","datePublished":"2020-12-25T13:59:50+00:00","dateModified":"2020-12-25T14:00:19+00:00","breadcrumb":{"@id":"https:\/\/laserelectronique.com\/?product=electro-vanne-alimentation-gaz-2#breadcrumb"},"inLanguage":"fr-FR","potentialAction":[{"@type":"ReadAction","target":["https:\/\/laserelectronique.com\/?product=electro-vanne-alimentation-gaz-2"]}]},{"@type":"ImageObject","inLanguage":"fr-FR","@id":"https:\/\/laserelectronique.com\/?product=electro-vanne-alimentation-gaz-2#primaryimage","url":"https:\/\/laserelectronique.com\/wp-content\/uploads\/2020\/12\/Electrovanne-gaz.png","contentUrl":"https:\/\/laserelectronique.com\/wp-content\/uploads\/2020\/12\/Electrovanne-gaz.png","width":500,"height":500},{"@type":"BreadcrumbList","@id":"https:\/\/laserelectronique.com\/?product=electro-vanne-alimentation-gaz-2#breadcrumb","itemListElement":[{"@type":"ListItem","position":1,"name":"Accueil","item":"https:\/\/laserelectronique.com\/"},{"@type":"ListItem","position":2,"name":"Boutique","item":"https:\/\/laserelectronique.com\/?page_id=7"},{"@type":"ListItem","position":3,"name":"Electro-vanne alimentation gaz"}]},{"@type":"WebSite","@id":"https:\/\/laserelectronique.com\/#website","url":"https:\/\/laserelectronique.com\/","name":"LASER ELECTRONIQUE TP","description":"VOTRE PARTENAIRE EN GUIDAGE D&#039;ENGINS, TOPOGRAPHIE ET SERVICES","potentialAction":[{"@type":"SearchAction","target":{"@type":"EntryPoint","urlTemplate":"https:\/\/laserelectronique.com\/?s={search_term_string}"},"query-input":{"@type":"PropertyValueSpecification","valueRequired":true,"valueName":"search_term_string"}}],"inLanguage":"fr-FR"}]}},"_links":{"self":[{"href":"https:\/\/laserelectronique.com\/index.php?rest_route=\/wp\/v2\/product\/2841","targetHints":{"allow":["GET"]}}],"collection":[{"href":"https:\/\/laserelectronique.com\/index.php?rest_route=\/wp\/v2\/product"}],"about":[{"href":"https:\/\/laserelectronique.com\/index.php?rest_route=\/wp\/v2\/types\/product"}],"replies":[{"embeddable":true,"href":"https:\/\/laserelectronique.com\/index.php?rest_route=%2Fwp%2Fv2%2Fcomments&post=2841"}],"wp:featuredmedia":[{"embeddable":true,"href":"https:\/\/laserelectronique.com\/index.php?rest_route=\/wp\/v2\/media\/2856"}],"wp:attachment":[{"href":"https:\/\/laserelectronique.com\/index.php?rest_route=%2Fwp%2Fv2%2Fmedia&parent=2841"}],"wp:term":[{"taxonomy":"product_cat","embeddable":true,"href":"https:\/\/laserelectronique.com\/index.php?rest_route=%2Fwp%2Fv2%2Fproduct_cat&post=2841"},{"taxonomy":"product_tag","embeddable":true,"href":"https:\/\/laserelectronique.com\/index.php?rest_route=%2Fwp%2Fv2%2Fproduct_tag&post=2841"}],"curies":[{"name":"wp","href":"https:\/\/api.w.org\/{rel}","templated":true}]}}