{"id":2840,"date":"2020-12-25T14:59:50","date_gmt":"2020-12-25T13:59:50","guid":{"rendered":"http:\/\/laserelectronique.com\/?product=import-placeholder-for-1757"},"modified":"2020-12-25T15:00:52","modified_gmt":"2020-12-25T14:00:52","slug":"silent-bloc-1341404x-derruppe","status":"publish","type":"product","link":"https:\/\/laserelectronique.com\/?product=silent-bloc-1341404x-derruppe","title":{"rendered":"Silent bloc 1341404X Derruppe"},"content":{"rendered":"<p><strong>Pi\u00e8ce adaptable \u00e9quivalente \u00e0 la celle d&rsquo;origine.<\/strong><\/p>\n<p><strong>Se monte sur CD404 Derruppe<\/strong><\/p>\n<p><strong>Nous consulter pour des produits sp\u00e9cifiques hors catalogue.<\/strong><\/p>\n<p><strong>Devis gratuit.<\/strong><\/p>\n<p>&nbsp;<\/p>\n<p><strong>Document associ\u00e9 :<\/strong><\/p>\n<ul>\n<li><a href=\"http:\/\/laserins.fr\/wp-content\/uploads\/2017\/04\/Doc-usure-rouleau.pdf\">DOC Usure Rouleau<\/a><\/li>\n<\/ul>\n","protected":false},"excerpt":{"rendered":"<p>Pi\u00e8ce adaptable \u00e9quivalente \u00e0 la celle d&rsquo;origine. Se monte sur CD404 Derruppe Nous consulter pour des produits sp\u00e9cifiques hors catalogue. Devis gratuit. &nbsp; Document associ\u00e9 : DOC Usure Rouleau<\/p>\n","protected":false},"featured_media":2861,"comment_status":"open","ping_status":"closed","template":"","meta":[],"product_cat":[12,91],"product_tag":[],"class_list":{"0":"post-2840","1":"product","2":"type-product","3":"status-publish","4":"has-post-thumbnail","6":"product_cat-rouleaux","7":"product_cat-silent-blocs","8":"","10":"first","11":"instock","12":"taxable","13":"shipping-taxable","14":"product-type-simple"},"yoast_head":"<!-- This site is optimized with the Yoast SEO plugin v24.7 - https:\/\/yoast.com\/wordpress\/plugins\/seo\/ -->\n<title>Silent bloc 1341404X Derruppe - LASER ELECTRONIQUE TP<\/title>\n<meta name=\"robots\" content=\"index, follow, max-snippet:-1, max-image-preview:large, max-video-preview:-1\" \/>\n<link rel=\"canonical\" href=\"https:\/\/laserelectronique.com\/?product=silent-bloc-1341404x-derruppe\" \/>\n<meta property=\"og:locale\" content=\"fr_FR\" \/>\n<meta property=\"og:type\" content=\"article\" \/>\n<meta property=\"og:title\" content=\"Silent bloc 1341404X Derruppe - LASER ELECTRONIQUE TP\" \/>\n<meta property=\"og:description\" content=\"Pi\u00e8ce adaptable \u00e9quivalente \u00e0 la celle d&rsquo;origine. Se monte sur CD404 Derruppe Nous consulter pour des produits sp\u00e9cifiques hors catalogue. Devis gratuit. &nbsp; Document associ\u00e9 : DOC Usure Rouleau\" \/>\n<meta property=\"og:url\" content=\"https:\/\/laserelectronique.com\/?product=silent-bloc-1341404x-derruppe\" \/>\n<meta property=\"og:site_name\" content=\"LASER ELECTRONIQUE TP\" \/>\n<meta property=\"article:modified_time\" content=\"2020-12-25T14:00:52+00:00\" \/>\n<meta property=\"og:image\" content=\"https:\/\/laserelectronique.com\/wp-content\/uploads\/2020\/12\/SILENTBLOCX10-e1516367889628.png\" \/>\n\t<meta property=\"og:image:width\" content=\"900\" \/>\n\t<meta property=\"og:image:height\" content=\"900\" \/>\n\t<meta property=\"og:image:type\" content=\"image\/png\" \/>\n<meta name=\"twitter:card\" content=\"summary_large_image\" \/>\n<script type=\"application\/ld+json\" class=\"yoast-schema-graph\">{\"@context\":\"https:\/\/schema.org\",\"@graph\":[{\"@type\":\"WebPage\",\"@id\":\"https:\/\/laserelectronique.com\/?product=silent-bloc-1341404x-derruppe\",\"url\":\"https:\/\/laserelectronique.com\/?product=silent-bloc-1341404x-derruppe\",\"name\":\"Silent bloc 1341404X Derruppe - LASER ELECTRONIQUE TP\",\"isPartOf\":{\"@id\":\"https:\/\/laserelectronique.com\/#website\"},\"primaryImageOfPage\":{\"@id\":\"https:\/\/laserelectronique.com\/?product=silent-bloc-1341404x-derruppe#primaryimage\"},\"image\":{\"@id\":\"https:\/\/laserelectronique.com\/?product=silent-bloc-1341404x-derruppe#primaryimage\"},\"thumbnailUrl\":\"https:\/\/laserelectronique.com\/wp-content\/uploads\/2020\/12\/SILENTBLOCX10-e1516367889628.png\",\"datePublished\":\"2020-12-25T13:59:50+00:00\",\"dateModified\":\"2020-12-25T14:00:52+00:00\",\"breadcrumb\":{\"@id\":\"https:\/\/laserelectronique.com\/?product=silent-bloc-1341404x-derruppe#breadcrumb\"},\"inLanguage\":\"fr-FR\",\"potentialAction\":[{\"@type\":\"ReadAction\",\"target\":[\"https:\/\/laserelectronique.com\/?product=silent-bloc-1341404x-derruppe\"]}]},{\"@type\":\"ImageObject\",\"inLanguage\":\"fr-FR\",\"@id\":\"https:\/\/laserelectronique.com\/?product=silent-bloc-1341404x-derruppe#primaryimage\",\"url\":\"https:\/\/laserelectronique.com\/wp-content\/uploads\/2020\/12\/SILENTBLOCX10-e1516367889628.png\",\"contentUrl\":\"https:\/\/laserelectronique.com\/wp-content\/uploads\/2020\/12\/SILENTBLOCX10-e1516367889628.png\",\"width\":900,\"height\":900},{\"@type\":\"BreadcrumbList\",\"@id\":\"https:\/\/laserelectronique.com\/?product=silent-bloc-1341404x-derruppe#breadcrumb\",\"itemListElement\":[{\"@type\":\"ListItem\",\"position\":1,\"name\":\"Accueil\",\"item\":\"https:\/\/laserelectronique.com\/\"},{\"@type\":\"ListItem\",\"position\":2,\"name\":\"Boutique\",\"item\":\"https:\/\/laserelectronique.com\/?page_id=7\"},{\"@type\":\"ListItem\",\"position\":3,\"name\":\"Silent bloc 1341404X Derruppe\"}]},{\"@type\":\"WebSite\",\"@id\":\"https:\/\/laserelectronique.com\/#website\",\"url\":\"https:\/\/laserelectronique.com\/\",\"name\":\"LASER ELECTRONIQUE TP\",\"description\":\"VOTRE PARTENAIRE EN GUIDAGE D&#039;ENGINS, TOPOGRAPHIE ET SERVICES\",\"potentialAction\":[{\"@type\":\"SearchAction\",\"target\":{\"@type\":\"EntryPoint\",\"urlTemplate\":\"https:\/\/laserelectronique.com\/?s={search_term_string}\"},\"query-input\":{\"@type\":\"PropertyValueSpecification\",\"valueRequired\":true,\"valueName\":\"search_term_string\"}}],\"inLanguage\":\"fr-FR\"}]}<\/script>\n<!-- \/ Yoast SEO plugin. -->","yoast_head_json":{"title":"Silent bloc 1341404X Derruppe - LASER ELECTRONIQUE TP","robots":{"index":"index","follow":"follow","max-snippet":"max-snippet:-1","max-image-preview":"max-image-preview:large","max-video-preview":"max-video-preview:-1"},"canonical":"https:\/\/laserelectronique.com\/?product=silent-bloc-1341404x-derruppe","og_locale":"fr_FR","og_type":"article","og_title":"Silent bloc 1341404X Derruppe - LASER ELECTRONIQUE TP","og_description":"Pi\u00e8ce adaptable \u00e9quivalente \u00e0 la celle d&rsquo;origine. Se monte sur CD404 Derruppe Nous consulter pour des produits sp\u00e9cifiques hors catalogue. Devis gratuit. &nbsp; Document associ\u00e9 : DOC Usure Rouleau","og_url":"https:\/\/laserelectronique.com\/?product=silent-bloc-1341404x-derruppe","og_site_name":"LASER ELECTRONIQUE TP","article_modified_time":"2020-12-25T14:00:52+00:00","og_image":[{"width":900,"height":900,"url":"https:\/\/laserelectronique.com\/wp-content\/uploads\/2020\/12\/SILENTBLOCX10-e1516367889628.png","type":"image\/png"}],"twitter_card":"summary_large_image","schema":{"@context":"https:\/\/schema.org","@graph":[{"@type":"WebPage","@id":"https:\/\/laserelectronique.com\/?product=silent-bloc-1341404x-derruppe","url":"https:\/\/laserelectronique.com\/?product=silent-bloc-1341404x-derruppe","name":"Silent bloc 1341404X Derruppe - LASER ELECTRONIQUE TP","isPartOf":{"@id":"https:\/\/laserelectronique.com\/#website"},"primaryImageOfPage":{"@id":"https:\/\/laserelectronique.com\/?product=silent-bloc-1341404x-derruppe#primaryimage"},"image":{"@id":"https:\/\/laserelectronique.com\/?product=silent-bloc-1341404x-derruppe#primaryimage"},"thumbnailUrl":"https:\/\/laserelectronique.com\/wp-content\/uploads\/2020\/12\/SILENTBLOCX10-e1516367889628.png","datePublished":"2020-12-25T13:59:50+00:00","dateModified":"2020-12-25T14:00:52+00:00","breadcrumb":{"@id":"https:\/\/laserelectronique.com\/?product=silent-bloc-1341404x-derruppe#breadcrumb"},"inLanguage":"fr-FR","potentialAction":[{"@type":"ReadAction","target":["https:\/\/laserelectronique.com\/?product=silent-bloc-1341404x-derruppe"]}]},{"@type":"ImageObject","inLanguage":"fr-FR","@id":"https:\/\/laserelectronique.com\/?product=silent-bloc-1341404x-derruppe#primaryimage","url":"https:\/\/laserelectronique.com\/wp-content\/uploads\/2020\/12\/SILENTBLOCX10-e1516367889628.png","contentUrl":"https:\/\/laserelectronique.com\/wp-content\/uploads\/2020\/12\/SILENTBLOCX10-e1516367889628.png","width":900,"height":900},{"@type":"BreadcrumbList","@id":"https:\/\/laserelectronique.com\/?product=silent-bloc-1341404x-derruppe#breadcrumb","itemListElement":[{"@type":"ListItem","position":1,"name":"Accueil","item":"https:\/\/laserelectronique.com\/"},{"@type":"ListItem","position":2,"name":"Boutique","item":"https:\/\/laserelectronique.com\/?page_id=7"},{"@type":"ListItem","position":3,"name":"Silent bloc 1341404X Derruppe"}]},{"@type":"WebSite","@id":"https:\/\/laserelectronique.com\/#website","url":"https:\/\/laserelectronique.com\/","name":"LASER ELECTRONIQUE TP","description":"VOTRE PARTENAIRE EN GUIDAGE D&#039;ENGINS, TOPOGRAPHIE ET SERVICES","potentialAction":[{"@type":"SearchAction","target":{"@type":"EntryPoint","urlTemplate":"https:\/\/laserelectronique.com\/?s={search_term_string}"},"query-input":{"@type":"PropertyValueSpecification","valueRequired":true,"valueName":"search_term_string"}}],"inLanguage":"fr-FR"}]}},"_links":{"self":[{"href":"https:\/\/laserelectronique.com\/index.php?rest_route=\/wp\/v2\/product\/2840","targetHints":{"allow":["GET"]}}],"collection":[{"href":"https:\/\/laserelectronique.com\/index.php?rest_route=\/wp\/v2\/product"}],"about":[{"href":"https:\/\/laserelectronique.com\/index.php?rest_route=\/wp\/v2\/types\/product"}],"replies":[{"embeddable":true,"href":"https:\/\/laserelectronique.com\/index.php?rest_route=%2Fwp%2Fv2%2Fcomments&post=2840"}],"wp:featuredmedia":[{"embeddable":true,"href":"https:\/\/laserelectronique.com\/index.php?rest_route=\/wp\/v2\/media\/2861"}],"wp:attachment":[{"href":"https:\/\/laserelectronique.com\/index.php?rest_route=%2Fwp%2Fv2%2Fmedia&parent=2840"}],"wp:term":[{"taxonomy":"product_cat","embeddable":true,"href":"https:\/\/laserelectronique.com\/index.php?rest_route=%2Fwp%2Fv2%2Fproduct_cat&post=2840"},{"taxonomy":"product_tag","embeddable":true,"href":"https:\/\/laserelectronique.com\/index.php?rest_route=%2Fwp%2Fv2%2Fproduct_tag&post=2840"}],"curies":[{"name":"wp","href":"https:\/\/api.w.org\/{rel}","templated":true}]}}