{"id":2723,"date":"2019-08-18T17:01:34","date_gmt":"2019-08-18T15:01:34","guid":{"rendered":"http:\/\/laserelectronique.com\/?post_type=product&#038;p=2723"},"modified":"2020-11-18T15:35:45","modified_gmt":"2020-11-18T14:35:45","slug":"recepteur-laser-ls3000-moba","status":"publish","type":"product","link":"https:\/\/laserelectronique.com\/?product=recepteur-laser-ls3000-moba","title":{"rendered":"R\u00e9cepteur laser LS3000 Moba"},"content":{"rendered":"<div class=\"content--title\"><strong>R\u00e9cepteurs laser proportionnels LS 3000&Prime;<\/strong><\/div>\n<div class=\"product--description\">\n<p><strong>Le r\u00e9cepteur laser proportionnel MOBA est un capteur extr\u00eamement pr\u00e9cis pour la mesure de la pente.\u00a0Il fonctionne avec tous les \u00e9metteurs laser rotatifs courants.\u00a0Les \u00e9carts sont enregistr\u00e9s avec une pr\u00e9cision millim\u00e9trique dans une plage de r\u00e9ception de 360 \u200b\u200b\u00b0.\u00a0Cela permet une \u00e9valuation proportionnelle sur toute la plage de r\u00e9ception.<\/strong><\/p>\n<\/div>\n<h3><strong>Documentation:<\/strong><\/h3>\n<p><a href=\"https:\/\/laserelectronique.com\/wp-content\/uploads\/2019\/08\/04-60-11311_Laser_Receivers_LS-3000_spec.pdf\"><strong>Laser_Receivers_LS-3000_spec<\/strong><\/a><\/p>\n<p><a href=\"https:\/\/laserelectronique.com\/wp-content\/uploads\/2019\/07\/r\u00e9cepteurs-laser-TOCON.pdf\"><strong>R\u00e9cepteurs laser Topcon<\/strong><\/a><\/p>\n","protected":false},"excerpt":{"rendered":"<p>R\u00e9cepteurs laser proportionnels LS 3000&Prime; Le r\u00e9cepteur laser proportionnel MOBA est un capteur extr\u00eamement pr\u00e9cis pour la mesure de la pente.\u00a0Il fonctionne avec tous les \u00e9metteurs laser rotatifs courants.\u00a0Les \u00e9carts&hellip;<\/p>\n","protected":false},"featured_media":2722,"comment_status":"closed","ping_status":"closed","template":"","meta":[],"product_cat":[85],"product_tag":[],"class_list":{"0":"post-2723","1":"product","2":"type-product","3":"status-publish","4":"has-post-thumbnail","6":"product_cat-recepteurs-laser","7":"","9":"first","10":"instock","11":"taxable","12":"shipping-taxable","13":"product-type-simple"},"yoast_head":"<!-- This site is optimized with the Yoast SEO plugin v24.7 - https:\/\/yoast.com\/wordpress\/plugins\/seo\/ -->\n<title>R\u00e9cepteur laser LS3000 Moba - LASER ELECTRONIQUE TP<\/title>\n<meta name=\"robots\" content=\"index, follow, max-snippet:-1, max-image-preview:large, max-video-preview:-1\" \/>\n<link rel=\"canonical\" href=\"https:\/\/laserelectronique.com\/?product=recepteur-laser-ls3000-moba\" \/>\n<meta property=\"og:locale\" content=\"fr_FR\" \/>\n<meta property=\"og:type\" content=\"article\" \/>\n<meta property=\"og:title\" content=\"R\u00e9cepteur laser LS3000 Moba - LASER ELECTRONIQUE TP\" \/>\n<meta property=\"og:description\" content=\"R\u00e9cepteurs laser proportionnels LS 3000&Prime; Le r\u00e9cepteur laser proportionnel MOBA est un capteur extr\u00eamement pr\u00e9cis pour la mesure de la pente.\u00a0Il fonctionne avec tous les \u00e9metteurs laser rotatifs courants.\u00a0Les \u00e9carts&hellip;\" \/>\n<meta property=\"og:url\" content=\"https:\/\/laserelectronique.com\/?product=recepteur-laser-ls3000-moba\" \/>\n<meta property=\"og:site_name\" content=\"LASER ELECTRONIQUE TP\" \/>\n<meta property=\"article:modified_time\" content=\"2020-11-18T14:35:45+00:00\" \/>\n<meta property=\"og:image\" content=\"https:\/\/laserelectronique.com\/wp-content\/uploads\/2019\/08\/LS3000_-e1566234921894-1024x1024.png\" \/>\n\t<meta property=\"og:image:width\" content=\"1024\" \/>\n\t<meta property=\"og:image:height\" content=\"1024\" \/>\n\t<meta property=\"og:image:type\" content=\"image\/png\" \/>\n<meta name=\"twitter:card\" content=\"summary_large_image\" \/>\n<script type=\"application\/ld+json\" class=\"yoast-schema-graph\">{\"@context\":\"https:\/\/schema.org\",\"@graph\":[{\"@type\":\"WebPage\",\"@id\":\"https:\/\/laserelectronique.com\/?product=recepteur-laser-ls3000-moba\",\"url\":\"https:\/\/laserelectronique.com\/?product=recepteur-laser-ls3000-moba\",\"name\":\"R\u00e9cepteur laser LS3000 Moba - LASER ELECTRONIQUE TP\",\"isPartOf\":{\"@id\":\"https:\/\/laserelectronique.com\/#website\"},\"primaryImageOfPage\":{\"@id\":\"https:\/\/laserelectronique.com\/?product=recepteur-laser-ls3000-moba#primaryimage\"},\"image\":{\"@id\":\"https:\/\/laserelectronique.com\/?product=recepteur-laser-ls3000-moba#primaryimage\"},\"thumbnailUrl\":\"https:\/\/laserelectronique.com\/wp-content\/uploads\/2019\/08\/LS3000_-e1566234921894.png\",\"datePublished\":\"2019-08-18T15:01:34+00:00\",\"dateModified\":\"2020-11-18T14:35:45+00:00\",\"breadcrumb\":{\"@id\":\"https:\/\/laserelectronique.com\/?product=recepteur-laser-ls3000-moba#breadcrumb\"},\"inLanguage\":\"fr-FR\",\"potentialAction\":[{\"@type\":\"ReadAction\",\"target\":[\"https:\/\/laserelectronique.com\/?product=recepteur-laser-ls3000-moba\"]}]},{\"@type\":\"ImageObject\",\"inLanguage\":\"fr-FR\",\"@id\":\"https:\/\/laserelectronique.com\/?product=recepteur-laser-ls3000-moba#primaryimage\",\"url\":\"https:\/\/laserelectronique.com\/wp-content\/uploads\/2019\/08\/LS3000_-e1566234921894.png\",\"contentUrl\":\"https:\/\/laserelectronique.com\/wp-content\/uploads\/2019\/08\/LS3000_-e1566234921894.png\",\"width\":2827,\"height\":2827},{\"@type\":\"BreadcrumbList\",\"@id\":\"https:\/\/laserelectronique.com\/?product=recepteur-laser-ls3000-moba#breadcrumb\",\"itemListElement\":[{\"@type\":\"ListItem\",\"position\":1,\"name\":\"Accueil\",\"item\":\"https:\/\/laserelectronique.com\/\"},{\"@type\":\"ListItem\",\"position\":2,\"name\":\"Boutique\",\"item\":\"https:\/\/laserelectronique.com\/?page_id=7\"},{\"@type\":\"ListItem\",\"position\":3,\"name\":\"R\u00e9cepteur laser LS3000 Moba\"}]},{\"@type\":\"WebSite\",\"@id\":\"https:\/\/laserelectronique.com\/#website\",\"url\":\"https:\/\/laserelectronique.com\/\",\"name\":\"LASER ELECTRONIQUE TP\",\"description\":\"VOTRE PARTENAIRE EN GUIDAGE D&#039;ENGINS, TOPOGRAPHIE ET SERVICES\",\"potentialAction\":[{\"@type\":\"SearchAction\",\"target\":{\"@type\":\"EntryPoint\",\"urlTemplate\":\"https:\/\/laserelectronique.com\/?s={search_term_string}\"},\"query-input\":{\"@type\":\"PropertyValueSpecification\",\"valueRequired\":true,\"valueName\":\"search_term_string\"}}],\"inLanguage\":\"fr-FR\"}]}<\/script>\n<!-- \/ Yoast SEO plugin. -->","yoast_head_json":{"title":"R\u00e9cepteur laser LS3000 Moba - LASER ELECTRONIQUE TP","robots":{"index":"index","follow":"follow","max-snippet":"max-snippet:-1","max-image-preview":"max-image-preview:large","max-video-preview":"max-video-preview:-1"},"canonical":"https:\/\/laserelectronique.com\/?product=recepteur-laser-ls3000-moba","og_locale":"fr_FR","og_type":"article","og_title":"R\u00e9cepteur laser LS3000 Moba - LASER ELECTRONIQUE TP","og_description":"R\u00e9cepteurs laser proportionnels LS 3000&Prime; Le r\u00e9cepteur laser proportionnel MOBA est un capteur extr\u00eamement pr\u00e9cis pour la mesure de la pente.\u00a0Il fonctionne avec tous les \u00e9metteurs laser rotatifs courants.\u00a0Les \u00e9carts&hellip;","og_url":"https:\/\/laserelectronique.com\/?product=recepteur-laser-ls3000-moba","og_site_name":"LASER ELECTRONIQUE TP","article_modified_time":"2020-11-18T14:35:45+00:00","og_image":[{"width":1024,"height":1024,"url":"https:\/\/laserelectronique.com\/wp-content\/uploads\/2019\/08\/LS3000_-e1566234921894-1024x1024.png","type":"image\/png"}],"twitter_card":"summary_large_image","schema":{"@context":"https:\/\/schema.org","@graph":[{"@type":"WebPage","@id":"https:\/\/laserelectronique.com\/?product=recepteur-laser-ls3000-moba","url":"https:\/\/laserelectronique.com\/?product=recepteur-laser-ls3000-moba","name":"R\u00e9cepteur laser LS3000 Moba - LASER ELECTRONIQUE TP","isPartOf":{"@id":"https:\/\/laserelectronique.com\/#website"},"primaryImageOfPage":{"@id":"https:\/\/laserelectronique.com\/?product=recepteur-laser-ls3000-moba#primaryimage"},"image":{"@id":"https:\/\/laserelectronique.com\/?product=recepteur-laser-ls3000-moba#primaryimage"},"thumbnailUrl":"https:\/\/laserelectronique.com\/wp-content\/uploads\/2019\/08\/LS3000_-e1566234921894.png","datePublished":"2019-08-18T15:01:34+00:00","dateModified":"2020-11-18T14:35:45+00:00","breadcrumb":{"@id":"https:\/\/laserelectronique.com\/?product=recepteur-laser-ls3000-moba#breadcrumb"},"inLanguage":"fr-FR","potentialAction":[{"@type":"ReadAction","target":["https:\/\/laserelectronique.com\/?product=recepteur-laser-ls3000-moba"]}]},{"@type":"ImageObject","inLanguage":"fr-FR","@id":"https:\/\/laserelectronique.com\/?product=recepteur-laser-ls3000-moba#primaryimage","url":"https:\/\/laserelectronique.com\/wp-content\/uploads\/2019\/08\/LS3000_-e1566234921894.png","contentUrl":"https:\/\/laserelectronique.com\/wp-content\/uploads\/2019\/08\/LS3000_-e1566234921894.png","width":2827,"height":2827},{"@type":"BreadcrumbList","@id":"https:\/\/laserelectronique.com\/?product=recepteur-laser-ls3000-moba#breadcrumb","itemListElement":[{"@type":"ListItem","position":1,"name":"Accueil","item":"https:\/\/laserelectronique.com\/"},{"@type":"ListItem","position":2,"name":"Boutique","item":"https:\/\/laserelectronique.com\/?page_id=7"},{"@type":"ListItem","position":3,"name":"R\u00e9cepteur laser LS3000 Moba"}]},{"@type":"WebSite","@id":"https:\/\/laserelectronique.com\/#website","url":"https:\/\/laserelectronique.com\/","name":"LASER ELECTRONIQUE TP","description":"VOTRE PARTENAIRE EN GUIDAGE D&#039;ENGINS, TOPOGRAPHIE ET SERVICES","potentialAction":[{"@type":"SearchAction","target":{"@type":"EntryPoint","urlTemplate":"https:\/\/laserelectronique.com\/?s={search_term_string}"},"query-input":{"@type":"PropertyValueSpecification","valueRequired":true,"valueName":"search_term_string"}}],"inLanguage":"fr-FR"}]}},"_links":{"self":[{"href":"https:\/\/laserelectronique.com\/index.php?rest_route=\/wp\/v2\/product\/2723","targetHints":{"allow":["GET"]}}],"collection":[{"href":"https:\/\/laserelectronique.com\/index.php?rest_route=\/wp\/v2\/product"}],"about":[{"href":"https:\/\/laserelectronique.com\/index.php?rest_route=\/wp\/v2\/types\/product"}],"replies":[{"embeddable":true,"href":"https:\/\/laserelectronique.com\/index.php?rest_route=%2Fwp%2Fv2%2Fcomments&post=2723"}],"wp:featuredmedia":[{"embeddable":true,"href":"https:\/\/laserelectronique.com\/index.php?rest_route=\/wp\/v2\/media\/2722"}],"wp:attachment":[{"href":"https:\/\/laserelectronique.com\/index.php?rest_route=%2Fwp%2Fv2%2Fmedia&parent=2723"}],"wp:term":[{"taxonomy":"product_cat","embeddable":true,"href":"https:\/\/laserelectronique.com\/index.php?rest_route=%2Fwp%2Fv2%2Fproduct_cat&post=2723"},{"taxonomy":"product_tag","embeddable":true,"href":"https:\/\/laserelectronique.com\/index.php?rest_route=%2Fwp%2Fv2%2Fproduct_tag&post=2723"}],"curies":[{"name":"wp","href":"https:\/\/api.w.org\/{rel}","templated":true}]}}