{"id":2718,"date":"2019-08-11T17:36:23","date_gmt":"2019-08-11T15:36:23","guid":{"rendered":"http:\/\/laserelectronique.com\/?post_type=product&#038;p=2718"},"modified":"2020-11-18T15:35:45","modified_gmt":"2020-11-18T14:35:45","slug":"rapporteur-dangles-electronique-stabila","status":"publish","type":"product","link":"https:\/\/laserelectronique.com\/?product=rapporteur-dangles-electronique-stabila","title":{"rendered":"Rapporteur d&rsquo;angles \u00e9lectronique STABILA"},"content":{"rendered":"<h3 align=\"center\">Indispensable dans le domaine de la construction m\u00e9tallique<\/h3>\n<h3 align=\"center\">Pour la mesure, le contr\u00f4le et le tra\u00e7age d\u2019angles.<\/h3>\n<h2 class=\"STYLE_TextBalken_12\" align=\"center\"><img loading=\"lazy\" decoding=\"async\" class=\"alignnone size-large wp-image-2832\" src=\"http:\/\/laserins.fr\/wp-content\/uploads\/2019\/07\/empfehlung_metallbauer_header-f5af50b5-1024x412.jpg\" alt=\"\" width=\"840\" height=\"338\" \/><\/h2>\n<p><strong>Un outil \u2013 trois fonctions\u00a0: un rapporteur d\u2019angle num\u00e9rique, un niveau \u00e0 bulle et une fausse \u00e9querre. D\u00e9termination pr\u00e9cise des angles dans une plage de 0\u00b0 \u00e0 270\u00b0. Affichage num\u00e9rique \u00e9clair\u00e9, lisibilit\u00e9 parfaite. Deux fioles de qualit\u00e9, lisibles dans toutes les positions. Fonction LOCK pour un report s\u00fbr des angles.<\/strong><\/p>\n<h3 class=\"ce_headline\"><img loading=\"lazy\" decoding=\"async\" class=\"alignnone size-large wp-image-2835\" src=\"http:\/\/laserins.fr\/wp-content\/uploads\/2019\/07\/tech700-1024x421.png\" alt=\"\" width=\"840\" height=\"345\" \/>Avantages du produit<\/h3>\n<div class=\"ce_text block\">\n<ul class=\"longdescription__formatted formatted\">\n<li><strong>Rapporteur d\u2019angle \u00e9lectronique pour la d\u00e9termination et le report rapides d\u2019angles internes et externes dans une plage de 0\u00b0 \u00e0 270\u00b0.<\/strong><\/li>\n<li><strong>Affichage num\u00e9rique \u00e0 grands chiffres, \u00e9clairage commutable et variable.<\/strong><\/li>\n<li><strong>Fonction LOCK\u00a0: dispositif de blocage pour un report s\u00fbr des angles.<\/strong><\/li>\n<li><strong>Fioles parfaitement lisibles, m\u00eame lorsque la branche est rentr\u00e9e.<\/strong><\/li>\n<li><strong>Deux ar\u00eates d\u2019appui particuli\u00e8rement larges pour un tra\u00e7age s\u00fbr et pr\u00e9cis des angles dans toutes les positions.<\/strong><\/li>\n<li><strong>Fonction REF : prise, enregistrement et report simples d\u2019un angle de r\u00e9f\u00e9rence sur d\u2019autres composants.<\/strong><\/li>\n<li><strong>Fonction HOLD\u00a0: enregistre l\u2019angle mesur\u00e9 \u2013 pour des mesures pr\u00e9cises et un report rapide, m\u00eame dans les emplacements \u00e0 faible visibilit\u00e9.<\/strong><\/li>\n<li><strong>Affichage des moiti\u00e9s d\u2019angles sur pression d\u2019un bouton \u2013 id\u00e9al pour des coupes d\u2019onglet rapides et pr\u00e9cises.<\/strong><\/li>\n<li><strong>Extinction automatique apr\u00e8s 60\u00a0minutes de non-utilisation.<\/strong><\/li>\n<li><strong>R\u00e9sultats de mesure exacts d\u2019une pr\u00e9cision de \u00b1 0,1\u00b0.<\/strong><\/li>\n<li><strong>Indice de protection IP 54.<\/strong><\/li>\n<li><strong>Housse incluse.<\/strong><\/li>\n<li><strong>\u00c9quipement\u00a0: 1\u00a0affichage num\u00e9rique, 1\u00a0fiole horizontale, 1\u00a0fiole verticale, 2\u00a0semelles \u00e0 rev\u00eatement.<\/strong><\/li>\n<\/ul>\n<h3 class=\"ce_headline\"><img loading=\"lazy\" decoding=\"async\" class=\"alignnone wp-image-2833\" src=\"http:\/\/laserins.fr\/wp-content\/uploads\/2019\/07\/Housse-STABILA.png\" alt=\"\" width=\"332\" height=\"109\" \/><\/h3>\n<h3 class=\"ce_headline\">Caract\u00e9ristiques techniques<\/h3>\n<div class=\"ce_text block\">\n<div class=\"mmPrdAttributesTable\">\n<div class=\"line\">\n<div class=\"key\"><strong>Pr\u00e9cision de mesure d\u2019angles \u00e9lectronique +\/-0,10\u00b0<\/strong><\/div>\n<\/div>\n<div class=\"line\">\n<div class=\"key\"><strong>Pr\u00e9cision de mesure en position normale 0,50 mm\/m<\/strong><\/div>\n<\/div>\n<div class=\"line\">\n<div class=\"key\"><strong>Pr\u00e9cision de mesure en position invers\u00e9e 0,75 mm\/m<\/strong><\/div>\n<\/div>\n<div class=\"line\">\n<div class=\"key\"><strong>Indice de protection IP 54<\/strong><\/div>\n<\/div>\n<div class=\"line\">\n<div class=\"key\"><strong>Nombre de branches 2<\/strong><\/div>\n<\/div>\n<div class=\"line\">\n<div class=\"key\"><strong>Zone de mesure max. 270\u00b0<\/strong><\/div>\n<\/div>\n<div class=\"line\">\n<div class=\"key\"><strong>Modes de mesure:\u00b0<\/strong><\/div>\n<\/div>\n<div class=\"line\">\n<div class=\"key\"><strong>Dur\u00e9e de fonctionnement:120 h<\/strong><\/div>\n<div><strong>Disponible en 45 ou 80 cm<\/strong><\/div>\n<div><a href=\"https:\/\/youtube.com\/embed\/XVZsjfT4QCI?rel=0&amp;wmode=transparent&amp;autoplay=true\"><img decoding=\"async\" src=\"https:\/\/www.stabila.com\/assets\/images\/0\/videos_tech700da-a204a930.jpg\" \/><\/a><\/div>\n<\/div>\n<\/div>\n<\/div>\n<\/div>\n","protected":false},"excerpt":{"rendered":"<p>Indispensable dans le domaine de la construction m\u00e9tallique Pour la mesure, le contr\u00f4le et le tra\u00e7age d\u2019angles. Un outil \u2013 trois fonctions\u00a0: un rapporteur d\u2019angle num\u00e9rique, un niveau \u00e0 bulle&hellip;<\/p>\n","protected":false},"featured_media":2717,"comment_status":"closed","ping_status":"closed","template":"","meta":[],"product_cat":[57],"product_tag":[],"class_list":{"0":"post-2718","1":"product","2":"type-product","3":"status-publish","4":"has-post-thumbnail","6":"product_cat-securite-et-mesures","7":"","9":"first","10":"instock","11":"taxable","12":"shipping-taxable","13":"product-type-simple"},"yoast_head":"<!-- This site is optimized with the Yoast SEO plugin v24.7 - https:\/\/yoast.com\/wordpress\/plugins\/seo\/ -->\n<title>Rapporteur d&#039;angles \u00e9lectronique STABILA - LASER ELECTRONIQUE TP<\/title>\n<meta name=\"robots\" content=\"index, follow, max-snippet:-1, max-image-preview:large, max-video-preview:-1\" \/>\n<link rel=\"canonical\" href=\"https:\/\/laserelectronique.com\/?product=rapporteur-dangles-electronique-stabila\" \/>\n<meta property=\"og:locale\" content=\"fr_FR\" \/>\n<meta property=\"og:type\" content=\"article\" \/>\n<meta property=\"og:title\" content=\"Rapporteur d&#039;angles \u00e9lectronique STABILA - LASER ELECTRONIQUE TP\" \/>\n<meta property=\"og:description\" content=\"Indispensable dans le domaine de la construction m\u00e9tallique Pour la mesure, le contr\u00f4le et le tra\u00e7age d\u2019angles. Un outil \u2013 trois fonctions\u00a0: un rapporteur d\u2019angle num\u00e9rique, un niveau \u00e0 bulle&hellip;\" \/>\n<meta property=\"og:url\" content=\"https:\/\/laserelectronique.com\/?product=rapporteur-dangles-electronique-stabila\" \/>\n<meta property=\"og:site_name\" content=\"LASER ELECTRONIQUE TP\" \/>\n<meta property=\"article:modified_time\" content=\"2020-11-18T14:35:45+00:00\" \/>\n<meta property=\"og:image\" content=\"https:\/\/laserelectronique.com\/wp-content\/uploads\/2019\/08\/700-da.png\" \/>\n\t<meta property=\"og:image:width\" content=\"720\" \/>\n\t<meta property=\"og:image:height\" content=\"720\" \/>\n\t<meta property=\"og:image:type\" content=\"image\/png\" \/>\n<meta name=\"twitter:card\" content=\"summary_large_image\" \/>\n<meta name=\"twitter:label1\" content=\"Dur\u00e9e de lecture estim\u00e9e\" \/>\n\t<meta name=\"twitter:data1\" content=\"2 minutes\" \/>\n<script type=\"application\/ld+json\" class=\"yoast-schema-graph\">{\"@context\":\"https:\/\/schema.org\",\"@graph\":[{\"@type\":\"WebPage\",\"@id\":\"https:\/\/laserelectronique.com\/?product=rapporteur-dangles-electronique-stabila\",\"url\":\"https:\/\/laserelectronique.com\/?product=rapporteur-dangles-electronique-stabila\",\"name\":\"Rapporteur d'angles \u00e9lectronique STABILA - LASER ELECTRONIQUE TP\",\"isPartOf\":{\"@id\":\"https:\/\/laserelectronique.com\/#website\"},\"primaryImageOfPage\":{\"@id\":\"https:\/\/laserelectronique.com\/?product=rapporteur-dangles-electronique-stabila#primaryimage\"},\"image\":{\"@id\":\"https:\/\/laserelectronique.com\/?product=rapporteur-dangles-electronique-stabila#primaryimage\"},\"thumbnailUrl\":\"https:\/\/laserelectronique.com\/wp-content\/uploads\/2019\/08\/700-da.png\",\"datePublished\":\"2019-08-11T15:36:23+00:00\",\"dateModified\":\"2020-11-18T14:35:45+00:00\",\"breadcrumb\":{\"@id\":\"https:\/\/laserelectronique.com\/?product=rapporteur-dangles-electronique-stabila#breadcrumb\"},\"inLanguage\":\"fr-FR\",\"potentialAction\":[{\"@type\":\"ReadAction\",\"target\":[\"https:\/\/laserelectronique.com\/?product=rapporteur-dangles-electronique-stabila\"]}]},{\"@type\":\"ImageObject\",\"inLanguage\":\"fr-FR\",\"@id\":\"https:\/\/laserelectronique.com\/?product=rapporteur-dangles-electronique-stabila#primaryimage\",\"url\":\"https:\/\/laserelectronique.com\/wp-content\/uploads\/2019\/08\/700-da.png\",\"contentUrl\":\"https:\/\/laserelectronique.com\/wp-content\/uploads\/2019\/08\/700-da.png\",\"width\":720,\"height\":720},{\"@type\":\"BreadcrumbList\",\"@id\":\"https:\/\/laserelectronique.com\/?product=rapporteur-dangles-electronique-stabila#breadcrumb\",\"itemListElement\":[{\"@type\":\"ListItem\",\"position\":1,\"name\":\"Accueil\",\"item\":\"https:\/\/laserelectronique.com\/\"},{\"@type\":\"ListItem\",\"position\":2,\"name\":\"Boutique\",\"item\":\"https:\/\/laserelectronique.com\/?page_id=7\"},{\"@type\":\"ListItem\",\"position\":3,\"name\":\"Rapporteur d&rsquo;angles \u00e9lectronique STABILA\"}]},{\"@type\":\"WebSite\",\"@id\":\"https:\/\/laserelectronique.com\/#website\",\"url\":\"https:\/\/laserelectronique.com\/\",\"name\":\"LASER ELECTRONIQUE TP\",\"description\":\"VOTRE PARTENAIRE EN GUIDAGE D&#039;ENGINS, TOPOGRAPHIE ET SERVICES\",\"potentialAction\":[{\"@type\":\"SearchAction\",\"target\":{\"@type\":\"EntryPoint\",\"urlTemplate\":\"https:\/\/laserelectronique.com\/?s={search_term_string}\"},\"query-input\":{\"@type\":\"PropertyValueSpecification\",\"valueRequired\":true,\"valueName\":\"search_term_string\"}}],\"inLanguage\":\"fr-FR\"}]}<\/script>\n<!-- \/ Yoast SEO plugin. -->","yoast_head_json":{"title":"Rapporteur d'angles \u00e9lectronique STABILA - LASER ELECTRONIQUE TP","robots":{"index":"index","follow":"follow","max-snippet":"max-snippet:-1","max-image-preview":"max-image-preview:large","max-video-preview":"max-video-preview:-1"},"canonical":"https:\/\/laserelectronique.com\/?product=rapporteur-dangles-electronique-stabila","og_locale":"fr_FR","og_type":"article","og_title":"Rapporteur d'angles \u00e9lectronique STABILA - LASER ELECTRONIQUE TP","og_description":"Indispensable dans le domaine de la construction m\u00e9tallique Pour la mesure, le contr\u00f4le et le tra\u00e7age d\u2019angles. Un outil \u2013 trois fonctions\u00a0: un rapporteur d\u2019angle num\u00e9rique, un niveau \u00e0 bulle&hellip;","og_url":"https:\/\/laserelectronique.com\/?product=rapporteur-dangles-electronique-stabila","og_site_name":"LASER ELECTRONIQUE TP","article_modified_time":"2020-11-18T14:35:45+00:00","og_image":[{"width":720,"height":720,"url":"https:\/\/laserelectronique.com\/wp-content\/uploads\/2019\/08\/700-da.png","type":"image\/png"}],"twitter_card":"summary_large_image","twitter_misc":{"Dur\u00e9e de lecture estim\u00e9e":"2 minutes"},"schema":{"@context":"https:\/\/schema.org","@graph":[{"@type":"WebPage","@id":"https:\/\/laserelectronique.com\/?product=rapporteur-dangles-electronique-stabila","url":"https:\/\/laserelectronique.com\/?product=rapporteur-dangles-electronique-stabila","name":"Rapporteur d'angles \u00e9lectronique STABILA - LASER ELECTRONIQUE TP","isPartOf":{"@id":"https:\/\/laserelectronique.com\/#website"},"primaryImageOfPage":{"@id":"https:\/\/laserelectronique.com\/?product=rapporteur-dangles-electronique-stabila#primaryimage"},"image":{"@id":"https:\/\/laserelectronique.com\/?product=rapporteur-dangles-electronique-stabila#primaryimage"},"thumbnailUrl":"https:\/\/laserelectronique.com\/wp-content\/uploads\/2019\/08\/700-da.png","datePublished":"2019-08-11T15:36:23+00:00","dateModified":"2020-11-18T14:35:45+00:00","breadcrumb":{"@id":"https:\/\/laserelectronique.com\/?product=rapporteur-dangles-electronique-stabila#breadcrumb"},"inLanguage":"fr-FR","potentialAction":[{"@type":"ReadAction","target":["https:\/\/laserelectronique.com\/?product=rapporteur-dangles-electronique-stabila"]}]},{"@type":"ImageObject","inLanguage":"fr-FR","@id":"https:\/\/laserelectronique.com\/?product=rapporteur-dangles-electronique-stabila#primaryimage","url":"https:\/\/laserelectronique.com\/wp-content\/uploads\/2019\/08\/700-da.png","contentUrl":"https:\/\/laserelectronique.com\/wp-content\/uploads\/2019\/08\/700-da.png","width":720,"height":720},{"@type":"BreadcrumbList","@id":"https:\/\/laserelectronique.com\/?product=rapporteur-dangles-electronique-stabila#breadcrumb","itemListElement":[{"@type":"ListItem","position":1,"name":"Accueil","item":"https:\/\/laserelectronique.com\/"},{"@type":"ListItem","position":2,"name":"Boutique","item":"https:\/\/laserelectronique.com\/?page_id=7"},{"@type":"ListItem","position":3,"name":"Rapporteur d&rsquo;angles \u00e9lectronique STABILA"}]},{"@type":"WebSite","@id":"https:\/\/laserelectronique.com\/#website","url":"https:\/\/laserelectronique.com\/","name":"LASER ELECTRONIQUE TP","description":"VOTRE PARTENAIRE EN GUIDAGE D&#039;ENGINS, TOPOGRAPHIE ET SERVICES","potentialAction":[{"@type":"SearchAction","target":{"@type":"EntryPoint","urlTemplate":"https:\/\/laserelectronique.com\/?s={search_term_string}"},"query-input":{"@type":"PropertyValueSpecification","valueRequired":true,"valueName":"search_term_string"}}],"inLanguage":"fr-FR"}]}},"_links":{"self":[{"href":"https:\/\/laserelectronique.com\/index.php?rest_route=\/wp\/v2\/product\/2718","targetHints":{"allow":["GET"]}}],"collection":[{"href":"https:\/\/laserelectronique.com\/index.php?rest_route=\/wp\/v2\/product"}],"about":[{"href":"https:\/\/laserelectronique.com\/index.php?rest_route=\/wp\/v2\/types\/product"}],"replies":[{"embeddable":true,"href":"https:\/\/laserelectronique.com\/index.php?rest_route=%2Fwp%2Fv2%2Fcomments&post=2718"}],"wp:featuredmedia":[{"embeddable":true,"href":"https:\/\/laserelectronique.com\/index.php?rest_route=\/wp\/v2\/media\/2717"}],"wp:attachment":[{"href":"https:\/\/laserelectronique.com\/index.php?rest_route=%2Fwp%2Fv2%2Fmedia&parent=2718"}],"wp:term":[{"taxonomy":"product_cat","embeddable":true,"href":"https:\/\/laserelectronique.com\/index.php?rest_route=%2Fwp%2Fv2%2Fproduct_cat&post=2718"},{"taxonomy":"product_tag","embeddable":true,"href":"https:\/\/laserelectronique.com\/index.php?rest_route=%2Fwp%2Fv2%2Fproduct_tag&post=2718"}],"curies":[{"name":"wp","href":"https:\/\/api.w.org\/{rel}","templated":true}]}}