{"id":2715,"date":"2019-08-11T17:31:38","date_gmt":"2019-08-11T15:31:38","guid":{"rendered":"http:\/\/laserelectronique.com\/?post_type=product&#038;p=2715"},"modified":"2020-11-18T15:35:46","modified_gmt":"2020-11-18T14:35:46","slug":"inclinometre-numerique-stabila-1-83-metres","status":"publish","type":"product","link":"https:\/\/laserelectronique.com\/?product=inclinometre-numerique-stabila-1-83-metres","title":{"rendered":"Inclinom\u00e8tre num\u00e9rique  STABILA 1.83 m\u00e8tres"},"content":{"rendered":"<div id=\"beschreibung\" class=\"section\">\n<div id=\"beschreibung\" class=\"section\">\n<h2 class=\"ce_headline\">R\u00e9f\u00e9rence 17706<\/h2>\n<div class=\"ce_text block\">\n<p>Un niveau \u00e0 bulle \u00e9lectronique robuste et pratique, adapt\u00e9 \u00e0 tous les corps de m\u00e9tier. Gr\u00e2ce \u00e0 sa technologie de mesure \u00e9lectronique et \u00e0 ses bulles de pr\u00e9cision, il simplifie et acc\u00e9l\u00e8re consid\u00e9rablement les travaux. Les deux affichages num\u00e9riques \u00e9clair\u00e9s sont lisibles du dessus et sur le c\u00f4t\u00e9. Ce mod\u00e8le enti\u00e8rement lavable b\u00e9n\u00e9ficie d\u2019une protection contre l\u2019eau et la poussi\u00e8re IP 65. Un outil polyvalent STABILA qui deviendra rapidement indispensable pour tous les professionnels.<\/p>\n<p><a href=\"https:\/\/youtube.com\/embed\/MqnUg6MmL90?rel=0&amp;wmode=transparent&amp;autoplay=true\"><img decoding=\"async\" src=\"https:\/\/www.stabila.com\/assets\/images\/2\/videos_196-ip65-2bbcc262.jpg\" \/><\/a><\/p>\n<\/div>\n<\/div>\n<div id=\"produktvorteile\" class=\"section\">\n<h2 class=\"ce_headline\">Avantages du produit<\/h2>\n<div class=\"ce_text block\">\n<ul class=\"name formatted\">\n<li>Niveau \u00e0 bulle \u00e9lectronique au profil\u00e9 rectangulaire en aluminium ultra-rigide, avec deux modules \u00e9lectroniques int\u00e9gr\u00e9s pour la\u00a0 mesure d\u2019inclinaisons, pentes et angles.<\/li>\n<li>Protection optimale : \u00e9tanche \u00e0 l\u2019eau et \u00e0 la poussi\u00e8re, enti\u00e8rement lavable.<\/li>\n<li>Affichages num\u00e9riques \u00e0 lisibilit\u00e9 optimale en toute situation, \u00e9clair\u00e9s sur pression d\u2019un bouton.<\/li>\n<li>Guidage acoustique avec 3 sonorit\u00e9s diff\u00e9rentes pour aligner rapidement sans regarder le niveau.<\/li>\n<li>L\u2019affichage num\u00e9rique se tourne en position invers\u00e9e.<\/li>\n<li>Mode d\u2019angle de r\u00e9f\u00e9rence pour la prise, l\u2019enregistrement et le report d\u2019une mesure d\u2019angle sur d\u2019autres composants.<\/li>\n<li>Verrouillage de clavier.<\/li>\n<li>Avertissement en cas de basculement du niveau \u00e0 bulle dans le second axe.<\/li>\n<li>Modes d\u2019affichage\u00a0: \u00b0, %, mm\/m, pouce\/pied \u2013 D\u00e9cimal et fractions\u00a0 en mode Degr\u00e9s, affichage fin (0,05\u00b0) ou approximatif (0,1\u00b0) au choix.<\/li>\n<li>Env. 150\u00a0heures de fonctionnement.<\/li>\n<\/ul>\n<\/div>\n<\/div>\n<div id=\"anwendungsbeispiele\" class=\"section\">\n<h2 class=\"ce_headline\">Exemples d\u2019utilisation<\/h2>\n<div class=\"ce_text block\">\n<ul class=\"name formatted\">\n<li>Particuli\u00e8rement adapt\u00e9 \u00e0 la prise de mesures exactes lors de r\u00e9glage de votre table de finisseur, de travaux de charpenterie et d\u2019\u00e9b\u00e9nisterie, la construction de cuisines ou d\u2019escaliers et la pose de conduites. Id\u00e9al pour les architectes, pour l\u2019inspection des travaux finis, par exemple le contr\u00f4le de la pente d\u2019un balcon.<\/li>\n<\/ul>\n<\/div>\n<\/div>\n<div id=\"technische-daten\" class=\"section\">\n<h2 class=\"ce_headline\">Caract\u00e9ristiques techniques<\/h2>\n<div class=\"ce_text block\">\n<div class=\"mmPrdAttributesTable\">\n<div class=\"line\">\n<div class=\"key\">Pr\u00e9cision de mesure en position normale 0,50 mm\/m<\/div>\n<\/div>\n<div class=\"line\">\n<div class=\"key\">Pr\u00e9cision de mesure en position invers\u00e9e 0,50 mm\/m<\/div>\n<\/div>\n<div class=\"line\">\n<div class=\"key\">Pr\u00e9cision de mesure de pentes \u00e9lectronique \u00e0 0\u00b0 et 90\u00b0 +\/-0,05\u00b0<\/div>\n<\/div>\n<div class=\"line\">\n<div class=\"key\">Pr\u00e9cision de mesure de pentes \u00e9lectronique de 1\u00b0 \u00e0 89\u00b0 +\/-0,20\u00b0<\/div>\n<\/div>\n<div class=\"line\">\n<div class=\"key\">Modes de mesure \u00b0, %, mm\/m, pouce\/pied<\/div>\n<\/div>\n<div class=\"line\">\n<div class=\"key\">Nombre de semelles 2<\/div>\n<div class=\"val\">Embouts patin antid\u00e9rapant, amovible, amortisseur<\/div>\n<\/div>\n<div class=\"line\">\n<div class=\"key\">Profil\u00e9<\/div>\n<div class=\"val\"><\/div>\n<\/div>\n<div class=\"line\">\n<div class=\"val\">Batterie Typ AA<\/div>\n<\/div>\n<\/div>\n<\/div>\n<\/div>\n<div id=\"varianten\" class=\"section\">\n<h2>Variantes de produit<\/h2>\n<div class=\"ce_table prdVariants\">\n<table>\n<thead>\n<tr>\n<th>Longueur<\/th>\n<th>GTIN-13 Code<\/th>\n<th>N \u00b0 d&rsquo;article<\/th>\n<\/tr>\n<\/thead>\n<tbody>\n<tr>\n<td data-th=\"Longueur\">40 cm<\/td>\n<td data-th=\"GTIN-13 Code\">4005069177058<\/td>\n<td data-th=\"N \u00b0 d'article\">17705<\/td>\n<\/tr>\n<tr>\n<td data-th=\"Longueur\">61 cm<\/td>\n<td data-th=\"GTIN-13 Code\">4005069176709<\/td>\n<td data-th=\"N \u00b0 d'article\">17670<\/td>\n<\/tr>\n<tr>\n<td data-th=\"Longueur\">81 cm<\/td>\n<td data-th=\"GTIN-13 Code\">4005069176716<\/td>\n<td data-th=\"N \u00b0 d'article\">17671<\/td>\n<\/tr>\n<tr>\n<td data-th=\"Longueur\">100 cm<\/td>\n<td data-th=\"GTIN-13 Code\">4005069176723<\/td>\n<td data-th=\"N \u00b0 d'article\">17672<\/td>\n<\/tr>\n<tr>\n<td data-th=\"Longueur\">122 cm<\/td>\n<td data-th=\"GTIN-13 Code\">4005069176730<\/td>\n<td data-th=\"N \u00b0 d'article\">17673<\/td>\n<\/tr>\n<tr>\n<td data-th=\"Longueur\">183 cm<\/td>\n<td data-th=\"GTIN-13 Code\">4005069177065<\/td>\n<td data-th=\"N \u00b0 d'article\">17706<\/td>\n<\/tr>\n<\/tbody>\n<\/table>\n<\/div>\n<\/div>\n<div id=\"accessories\" class=\"section prdAccessories\">\n<h2 class=\"ce_headline\">Accessoire inclus<\/h2>\n<div class=\"prdAccessory block\">\n<div class=\"text col-sm-10\">\n<div class=\"description\">\n<p><img loading=\"lazy\" decoding=\"async\" class=\"alignnone wp-image-2818\" src=\"http:\/\/laserins.fr\/wp-content\/uploads\/2019\/07\/Housse-niveau-STABILA.png\" alt=\"\" width=\"265\" height=\"114\" \/><\/p>\n<p>Housse r\u00e9sistante \u00e0 l\u2019usure, avec fermeture.<\/p>\n<\/div>\n<\/div>\n<\/div>\n<\/div>\n<div id=\"downloads\" class=\"section downloads\">\n<h2 class=\"ce_headline\">T\u00e9l\u00e9chargements:<\/h2>\n<h3 class=\"ce_headline\"><a href=\"http:\/\/laserins.fr\/wp-content\/uploads\/2019\/07\/manuel-utilisation-niveau-Stabila.pdf\">manuel utilisation niveau Stabila<\/a><\/h3>\n<h4 class=\"ce_headline\"><a href=\"http:\/\/laserins.fr\/wp-content\/uploads\/2019\/07\/NIVEAU-STABILA-LASER-INS-2019.pdf\"><strong>NIVEAU-STABILA-2019.pdf<\/strong><\/a><\/h4>\n<\/div>\n<div class=\"ce_text block\"><\/div>\n<\/div>\n<div id=\"accessories\" class=\"section prdAccessories\">\n<h2 class=\"ce_headline\"><\/h2>\n<div class=\"prdAccessory block\"><\/div>\n<\/div>\n<div id=\"downloads\" class=\"section downloads\">\n<h2 class=\"ce_headline\"><\/h2>\n<\/div>\n","protected":false},"excerpt":{"rendered":"<p>R\u00e9f\u00e9rence 17706 Un niveau \u00e0 bulle \u00e9lectronique robuste et pratique, adapt\u00e9 \u00e0 tous les corps de m\u00e9tier. Gr\u00e2ce \u00e0 sa technologie de mesure \u00e9lectronique et \u00e0 ses bulles de pr\u00e9cision,&hellip;<\/p>\n","protected":false},"featured_media":2716,"comment_status":"closed","ping_status":"closed","template":"","meta":[],"product_cat":[57],"product_tag":[],"class_list":{"0":"post-2715","1":"product","2":"type-product","3":"status-publish","4":"has-post-thumbnail","6":"product_cat-securite-et-mesures","7":"","9":"first","10":"instock","11":"taxable","12":"shipping-taxable","13":"product-type-simple"},"yoast_head":"<!-- This site is optimized with the Yoast SEO plugin v24.7 - https:\/\/yoast.com\/wordpress\/plugins\/seo\/ -->\n<title>Inclinom\u00e8tre num\u00e9rique STABILA 1.83 m\u00e8tres - LASER ELECTRONIQUE TP<\/title>\n<meta name=\"robots\" content=\"index, follow, max-snippet:-1, max-image-preview:large, max-video-preview:-1\" \/>\n<link rel=\"canonical\" href=\"https:\/\/laserelectronique.com\/?product=inclinometre-numerique-stabila-1-83-metres\" \/>\n<meta property=\"og:locale\" content=\"fr_FR\" \/>\n<meta property=\"og:type\" content=\"article\" \/>\n<meta property=\"og:title\" content=\"Inclinom\u00e8tre num\u00e9rique STABILA 1.83 m\u00e8tres - LASER ELECTRONIQUE TP\" \/>\n<meta property=\"og:description\" content=\"R\u00e9f\u00e9rence 17706 Un niveau \u00e0 bulle \u00e9lectronique robuste et pratique, adapt\u00e9 \u00e0 tous les corps de m\u00e9tier. Gr\u00e2ce \u00e0 sa technologie de mesure \u00e9lectronique et \u00e0 ses bulles de pr\u00e9cision,&hellip;\" \/>\n<meta property=\"og:url\" content=\"https:\/\/laserelectronique.com\/?product=inclinometre-numerique-stabila-1-83-metres\" \/>\n<meta property=\"og:site_name\" content=\"LASER ELECTRONIQUE TP\" \/>\n<meta property=\"article:modified_time\" content=\"2020-11-18T14:35:46+00:00\" \/>\n<meta property=\"og:image\" content=\"https:\/\/laserelectronique.com\/wp-content\/uploads\/2019\/08\/17706STABILA.png\" \/>\n\t<meta property=\"og:image:width\" content=\"900\" \/>\n\t<meta property=\"og:image:height\" content=\"900\" \/>\n\t<meta property=\"og:image:type\" content=\"image\/png\" \/>\n<meta name=\"twitter:card\" content=\"summary_large_image\" \/>\n<meta name=\"twitter:label1\" content=\"Dur\u00e9e de lecture estim\u00e9e\" \/>\n\t<meta name=\"twitter:data1\" content=\"2 minutes\" \/>\n<script type=\"application\/ld+json\" class=\"yoast-schema-graph\">{\"@context\":\"https:\/\/schema.org\",\"@graph\":[{\"@type\":\"WebPage\",\"@id\":\"https:\/\/laserelectronique.com\/?product=inclinometre-numerique-stabila-1-83-metres\",\"url\":\"https:\/\/laserelectronique.com\/?product=inclinometre-numerique-stabila-1-83-metres\",\"name\":\"Inclinom\u00e8tre num\u00e9rique STABILA 1.83 m\u00e8tres - LASER ELECTRONIQUE TP\",\"isPartOf\":{\"@id\":\"https:\/\/laserelectronique.com\/#website\"},\"primaryImageOfPage\":{\"@id\":\"https:\/\/laserelectronique.com\/?product=inclinometre-numerique-stabila-1-83-metres#primaryimage\"},\"image\":{\"@id\":\"https:\/\/laserelectronique.com\/?product=inclinometre-numerique-stabila-1-83-metres#primaryimage\"},\"thumbnailUrl\":\"https:\/\/laserelectronique.com\/wp-content\/uploads\/2019\/08\/17706STABILA.png\",\"datePublished\":\"2019-08-11T15:31:38+00:00\",\"dateModified\":\"2020-11-18T14:35:46+00:00\",\"breadcrumb\":{\"@id\":\"https:\/\/laserelectronique.com\/?product=inclinometre-numerique-stabila-1-83-metres#breadcrumb\"},\"inLanguage\":\"fr-FR\",\"potentialAction\":[{\"@type\":\"ReadAction\",\"target\":[\"https:\/\/laserelectronique.com\/?product=inclinometre-numerique-stabila-1-83-metres\"]}]},{\"@type\":\"ImageObject\",\"inLanguage\":\"fr-FR\",\"@id\":\"https:\/\/laserelectronique.com\/?product=inclinometre-numerique-stabila-1-83-metres#primaryimage\",\"url\":\"https:\/\/laserelectronique.com\/wp-content\/uploads\/2019\/08\/17706STABILA.png\",\"contentUrl\":\"https:\/\/laserelectronique.com\/wp-content\/uploads\/2019\/08\/17706STABILA.png\",\"width\":900,\"height\":900},{\"@type\":\"BreadcrumbList\",\"@id\":\"https:\/\/laserelectronique.com\/?product=inclinometre-numerique-stabila-1-83-metres#breadcrumb\",\"itemListElement\":[{\"@type\":\"ListItem\",\"position\":1,\"name\":\"Accueil\",\"item\":\"https:\/\/laserelectronique.com\/\"},{\"@type\":\"ListItem\",\"position\":2,\"name\":\"Boutique\",\"item\":\"https:\/\/laserelectronique.com\/?page_id=7\"},{\"@type\":\"ListItem\",\"position\":3,\"name\":\"Inclinom\u00e8tre num\u00e9rique STABILA 1.83 m\u00e8tres\"}]},{\"@type\":\"WebSite\",\"@id\":\"https:\/\/laserelectronique.com\/#website\",\"url\":\"https:\/\/laserelectronique.com\/\",\"name\":\"LASER ELECTRONIQUE TP\",\"description\":\"VOTRE PARTENAIRE EN GUIDAGE D&#039;ENGINS, TOPOGRAPHIE ET SERVICES\",\"potentialAction\":[{\"@type\":\"SearchAction\",\"target\":{\"@type\":\"EntryPoint\",\"urlTemplate\":\"https:\/\/laserelectronique.com\/?s={search_term_string}\"},\"query-input\":{\"@type\":\"PropertyValueSpecification\",\"valueRequired\":true,\"valueName\":\"search_term_string\"}}],\"inLanguage\":\"fr-FR\"}]}<\/script>\n<!-- \/ Yoast SEO plugin. -->","yoast_head_json":{"title":"Inclinom\u00e8tre num\u00e9rique STABILA 1.83 m\u00e8tres - LASER ELECTRONIQUE TP","robots":{"index":"index","follow":"follow","max-snippet":"max-snippet:-1","max-image-preview":"max-image-preview:large","max-video-preview":"max-video-preview:-1"},"canonical":"https:\/\/laserelectronique.com\/?product=inclinometre-numerique-stabila-1-83-metres","og_locale":"fr_FR","og_type":"article","og_title":"Inclinom\u00e8tre num\u00e9rique STABILA 1.83 m\u00e8tres - LASER ELECTRONIQUE TP","og_description":"R\u00e9f\u00e9rence 17706 Un niveau \u00e0 bulle \u00e9lectronique robuste et pratique, adapt\u00e9 \u00e0 tous les corps de m\u00e9tier. Gr\u00e2ce \u00e0 sa technologie de mesure \u00e9lectronique et \u00e0 ses bulles de pr\u00e9cision,&hellip;","og_url":"https:\/\/laserelectronique.com\/?product=inclinometre-numerique-stabila-1-83-metres","og_site_name":"LASER ELECTRONIQUE TP","article_modified_time":"2020-11-18T14:35:46+00:00","og_image":[{"width":900,"height":900,"url":"https:\/\/laserelectronique.com\/wp-content\/uploads\/2019\/08\/17706STABILA.png","type":"image\/png"}],"twitter_card":"summary_large_image","twitter_misc":{"Dur\u00e9e de lecture estim\u00e9e":"2 minutes"},"schema":{"@context":"https:\/\/schema.org","@graph":[{"@type":"WebPage","@id":"https:\/\/laserelectronique.com\/?product=inclinometre-numerique-stabila-1-83-metres","url":"https:\/\/laserelectronique.com\/?product=inclinometre-numerique-stabila-1-83-metres","name":"Inclinom\u00e8tre num\u00e9rique STABILA 1.83 m\u00e8tres - LASER ELECTRONIQUE TP","isPartOf":{"@id":"https:\/\/laserelectronique.com\/#website"},"primaryImageOfPage":{"@id":"https:\/\/laserelectronique.com\/?product=inclinometre-numerique-stabila-1-83-metres#primaryimage"},"image":{"@id":"https:\/\/laserelectronique.com\/?product=inclinometre-numerique-stabila-1-83-metres#primaryimage"},"thumbnailUrl":"https:\/\/laserelectronique.com\/wp-content\/uploads\/2019\/08\/17706STABILA.png","datePublished":"2019-08-11T15:31:38+00:00","dateModified":"2020-11-18T14:35:46+00:00","breadcrumb":{"@id":"https:\/\/laserelectronique.com\/?product=inclinometre-numerique-stabila-1-83-metres#breadcrumb"},"inLanguage":"fr-FR","potentialAction":[{"@type":"ReadAction","target":["https:\/\/laserelectronique.com\/?product=inclinometre-numerique-stabila-1-83-metres"]}]},{"@type":"ImageObject","inLanguage":"fr-FR","@id":"https:\/\/laserelectronique.com\/?product=inclinometre-numerique-stabila-1-83-metres#primaryimage","url":"https:\/\/laserelectronique.com\/wp-content\/uploads\/2019\/08\/17706STABILA.png","contentUrl":"https:\/\/laserelectronique.com\/wp-content\/uploads\/2019\/08\/17706STABILA.png","width":900,"height":900},{"@type":"BreadcrumbList","@id":"https:\/\/laserelectronique.com\/?product=inclinometre-numerique-stabila-1-83-metres#breadcrumb","itemListElement":[{"@type":"ListItem","position":1,"name":"Accueil","item":"https:\/\/laserelectronique.com\/"},{"@type":"ListItem","position":2,"name":"Boutique","item":"https:\/\/laserelectronique.com\/?page_id=7"},{"@type":"ListItem","position":3,"name":"Inclinom\u00e8tre num\u00e9rique STABILA 1.83 m\u00e8tres"}]},{"@type":"WebSite","@id":"https:\/\/laserelectronique.com\/#website","url":"https:\/\/laserelectronique.com\/","name":"LASER ELECTRONIQUE TP","description":"VOTRE PARTENAIRE EN GUIDAGE D&#039;ENGINS, TOPOGRAPHIE ET SERVICES","potentialAction":[{"@type":"SearchAction","target":{"@type":"EntryPoint","urlTemplate":"https:\/\/laserelectronique.com\/?s={search_term_string}"},"query-input":{"@type":"PropertyValueSpecification","valueRequired":true,"valueName":"search_term_string"}}],"inLanguage":"fr-FR"}]}},"_links":{"self":[{"href":"https:\/\/laserelectronique.com\/index.php?rest_route=\/wp\/v2\/product\/2715","targetHints":{"allow":["GET"]}}],"collection":[{"href":"https:\/\/laserelectronique.com\/index.php?rest_route=\/wp\/v2\/product"}],"about":[{"href":"https:\/\/laserelectronique.com\/index.php?rest_route=\/wp\/v2\/types\/product"}],"replies":[{"embeddable":true,"href":"https:\/\/laserelectronique.com\/index.php?rest_route=%2Fwp%2Fv2%2Fcomments&post=2715"}],"wp:featuredmedia":[{"embeddable":true,"href":"https:\/\/laserelectronique.com\/index.php?rest_route=\/wp\/v2\/media\/2716"}],"wp:attachment":[{"href":"https:\/\/laserelectronique.com\/index.php?rest_route=%2Fwp%2Fv2%2Fmedia&parent=2715"}],"wp:term":[{"taxonomy":"product_cat","embeddable":true,"href":"https:\/\/laserelectronique.com\/index.php?rest_route=%2Fwp%2Fv2%2Fproduct_cat&post=2715"},{"taxonomy":"product_tag","embeddable":true,"href":"https:\/\/laserelectronique.com\/index.php?rest_route=%2Fwp%2Fv2%2Fproduct_tag&post=2715"}],"curies":[{"name":"wp","href":"https:\/\/api.w.org\/{rel}","templated":true}]}}