{"id":2714,"date":"2019-08-11T16:17:07","date_gmt":"2019-08-11T14:17:07","guid":{"rendered":"http:\/\/laserelectronique.com\/?post_type=product&#038;p=2714"},"modified":"2020-11-18T15:35:46","modified_gmt":"2020-11-18T14:35:46","slug":"theodolite-dt200-topcon","status":"publish","type":"product","link":"https:\/\/laserelectronique.com\/?product=theodolite-dt200-topcon","title":{"rendered":"Th\u00e9odolite DT200 Topcon"},"content":{"rendered":"<h3 class=\"section-header no-print\"><strong>Appareil de mesure d&rsquo;angle l\u00e9ger et compact<\/strong><\/h3>\n<p><strong>La s\u00e9rie DT-200 int\u00e8gre la technologie de lecture de cercle absolu de haute qualit\u00e9 disponible dans les produits de station totale haute performance Topcon, pour des calculs de terrain haute\u00a0pr\u00e9cision.<\/strong><\/p>\n<p><strong>\u2022 Certifi\u00e9e IP66, prot\u00e9g\u00e9e contre l&rsquo;intrusion de poussi\u00e8res et de liquides<\/strong><br \/>\n<strong>\u2022 Compact et l\u00e9ger<\/strong><br \/>\n<strong>\u2022 Batterie longue autonomie de 140\u00a0heures<\/strong><br \/>\n<strong>\u2022 Codeur d&rsquo;angle H &amp; V absolu<\/strong><br \/>\n<strong>\u2022 Mesures haute pr\u00e9cision (mod\u00e8les 2&Prime;, 5\u201d, 7\u201d et\u00a09\u201d)<\/strong><\/p>\n<p><strong>Documentation:\u00a0<\/strong><\/p>\n<ul>\n<li><a href=\"https:\/\/laserelectronique.com\/wp-content\/uploads\/2019\/08\/dt_200.pdf\"><strong>Brochure DT200<\/strong><\/a><\/li>\n<\/ul>\n<p>&nbsp;<\/p>\n<h3 style=\"text-align: right;\"><\/h3>\n","protected":false},"excerpt":{"rendered":"<p>Appareil de mesure d&rsquo;angle l\u00e9ger et compact La s\u00e9rie DT-200 int\u00e8gre la technologie de lecture de cercle absolu de haute qualit\u00e9 disponible dans les produits de station totale haute performance&hellip;<\/p>\n","protected":false},"featured_media":2712,"comment_status":"closed","ping_status":"closed","template":"","meta":[],"product_cat":[30],"product_tag":[],"class_list":{"0":"post-2714","1":"product","2":"type-product","3":"status-publish","4":"has-post-thumbnail","6":"product_cat-theodolites-niveaux","7":"","9":"first","10":"instock","11":"taxable","12":"shipping-taxable","13":"product-type-simple"},"yoast_head":"<!-- This site is optimized with the Yoast SEO plugin v24.7 - https:\/\/yoast.com\/wordpress\/plugins\/seo\/ -->\n<title>Th\u00e9odolite DT200 Topcon - LASER ELECTRONIQUE TP<\/title>\n<meta name=\"robots\" content=\"index, follow, max-snippet:-1, max-image-preview:large, max-video-preview:-1\" \/>\n<link rel=\"canonical\" href=\"https:\/\/laserelectronique.com\/?product=theodolite-dt200-topcon\" \/>\n<meta property=\"og:locale\" content=\"fr_FR\" \/>\n<meta property=\"og:type\" content=\"article\" \/>\n<meta property=\"og:title\" content=\"Th\u00e9odolite DT200 Topcon - LASER ELECTRONIQUE TP\" \/>\n<meta property=\"og:description\" content=\"Appareil de mesure d&rsquo;angle l\u00e9ger et compact La s\u00e9rie DT-200 int\u00e8gre la technologie de lecture de cercle absolu de haute qualit\u00e9 disponible dans les produits de station totale haute performance&hellip;\" \/>\n<meta property=\"og:url\" content=\"https:\/\/laserelectronique.com\/?product=theodolite-dt200-topcon\" \/>\n<meta property=\"og:site_name\" content=\"LASER ELECTRONIQUE TP\" \/>\n<meta property=\"article:modified_time\" content=\"2020-11-18T14:35:46+00:00\" \/>\n<meta property=\"og:image\" content=\"https:\/\/laserelectronique.com\/wp-content\/uploads\/2019\/08\/dt200_cutout_b_0.png\" \/>\n\t<meta property=\"og:image:width\" content=\"400\" \/>\n\t<meta property=\"og:image:height\" content=\"400\" \/>\n\t<meta property=\"og:image:type\" content=\"image\/png\" \/>\n<meta name=\"twitter:card\" content=\"summary_large_image\" \/>\n<script type=\"application\/ld+json\" class=\"yoast-schema-graph\">{\"@context\":\"https:\/\/schema.org\",\"@graph\":[{\"@type\":\"WebPage\",\"@id\":\"https:\/\/laserelectronique.com\/?product=theodolite-dt200-topcon\",\"url\":\"https:\/\/laserelectronique.com\/?product=theodolite-dt200-topcon\",\"name\":\"Th\u00e9odolite DT200 Topcon - LASER ELECTRONIQUE TP\",\"isPartOf\":{\"@id\":\"https:\/\/laserelectronique.com\/#website\"},\"primaryImageOfPage\":{\"@id\":\"https:\/\/laserelectronique.com\/?product=theodolite-dt200-topcon#primaryimage\"},\"image\":{\"@id\":\"https:\/\/laserelectronique.com\/?product=theodolite-dt200-topcon#primaryimage\"},\"thumbnailUrl\":\"https:\/\/laserelectronique.com\/wp-content\/uploads\/2019\/08\/dt200_cutout_b_0.png\",\"datePublished\":\"2019-08-11T14:17:07+00:00\",\"dateModified\":\"2020-11-18T14:35:46+00:00\",\"breadcrumb\":{\"@id\":\"https:\/\/laserelectronique.com\/?product=theodolite-dt200-topcon#breadcrumb\"},\"inLanguage\":\"fr-FR\",\"potentialAction\":[{\"@type\":\"ReadAction\",\"target\":[\"https:\/\/laserelectronique.com\/?product=theodolite-dt200-topcon\"]}]},{\"@type\":\"ImageObject\",\"inLanguage\":\"fr-FR\",\"@id\":\"https:\/\/laserelectronique.com\/?product=theodolite-dt200-topcon#primaryimage\",\"url\":\"https:\/\/laserelectronique.com\/wp-content\/uploads\/2019\/08\/dt200_cutout_b_0.png\",\"contentUrl\":\"https:\/\/laserelectronique.com\/wp-content\/uploads\/2019\/08\/dt200_cutout_b_0.png\",\"width\":400,\"height\":400},{\"@type\":\"BreadcrumbList\",\"@id\":\"https:\/\/laserelectronique.com\/?product=theodolite-dt200-topcon#breadcrumb\",\"itemListElement\":[{\"@type\":\"ListItem\",\"position\":1,\"name\":\"Accueil\",\"item\":\"https:\/\/laserelectronique.com\/\"},{\"@type\":\"ListItem\",\"position\":2,\"name\":\"Boutique\",\"item\":\"https:\/\/laserelectronique.com\/?page_id=7\"},{\"@type\":\"ListItem\",\"position\":3,\"name\":\"Th\u00e9odolite DT200 Topcon\"}]},{\"@type\":\"WebSite\",\"@id\":\"https:\/\/laserelectronique.com\/#website\",\"url\":\"https:\/\/laserelectronique.com\/\",\"name\":\"LASER ELECTRONIQUE TP\",\"description\":\"VOTRE PARTENAIRE EN GUIDAGE D&#039;ENGINS, TOPOGRAPHIE ET SERVICES\",\"potentialAction\":[{\"@type\":\"SearchAction\",\"target\":{\"@type\":\"EntryPoint\",\"urlTemplate\":\"https:\/\/laserelectronique.com\/?s={search_term_string}\"},\"query-input\":{\"@type\":\"PropertyValueSpecification\",\"valueRequired\":true,\"valueName\":\"search_term_string\"}}],\"inLanguage\":\"fr-FR\"}]}<\/script>\n<!-- \/ Yoast SEO plugin. -->","yoast_head_json":{"title":"Th\u00e9odolite DT200 Topcon - LASER ELECTRONIQUE TP","robots":{"index":"index","follow":"follow","max-snippet":"max-snippet:-1","max-image-preview":"max-image-preview:large","max-video-preview":"max-video-preview:-1"},"canonical":"https:\/\/laserelectronique.com\/?product=theodolite-dt200-topcon","og_locale":"fr_FR","og_type":"article","og_title":"Th\u00e9odolite DT200 Topcon - LASER ELECTRONIQUE TP","og_description":"Appareil de mesure d&rsquo;angle l\u00e9ger et compact La s\u00e9rie DT-200 int\u00e8gre la technologie de lecture de cercle absolu de haute qualit\u00e9 disponible dans les produits de station totale haute performance&hellip;","og_url":"https:\/\/laserelectronique.com\/?product=theodolite-dt200-topcon","og_site_name":"LASER ELECTRONIQUE TP","article_modified_time":"2020-11-18T14:35:46+00:00","og_image":[{"width":400,"height":400,"url":"https:\/\/laserelectronique.com\/wp-content\/uploads\/2019\/08\/dt200_cutout_b_0.png","type":"image\/png"}],"twitter_card":"summary_large_image","schema":{"@context":"https:\/\/schema.org","@graph":[{"@type":"WebPage","@id":"https:\/\/laserelectronique.com\/?product=theodolite-dt200-topcon","url":"https:\/\/laserelectronique.com\/?product=theodolite-dt200-topcon","name":"Th\u00e9odolite DT200 Topcon - LASER ELECTRONIQUE TP","isPartOf":{"@id":"https:\/\/laserelectronique.com\/#website"},"primaryImageOfPage":{"@id":"https:\/\/laserelectronique.com\/?product=theodolite-dt200-topcon#primaryimage"},"image":{"@id":"https:\/\/laserelectronique.com\/?product=theodolite-dt200-topcon#primaryimage"},"thumbnailUrl":"https:\/\/laserelectronique.com\/wp-content\/uploads\/2019\/08\/dt200_cutout_b_0.png","datePublished":"2019-08-11T14:17:07+00:00","dateModified":"2020-11-18T14:35:46+00:00","breadcrumb":{"@id":"https:\/\/laserelectronique.com\/?product=theodolite-dt200-topcon#breadcrumb"},"inLanguage":"fr-FR","potentialAction":[{"@type":"ReadAction","target":["https:\/\/laserelectronique.com\/?product=theodolite-dt200-topcon"]}]},{"@type":"ImageObject","inLanguage":"fr-FR","@id":"https:\/\/laserelectronique.com\/?product=theodolite-dt200-topcon#primaryimage","url":"https:\/\/laserelectronique.com\/wp-content\/uploads\/2019\/08\/dt200_cutout_b_0.png","contentUrl":"https:\/\/laserelectronique.com\/wp-content\/uploads\/2019\/08\/dt200_cutout_b_0.png","width":400,"height":400},{"@type":"BreadcrumbList","@id":"https:\/\/laserelectronique.com\/?product=theodolite-dt200-topcon#breadcrumb","itemListElement":[{"@type":"ListItem","position":1,"name":"Accueil","item":"https:\/\/laserelectronique.com\/"},{"@type":"ListItem","position":2,"name":"Boutique","item":"https:\/\/laserelectronique.com\/?page_id=7"},{"@type":"ListItem","position":3,"name":"Th\u00e9odolite DT200 Topcon"}]},{"@type":"WebSite","@id":"https:\/\/laserelectronique.com\/#website","url":"https:\/\/laserelectronique.com\/","name":"LASER ELECTRONIQUE TP","description":"VOTRE PARTENAIRE EN GUIDAGE D&#039;ENGINS, TOPOGRAPHIE ET SERVICES","potentialAction":[{"@type":"SearchAction","target":{"@type":"EntryPoint","urlTemplate":"https:\/\/laserelectronique.com\/?s={search_term_string}"},"query-input":{"@type":"PropertyValueSpecification","valueRequired":true,"valueName":"search_term_string"}}],"inLanguage":"fr-FR"}]}},"_links":{"self":[{"href":"https:\/\/laserelectronique.com\/index.php?rest_route=\/wp\/v2\/product\/2714","targetHints":{"allow":["GET"]}}],"collection":[{"href":"https:\/\/laserelectronique.com\/index.php?rest_route=\/wp\/v2\/product"}],"about":[{"href":"https:\/\/laserelectronique.com\/index.php?rest_route=\/wp\/v2\/types\/product"}],"replies":[{"embeddable":true,"href":"https:\/\/laserelectronique.com\/index.php?rest_route=%2Fwp%2Fv2%2Fcomments&post=2714"}],"wp:featuredmedia":[{"embeddable":true,"href":"https:\/\/laserelectronique.com\/index.php?rest_route=\/wp\/v2\/media\/2712"}],"wp:attachment":[{"href":"https:\/\/laserelectronique.com\/index.php?rest_route=%2Fwp%2Fv2%2Fmedia&parent=2714"}],"wp:term":[{"taxonomy":"product_cat","embeddable":true,"href":"https:\/\/laserelectronique.com\/index.php?rest_route=%2Fwp%2Fv2%2Fproduct_cat&post=2714"},{"taxonomy":"product_tag","embeddable":true,"href":"https:\/\/laserelectronique.com\/index.php?rest_route=%2Fwp%2Fv2%2Fproduct_tag&post=2714"}],"curies":[{"name":"wp","href":"https:\/\/api.w.org\/{rel}","templated":true}]}}