{"id":2711,"date":"2019-08-11T15:17:09","date_gmt":"2019-08-11T13:17:09","guid":{"rendered":"http:\/\/laserelectronique.com\/?post_type=product&#038;p=2711"},"modified":"2024-10-11T18:17:50","modified_gmt":"2024-10-11T16:17:50","slug":"theodolite-nedo-et5","status":"publish","type":"product","link":"https:\/\/laserelectronique.com\/?product=theodolite-nedo-et5","title":{"rendered":"Th\u00e9odolite NEDO ET5"},"content":{"rendered":"<div class=\"STYLE_12\" align=\"LEFT\"><strong>Robuste th\u00e9odolite de chantier \u00e0 affichage\u00a0<\/strong><br \/>\n<strong>num\u00e9rique avec compensateur vertical auto<\/strong><strong>matique.\u00a0<\/strong><br \/>\n<strong>La pr\u00e9cision, la fiabilit\u00e9 et l&rsquo;utilisation simple et\u00a0<\/strong><br \/>\n<strong>intuitive caract\u00e9risent le th\u00e9odolite \u00e9lectronique\u00a0<\/strong><br \/>\n<strong>de chantier ET-5 Nedo.<\/strong><b>Particularit\u00e9s :<\/b><\/div>\n<div class=\"STYLE_12\" align=\"LEFT\">\n<ul type=\"square\">\n<li><strong>Optique \u00e0 grande luminosit\u00e9 avec grossisse-<\/strong><br \/>\n<strong>ment de 30 fois<\/strong><\/li>\n<li><strong>2 grands \u00e9crans \u00e0 cristaux liquides bien<\/strong><br \/>\n<strong>lisibles avec \u00e9clairage<\/strong><\/li>\n<li><strong>2 panneaux de commande clairement\u00a0<\/strong><br \/>\n<strong>agenc\u00e9s<\/strong><\/li>\n<li><strong>Cercle horizontal avec fonction droite\/gauche<\/strong><\/li>\n<li><strong>Mise \u00e0 z\u00e9ro possible dans n&rsquo;importe quelle\u00a0<\/strong><br \/>\n<strong>position du cercle horizontal<\/strong><\/li>\n<li><strong>Fonction \u00ab Hold \u00bb pour le cercle horizontal<\/strong><\/li>\n<li><strong>Mesure d&rsquo;angles en degr\u00e9s, gon, milliradian\u00a0<\/strong><br \/>\n<strong>et pour-cent (uniquement pour le cercle vertical)<\/strong><\/li>\n<li><strong>Arr\u00eat automatique apr\u00e8s 10 ou 30 minutes,<\/strong><br \/>\n<strong>d\u00e9sactivable<\/strong><\/li>\n<li><strong>Plomb laser<\/strong><\/li>\n<li><strong>Embase d\u00e9tachable avec raccord 5\/8&Prime;<\/strong><\/li>\n<li><strong>Livr\u00e9 avec : piles, accus, chargeur, plomb,\u00a0<\/strong><br \/>\n<strong>housse anti-pluie, outils de r\u00e9glage, coffret\u00a0<\/strong><br \/>\n<strong>de transport<\/strong><\/li>\n<\/ul>\n<\/div>\n<p>&nbsp;<\/p>\n<p><strong>Fiche Technique :<\/strong><\/p>\n<table style=\"margin-left: 40px;\" border=\"0\" cellspacing=\"0\" cellpadding=\"2\">\n<tbody style=\"padding-left: 40px;\">\n<tr style=\"padding-left: 40px;\">\n<td class=\"TabelleZeile1\" style=\"padding-left: 40px;\" align=\"LEFT\" valign=\"TOP\" width=\"300\"><strong>lunette<\/strong><\/td>\n<td class=\"TabelleZeile1\" align=\"RIGHT\" valign=\"TOP\" width=\"300\"><\/td>\n<\/tr>\n<tr>\n<td class=\"TabelleZeile2\" align=\"LEFT\" valign=\"TOP\" width=\"300\"><strong>Image<\/strong><\/td>\n<td class=\"TabelleZeile2\" align=\"RIGHT\" valign=\"TOP\" width=\"300\"><strong>droite<\/strong><\/td>\n<\/tr>\n<tr>\n<td class=\"TabelleZeile3\" align=\"LEFT\" valign=\"TOP\" width=\"300\"><strong>Grossissement<\/strong><\/td>\n<td class=\"TabelleZeile3\" align=\"RIGHT\" valign=\"TOP\" width=\"300\"><strong>30x<\/strong><\/td>\n<\/tr>\n<tr>\n<td class=\"TabelleZeile2\" align=\"LEFT\" valign=\"TOP\" width=\"300\"><strong>Vis\u00e9e minimale<\/strong><\/td>\n<td class=\"TabelleZeile2\" align=\"RIGHT\" valign=\"TOP\" width=\"300\"><strong>1,35 m<\/strong><\/td>\n<\/tr>\n<tr>\n<td class=\"TabelleZeile3\" align=\"LEFT\" valign=\"TOP\" width=\"300\"><strong>Diam\u00e8tre de l&rsquo;objectif<\/strong><\/td>\n<td class=\"TabelleZeile3\" align=\"RIGHT\" valign=\"TOP\" width=\"300\"><strong>45 mm<\/strong><\/td>\n<\/tr>\n<tr>\n<td class=\"TabelleZeile2\" align=\"LEFT\" valign=\"TOP\" width=\"300\"><strong>Champ de vision<\/strong><\/td>\n<td class=\"TabelleZeile2\" align=\"RIGHT\" valign=\"TOP\" width=\"300\"><strong>1\u00b030\u2019<\/strong><\/td>\n<\/tr>\n<tr>\n<td class=\"TabelleZeile3\" align=\"LEFT\" valign=\"TOP\" width=\"300\"><strong>Facteur de multiplication<\/strong><\/td>\n<td class=\"TabelleZeile3\" align=\"RIGHT\" valign=\"TOP\" width=\"300\"><strong>100<\/strong><\/td>\n<\/tr>\n<tr>\n<td class=\"TabelleZeile2\" align=\"LEFT\" valign=\"TOP\" width=\"300\"><strong>Mesure des angles<\/strong><\/td>\n<td class=\"TabelleZeile2\" align=\"RIGHT\" valign=\"TOP\" width=\"300\"><\/td>\n<\/tr>\n<tr>\n<td class=\"TabelleZeile3\" align=\"LEFT\" valign=\"TOP\" width=\"300\"><strong>R\u00e9solution<\/strong><\/td>\n<td class=\"TabelleZeile3\" align=\"RIGHT\" valign=\"TOP\" width=\"300\"><strong>1\u201c ou 5\u201c<\/strong><\/td>\n<\/tr>\n<tr>\n<td class=\"TabelleZeile2\" align=\"LEFT\" valign=\"TOP\" width=\"300\"><strong>Pr\u00e9cision<\/strong><\/td>\n<td class=\"TabelleZeile2\" align=\"RIGHT\" valign=\"TOP\" width=\"300\"><strong>5\u201c<\/strong><\/td>\n<\/tr>\n<tr>\n<td class=\"TabelleZeile3\" align=\"LEFT\" valign=\"TOP\" width=\"300\"><strong>Unit\u00e9s d&rsquo;angle<\/strong><\/td>\n<td class=\"TabelleZeile3\" align=\"RIGHT\" valign=\"TOP\" width=\"300\"><strong>degr\u00e9s (0-360)<\/strong><br \/>\n<strong>gon (0-400)<\/strong><br \/>\n<strong>Mil (0-6400)<\/strong><\/td>\n<\/tr>\n<tr>\n<td class=\"TabelleZeile2\" style=\"padding-left: 40px;\" align=\"LEFT\" valign=\"TOP\" width=\"300\"><strong>Compensateur<\/strong><\/td>\n<td class=\"TabelleZeile2\" align=\"RIGHT\" valign=\"TOP\" width=\"300\"><\/td>\n<\/tr>\n<tr>\n<td class=\"TabelleZeile3\" align=\"LEFT\" valign=\"TOP\" width=\"300\"><strong>Type compensateur<\/strong><\/td>\n<td class=\"TabelleZeile3\" align=\"RIGHT\" valign=\"TOP\" width=\"300\"><strong>compensateur vertical automatique<\/strong><\/td>\n<\/tr>\n<tr>\n<td class=\"TabelleZeile2\" align=\"LEFT\" valign=\"TOP\" width=\"300\"><strong>Plage de compensation<\/strong><\/td>\n<td class=\"TabelleZeile2\" align=\"RIGHT\" valign=\"TOP\" width=\"300\"><strong>\u00b13\u2019<\/strong><\/td>\n<\/tr>\n<tr>\n<td class=\"TabelleZeile3\" align=\"LEFT\" valign=\"TOP\" width=\"300\"><strong>Rayon de plomb laser<\/strong><\/td>\n<td class=\"TabelleZeile3\" align=\"RIGHT\" valign=\"TOP\" width=\"300\"><\/td>\n<\/tr>\n<tr>\n<td class=\"TabelleZeile2\" align=\"LEFT\" valign=\"TOP\" width=\"300\"><strong>Laser<\/strong><\/td>\n<td class=\"TabelleZeile2\" align=\"RIGHT\" valign=\"TOP\" width=\"300\"><strong>&lt;1 mW, classe 2, 650 nm<\/strong><\/td>\n<\/tr>\n<tr>\n<td class=\"TabelleZeile3\" align=\"LEFT\" valign=\"TOP\" width=\"300\"><strong>Pr\u00e9cision<\/strong><\/td>\n<td class=\"TabelleZeile3\" align=\"RIGHT\" valign=\"TOP\" width=\"300\"><strong>\u00b1 1,5 mm\/1,5 m<\/strong><\/td>\n<\/tr>\n<tr>\n<td class=\"TabelleZeile2\" align=\"LEFT\" valign=\"TOP\" width=\"300\"><strong>Informations g\u00e9n\u00e9rales<\/strong><\/td>\n<td class=\"TabelleZeile2\" align=\"RIGHT\" valign=\"TOP\" width=\"300\"><\/td>\n<\/tr>\n<tr>\n<td class=\"TabelleZeile3\" align=\"LEFT\" valign=\"TOP\" width=\"300\"><strong>Nivelle tubulaire<\/strong><\/td>\n<td class=\"TabelleZeile3\" align=\"RIGHT\" valign=\"TOP\" width=\"300\"><strong>30\u201c\/2 mm<\/strong><\/td>\n<\/tr>\n<tr>\n<td class=\"TabelleZeile2\" align=\"LEFT\" valign=\"TOP\" width=\"300\"><strong>Nivelle sph\u00e9rique<\/strong><\/td>\n<td class=\"TabelleZeile2\" align=\"RIGHT\" valign=\"TOP\" width=\"300\"><strong>8\u2019\/2 mm<\/strong><\/td>\n<\/tr>\n<tr>\n<td class=\"TabelleZeile3\" align=\"LEFT\" valign=\"TOP\" width=\"300\"><strong>Raccord filet\u00e9<\/strong><\/td>\n<td class=\"TabelleZeile3\" align=\"RIGHT\" valign=\"TOP\" width=\"300\"><strong>5\/8\u201c BSW<\/strong><\/td>\n<\/tr>\n<tr>\n<td class=\"TabelleZeile2\" align=\"LEFT\" valign=\"TOP\" width=\"300\"><strong>Temp\u00e9rature d&rsquo;utilisation<\/strong><\/td>\n<td class=\"TabelleZeile2\" align=\"RIGHT\" valign=\"TOP\" width=\"300\"><strong>-20\u00b0C \u00e0 +50\u00b0C<\/strong><\/td>\n<\/tr>\n<tr>\n<td class=\"TabelleZeile3\" align=\"LEFT\" valign=\"TOP\" width=\"300\"><strong>Alimentation<\/strong><\/td>\n<td class=\"TabelleZeile3\" align=\"RIGHT\" valign=\"TOP\" width=\"300\"><strong>4 x 1,5 V type (AA) ou accu NiMH<\/strong><\/td>\n<\/tr>\n<tr>\n<td class=\"TabelleZeile2\" align=\"LEFT\" valign=\"TOP\" width=\"300\"><strong>Autonomie<\/strong><\/td>\n<td class=\"TabelleZeile2\" align=\"RIGHT\" valign=\"TOP\" width=\"300\"><strong>piles : env. 36 h, accus : env. 18 h<\/strong><\/td>\n<\/tr>\n<tr>\n<td class=\"TabelleZeile3\" align=\"LEFT\" valign=\"TOP\" width=\"300\"><strong>Poids<\/strong><\/td>\n<td class=\"TabelleZeile3\" align=\"RIGHT\" valign=\"TOP\" width=\"300\"><strong>4,7 kg<\/strong><\/td>\n<\/tr>\n<tr>\n<td class=\"TabelleZeile2\" align=\"LEFT\" valign=\"TOP\" width=\"300\"><strong>Dimensions<\/strong><\/td>\n<td class=\"TabelleZeile2\" align=\"RIGHT\" valign=\"TOP\" width=\"300\"><strong>160 mm x 180 mm x 330 mm<\/strong><\/td>\n<\/tr>\n<tr>\n<td class=\"TabelleZeile3\" align=\"LEFT\" valign=\"TOP\" width=\"300\"><strong>R\u00e9f.<\/strong><\/td>\n<td class=\"TabelleZeile3\" align=\"RIGHT\" valign=\"TOP\" width=\"300\"><strong>460 814-613<\/strong><\/td>\n<\/tr>\n<\/tbody>\n<\/table>\n<p><img loading=\"lazy\" decoding=\"async\" class=\"alignnone size-large wp-image-3477\" src=\"https:\/\/laserelectronique.com\/wp-content\/uploads\/2024\/10\/460812_613_LU-1024x1024.png\" alt=\"\" width=\"840\" height=\"840\" srcset=\"https:\/\/laserelectronique.com\/wp-content\/uploads\/2024\/10\/460812_613_LU-1024x1024.png 1024w, https:\/\/laserelectronique.com\/wp-content\/uploads\/2024\/10\/460812_613_LU-300x300.png 300w, https:\/\/laserelectronique.com\/wp-content\/uploads\/2024\/10\/460812_613_LU-150x150.png 150w, https:\/\/laserelectronique.com\/wp-content\/uploads\/2024\/10\/460812_613_LU-768x768.png 768w, https:\/\/laserelectronique.com\/wp-content\/uploads\/2024\/10\/460812_613_LU-1536x1536.png 1536w, https:\/\/laserelectronique.com\/wp-content\/uploads\/2024\/10\/460812_613_LU-75x75.png 75w, https:\/\/laserelectronique.com\/wp-content\/uploads\/2024\/10\/460812_613_LU-80x80.png 80w, https:\/\/laserelectronique.com\/wp-content\/uploads\/2024\/10\/460812_613_LU-600x600.png 600w, https:\/\/laserelectronique.com\/wp-content\/uploads\/2024\/10\/460812_613_LU-100x100.png 100w, https:\/\/laserelectronique.com\/wp-content\/uploads\/2024\/10\/460812_613_LU.png 1850w\" sizes=\"auto, (max-width: 840px) 100vw, 840px\" \/><\/p>\n<h3 style=\"text-align: right;\"><\/h3>\n","protected":false},"excerpt":{"rendered":"<p>Robuste th\u00e9odolite de chantier \u00e0 affichage\u00a0 num\u00e9rique avec compensateur vertical automatique.\u00a0 La pr\u00e9cision, la fiabilit\u00e9 et l&rsquo;utilisation simple et\u00a0 intuitive caract\u00e9risent le th\u00e9odolite \u00e9lectronique\u00a0 de chantier ET-5 Nedo.Particularit\u00e9s : Optique&hellip;<\/p>\n","protected":false},"featured_media":2707,"comment_status":"closed","ping_status":"closed","template":"","meta":[],"product_cat":[30],"product_tag":[],"class_list":{"0":"post-2711","1":"product","2":"type-product","3":"status-publish","4":"has-post-thumbnail","6":"product_cat-theodolites-niveaux","7":"","9":"first","10":"instock","11":"taxable","12":"shipping-taxable","13":"product-type-simple"},"yoast_head":"<!-- This site is optimized with the Yoast SEO plugin v24.7 - https:\/\/yoast.com\/wordpress\/plugins\/seo\/ -->\n<title>Th\u00e9odolite NEDO ET5 - LASER ELECTRONIQUE TP<\/title>\n<meta name=\"robots\" content=\"index, follow, max-snippet:-1, max-image-preview:large, max-video-preview:-1\" \/>\n<link rel=\"canonical\" href=\"https:\/\/laserelectronique.com\/?product=theodolite-nedo-et5\" \/>\n<meta property=\"og:locale\" content=\"fr_FR\" \/>\n<meta property=\"og:type\" content=\"article\" \/>\n<meta property=\"og:title\" content=\"Th\u00e9odolite NEDO ET5 - LASER ELECTRONIQUE TP\" \/>\n<meta property=\"og:description\" content=\"Robuste th\u00e9odolite de chantier \u00e0 affichage\u00a0 num\u00e9rique avec compensateur vertical automatique.\u00a0 La pr\u00e9cision, la fiabilit\u00e9 et l&rsquo;utilisation simple et\u00a0 intuitive caract\u00e9risent le th\u00e9odolite \u00e9lectronique\u00a0 de chantier ET-5 Nedo.Particularit\u00e9s : Optique&hellip;\" \/>\n<meta property=\"og:url\" content=\"https:\/\/laserelectronique.com\/?product=theodolite-nedo-et5\" \/>\n<meta property=\"og:site_name\" content=\"LASER ELECTRONIQUE TP\" \/>\n<meta property=\"article:modified_time\" content=\"2024-10-11T16:17:50+00:00\" \/>\n<meta property=\"og:image\" content=\"https:\/\/laserelectronique.com\/wp-content\/uploads\/2019\/08\/NEDO-ET5.png\" \/>\n\t<meta property=\"og:image:width\" content=\"945\" \/>\n\t<meta property=\"og:image:height\" content=\"945\" \/>\n\t<meta property=\"og:image:type\" content=\"image\/png\" \/>\n<meta name=\"twitter:card\" content=\"summary_large_image\" \/>\n<meta name=\"twitter:label1\" content=\"Dur\u00e9e de lecture estim\u00e9e\" \/>\n\t<meta name=\"twitter:data1\" content=\"1 minute\" \/>\n<script type=\"application\/ld+json\" class=\"yoast-schema-graph\">{\"@context\":\"https:\/\/schema.org\",\"@graph\":[{\"@type\":\"WebPage\",\"@id\":\"https:\/\/laserelectronique.com\/?product=theodolite-nedo-et5\",\"url\":\"https:\/\/laserelectronique.com\/?product=theodolite-nedo-et5\",\"name\":\"Th\u00e9odolite NEDO ET5 - LASER ELECTRONIQUE TP\",\"isPartOf\":{\"@id\":\"https:\/\/laserelectronique.com\/#website\"},\"primaryImageOfPage\":{\"@id\":\"https:\/\/laserelectronique.com\/?product=theodolite-nedo-et5#primaryimage\"},\"image\":{\"@id\":\"https:\/\/laserelectronique.com\/?product=theodolite-nedo-et5#primaryimage\"},\"thumbnailUrl\":\"https:\/\/laserelectronique.com\/wp-content\/uploads\/2019\/08\/NEDO-ET5.png\",\"datePublished\":\"2019-08-11T13:17:09+00:00\",\"dateModified\":\"2024-10-11T16:17:50+00:00\",\"breadcrumb\":{\"@id\":\"https:\/\/laserelectronique.com\/?product=theodolite-nedo-et5#breadcrumb\"},\"inLanguage\":\"fr-FR\",\"potentialAction\":[{\"@type\":\"ReadAction\",\"target\":[\"https:\/\/laserelectronique.com\/?product=theodolite-nedo-et5\"]}]},{\"@type\":\"ImageObject\",\"inLanguage\":\"fr-FR\",\"@id\":\"https:\/\/laserelectronique.com\/?product=theodolite-nedo-et5#primaryimage\",\"url\":\"https:\/\/laserelectronique.com\/wp-content\/uploads\/2019\/08\/NEDO-ET5.png\",\"contentUrl\":\"https:\/\/laserelectronique.com\/wp-content\/uploads\/2019\/08\/NEDO-ET5.png\",\"width\":945,\"height\":945},{\"@type\":\"BreadcrumbList\",\"@id\":\"https:\/\/laserelectronique.com\/?product=theodolite-nedo-et5#breadcrumb\",\"itemListElement\":[{\"@type\":\"ListItem\",\"position\":1,\"name\":\"Accueil\",\"item\":\"https:\/\/laserelectronique.com\/\"},{\"@type\":\"ListItem\",\"position\":2,\"name\":\"Boutique\",\"item\":\"https:\/\/laserelectronique.com\/?page_id=7\"},{\"@type\":\"ListItem\",\"position\":3,\"name\":\"Th\u00e9odolite NEDO ET5\"}]},{\"@type\":\"WebSite\",\"@id\":\"https:\/\/laserelectronique.com\/#website\",\"url\":\"https:\/\/laserelectronique.com\/\",\"name\":\"LASER ELECTRONIQUE TP\",\"description\":\"VOTRE PARTENAIRE EN GUIDAGE D&#039;ENGINS, TOPOGRAPHIE ET SERVICES\",\"potentialAction\":[{\"@type\":\"SearchAction\",\"target\":{\"@type\":\"EntryPoint\",\"urlTemplate\":\"https:\/\/laserelectronique.com\/?s={search_term_string}\"},\"query-input\":{\"@type\":\"PropertyValueSpecification\",\"valueRequired\":true,\"valueName\":\"search_term_string\"}}],\"inLanguage\":\"fr-FR\"}]}<\/script>\n<!-- \/ Yoast SEO plugin. -->","yoast_head_json":{"title":"Th\u00e9odolite NEDO ET5 - LASER ELECTRONIQUE TP","robots":{"index":"index","follow":"follow","max-snippet":"max-snippet:-1","max-image-preview":"max-image-preview:large","max-video-preview":"max-video-preview:-1"},"canonical":"https:\/\/laserelectronique.com\/?product=theodolite-nedo-et5","og_locale":"fr_FR","og_type":"article","og_title":"Th\u00e9odolite NEDO ET5 - LASER ELECTRONIQUE TP","og_description":"Robuste th\u00e9odolite de chantier \u00e0 affichage\u00a0 num\u00e9rique avec compensateur vertical automatique.\u00a0 La pr\u00e9cision, la fiabilit\u00e9 et l&rsquo;utilisation simple et\u00a0 intuitive caract\u00e9risent le th\u00e9odolite \u00e9lectronique\u00a0 de chantier ET-5 Nedo.Particularit\u00e9s : Optique&hellip;","og_url":"https:\/\/laserelectronique.com\/?product=theodolite-nedo-et5","og_site_name":"LASER ELECTRONIQUE TP","article_modified_time":"2024-10-11T16:17:50+00:00","og_image":[{"width":945,"height":945,"url":"https:\/\/laserelectronique.com\/wp-content\/uploads\/2019\/08\/NEDO-ET5.png","type":"image\/png"}],"twitter_card":"summary_large_image","twitter_misc":{"Dur\u00e9e de lecture estim\u00e9e":"1 minute"},"schema":{"@context":"https:\/\/schema.org","@graph":[{"@type":"WebPage","@id":"https:\/\/laserelectronique.com\/?product=theodolite-nedo-et5","url":"https:\/\/laserelectronique.com\/?product=theodolite-nedo-et5","name":"Th\u00e9odolite NEDO ET5 - LASER ELECTRONIQUE TP","isPartOf":{"@id":"https:\/\/laserelectronique.com\/#website"},"primaryImageOfPage":{"@id":"https:\/\/laserelectronique.com\/?product=theodolite-nedo-et5#primaryimage"},"image":{"@id":"https:\/\/laserelectronique.com\/?product=theodolite-nedo-et5#primaryimage"},"thumbnailUrl":"https:\/\/laserelectronique.com\/wp-content\/uploads\/2019\/08\/NEDO-ET5.png","datePublished":"2019-08-11T13:17:09+00:00","dateModified":"2024-10-11T16:17:50+00:00","breadcrumb":{"@id":"https:\/\/laserelectronique.com\/?product=theodolite-nedo-et5#breadcrumb"},"inLanguage":"fr-FR","potentialAction":[{"@type":"ReadAction","target":["https:\/\/laserelectronique.com\/?product=theodolite-nedo-et5"]}]},{"@type":"ImageObject","inLanguage":"fr-FR","@id":"https:\/\/laserelectronique.com\/?product=theodolite-nedo-et5#primaryimage","url":"https:\/\/laserelectronique.com\/wp-content\/uploads\/2019\/08\/NEDO-ET5.png","contentUrl":"https:\/\/laserelectronique.com\/wp-content\/uploads\/2019\/08\/NEDO-ET5.png","width":945,"height":945},{"@type":"BreadcrumbList","@id":"https:\/\/laserelectronique.com\/?product=theodolite-nedo-et5#breadcrumb","itemListElement":[{"@type":"ListItem","position":1,"name":"Accueil","item":"https:\/\/laserelectronique.com\/"},{"@type":"ListItem","position":2,"name":"Boutique","item":"https:\/\/laserelectronique.com\/?page_id=7"},{"@type":"ListItem","position":3,"name":"Th\u00e9odolite NEDO ET5"}]},{"@type":"WebSite","@id":"https:\/\/laserelectronique.com\/#website","url":"https:\/\/laserelectronique.com\/","name":"LASER ELECTRONIQUE TP","description":"VOTRE PARTENAIRE EN GUIDAGE D&#039;ENGINS, TOPOGRAPHIE ET SERVICES","potentialAction":[{"@type":"SearchAction","target":{"@type":"EntryPoint","urlTemplate":"https:\/\/laserelectronique.com\/?s={search_term_string}"},"query-input":{"@type":"PropertyValueSpecification","valueRequired":true,"valueName":"search_term_string"}}],"inLanguage":"fr-FR"}]}},"_links":{"self":[{"href":"https:\/\/laserelectronique.com\/index.php?rest_route=\/wp\/v2\/product\/2711","targetHints":{"allow":["GET"]}}],"collection":[{"href":"https:\/\/laserelectronique.com\/index.php?rest_route=\/wp\/v2\/product"}],"about":[{"href":"https:\/\/laserelectronique.com\/index.php?rest_route=\/wp\/v2\/types\/product"}],"replies":[{"embeddable":true,"href":"https:\/\/laserelectronique.com\/index.php?rest_route=%2Fwp%2Fv2%2Fcomments&post=2711"}],"wp:featuredmedia":[{"embeddable":true,"href":"https:\/\/laserelectronique.com\/index.php?rest_route=\/wp\/v2\/media\/2707"}],"wp:attachment":[{"href":"https:\/\/laserelectronique.com\/index.php?rest_route=%2Fwp%2Fv2%2Fmedia&parent=2711"}],"wp:term":[{"taxonomy":"product_cat","embeddable":true,"href":"https:\/\/laserelectronique.com\/index.php?rest_route=%2Fwp%2Fv2%2Fproduct_cat&post=2711"},{"taxonomy":"product_tag","embeddable":true,"href":"https:\/\/laserelectronique.com\/index.php?rest_route=%2Fwp%2Fv2%2Fproduct_tag&post=2711"}],"curies":[{"name":"wp","href":"https:\/\/api.w.org\/{rel}","templated":true}]}}