{"id":2704,"date":"2019-08-11T15:02:35","date_gmt":"2019-08-11T13:02:35","guid":{"rendered":"http:\/\/laserelectronique.com\/?post_type=product&#038;p=2704"},"modified":"2022-07-27T11:44:36","modified_gmt":"2022-07-27T09:44:36","slug":"pack-niveau-nedo","status":"publish","type":"product","link":"https:\/\/laserelectronique.com\/?product=pack-niveau-nedo","title":{"rendered":"Pack niveau NEDO"},"content":{"rendered":"<div class=\"STYLE_12\" align=\"LEFT\"><strong>Les niveaux X Nedo sont des niveaux de chantier de\u00a0<\/strong><br \/>\n<strong>grande qualit\u00e9 qui r\u00e9pondent aux exigences les plus\u00a0<\/strong><img loading=\"lazy\" decoding=\"async\" class=\"wp-image-2822 alignright\" src=\"http:\/\/laserins.fr\/wp-content\/uploads\/2019\/07\/460792-613.png\" alt=\"\" width=\"204\" height=\"204\" \/><strong>s\u00e9v\u00e8res. L\u2019optique particuli\u00e8rement lumineuse avec\u00a0<\/strong><br \/>\n<strong>objectif de grand diam\u00e8tre, le robuste compensateur\u00a0<\/strong><br \/>\n<strong>\u00e0 amortissement pneumatique et la solide finition\u00a0<\/strong><strong><br \/>\ncaract\u00e9risent les niveaux de chantier de la s\u00e9rie X.<\/strong><br \/>\n<strong>Pour une utilisation dans des conditions<\/strong><br \/>\n<strong>extr\u00eamement dures.<\/strong><\/div>\n<h3 class=\"STYLE_12\" align=\"LEFT\"><strong>Particularit\u00e9s :<\/strong><\/h3>\n<div class=\"STYLE_12\" align=\"LEFT\">\n<ul type=\"square\">\n<li style=\"list-style-type: none;\">\n<ul type=\"square\">\n<li><strong>Niveau de chantier automatique avec <\/strong><strong>grossissements de 20, 24, 28 ou 32 fois<\/strong><\/li>\n<li><strong>Compensateur fiable \u00e0 amortissement <\/strong><strong>magn\u00e9tique<\/strong><\/li>\n<li><strong>Optique \u00e0 grande luminosit\u00e9<\/strong><\/li>\n<li><strong>Image contrast\u00e9e<\/strong><\/li>\n<li><strong>Certificat de contr\u00f4le<\/strong><\/li>\n<li><strong>Livr\u00e9 avec plomb, broche d\u2019ajustage et solide et <\/strong><strong>coffret de transport<\/strong><\/li>\n<li><strong>Egalement disponible en kit<\/strong><\/li>\n<\/ul>\n<\/li>\n<\/ul>\n<p>&nbsp;<\/p>\n<\/div>\n<div class=\"STYLE_12\" align=\"LEFT\">\n<table style=\"height: 676px;\" border=\"0\" width=\"728\" cellspacing=\"0\" cellpadding=\"2\">\n<tbody>\n<tr>\n<td class=\"TabelleZeile1\" align=\"LEFT\" valign=\"TOP\" width=\"240\"><strong>Mod\u00e8le<\/strong><\/td>\n<td class=\"TabelleZeile1\" align=\"RIGHT\" valign=\"TOP\" width=\"90\"><strong>X20<\/strong><\/td>\n<td class=\"TabelleZeile1\" align=\"RIGHT\" valign=\"TOP\" width=\"90\"><strong>X24<\/strong><\/td>\n<td class=\"TabelleZeile1\" align=\"RIGHT\" valign=\"TOP\" width=\"90\"><strong>X28<\/strong><\/td>\n<td class=\"TabelleZeile1\" align=\"RIGHT\" valign=\"TOP\" width=\"90\"><strong>X32<\/strong><\/td>\n<\/tr>\n<tr>\n<td class=\"TabelleZeile2\" align=\"LEFT\" valign=\"TOP\" width=\"240\"><strong>Image<\/strong><\/td>\n<td class=\"TabelleZeile2\" align=\"RIGHT\" valign=\"TOP\" width=\"90\"><strong>droite<\/strong><\/td>\n<td class=\"TabelleZeile2\" align=\"RIGHT\" valign=\"TOP\" width=\"90\"><strong>droite<\/strong><\/td>\n<td class=\"TabelleZeile2\" align=\"RIGHT\" valign=\"TOP\" width=\"90\"><strong>droite<\/strong><\/td>\n<td class=\"TabelleZeile2\" align=\"RIGHT\" valign=\"TOP\" width=\"90\"><strong>droite<\/strong><\/td>\n<\/tr>\n<tr>\n<td class=\"TabelleZeile3\" align=\"LEFT\" valign=\"TOP\" width=\"240\"><strong>Grossissement<\/strong><\/td>\n<td class=\"TabelleZeile3\" align=\"RIGHT\" valign=\"TOP\" width=\"90\"><strong>20x<\/strong><\/td>\n<td class=\"TabelleZeile3\" align=\"RIGHT\" valign=\"TOP\" width=\"90\"><strong>24x<\/strong><\/td>\n<td class=\"TabelleZeile3\" align=\"RIGHT\" valign=\"TOP\" width=\"90\"><strong>28x<\/strong><\/td>\n<td class=\"TabelleZeile3\" align=\"RIGHT\" valign=\"TOP\" width=\"90\"><strong>32x<\/strong><\/td>\n<\/tr>\n<tr>\n<td class=\"TabelleZeile2\" align=\"LEFT\" valign=\"TOP\" width=\"240\"><strong>Diam\u00e8tre de l&rsquo;objectif<\/strong><\/td>\n<td class=\"TabelleZeile2\" align=\"RIGHT\" valign=\"TOP\" width=\"90\"><strong>30 mm<\/strong><\/td>\n<td class=\"TabelleZeile2\" align=\"RIGHT\" valign=\"TOP\" width=\"90\"><strong>36 mm<\/strong><\/td>\n<td class=\"TabelleZeile2\" align=\"RIGHT\" valign=\"TOP\" width=\"90\"><strong>36 mm<\/strong><\/td>\n<td class=\"TabelleZeile2\" align=\"RIGHT\" valign=\"TOP\" width=\"90\"><strong>36 mm<\/strong><\/td>\n<\/tr>\n<tr>\n<td class=\"TabelleZeile3\" align=\"LEFT\" valign=\"TOP\" width=\"240\"><strong>Vis\u00e9e minimale<\/strong><\/td>\n<td class=\"TabelleZeile3\" align=\"RIGHT\" valign=\"TOP\" width=\"90\"><strong>0,6 m<\/strong><\/td>\n<td class=\"TabelleZeile3\" align=\"RIGHT\" valign=\"TOP\" width=\"90\"><strong>0,6 m<\/strong><\/td>\n<td class=\"TabelleZeile3\" align=\"RIGHT\" valign=\"TOP\" width=\"90\"><strong>0,6 m<\/strong><\/td>\n<td class=\"TabelleZeile3\" align=\"RIGHT\" valign=\"TOP\" width=\"90\"><strong>0,6 m<\/strong><\/td>\n<\/tr>\n<tr>\n<td class=\"TabelleZeile2\" align=\"LEFT\" valign=\"TOP\" width=\"240\"><strong>Constante additionnelle<\/strong><\/td>\n<td class=\"TabelleZeile2\" align=\"RIGHT\" valign=\"TOP\" width=\"90\"><strong>0<\/strong><\/td>\n<td class=\"TabelleZeile2\" align=\"RIGHT\" valign=\"TOP\" width=\"90\"><strong>0<\/strong><\/td>\n<td class=\"TabelleZeile2\" align=\"RIGHT\" valign=\"TOP\" width=\"90\"><strong>0<\/strong><\/td>\n<td class=\"TabelleZeile2\" align=\"RIGHT\" valign=\"TOP\" width=\"90\"><strong>0<\/strong><\/td>\n<\/tr>\n<tr>\n<td class=\"TabelleZeile3\" align=\"LEFT\" valign=\"TOP\" width=\"240\"><strong>Facteur de multiplication<\/strong><\/td>\n<td class=\"TabelleZeile3\" align=\"RIGHT\" valign=\"TOP\" width=\"90\"><strong>100<\/strong><\/td>\n<td class=\"TabelleZeile3\" align=\"RIGHT\" valign=\"TOP\" width=\"90\"><strong>100<\/strong><\/td>\n<td class=\"TabelleZeile3\" align=\"RIGHT\" valign=\"TOP\" width=\"90\"><strong>100<\/strong><\/td>\n<td class=\"TabelleZeile3\" align=\"RIGHT\" valign=\"TOP\" width=\"90\"><strong>100<\/strong><\/td>\n<\/tr>\n<tr>\n<td class=\"TabelleZeile2\" align=\"LEFT\" valign=\"TOP\" width=\"240\"><strong>Plage de travail du compensateur<\/strong><\/td>\n<td class=\"TabelleZeile2\" align=\"RIGHT\" valign=\"TOP\" width=\"90\"><strong>\u00b115&prime;<\/strong><\/td>\n<td class=\"TabelleZeile2\" align=\"RIGHT\" valign=\"TOP\" width=\"90\"><strong>\u00b115&prime;<\/strong><\/td>\n<td class=\"TabelleZeile2\" align=\"RIGHT\" valign=\"TOP\" width=\"90\"><strong>\u00b115&prime;<\/strong><\/td>\n<td class=\"TabelleZeile2\" align=\"RIGHT\" valign=\"TOP\" width=\"90\"><strong>\u00b115&prime;<\/strong><\/td>\n<\/tr>\n<tr>\n<td class=\"TabelleZeile3\" align=\"LEFT\" valign=\"TOP\" width=\"240\"><strong>Pr\u00e9cision de calage du compensateur<\/strong><\/td>\n<td class=\"TabelleZeile3\" align=\"RIGHT\" valign=\"TOP\" width=\"90\"><strong>\u00b10,5&Prime;<\/strong><\/td>\n<td class=\"TabelleZeile3\" align=\"RIGHT\" valign=\"TOP\" width=\"90\"><strong>\u00b10,5&Prime;<\/strong><\/td>\n<td class=\"TabelleZeile3\" align=\"RIGHT\" valign=\"TOP\" width=\"90\"><strong>\u00b10,4&Prime;<\/strong><\/td>\n<td class=\"TabelleZeile3\" align=\"RIGHT\" valign=\"TOP\" width=\"90\"><strong>\u00b10,3&Prime;<\/strong><\/td>\n<\/tr>\n<tr>\n<td class=\"TabelleZeile2\" align=\"LEFT\" valign=\"TOP\" width=\"240\"><strong>Cercle gradu\u00e9<\/strong><\/td>\n<td class=\"TabelleZeile2\" align=\"RIGHT\" valign=\"TOP\" width=\"90\"><strong>400 gon<\/strong><\/td>\n<td class=\"TabelleZeile2\" align=\"RIGHT\" valign=\"TOP\" width=\"90\"><strong>400 gon<\/strong><\/td>\n<td class=\"TabelleZeile2\" align=\"RIGHT\" valign=\"TOP\" width=\"90\"><strong>400 gon<\/strong><\/td>\n<td class=\"TabelleZeile2\" align=\"RIGHT\" valign=\"TOP\" width=\"90\"><strong>400 gon<\/strong><\/td>\n<\/tr>\n<tr>\n<td class=\"TabelleZeile3\" align=\"LEFT\" valign=\"TOP\" width=\"240\"><strong>Sensibilit\u00e9 de la nivelle sph\u00e9rique<\/strong><\/td>\n<td class=\"TabelleZeile3\" align=\"RIGHT\" valign=\"TOP\" width=\"90\"><strong>8&rsquo;\/2 mm<\/strong><\/td>\n<td class=\"TabelleZeile3\" align=\"RIGHT\" valign=\"TOP\" width=\"90\"><strong>8&rsquo;\/2 mm<\/strong><\/td>\n<td class=\"TabelleZeile3\" align=\"RIGHT\" valign=\"TOP\" width=\"90\"><strong>8&rsquo;\/2 mm<\/strong><\/td>\n<td class=\"TabelleZeile3\" align=\"RIGHT\" valign=\"TOP\" width=\"90\"><strong>8&rsquo;\/2 mm<\/strong><\/td>\n<\/tr>\n<tr>\n<td class=\"TabelleZeile2\" align=\"LEFT\" valign=\"TOP\" width=\"240\"><strong>Pr\u00e9cision pour un nivellement\u00a0<\/strong><br \/>\n<strong>double sur 1 km<\/strong><\/td>\n<td class=\"TabelleZeile2\" align=\"RIGHT\" valign=\"TOP\" width=\"90\"><strong>\u00b12,5 mm<\/strong><\/td>\n<td class=\"TabelleZeile2\" align=\"RIGHT\" valign=\"TOP\" width=\"90\"><strong>\u00b12,0 mm<\/strong><\/td>\n<td class=\"TabelleZeile2\" align=\"RIGHT\" valign=\"TOP\" width=\"90\"><strong>\u00b11,5 mm<\/strong><\/td>\n<td class=\"TabelleZeile2\" align=\"RIGHT\" valign=\"TOP\" width=\"90\"><strong>\u00b11,0 mm<\/strong><\/td>\n<\/tr>\n<tr>\n<td class=\"TabelleZeile3\" align=\"LEFT\" valign=\"TOP\" width=\"240\"><strong>Etanch\u00e9it\u00e9<\/strong><\/td>\n<td class=\"TabelleZeile3\" align=\"RIGHT\" valign=\"TOP\" width=\"90\"><strong>IP 54<\/strong><\/td>\n<td class=\"TabelleZeile3\" align=\"RIGHT\" valign=\"TOP\" width=\"90\"><strong>IP 54<\/strong><\/td>\n<td class=\"TabelleZeile3\" align=\"RIGHT\" valign=\"TOP\" width=\"90\"><strong>IP 54<\/strong><\/td>\n<td class=\"TabelleZeile3\" align=\"RIGHT\" valign=\"TOP\" width=\"90\"><strong><br \/>\nIP 54<\/strong><\/td>\n<\/tr>\n<tr>\n<td class=\"TabelleZeile2\" align=\"LEFT\" valign=\"TOP\" width=\"240\"><strong>Poids<\/strong><\/td>\n<td class=\"TabelleZeile2\" align=\"RIGHT\" valign=\"TOP\" width=\"90\"><strong>1,7 kg<\/strong><\/td>\n<td class=\"TabelleZeile2\" align=\"RIGHT\" valign=\"TOP\" width=\"90\"><strong>1,7 kg<\/strong><\/td>\n<td class=\"TabelleZeile2\" align=\"RIGHT\" valign=\"TOP\" width=\"90\"><strong>1,7 kg<\/strong><\/td>\n<td class=\"TabelleZeile2\" align=\"RIGHT\" valign=\"TOP\" width=\"90\"><strong>1,7 kg<\/strong><\/td>\n<\/tr>\n<tr>\n<td class=\"TabelleZeile3\" align=\"LEFT\" valign=\"TOP\" width=\"240\"><strong>Raccord filet\u00e9<\/strong><\/td>\n<td class=\"TabelleZeile3\" align=\"RIGHT\" valign=\"TOP\" width=\"90\"><strong>5\/8&Prime;<\/strong><\/td>\n<td class=\"TabelleZeile3\" align=\"RIGHT\" valign=\"TOP\" width=\"90\"><strong>5\/8&Prime;<\/strong><\/td>\n<td class=\"TabelleZeile3\" align=\"RIGHT\" valign=\"TOP\" width=\"90\"><strong>5\/8&Prime;<\/strong><\/td>\n<td class=\"TabelleZeile3\" align=\"RIGHT\" valign=\"TOP\" width=\"90\"><strong>5\/8&Prime;<\/strong><\/td>\n<\/tr>\n<tr>\n<td class=\"TabelleZeile2\" align=\"LEFT\" valign=\"TOP\" width=\"240\"><strong>R\u00e9f.<\/strong><\/td>\n<td class=\"TabelleZeile2\" align=\"RIGHT\" valign=\"TOP\" width=\"90\"><strong>460770-613<\/strong><\/td>\n<td class=\"TabelleZeile2\" align=\"RIGHT\" valign=\"TOP\" width=\"90\"><strong>460745-613<\/strong><\/td>\n<td class=\"TabelleZeile2\" align=\"RIGHT\" valign=\"TOP\" width=\"90\"><strong>460787-613<\/strong><\/td>\n<td class=\"TabelleZeile2\" align=\"RIGHT\" valign=\"TOP\" width=\"90\"><strong>460792-613<\/strong><\/td>\n<\/tr>\n<tr>\n<td class=\"TabelleZeile3\" align=\"LEFT\" valign=\"TOP\" width=\"240\"><strong>R\u00e9f. kit \u00e0 niveler*<\/strong><\/td>\n<td class=\"TabelleZeile3\" align=\"RIGHT\" valign=\"TOP\" width=\"90\"><strong>462205<\/strong><\/td>\n<td class=\"TabelleZeile3\" align=\"RIGHT\" valign=\"TOP\" width=\"90\"><strong>462245<\/strong><\/td>\n<td class=\"TabelleZeile3\" align=\"RIGHT\" valign=\"TOP\" width=\"90\"><strong>462285<\/strong><\/td>\n<td class=\"TabelleZeile3\" align=\"RIGHT\" valign=\"TOP\" width=\"90\"><strong>462325<\/strong><\/td>\n<\/tr>\n<\/tbody>\n<\/table>\n<\/div>\n<div class=\"STYLE_11\" align=\"LEFT\"><strong>* Kit \u00e0 niveler pour niveaux s\u00e9rie X :<\/strong><br \/>\n<strong>&#8211; Niveau de chantier X20\/X24<\/strong><br \/>\n<strong>&#8211; Mire t\u00e9lescopique 5 m et \u00e9tui, R\u00e9f. 345 122-613<\/strong><br \/>\n<strong>&#8211; Tr\u00e9pied en aluminium, R\u00e9f. 200 215-613<\/strong><\/div>\n<h3><strong>Documentation :<\/strong><\/h3>\n<ul>\n<li><a href=\"http:\/\/laserins.fr\/wp-content\/uploads\/2019\/07\/fr-niveaux-serie-x.pdf\"><strong>Fiche\u00a0 produit Pack niveau NEDO 462325<\/strong><\/a><\/li>\n<\/ul>\n","protected":false},"excerpt":{"rendered":"<p>Les niveaux X Nedo sont des niveaux de chantier de\u00a0 grande qualit\u00e9 qui r\u00e9pondent aux exigences les plus\u00a0s\u00e9v\u00e8res. L\u2019optique particuli\u00e8rement lumineuse avec\u00a0 objectif de grand diam\u00e8tre, le robuste compensateur\u00a0 \u00e0&hellip;<\/p>\n","protected":false},"featured_media":2705,"comment_status":"closed","ping_status":"closed","template":"","meta":[],"product_cat":[30],"product_tag":[],"class_list":{"0":"post-2704","1":"product","2":"type-product","3":"status-publish","4":"has-post-thumbnail","6":"product_cat-theodolites-niveaux","7":"","9":"first","10":"instock","11":"taxable","12":"shipping-taxable","13":"product-type-simple"},"yoast_head":"<!-- This site is optimized with the Yoast SEO plugin v24.7 - https:\/\/yoast.com\/wordpress\/plugins\/seo\/ -->\n<title>Pack niveau NEDO - LASER ELECTRONIQUE TP<\/title>\n<meta name=\"robots\" content=\"index, follow, max-snippet:-1, max-image-preview:large, max-video-preview:-1\" \/>\n<link rel=\"canonical\" href=\"https:\/\/laserelectronique.com\/?product=pack-niveau-nedo\" \/>\n<meta property=\"og:locale\" content=\"fr_FR\" \/>\n<meta property=\"og:type\" content=\"article\" \/>\n<meta property=\"og:title\" content=\"Pack niveau NEDO - LASER ELECTRONIQUE TP\" \/>\n<meta property=\"og:description\" content=\"Les niveaux X Nedo sont des niveaux de chantier de\u00a0 grande qualit\u00e9 qui r\u00e9pondent aux exigences les plus\u00a0s\u00e9v\u00e8res. L\u2019optique particuli\u00e8rement lumineuse avec\u00a0 objectif de grand diam\u00e8tre, le robuste compensateur\u00a0 \u00e0&hellip;\" \/>\n<meta property=\"og:url\" content=\"https:\/\/laserelectronique.com\/?product=pack-niveau-nedo\" \/>\n<meta property=\"og:site_name\" content=\"LASER ELECTRONIQUE TP\" \/>\n<meta property=\"article:modified_time\" content=\"2022-07-27T09:44:36+00:00\" \/>\n<meta property=\"og:image\" content=\"https:\/\/laserelectronique.com\/wp-content\/uploads\/2019\/08\/462325-1024x1024.png\" \/>\n\t<meta property=\"og:image:width\" content=\"1024\" \/>\n\t<meta property=\"og:image:height\" content=\"1024\" \/>\n\t<meta property=\"og:image:type\" content=\"image\/png\" \/>\n<meta name=\"twitter:card\" content=\"summary_large_image\" \/>\n<meta name=\"twitter:label1\" content=\"Dur\u00e9e de lecture estim\u00e9e\" \/>\n\t<meta name=\"twitter:data1\" content=\"1 minute\" \/>\n<script type=\"application\/ld+json\" class=\"yoast-schema-graph\">{\"@context\":\"https:\/\/schema.org\",\"@graph\":[{\"@type\":\"WebPage\",\"@id\":\"https:\/\/laserelectronique.com\/?product=pack-niveau-nedo\",\"url\":\"https:\/\/laserelectronique.com\/?product=pack-niveau-nedo\",\"name\":\"Pack niveau NEDO - LASER ELECTRONIQUE TP\",\"isPartOf\":{\"@id\":\"https:\/\/laserelectronique.com\/#website\"},\"primaryImageOfPage\":{\"@id\":\"https:\/\/laserelectronique.com\/?product=pack-niveau-nedo#primaryimage\"},\"image\":{\"@id\":\"https:\/\/laserelectronique.com\/?product=pack-niveau-nedo#primaryimage\"},\"thumbnailUrl\":\"https:\/\/laserelectronique.com\/wp-content\/uploads\/2019\/08\/462325.png\",\"datePublished\":\"2019-08-11T13:02:35+00:00\",\"dateModified\":\"2022-07-27T09:44:36+00:00\",\"breadcrumb\":{\"@id\":\"https:\/\/laserelectronique.com\/?product=pack-niveau-nedo#breadcrumb\"},\"inLanguage\":\"fr-FR\",\"potentialAction\":[{\"@type\":\"ReadAction\",\"target\":[\"https:\/\/laserelectronique.com\/?product=pack-niveau-nedo\"]}]},{\"@type\":\"ImageObject\",\"inLanguage\":\"fr-FR\",\"@id\":\"https:\/\/laserelectronique.com\/?product=pack-niveau-nedo#primaryimage\",\"url\":\"https:\/\/laserelectronique.com\/wp-content\/uploads\/2019\/08\/462325.png\",\"contentUrl\":\"https:\/\/laserelectronique.com\/wp-content\/uploads\/2019\/08\/462325.png\",\"width\":2400,\"height\":2400},{\"@type\":\"BreadcrumbList\",\"@id\":\"https:\/\/laserelectronique.com\/?product=pack-niveau-nedo#breadcrumb\",\"itemListElement\":[{\"@type\":\"ListItem\",\"position\":1,\"name\":\"Accueil\",\"item\":\"https:\/\/laserelectronique.com\/\"},{\"@type\":\"ListItem\",\"position\":2,\"name\":\"Boutique\",\"item\":\"https:\/\/laserelectronique.com\/?page_id=7\"},{\"@type\":\"ListItem\",\"position\":3,\"name\":\"Pack niveau NEDO\"}]},{\"@type\":\"WebSite\",\"@id\":\"https:\/\/laserelectronique.com\/#website\",\"url\":\"https:\/\/laserelectronique.com\/\",\"name\":\"LASER ELECTRONIQUE TP\",\"description\":\"VOTRE PARTENAIRE EN GUIDAGE D&#039;ENGINS, TOPOGRAPHIE ET SERVICES\",\"potentialAction\":[{\"@type\":\"SearchAction\",\"target\":{\"@type\":\"EntryPoint\",\"urlTemplate\":\"https:\/\/laserelectronique.com\/?s={search_term_string}\"},\"query-input\":{\"@type\":\"PropertyValueSpecification\",\"valueRequired\":true,\"valueName\":\"search_term_string\"}}],\"inLanguage\":\"fr-FR\"}]}<\/script>\n<!-- \/ Yoast SEO plugin. -->","yoast_head_json":{"title":"Pack niveau NEDO - LASER ELECTRONIQUE TP","robots":{"index":"index","follow":"follow","max-snippet":"max-snippet:-1","max-image-preview":"max-image-preview:large","max-video-preview":"max-video-preview:-1"},"canonical":"https:\/\/laserelectronique.com\/?product=pack-niveau-nedo","og_locale":"fr_FR","og_type":"article","og_title":"Pack niveau NEDO - LASER ELECTRONIQUE TP","og_description":"Les niveaux X Nedo sont des niveaux de chantier de\u00a0 grande qualit\u00e9 qui r\u00e9pondent aux exigences les plus\u00a0s\u00e9v\u00e8res. L\u2019optique particuli\u00e8rement lumineuse avec\u00a0 objectif de grand diam\u00e8tre, le robuste compensateur\u00a0 \u00e0&hellip;","og_url":"https:\/\/laserelectronique.com\/?product=pack-niveau-nedo","og_site_name":"LASER ELECTRONIQUE TP","article_modified_time":"2022-07-27T09:44:36+00:00","og_image":[{"width":1024,"height":1024,"url":"https:\/\/laserelectronique.com\/wp-content\/uploads\/2019\/08\/462325-1024x1024.png","type":"image\/png"}],"twitter_card":"summary_large_image","twitter_misc":{"Dur\u00e9e de lecture estim\u00e9e":"1 minute"},"schema":{"@context":"https:\/\/schema.org","@graph":[{"@type":"WebPage","@id":"https:\/\/laserelectronique.com\/?product=pack-niveau-nedo","url":"https:\/\/laserelectronique.com\/?product=pack-niveau-nedo","name":"Pack niveau NEDO - LASER ELECTRONIQUE TP","isPartOf":{"@id":"https:\/\/laserelectronique.com\/#website"},"primaryImageOfPage":{"@id":"https:\/\/laserelectronique.com\/?product=pack-niveau-nedo#primaryimage"},"image":{"@id":"https:\/\/laserelectronique.com\/?product=pack-niveau-nedo#primaryimage"},"thumbnailUrl":"https:\/\/laserelectronique.com\/wp-content\/uploads\/2019\/08\/462325.png","datePublished":"2019-08-11T13:02:35+00:00","dateModified":"2022-07-27T09:44:36+00:00","breadcrumb":{"@id":"https:\/\/laserelectronique.com\/?product=pack-niveau-nedo#breadcrumb"},"inLanguage":"fr-FR","potentialAction":[{"@type":"ReadAction","target":["https:\/\/laserelectronique.com\/?product=pack-niveau-nedo"]}]},{"@type":"ImageObject","inLanguage":"fr-FR","@id":"https:\/\/laserelectronique.com\/?product=pack-niveau-nedo#primaryimage","url":"https:\/\/laserelectronique.com\/wp-content\/uploads\/2019\/08\/462325.png","contentUrl":"https:\/\/laserelectronique.com\/wp-content\/uploads\/2019\/08\/462325.png","width":2400,"height":2400},{"@type":"BreadcrumbList","@id":"https:\/\/laserelectronique.com\/?product=pack-niveau-nedo#breadcrumb","itemListElement":[{"@type":"ListItem","position":1,"name":"Accueil","item":"https:\/\/laserelectronique.com\/"},{"@type":"ListItem","position":2,"name":"Boutique","item":"https:\/\/laserelectronique.com\/?page_id=7"},{"@type":"ListItem","position":3,"name":"Pack niveau NEDO"}]},{"@type":"WebSite","@id":"https:\/\/laserelectronique.com\/#website","url":"https:\/\/laserelectronique.com\/","name":"LASER ELECTRONIQUE TP","description":"VOTRE PARTENAIRE EN GUIDAGE D&#039;ENGINS, TOPOGRAPHIE ET SERVICES","potentialAction":[{"@type":"SearchAction","target":{"@type":"EntryPoint","urlTemplate":"https:\/\/laserelectronique.com\/?s={search_term_string}"},"query-input":{"@type":"PropertyValueSpecification","valueRequired":true,"valueName":"search_term_string"}}],"inLanguage":"fr-FR"}]}},"_links":{"self":[{"href":"https:\/\/laserelectronique.com\/index.php?rest_route=\/wp\/v2\/product\/2704","targetHints":{"allow":["GET"]}}],"collection":[{"href":"https:\/\/laserelectronique.com\/index.php?rest_route=\/wp\/v2\/product"}],"about":[{"href":"https:\/\/laserelectronique.com\/index.php?rest_route=\/wp\/v2\/types\/product"}],"replies":[{"embeddable":true,"href":"https:\/\/laserelectronique.com\/index.php?rest_route=%2Fwp%2Fv2%2Fcomments&post=2704"}],"wp:featuredmedia":[{"embeddable":true,"href":"https:\/\/laserelectronique.com\/index.php?rest_route=\/wp\/v2\/media\/2705"}],"wp:attachment":[{"href":"https:\/\/laserelectronique.com\/index.php?rest_route=%2Fwp%2Fv2%2Fmedia&parent=2704"}],"wp:term":[{"taxonomy":"product_cat","embeddable":true,"href":"https:\/\/laserelectronique.com\/index.php?rest_route=%2Fwp%2Fv2%2Fproduct_cat&post=2704"},{"taxonomy":"product_tag","embeddable":true,"href":"https:\/\/laserelectronique.com\/index.php?rest_route=%2Fwp%2Fv2%2Fproduct_tag&post=2704"}],"curies":[{"name":"wp","href":"https:\/\/api.w.org\/{rel}","templated":true}]}}