{"id":2700,"date":"2019-08-11T10:23:10","date_gmt":"2019-08-11T08:23:10","guid":{"rendered":"http:\/\/laserelectronique.com\/?post_type=product&#038;p=2700"},"modified":"2022-07-27T11:53:03","modified_gmt":"2022-07-27T09:53:03","slug":"niveau-atb4-topcon","status":"publish","type":"product","link":"https:\/\/laserelectronique.com\/?product=niveau-atb4-topcon","title":{"rendered":"Niveau ATB4 Topcon"},"content":{"rendered":"<h3>Nivellement ultra rapide avec ligne de vis\u00e9e stabilit\u00e9<\/h3>\n<p><strong>Gr\u00e2ce \u00e0 ce syst\u00e8me d\u2019auto collimation \u00e0 r\u00e9glage fin, la ligne de niveaux automatiques AT-B de Topcon est l\u2019appareil id\u00e9al pour d\u00e9terminer les diff\u00e9rentiels de hauteur sur les chantiers bruyants et tr\u00e8s fr\u00e9quent\u00e9s.<\/strong><\/p>\n<p><img loading=\"lazy\" decoding=\"async\" class=\"size-full wp-image-2782 alignright\" src=\"http:\/\/laserins.fr\/wp-content\/uploads\/2019\/07\/ATB4-1.png\" alt=\"\" width=\"273\" height=\"256\" \/><\/p>\n<p><strong>\u2022 Trois mod\u00e8les de grossissement : 32, 28 ou 24x<\/strong><br \/>\n<strong>\u2022 Compensation automatique rapide, pr\u00e9cise et stable<\/strong><br \/>\n<strong>\u2022 Mise au point ultra-courte 20\u00a0cm<\/strong><br \/>\n<strong>\u2022 Fiabilit\u00e9 par tous temps<\/strong><br \/>\n<strong>\u2022 Infinit\u00e9 d\u2019ajustements horizontaux\u00a0pr\u00e9cis<\/strong><\/p>\n<p>&nbsp;<\/p>\n<p><strong>Documentation :<\/strong><\/p>\n<ul>\n<li><a href=\"http:\/\/laserins.fr\/wp-content\/uploads\/2019\/07\/Brochure-atb.pdf\"><strong>Brochure ATB<\/strong><\/a><\/li>\n<\/ul>\n","protected":false},"excerpt":{"rendered":"<p>Nivellement ultra rapide avec ligne de vis\u00e9e stabilit\u00e9 Gr\u00e2ce \u00e0 ce syst\u00e8me d\u2019auto collimation \u00e0 r\u00e9glage fin, la ligne de niveaux automatiques AT-B de Topcon est l\u2019appareil id\u00e9al pour d\u00e9terminer&hellip;<\/p>\n","protected":false},"featured_media":2699,"comment_status":"closed","ping_status":"closed","template":"","meta":[],"product_cat":[86,30],"product_tag":[],"class_list":{"0":"post-2700","1":"product","2":"type-product","3":"status-publish","4":"has-post-thumbnail","6":"product_cat-promotions-topo","7":"product_cat-theodolites-niveaux","8":"","10":"first","11":"instock","12":"taxable","13":"shipping-taxable","14":"product-type-simple"},"yoast_head":"<!-- This site is optimized with the Yoast SEO plugin v24.7 - https:\/\/yoast.com\/wordpress\/plugins\/seo\/ -->\n<title>Niveau ATB4 Topcon - LASER ELECTRONIQUE TP<\/title>\n<meta name=\"robots\" content=\"index, follow, max-snippet:-1, max-image-preview:large, max-video-preview:-1\" \/>\n<link rel=\"canonical\" href=\"https:\/\/laserelectronique.com\/?product=niveau-atb4-topcon\" \/>\n<meta property=\"og:locale\" content=\"fr_FR\" \/>\n<meta property=\"og:type\" content=\"article\" \/>\n<meta property=\"og:title\" content=\"Niveau ATB4 Topcon - LASER ELECTRONIQUE TP\" \/>\n<meta property=\"og:description\" content=\"Nivellement ultra rapide avec ligne de vis\u00e9e stabilit\u00e9 Gr\u00e2ce \u00e0 ce syst\u00e8me d\u2019auto collimation \u00e0 r\u00e9glage fin, la ligne de niveaux automatiques AT-B de Topcon est l\u2019appareil id\u00e9al pour d\u00e9terminer&hellip;\" \/>\n<meta property=\"og:url\" content=\"https:\/\/laserelectronique.com\/?product=niveau-atb4-topcon\" \/>\n<meta property=\"og:site_name\" content=\"LASER ELECTRONIQUE TP\" \/>\n<meta property=\"article:modified_time\" content=\"2022-07-27T09:53:03+00:00\" \/>\n<meta property=\"og:image\" content=\"https:\/\/laserelectronique.com\/wp-content\/uploads\/2019\/08\/ATB4bis.png\" \/>\n\t<meta property=\"og:image:width\" content=\"300\" \/>\n\t<meta property=\"og:image:height\" content=\"300\" \/>\n\t<meta property=\"og:image:type\" content=\"image\/png\" \/>\n<meta name=\"twitter:card\" content=\"summary_large_image\" \/>\n<script type=\"application\/ld+json\" class=\"yoast-schema-graph\">{\"@context\":\"https:\/\/schema.org\",\"@graph\":[{\"@type\":\"WebPage\",\"@id\":\"https:\/\/laserelectronique.com\/?product=niveau-atb4-topcon\",\"url\":\"https:\/\/laserelectronique.com\/?product=niveau-atb4-topcon\",\"name\":\"Niveau ATB4 Topcon - LASER ELECTRONIQUE TP\",\"isPartOf\":{\"@id\":\"https:\/\/laserelectronique.com\/#website\"},\"primaryImageOfPage\":{\"@id\":\"https:\/\/laserelectronique.com\/?product=niveau-atb4-topcon#primaryimage\"},\"image\":{\"@id\":\"https:\/\/laserelectronique.com\/?product=niveau-atb4-topcon#primaryimage\"},\"thumbnailUrl\":\"https:\/\/laserelectronique.com\/wp-content\/uploads\/2019\/08\/ATB4bis.png\",\"datePublished\":\"2019-08-11T08:23:10+00:00\",\"dateModified\":\"2022-07-27T09:53:03+00:00\",\"breadcrumb\":{\"@id\":\"https:\/\/laserelectronique.com\/?product=niveau-atb4-topcon#breadcrumb\"},\"inLanguage\":\"fr-FR\",\"potentialAction\":[{\"@type\":\"ReadAction\",\"target\":[\"https:\/\/laserelectronique.com\/?product=niveau-atb4-topcon\"]}]},{\"@type\":\"ImageObject\",\"inLanguage\":\"fr-FR\",\"@id\":\"https:\/\/laserelectronique.com\/?product=niveau-atb4-topcon#primaryimage\",\"url\":\"https:\/\/laserelectronique.com\/wp-content\/uploads\/2019\/08\/ATB4bis.png\",\"contentUrl\":\"https:\/\/laserelectronique.com\/wp-content\/uploads\/2019\/08\/ATB4bis.png\",\"width\":300,\"height\":300},{\"@type\":\"BreadcrumbList\",\"@id\":\"https:\/\/laserelectronique.com\/?product=niveau-atb4-topcon#breadcrumb\",\"itemListElement\":[{\"@type\":\"ListItem\",\"position\":1,\"name\":\"Accueil\",\"item\":\"https:\/\/laserelectronique.com\/\"},{\"@type\":\"ListItem\",\"position\":2,\"name\":\"Boutique\",\"item\":\"https:\/\/laserelectronique.com\/?page_id=7\"},{\"@type\":\"ListItem\",\"position\":3,\"name\":\"Niveau ATB4 Topcon\"}]},{\"@type\":\"WebSite\",\"@id\":\"https:\/\/laserelectronique.com\/#website\",\"url\":\"https:\/\/laserelectronique.com\/\",\"name\":\"LASER ELECTRONIQUE TP\",\"description\":\"VOTRE PARTENAIRE EN GUIDAGE D&#039;ENGINS, TOPOGRAPHIE ET SERVICES\",\"potentialAction\":[{\"@type\":\"SearchAction\",\"target\":{\"@type\":\"EntryPoint\",\"urlTemplate\":\"https:\/\/laserelectronique.com\/?s={search_term_string}\"},\"query-input\":{\"@type\":\"PropertyValueSpecification\",\"valueRequired\":true,\"valueName\":\"search_term_string\"}}],\"inLanguage\":\"fr-FR\"}]}<\/script>\n<!-- \/ Yoast SEO plugin. -->","yoast_head_json":{"title":"Niveau ATB4 Topcon - LASER ELECTRONIQUE TP","robots":{"index":"index","follow":"follow","max-snippet":"max-snippet:-1","max-image-preview":"max-image-preview:large","max-video-preview":"max-video-preview:-1"},"canonical":"https:\/\/laserelectronique.com\/?product=niveau-atb4-topcon","og_locale":"fr_FR","og_type":"article","og_title":"Niveau ATB4 Topcon - LASER ELECTRONIQUE TP","og_description":"Nivellement ultra rapide avec ligne de vis\u00e9e stabilit\u00e9 Gr\u00e2ce \u00e0 ce syst\u00e8me d\u2019auto collimation \u00e0 r\u00e9glage fin, la ligne de niveaux automatiques AT-B de Topcon est l\u2019appareil id\u00e9al pour d\u00e9terminer&hellip;","og_url":"https:\/\/laserelectronique.com\/?product=niveau-atb4-topcon","og_site_name":"LASER ELECTRONIQUE TP","article_modified_time":"2022-07-27T09:53:03+00:00","og_image":[{"width":300,"height":300,"url":"https:\/\/laserelectronique.com\/wp-content\/uploads\/2019\/08\/ATB4bis.png","type":"image\/png"}],"twitter_card":"summary_large_image","schema":{"@context":"https:\/\/schema.org","@graph":[{"@type":"WebPage","@id":"https:\/\/laserelectronique.com\/?product=niveau-atb4-topcon","url":"https:\/\/laserelectronique.com\/?product=niveau-atb4-topcon","name":"Niveau ATB4 Topcon - LASER ELECTRONIQUE TP","isPartOf":{"@id":"https:\/\/laserelectronique.com\/#website"},"primaryImageOfPage":{"@id":"https:\/\/laserelectronique.com\/?product=niveau-atb4-topcon#primaryimage"},"image":{"@id":"https:\/\/laserelectronique.com\/?product=niveau-atb4-topcon#primaryimage"},"thumbnailUrl":"https:\/\/laserelectronique.com\/wp-content\/uploads\/2019\/08\/ATB4bis.png","datePublished":"2019-08-11T08:23:10+00:00","dateModified":"2022-07-27T09:53:03+00:00","breadcrumb":{"@id":"https:\/\/laserelectronique.com\/?product=niveau-atb4-topcon#breadcrumb"},"inLanguage":"fr-FR","potentialAction":[{"@type":"ReadAction","target":["https:\/\/laserelectronique.com\/?product=niveau-atb4-topcon"]}]},{"@type":"ImageObject","inLanguage":"fr-FR","@id":"https:\/\/laserelectronique.com\/?product=niveau-atb4-topcon#primaryimage","url":"https:\/\/laserelectronique.com\/wp-content\/uploads\/2019\/08\/ATB4bis.png","contentUrl":"https:\/\/laserelectronique.com\/wp-content\/uploads\/2019\/08\/ATB4bis.png","width":300,"height":300},{"@type":"BreadcrumbList","@id":"https:\/\/laserelectronique.com\/?product=niveau-atb4-topcon#breadcrumb","itemListElement":[{"@type":"ListItem","position":1,"name":"Accueil","item":"https:\/\/laserelectronique.com\/"},{"@type":"ListItem","position":2,"name":"Boutique","item":"https:\/\/laserelectronique.com\/?page_id=7"},{"@type":"ListItem","position":3,"name":"Niveau ATB4 Topcon"}]},{"@type":"WebSite","@id":"https:\/\/laserelectronique.com\/#website","url":"https:\/\/laserelectronique.com\/","name":"LASER ELECTRONIQUE TP","description":"VOTRE PARTENAIRE EN GUIDAGE D&#039;ENGINS, TOPOGRAPHIE ET SERVICES","potentialAction":[{"@type":"SearchAction","target":{"@type":"EntryPoint","urlTemplate":"https:\/\/laserelectronique.com\/?s={search_term_string}"},"query-input":{"@type":"PropertyValueSpecification","valueRequired":true,"valueName":"search_term_string"}}],"inLanguage":"fr-FR"}]}},"_links":{"self":[{"href":"https:\/\/laserelectronique.com\/index.php?rest_route=\/wp\/v2\/product\/2700","targetHints":{"allow":["GET"]}}],"collection":[{"href":"https:\/\/laserelectronique.com\/index.php?rest_route=\/wp\/v2\/product"}],"about":[{"href":"https:\/\/laserelectronique.com\/index.php?rest_route=\/wp\/v2\/types\/product"}],"replies":[{"embeddable":true,"href":"https:\/\/laserelectronique.com\/index.php?rest_route=%2Fwp%2Fv2%2Fcomments&post=2700"}],"wp:featuredmedia":[{"embeddable":true,"href":"https:\/\/laserelectronique.com\/index.php?rest_route=\/wp\/v2\/media\/2699"}],"wp:attachment":[{"href":"https:\/\/laserelectronique.com\/index.php?rest_route=%2Fwp%2Fv2%2Fmedia&parent=2700"}],"wp:term":[{"taxonomy":"product_cat","embeddable":true,"href":"https:\/\/laserelectronique.com\/index.php?rest_route=%2Fwp%2Fv2%2Fproduct_cat&post=2700"},{"taxonomy":"product_tag","embeddable":true,"href":"https:\/\/laserelectronique.com\/index.php?rest_route=%2Fwp%2Fv2%2Fproduct_tag&post=2700"}],"curies":[{"name":"wp","href":"https:\/\/api.w.org\/{rel}","templated":true}]}}