{"id":2695,"date":"2019-08-10T16:41:40","date_gmt":"2019-08-10T14:41:40","guid":{"rendered":"http:\/\/laserelectronique.com\/?post_type=product&#038;p=2695"},"modified":"2020-11-18T15:35:48","modified_gmt":"2020-11-18T14:35:48","slug":"hiper-v-topcon","status":"publish","type":"product","link":"https:\/\/laserelectronique.com\/?product=hiper-v-topcon","title":{"rendered":"HIPER V Topcon"},"content":{"rendered":"<div class=\"container\">\n<div class=\"row\">\n<div class=\"col-xs-12\">\n<div class=\"product-content-area col-xs-12 overflow-fix\">\n<div class=\"media overflow-fix\">\n<div class=\"media-body col-xs-12 col-sm-6 overflow-fix\">\n<h3 class=\"section-header no-print\">R\u00c9CEPTEURS GNSS POLYVALENT POUR LES CHANTIERS AU QUOTIDIEN<\/h3>\n<p><strong>\u00ab\u00a0V\u00a0\u00bb correspond \u00e0 versatile (polyvalent) et le r\u00e9cepteur Hiper V Topcon est id\u00e9al pour tous\u00a0vos\u00a0chantiers.<\/strong><\/p>\n<p><strong>Blind\u00e9 gr\u00e2ce \u00e0 une conception physique compacte et tr\u00e8s robuste, le r\u00e9cepteur HiPer V Topcon peut supporter n&rsquo;importe quelle condition de chantier dans laquelle il peut se retrouver. Au fur et \u00e0 mesure que vous travaillez, \u00e9coutez le r\u00e9cepteur, qui confirme son \u00e9tat et son statut en cours, gr\u00e2ce \u00e0 des commandes audio. Le r\u00e9cepteur HiPer V Topcon s&rsquo;ex\u00e9cute en toute confiance dans n&rsquo;importe quel\u00a0environnement de\u00a0projet.<\/strong><\/p>\n<p><strong>L&rsquo;HiPer V b\u00e9n\u00e9ficie de plusieurs m\u00e9thodes de communications. De\u00a0types de radio unique pour les chantiers en Base + Mobile, d&rsquo;un modem cellulaire interne rapide pour se connecter aux r\u00e9seaux permanents ce qui transforme votre HiPer V en station de r\u00e9f\u00e9rence mobile,\u00a0et du Bluetooth Long Link pour connecter votre carnet de\u00a0terrain.<\/strong><\/p>\n<p><strong>Confortablement positionn\u00e9 dans la gamme de produits GNSS moderne de Topcon, l&rsquo;Hiper V est une solution performante, compl\u00e8te et\u00a0\u00e0 un prix\u00a0abordable.<\/strong><\/p>\n<ul>\n<li><strong>Technologie Vanguard\u2122 226 Universal Channel<\/strong><\/li>\n<li><strong>Suit chaque constellation de satellite au-dessus disponible aujourd&rsquo;hui et demain<\/strong><\/li>\n<li><strong>Fence Antenna\u00ae avec suppression des parasites pour verrouiller les signaux<\/strong><\/li>\n<li><strong>Un positionnement des plus pr\u00e9cis pour le RTK, le r\u00e9seau, et plus encore<\/strong><\/li>\n<li><strong>Plusieurs configurations de communication (Bluetooth, Radio, GSM)\u00a0en fonction de vos sc\u00e9narios de projet.<\/strong><\/li>\n<\/ul>\n<\/div>\n<\/div>\n<\/div>\n<\/div>\n<\/div>\n<div class=\"row no-print\">\n<div class=\"col-xs-12 product-downloads-container\">\n<div class=\"btn-group downloads-btn\"><\/div>\n<\/div>\n<\/div>\n<\/div>\n<p><strong>DOCUMENTATION :<\/strong><\/p>\n<ul>\n<li><a href=\"https:\/\/laserelectronique.com\/wp-content\/uploads\/2019\/08\/mkg-bro-pdt-0013-1.0_hiper_v.pdf\">Documentation hiper v<\/a><\/li>\n<\/ul>\n","protected":false},"excerpt":{"rendered":"<p>R\u00c9CEPTEURS GNSS POLYVALENT POUR LES CHANTIERS AU QUOTIDIEN \u00ab\u00a0V\u00a0\u00bb correspond \u00e0 versatile (polyvalent) et le r\u00e9cepteur Hiper V Topcon est id\u00e9al pour tous\u00a0vos\u00a0chantiers. Blind\u00e9 gr\u00e2ce \u00e0 une conception physique compacte&hellip;<\/p>\n","protected":false},"featured_media":2693,"comment_status":"closed","ping_status":"closed","template":"","meta":[],"product_cat":[29,27],"product_tag":[],"class_list":{"0":"post-2695","1":"product","2":"type-product","3":"status-publish","4":"has-post-thumbnail","6":"product_cat-recepteurs-gnss","7":"product_cat-stations-totales-automatiques","8":"","10":"first","11":"instock","12":"taxable","13":"shipping-taxable","14":"product-type-simple"},"yoast_head":"<!-- This site is optimized with the Yoast SEO plugin v24.7 - https:\/\/yoast.com\/wordpress\/plugins\/seo\/ -->\n<title>HIPER V Topcon - LASER ELECTRONIQUE TP<\/title>\n<meta name=\"robots\" content=\"index, follow, max-snippet:-1, max-image-preview:large, max-video-preview:-1\" \/>\n<link rel=\"canonical\" href=\"https:\/\/laserelectronique.com\/?product=hiper-v-topcon\" \/>\n<meta property=\"og:locale\" content=\"fr_FR\" \/>\n<meta property=\"og:type\" content=\"article\" \/>\n<meta property=\"og:title\" content=\"HIPER V Topcon - LASER ELECTRONIQUE TP\" \/>\n<meta property=\"og:description\" content=\"R\u00c9CEPTEURS GNSS POLYVALENT POUR LES CHANTIERS AU QUOTIDIEN \u00ab\u00a0V\u00a0\u00bb correspond \u00e0 versatile (polyvalent) et le r\u00e9cepteur Hiper V Topcon est id\u00e9al pour tous\u00a0vos\u00a0chantiers. Blind\u00e9 gr\u00e2ce \u00e0 une conception physique compacte&hellip;\" \/>\n<meta property=\"og:url\" content=\"https:\/\/laserelectronique.com\/?product=hiper-v-topcon\" \/>\n<meta property=\"og:site_name\" content=\"LASER ELECTRONIQUE TP\" \/>\n<meta property=\"article:modified_time\" content=\"2020-11-18T14:35:48+00:00\" \/>\n<meta property=\"og:image\" content=\"https:\/\/laserelectronique.com\/wp-content\/uploads\/2019\/08\/gnss_hiper_v.png\" \/>\n\t<meta property=\"og:image:width\" content=\"500\" \/>\n\t<meta property=\"og:image:height\" content=\"500\" \/>\n\t<meta property=\"og:image:type\" content=\"image\/png\" \/>\n<meta name=\"twitter:card\" content=\"summary_large_image\" \/>\n<meta name=\"twitter:label1\" content=\"Dur\u00e9e de lecture estim\u00e9e\" \/>\n\t<meta name=\"twitter:data1\" content=\"1 minute\" \/>\n<script type=\"application\/ld+json\" class=\"yoast-schema-graph\">{\"@context\":\"https:\/\/schema.org\",\"@graph\":[{\"@type\":\"WebPage\",\"@id\":\"https:\/\/laserelectronique.com\/?product=hiper-v-topcon\",\"url\":\"https:\/\/laserelectronique.com\/?product=hiper-v-topcon\",\"name\":\"HIPER V Topcon - LASER ELECTRONIQUE TP\",\"isPartOf\":{\"@id\":\"https:\/\/laserelectronique.com\/#website\"},\"primaryImageOfPage\":{\"@id\":\"https:\/\/laserelectronique.com\/?product=hiper-v-topcon#primaryimage\"},\"image\":{\"@id\":\"https:\/\/laserelectronique.com\/?product=hiper-v-topcon#primaryimage\"},\"thumbnailUrl\":\"https:\/\/laserelectronique.com\/wp-content\/uploads\/2019\/08\/gnss_hiper_v.png\",\"datePublished\":\"2019-08-10T14:41:40+00:00\",\"dateModified\":\"2020-11-18T14:35:48+00:00\",\"breadcrumb\":{\"@id\":\"https:\/\/laserelectronique.com\/?product=hiper-v-topcon#breadcrumb\"},\"inLanguage\":\"fr-FR\",\"potentialAction\":[{\"@type\":\"ReadAction\",\"target\":[\"https:\/\/laserelectronique.com\/?product=hiper-v-topcon\"]}]},{\"@type\":\"ImageObject\",\"inLanguage\":\"fr-FR\",\"@id\":\"https:\/\/laserelectronique.com\/?product=hiper-v-topcon#primaryimage\",\"url\":\"https:\/\/laserelectronique.com\/wp-content\/uploads\/2019\/08\/gnss_hiper_v.png\",\"contentUrl\":\"https:\/\/laserelectronique.com\/wp-content\/uploads\/2019\/08\/gnss_hiper_v.png\",\"width\":500,\"height\":500},{\"@type\":\"BreadcrumbList\",\"@id\":\"https:\/\/laserelectronique.com\/?product=hiper-v-topcon#breadcrumb\",\"itemListElement\":[{\"@type\":\"ListItem\",\"position\":1,\"name\":\"Accueil\",\"item\":\"https:\/\/laserelectronique.com\/\"},{\"@type\":\"ListItem\",\"position\":2,\"name\":\"Boutique\",\"item\":\"https:\/\/laserelectronique.com\/?page_id=7\"},{\"@type\":\"ListItem\",\"position\":3,\"name\":\"HIPER V Topcon\"}]},{\"@type\":\"WebSite\",\"@id\":\"https:\/\/laserelectronique.com\/#website\",\"url\":\"https:\/\/laserelectronique.com\/\",\"name\":\"LASER ELECTRONIQUE TP\",\"description\":\"VOTRE PARTENAIRE EN GUIDAGE D&#039;ENGINS, TOPOGRAPHIE ET SERVICES\",\"potentialAction\":[{\"@type\":\"SearchAction\",\"target\":{\"@type\":\"EntryPoint\",\"urlTemplate\":\"https:\/\/laserelectronique.com\/?s={search_term_string}\"},\"query-input\":{\"@type\":\"PropertyValueSpecification\",\"valueRequired\":true,\"valueName\":\"search_term_string\"}}],\"inLanguage\":\"fr-FR\"}]}<\/script>\n<!-- \/ Yoast SEO plugin. -->","yoast_head_json":{"title":"HIPER V Topcon - LASER ELECTRONIQUE TP","robots":{"index":"index","follow":"follow","max-snippet":"max-snippet:-1","max-image-preview":"max-image-preview:large","max-video-preview":"max-video-preview:-1"},"canonical":"https:\/\/laserelectronique.com\/?product=hiper-v-topcon","og_locale":"fr_FR","og_type":"article","og_title":"HIPER V Topcon - LASER ELECTRONIQUE TP","og_description":"R\u00c9CEPTEURS GNSS POLYVALENT POUR LES CHANTIERS AU QUOTIDIEN \u00ab\u00a0V\u00a0\u00bb correspond \u00e0 versatile (polyvalent) et le r\u00e9cepteur Hiper V Topcon est id\u00e9al pour tous\u00a0vos\u00a0chantiers. Blind\u00e9 gr\u00e2ce \u00e0 une conception physique compacte&hellip;","og_url":"https:\/\/laserelectronique.com\/?product=hiper-v-topcon","og_site_name":"LASER ELECTRONIQUE TP","article_modified_time":"2020-11-18T14:35:48+00:00","og_image":[{"width":500,"height":500,"url":"https:\/\/laserelectronique.com\/wp-content\/uploads\/2019\/08\/gnss_hiper_v.png","type":"image\/png"}],"twitter_card":"summary_large_image","twitter_misc":{"Dur\u00e9e de lecture estim\u00e9e":"1 minute"},"schema":{"@context":"https:\/\/schema.org","@graph":[{"@type":"WebPage","@id":"https:\/\/laserelectronique.com\/?product=hiper-v-topcon","url":"https:\/\/laserelectronique.com\/?product=hiper-v-topcon","name":"HIPER V Topcon - LASER ELECTRONIQUE TP","isPartOf":{"@id":"https:\/\/laserelectronique.com\/#website"},"primaryImageOfPage":{"@id":"https:\/\/laserelectronique.com\/?product=hiper-v-topcon#primaryimage"},"image":{"@id":"https:\/\/laserelectronique.com\/?product=hiper-v-topcon#primaryimage"},"thumbnailUrl":"https:\/\/laserelectronique.com\/wp-content\/uploads\/2019\/08\/gnss_hiper_v.png","datePublished":"2019-08-10T14:41:40+00:00","dateModified":"2020-11-18T14:35:48+00:00","breadcrumb":{"@id":"https:\/\/laserelectronique.com\/?product=hiper-v-topcon#breadcrumb"},"inLanguage":"fr-FR","potentialAction":[{"@type":"ReadAction","target":["https:\/\/laserelectronique.com\/?product=hiper-v-topcon"]}]},{"@type":"ImageObject","inLanguage":"fr-FR","@id":"https:\/\/laserelectronique.com\/?product=hiper-v-topcon#primaryimage","url":"https:\/\/laserelectronique.com\/wp-content\/uploads\/2019\/08\/gnss_hiper_v.png","contentUrl":"https:\/\/laserelectronique.com\/wp-content\/uploads\/2019\/08\/gnss_hiper_v.png","width":500,"height":500},{"@type":"BreadcrumbList","@id":"https:\/\/laserelectronique.com\/?product=hiper-v-topcon#breadcrumb","itemListElement":[{"@type":"ListItem","position":1,"name":"Accueil","item":"https:\/\/laserelectronique.com\/"},{"@type":"ListItem","position":2,"name":"Boutique","item":"https:\/\/laserelectronique.com\/?page_id=7"},{"@type":"ListItem","position":3,"name":"HIPER V Topcon"}]},{"@type":"WebSite","@id":"https:\/\/laserelectronique.com\/#website","url":"https:\/\/laserelectronique.com\/","name":"LASER ELECTRONIQUE TP","description":"VOTRE PARTENAIRE EN GUIDAGE D&#039;ENGINS, TOPOGRAPHIE ET SERVICES","potentialAction":[{"@type":"SearchAction","target":{"@type":"EntryPoint","urlTemplate":"https:\/\/laserelectronique.com\/?s={search_term_string}"},"query-input":{"@type":"PropertyValueSpecification","valueRequired":true,"valueName":"search_term_string"}}],"inLanguage":"fr-FR"}]}},"_links":{"self":[{"href":"https:\/\/laserelectronique.com\/index.php?rest_route=\/wp\/v2\/product\/2695","targetHints":{"allow":["GET"]}}],"collection":[{"href":"https:\/\/laserelectronique.com\/index.php?rest_route=\/wp\/v2\/product"}],"about":[{"href":"https:\/\/laserelectronique.com\/index.php?rest_route=\/wp\/v2\/types\/product"}],"replies":[{"embeddable":true,"href":"https:\/\/laserelectronique.com\/index.php?rest_route=%2Fwp%2Fv2%2Fcomments&post=2695"}],"wp:featuredmedia":[{"embeddable":true,"href":"https:\/\/laserelectronique.com\/index.php?rest_route=\/wp\/v2\/media\/2693"}],"wp:attachment":[{"href":"https:\/\/laserelectronique.com\/index.php?rest_route=%2Fwp%2Fv2%2Fmedia&parent=2695"}],"wp:term":[{"taxonomy":"product_cat","embeddable":true,"href":"https:\/\/laserelectronique.com\/index.php?rest_route=%2Fwp%2Fv2%2Fproduct_cat&post=2695"},{"taxonomy":"product_tag","embeddable":true,"href":"https:\/\/laserelectronique.com\/index.php?rest_route=%2Fwp%2Fv2%2Fproduct_tag&post=2695"}],"curies":[{"name":"wp","href":"https:\/\/api.w.org\/{rel}","templated":true}]}}