{"id":2690,"date":"2019-08-10T10:41:14","date_gmt":"2019-08-10T08:41:14","guid":{"rendered":"http:\/\/laserelectronique.com\/?post_type=product&#038;p=2690"},"modified":"2020-11-18T15:35:48","modified_gmt":"2020-11-18T14:35:48","slug":"mats-statieven","status":"publish","type":"product","link":"https:\/\/laserelectronique.com\/?product=mats-statieven","title":{"rendered":"Mats STATIEVEN"},"content":{"rendered":"<section class=\"wpb-content-wrapper\"><div class=\"vc_row wpb_row vc_row-fluid boxs1\" data-vc-full-width=\"true\" data-vc-full-width-init=\"true\">\n<div class=\"wpb_column vc_column_container vc_col-sm-8\">\n<div class=\"vc_column-inner \">\n<div class=\"wpb_wrapper\">\n<div class=\"wpb_text_column wpb_content_element \">\n<div class=\"wpb_wrapper\">\n<h3 class=\"h3mq\">M\u00c2TS R\u00c9GLABLES \u00c0 LA MAIN<\/h3>\n<\/div>\n<p><img loading=\"lazy\" decoding=\"async\" class=\"vc_single_image-img attachment-full alignright\" src=\"https:\/\/mq-statieven.com\/wp-content\/uploads\/2016\/10\/HANDVERSTELBARE__512495fa352f9.jpg\" alt=\"\" width=\"40\" height=\"273\" \/><\/p>\n<\/div>\n<div class=\"wpb_text_column wpb_content_element \">\n<p class=\"wpb_wrapper\"><a title=\"MQ 800\" href=\"https:\/\/mq-statieven.com\/product\/mq-800-2\/?lang=en\"><strong>MQ 800<\/strong><\/a><strong> Hauteur: <span class=\"length dp-length\">600 \u00e0<\/span>\u00a0<span class=\"width dp-width\">990 <\/span><\/strong><strong><a class=\"dp-button\" style=\"font-size: 16px;\" href=\"https:\/\/mq-statieven.com\/product\/mq-800-2\/?lang=en\">LIRE LA SUITE<\/a><\/strong><\/p>\n<\/div>\n<div id=\"displayProduct-1079272009\" class=\"displayProduct-shortcode displayProduct-Container\">\n<div id=\"displayProduct\" class=\"product_list woocommerce\">\n<div class=\"dp-col dp-list-thumb dp-col_3_of_5 dp_list_content\">\n<p class=\"product-name\"><a title=\"MQ 805\" href=\"https:\/\/mq-statieven.com\/product\/mq-805-2\/?lang=en\"><strong>MQ 805<\/strong><\/a><strong> Hauteur: <span class=\"length dp-length\">600 \u00e0<\/span>\u00a0<span class=\"width dp-width\">1190 <\/span><\/strong><strong><a class=\"dp-button\" style=\"font-size: 16px;\" href=\"https:\/\/mq-statieven.com\/product\/mq-805-2\/?lang=en\">LIRE LA SUITE<\/a><\/strong><\/p>\n<\/div>\n<div class=\"dp-col dp-list-thumb dp-col_3_of_5 dp_list_content\">\n<p class=\"product-name\"><a title=\"MQ 810\" href=\"https:\/\/mq-statieven.com\/product\/mq-810-2\/?lang=en\"><strong>MQ 810<\/strong><\/a><strong> Hauteur: <span class=\"width dp-width\">900 \u00e0 1390<\/span><span class=\"length dp-length\">\u00a0<a class=\"dp-button\" href=\"https:\/\/mq-statieven.com\/product\/mq-810-2\/?lang=en\">LIRE LA SUITE<\/a><\/span><\/strong><\/p>\n<\/div>\n<div class=\"dp-col dp-list-thumb dp-col_3_of_5 dp_list_content\">\n<p class=\"product-name\"><a title=\"MQ 815\" href=\"https:\/\/mq-statieven.com\/product\/mq-815-2\/?lang=en\"><strong>MQ 815<\/strong><\/a><strong> Hauteur: <span class=\"length dp-length\">900 <\/span><\/strong><strong>\u00e0 <span class=\"width dp-width\">1590 <\/span><\/strong><strong><a class=\"dp-button\" href=\"https:\/\/mq-statieven.com\/product\/mq-815-2\/?lang=en\">LIRE LA SUITE<\/a><\/strong><\/p>\n<\/div>\n<\/div>\n<\/div>\n<\/div>\n<\/div>\n<\/div>\n<\/div>\n<div class=\"wpb_column vc_column_container vc_col-sm-8\">\n<div class=\"vc_column-inner \">\n<div class=\"wpb_wrapper\">\n<div class=\"wpb_text_column wpb_content_element \">\n<div class=\"wpb_wrapper\">\n<h3 class=\"h3mq\">M\u00c2TS \u00c9LECTRIQUES<\/h3>\n<\/div>\n<\/div>\n<div class=\"wpb_text_column wpb_content_element \">\n<div class=\"wpb_wrapper\"><img loading=\"lazy\" decoding=\"async\" class=\"vc_single_image-img attachment-full alignright\" src=\"https:\/\/mq-statieven.com\/wp-content\/uploads\/2016\/10\/ELEKTRISCHE_MAST_5124bf2d3f9b0.jpg\" alt=\"\" width=\"50\" height=\"219\" \/><\/div>\n<\/div>\n<div id=\"displayProduct-744877195\" class=\"displayProduct-shortcode displayProduct-Container\">\n<div id=\"displayProduct\" class=\"product_list woocommerce\">\n<div id=\"displayProduct-897\" class=\"dp-section dp-group dp_product_item\">\n<div class=\"dp-col dp-list-thumb dp-col_3_of_5 dp_list_content\">\n<p class=\"product-name\"><strong><a title=\"MQ 830\" href=\"https:\/\/mq-statieven.com\/product\/mq-830-2\/?lang=en\">MQ 830<\/a>\u00a0Hauteur: <span class=\"length dp-length\">450 \u00e0 980 <\/span><a class=\"dp-button\" href=\"https:\/\/mq-statieven.com\/product\/mq-830-2\/?lang=en\">LIRE LA SUITE<\/a><\/strong><\/p>\n<\/div>\n<\/div>\n<div class=\"dp-col dp-list-thumb dp-col_3_of_5 dp_list_content\">\n<p class=\"product-name\"><strong><a title=\"MQ 840\" href=\"https:\/\/mq-statieven.com\/product\/mq-840-2\/?lang=en\">MQ 840<\/a>\u00a0Hauteur: <span class=\"length dp-length\">600 \u00e0<\/span>\u00a0<span class=\"width dp-width\">1130 <\/span><\/strong><strong><a class=\"dp-button\" href=\"https:\/\/mq-statieven.com\/product\/mq-840-2\/?lang=en\">LIRE LA SUITE<\/a><\/strong><\/p>\n<\/div>\n<div class=\"dp-col dp-list-thumb dp-col_3_of_5 dp_list_content\">\n<p class=\"product-name\"><strong><a title=\"MQ 850\" href=\"https:\/\/mq-statieven.com\/product\/mq-850-2\/?lang=en\">MQ 850<\/a>\u00a0Hauteur: <span class=\"length dp-length\">900 \u00e0 <\/span><span class=\"width dp-width\">1580 <\/span><\/strong><strong><a class=\"dp-button\" href=\"https:\/\/mq-statieven.com\/product\/mq-850-2\/?lang=en\">LIRE LA SUITE<\/a><\/strong><\/p>\n<\/div>\n<\/div>\n<\/div>\n<\/div>\n<\/div>\n<\/div>\n<h3><strong>AMORTISSEURS POUR LE M\u00c2T<\/strong><\/h3>\n<div class=\"vc_column-inner \">\n<div class=\"wpb_wrapper\">\n<div id=\"displayProduct-1261000262\" class=\"displayProduct-shortcode displayProduct-Container\">\n<div id=\"displayProduct\" class=\"product_list woocommerce\">\n<div id=\"displayProduct-909\" class=\"dp-section dp-group dp_product_item\">\n<div class=\"dp-col dp-list-thumb dp-col_3_of_5 dp_list_content\">\n<p class=\"product-name\"><strong><a title=\"MQ 821\" href=\"https:\/\/mq-statieven.com\/product\/mq-821-2\/?lang=en\">MQ 821<\/a><a class=\"dp-button\" style=\"font-size: 16px;\" href=\"https:\/\/mq-statieven.com\/product\/mq-821-2\/?lang=en\">LIRE LA SUITE<\/a><\/strong><img loading=\"lazy\" decoding=\"async\" class=\"vc_single_image-img attachment-full alignright\" src=\"https:\/\/mq-statieven.com\/wp-content\/uploads\/2016\/10\/SCHOKDEMPERS_VOO_5124c6b6a577b.jpg\" alt=\"\" width=\"70\" height=\"189\" \/><\/p>\n<\/div>\n<\/div>\n<div id=\"displayProduct-915\" class=\"dp-section dp-group dp_product_item\">\n<div class=\"dp-col dp-list-thumb dp-col_3_of_5 dp_list_content\">\n<p class=\"product-name\"><strong><a title=\"MQ 823\" href=\"https:\/\/mq-statieven.com\/product\/mq-823-2\/?lang=en\">MQ 823<\/a><\/strong><strong><a class=\"dp-button\" style=\"font-size: 16px;\" href=\"https:\/\/mq-statieven.com\/product\/mq-823-2\/?lang=en\">LIRE LA SUITE<\/a><\/strong><\/p>\n<\/div>\n<\/div>\n<\/div>\n<\/div>\n<\/div>\n<\/div>\n<h3><strong>BOITIERS DE COMMANDE E-MAST<\/strong><\/h3>\n<div class=\"vc_row wpb_row vc_row-fluid boxs2\" data-vc-full-width=\"true\" data-vc-full-width-init=\"true\">\n<div class=\"wpb_column vc_column_container vc_col-sm-8\">\n<div class=\"vc_column-inner \">\n<div class=\"wpb_wrapper\">\n<div class=\"wpb_wrapper\"><img loading=\"lazy\" decoding=\"async\" class=\"vc_single_image-img attachment-full alignright\" src=\"https:\/\/mq-statieven.com\/wp-content\/uploads\/2016\/10\/CONTROL_BOX_5124cb6e3c731.jpg\" alt=\"\" width=\"100\" height=\"173\" \/><\/div>\n<div id=\"displayProduct-869408605\" class=\"displayProduct-shortcode displayProduct-Container\">\n<div id=\"displayProduct\" class=\"product_list woocommerce\">\n<div class=\"dp-col dp-list-thumb dp-col_3_of_5 dp_list_content\">\n<p class=\"product-name\"><strong><a title=\"MQ 865\" href=\"https:\/\/mq-statieven.com\/product\/mq-865-2\/?lang=en\">MQ 865 <\/a><\/strong><strong><a class=\"dp-button\" href=\"https:\/\/mq-statieven.com\/product\/mq-865-2\/?lang=en\">LIRE LA SUITE<\/a><\/strong><\/p>\n<\/div>\n<div id=\"displayProduct-927\" class=\"dp-section dp-group dp_product_item\">\n<div class=\"dp-col dp-list-thumb dp-col_3_of_5 dp_list_content\">\n<p class=\"product-name\"><strong><a title=\"MQ 875\" href=\"https:\/\/mq-statieven.com\/product\/mq-875-2\/?lang=en\">MQ 875 <\/a><\/strong><strong><a class=\"dp-button\" href=\"https:\/\/mq-statieven.com\/product\/mq-875-2\/?lang=en\">LIRE LA SUITE<\/a><\/strong><\/p>\n<\/div>\n<\/div>\n<\/div>\n<\/div>\n<\/div>\n<\/div>\n<\/div>\n<\/div>\n<\/section>","protected":false},"excerpt":{"rendered":"<p>M\u00c2TS R\u00c9GLABLES \u00c0 LA MAIN MQ 800 Hauteur: 600 \u00e0\u00a0990 LIRE LA SUITE MQ 805 Hauteur: 600 \u00e0\u00a01190 LIRE LA SUITE MQ 810 Hauteur: 900 \u00e0 1390\u00a0LIRE LA SUITE MQ&hellip;<\/p>\n","protected":false},"featured_media":2689,"comment_status":"closed","ping_status":"closed","template":"","meta":[],"product_cat":[25,83],"product_tag":[],"class_list":{"0":"post-2690","1":"product","2":"type-product","3":"status-publish","4":"has-post-thumbnail","6":"product_cat-topographie","7":"product_cat-trepieds-et-mats","8":"","10":"first","11":"instock","12":"taxable","13":"shipping-taxable","14":"product-type-simple"},"yoast_head":"<!-- This site is optimized with the Yoast SEO plugin v24.7 - https:\/\/yoast.com\/wordpress\/plugins\/seo\/ -->\n<title>Mats STATIEVEN - LASER ELECTRONIQUE TP<\/title>\n<meta name=\"robots\" content=\"index, follow, max-snippet:-1, max-image-preview:large, max-video-preview:-1\" \/>\n<link rel=\"canonical\" href=\"https:\/\/laserelectronique.com\/?product=mats-statieven\" \/>\n<meta property=\"og:locale\" content=\"fr_FR\" \/>\n<meta property=\"og:type\" content=\"article\" \/>\n<meta property=\"og:title\" content=\"Mats STATIEVEN - LASER ELECTRONIQUE TP\" \/>\n<meta property=\"og:description\" content=\"M\u00c2TS R\u00c9GLABLES \u00c0 LA MAIN MQ 800 Hauteur: 600 \u00e0\u00a0990 LIRE LA SUITE MQ 805 Hauteur: 600 \u00e0\u00a01190 LIRE LA SUITE MQ 810 Hauteur: 900 \u00e0 1390\u00a0LIRE LA SUITE MQ&hellip;\" \/>\n<meta property=\"og:url\" content=\"https:\/\/laserelectronique.com\/?product=mats-statieven\" \/>\n<meta property=\"og:site_name\" content=\"LASER ELECTRONIQUE TP\" \/>\n<meta property=\"article:modified_time\" content=\"2020-11-18T14:35:48+00:00\" \/>\n<meta property=\"og:image\" content=\"https:\/\/laserelectronique.com\/wp-content\/uploads\/2019\/08\/MQ830_E-234x1024.png\" \/>\n\t<meta property=\"og:image:width\" content=\"1050\" \/>\n\t<meta property=\"og:image:height\" content=\"1050\" \/>\n\t<meta property=\"og:image:type\" content=\"image\/png\" \/>\n<meta name=\"twitter:card\" content=\"summary_large_image\" \/>\n<script type=\"application\/ld+json\" class=\"yoast-schema-graph\">{\"@context\":\"https:\/\/schema.org\",\"@graph\":[{\"@type\":\"WebPage\",\"@id\":\"https:\/\/laserelectronique.com\/?product=mats-statieven\",\"url\":\"https:\/\/laserelectronique.com\/?product=mats-statieven\",\"name\":\"Mats STATIEVEN - LASER ELECTRONIQUE TP\",\"isPartOf\":{\"@id\":\"https:\/\/laserelectronique.com\/#website\"},\"primaryImageOfPage\":{\"@id\":\"https:\/\/laserelectronique.com\/?product=mats-statieven#primaryimage\"},\"image\":{\"@id\":\"https:\/\/laserelectronique.com\/?product=mats-statieven#primaryimage\"},\"thumbnailUrl\":\"https:\/\/laserelectronique.com\/wp-content\/uploads\/2019\/08\/MQ830_E-234x1024.png\",\"datePublished\":\"2019-08-10T08:41:14+00:00\",\"dateModified\":\"2020-11-18T14:35:48+00:00\",\"breadcrumb\":{\"@id\":\"https:\/\/laserelectronique.com\/?product=mats-statieven#breadcrumb\"},\"inLanguage\":\"fr-FR\",\"potentialAction\":[{\"@type\":\"ReadAction\",\"target\":[\"https:\/\/laserelectronique.com\/?product=mats-statieven\"]}]},{\"@type\":\"ImageObject\",\"inLanguage\":\"fr-FR\",\"@id\":\"https:\/\/laserelectronique.com\/?product=mats-statieven#primaryimage\",\"url\":\"https:\/\/laserelectronique.com\/wp-content\/uploads\/2019\/08\/MQ830_E-234x1024.png\",\"contentUrl\":\"https:\/\/laserelectronique.com\/wp-content\/uploads\/2019\/08\/MQ830_E-234x1024.png\",\"width\":1050,\"height\":1050},{\"@type\":\"BreadcrumbList\",\"@id\":\"https:\/\/laserelectronique.com\/?product=mats-statieven#breadcrumb\",\"itemListElement\":[{\"@type\":\"ListItem\",\"position\":1,\"name\":\"Accueil\",\"item\":\"https:\/\/laserelectronique.com\/\"},{\"@type\":\"ListItem\",\"position\":2,\"name\":\"Boutique\",\"item\":\"https:\/\/laserelectronique.com\/?page_id=7\"},{\"@type\":\"ListItem\",\"position\":3,\"name\":\"Mats STATIEVEN\"}]},{\"@type\":\"WebSite\",\"@id\":\"https:\/\/laserelectronique.com\/#website\",\"url\":\"https:\/\/laserelectronique.com\/\",\"name\":\"LASER ELECTRONIQUE TP\",\"description\":\"VOTRE PARTENAIRE EN GUIDAGE D&#039;ENGINS, TOPOGRAPHIE ET SERVICES\",\"potentialAction\":[{\"@type\":\"SearchAction\",\"target\":{\"@type\":\"EntryPoint\",\"urlTemplate\":\"https:\/\/laserelectronique.com\/?s={search_term_string}\"},\"query-input\":{\"@type\":\"PropertyValueSpecification\",\"valueRequired\":true,\"valueName\":\"search_term_string\"}}],\"inLanguage\":\"fr-FR\"}]}<\/script>\n<!-- \/ Yoast SEO plugin. -->","yoast_head_json":{"title":"Mats STATIEVEN - LASER ELECTRONIQUE TP","robots":{"index":"index","follow":"follow","max-snippet":"max-snippet:-1","max-image-preview":"max-image-preview:large","max-video-preview":"max-video-preview:-1"},"canonical":"https:\/\/laserelectronique.com\/?product=mats-statieven","og_locale":"fr_FR","og_type":"article","og_title":"Mats STATIEVEN - LASER ELECTRONIQUE TP","og_description":"M\u00c2TS R\u00c9GLABLES \u00c0 LA MAIN MQ 800 Hauteur: 600 \u00e0\u00a0990 LIRE LA SUITE MQ 805 Hauteur: 600 \u00e0\u00a01190 LIRE LA SUITE MQ 810 Hauteur: 900 \u00e0 1390\u00a0LIRE LA SUITE MQ&hellip;","og_url":"https:\/\/laserelectronique.com\/?product=mats-statieven","og_site_name":"LASER ELECTRONIQUE TP","article_modified_time":"2020-11-18T14:35:48+00:00","og_image":[{"width":1050,"height":1050,"url":"https:\/\/laserelectronique.com\/wp-content\/uploads\/2019\/08\/MQ830_E-234x1024.png","type":"image\/png"}],"twitter_card":"summary_large_image","schema":{"@context":"https:\/\/schema.org","@graph":[{"@type":"WebPage","@id":"https:\/\/laserelectronique.com\/?product=mats-statieven","url":"https:\/\/laserelectronique.com\/?product=mats-statieven","name":"Mats STATIEVEN - LASER ELECTRONIQUE TP","isPartOf":{"@id":"https:\/\/laserelectronique.com\/#website"},"primaryImageOfPage":{"@id":"https:\/\/laserelectronique.com\/?product=mats-statieven#primaryimage"},"image":{"@id":"https:\/\/laserelectronique.com\/?product=mats-statieven#primaryimage"},"thumbnailUrl":"https:\/\/laserelectronique.com\/wp-content\/uploads\/2019\/08\/MQ830_E-234x1024.png","datePublished":"2019-08-10T08:41:14+00:00","dateModified":"2020-11-18T14:35:48+00:00","breadcrumb":{"@id":"https:\/\/laserelectronique.com\/?product=mats-statieven#breadcrumb"},"inLanguage":"fr-FR","potentialAction":[{"@type":"ReadAction","target":["https:\/\/laserelectronique.com\/?product=mats-statieven"]}]},{"@type":"ImageObject","inLanguage":"fr-FR","@id":"https:\/\/laserelectronique.com\/?product=mats-statieven#primaryimage","url":"https:\/\/laserelectronique.com\/wp-content\/uploads\/2019\/08\/MQ830_E-234x1024.png","contentUrl":"https:\/\/laserelectronique.com\/wp-content\/uploads\/2019\/08\/MQ830_E-234x1024.png","width":1050,"height":1050},{"@type":"BreadcrumbList","@id":"https:\/\/laserelectronique.com\/?product=mats-statieven#breadcrumb","itemListElement":[{"@type":"ListItem","position":1,"name":"Accueil","item":"https:\/\/laserelectronique.com\/"},{"@type":"ListItem","position":2,"name":"Boutique","item":"https:\/\/laserelectronique.com\/?page_id=7"},{"@type":"ListItem","position":3,"name":"Mats STATIEVEN"}]},{"@type":"WebSite","@id":"https:\/\/laserelectronique.com\/#website","url":"https:\/\/laserelectronique.com\/","name":"LASER ELECTRONIQUE TP","description":"VOTRE PARTENAIRE EN GUIDAGE D&#039;ENGINS, TOPOGRAPHIE ET SERVICES","potentialAction":[{"@type":"SearchAction","target":{"@type":"EntryPoint","urlTemplate":"https:\/\/laserelectronique.com\/?s={search_term_string}"},"query-input":{"@type":"PropertyValueSpecification","valueRequired":true,"valueName":"search_term_string"}}],"inLanguage":"fr-FR"}]}},"_links":{"self":[{"href":"https:\/\/laserelectronique.com\/index.php?rest_route=\/wp\/v2\/product\/2690","targetHints":{"allow":["GET"]}}],"collection":[{"href":"https:\/\/laserelectronique.com\/index.php?rest_route=\/wp\/v2\/product"}],"about":[{"href":"https:\/\/laserelectronique.com\/index.php?rest_route=\/wp\/v2\/types\/product"}],"replies":[{"embeddable":true,"href":"https:\/\/laserelectronique.com\/index.php?rest_route=%2Fwp%2Fv2%2Fcomments&post=2690"}],"wp:featuredmedia":[{"embeddable":true,"href":"https:\/\/laserelectronique.com\/index.php?rest_route=\/wp\/v2\/media\/2689"}],"wp:attachment":[{"href":"https:\/\/laserelectronique.com\/index.php?rest_route=%2Fwp%2Fv2%2Fmedia&parent=2690"}],"wp:term":[{"taxonomy":"product_cat","embeddable":true,"href":"https:\/\/laserelectronique.com\/index.php?rest_route=%2Fwp%2Fv2%2Fproduct_cat&post=2690"},{"taxonomy":"product_tag","embeddable":true,"href":"https:\/\/laserelectronique.com\/index.php?rest_route=%2Fwp%2Fv2%2Fproduct_tag&post=2690"}],"curies":[{"name":"wp","href":"https:\/\/api.w.org\/{rel}","templated":true}]}}