{"id":2687,"date":"2019-08-10T10:11:20","date_gmt":"2019-08-10T08:11:20","guid":{"rendered":"http:\/\/laserelectronique.com\/?post_type=product&#038;p=2687"},"modified":"2020-11-18T15:35:49","modified_gmt":"2020-11-18T14:35:49","slug":"trepieds-aluminium-statieven","status":"publish","type":"product","link":"https:\/\/laserelectronique.com\/?product=trepieds-aluminium-statieven","title":{"rendered":"Tr\u00e9pieds aluminium STATIEVEN"},"content":{"rendered":"<div class=\"STYLE_12\" align=\"LEFT\">\n<div class=\"STYLE_9\" align=\"LEFT\">\n<h3 class=\"STYLE_12\" align=\"LEFT\"><strong>Tripode de tr\u00e8s haute qualit\u00e9 fabriqu\u00e9 en Hollande<\/strong><\/h3>\n<\/div>\n<table>\n<tbody>\n<tr>\n<td width=\"270\">\n<table>\n<tbody>\n<tr>\n<td><span>Max:<\/span><\/td>\n<td><span>391 cm<\/span><\/td>\n<\/tr>\n<tr>\n<td><span>Min:<\/span><\/td>\n<td><span>188 cm<\/span><\/td>\n<\/tr>\n<tr>\n<td><span>Max.\u00a0\u00e9quipement de poids:<\/span><\/td>\n<td><span>12 kg<\/span><\/td>\n<\/tr>\n<tr>\n<td><span>Longueur de transport:<\/span><\/td>\n<td><span>202 cm<\/span><\/td>\n<\/tr>\n<tr>\n<td><span>Poids:<\/span><\/td>\n<td style=\"text-align: center;\"><span>20 kg<\/span><\/td>\n<\/tr>\n<\/tbody>\n<\/table>\n<\/td>\n<\/tr>\n<tr>\n<td height=\"3\"><\/td>\n<\/tr>\n<tr>\n<td>\n<div><span>Pied disponible<\/span><\/div>\n<\/td>\n<\/tr>\n<tr>\n<td height=\"3\"><\/td>\n<\/tr>\n<tr>\n<td width=\"270\">\n<table>\n<tbody>\n<tr>\n<td><img loading=\"lazy\" decoding=\"async\" class=\" size-full wp-image-143\" src=\"https:\/\/mq-statieven.com\/wp-content\/uploads\/2013\/01\/poot1.png\" alt=\"poot1\" width=\"72\" height=\"70\" \/><\/td>\n<td><img loading=\"lazy\" decoding=\"async\" class=\" size-full wp-image-146\" src=\"https:\/\/mq-statieven.com\/wp-content\/uploads\/2013\/01\/poot2.png\" alt=\"poot2\" width=\"72\" height=\"70\" \/><\/td>\n<td valign=\"top\"><img loading=\"lazy\" decoding=\"async\" class=\" size-full wp-image-188\" src=\"https:\/\/mq-statieven.com\/wp-content\/uploads\/2013\/01\/wiel.jpg\" alt=\"Wiel\" width=\"56\" height=\"84\" \/><\/td>\n<td valign=\"top\"><img loading=\"lazy\" decoding=\"async\" class=\" size-full wp-image-191\" src=\"https:\/\/mq-statieven.com\/wp-content\/uploads\/2013\/01\/wielset-los.jpg\" alt=\"wielset-los\" width=\"81\" height=\"91\" \/><\/td>\n<td><\/td>\n<\/tr>\n<tr>\n<td><span>-1<\/span><\/td>\n<td><span>-2<\/span><\/td>\n<td valign=\"top\"><span>-W<\/span><\/td>\n<td valign=\"top\"><span>ROUE<\/span><\/td>\n<td><\/td>\n<\/tr>\n<\/tbody>\n<\/table>\n<\/td>\n<\/tr>\n<tr>\n<td height=\"3\"><\/td>\n<\/tr>\n<tr>\n<td>\n<div><span>Adaptateurs disponibles<\/span><\/div>\n<\/td>\n<\/tr>\n<tr>\n<td height=\"3\"><\/td>\n<\/tr>\n<tr>\n<td width=\"270\">\n<table border=\"0\">\n<tbody>\n<tr>\n<td><img loading=\"lazy\" decoding=\"async\" class=\" size-full wp-image-149\" src=\"https:\/\/mq-statieven.com\/wp-content\/uploads\/2013\/01\/Adaptor_No.207_klein.jpeg\" alt=\"Adaptateur n \u00b0 207 klein\" width=\"75\" height=\"75\" \/><\/td>\n<td><img loading=\"lazy\" decoding=\"async\" class=\" size-full wp-image-152\" src=\"https:\/\/mq-statieven.com\/wp-content\/uploads\/2013\/01\/Adaptor_No.206_klein.jpeg\" alt=\"Adaptateur N \u00b0 206 klein\" width=\"85\" height=\"68\" \/><\/td>\n<td><img loading=\"lazy\" decoding=\"async\" class=\" size-full wp-image-155\" src=\"https:\/\/mq-statieven.com\/wp-content\/uploads\/2013\/01\/Adaptor_No.204_Klein.jpeg\" alt=\"Adaptateur N \u00b0 204 Klein\" width=\"75\" height=\"75\" \/><\/td>\n<td valign=\"top\"><img loading=\"lazy\" decoding=\"async\" class=\" size-full wp-image-158\" src=\"https:\/\/mq-statieven.com\/wp-content\/uploads\/2013\/01\/Adaptor_No.200_klein.jpeg\" alt=\"Adaptateur No.200 klein\" width=\"85\" height=\"85\" \/><\/td>\n<\/tr>\n<tr>\n<td><span>207<\/span><\/td>\n<td><span>206<\/span><\/td>\n<td><span>\u00a0204<\/span><\/td>\n<td valign=\"top\"><span>200<\/span><\/td>\n<\/tr>\n<\/tbody>\n<\/table>\n<\/td>\n<\/tr>\n<\/tbody>\n<\/table>\n<p><strong><span>LES NUM\u00c9ROS DE PI\u00c8CE:\u00a0<\/span><br \/>\n<\/strong><\/p>\n<p><strong><span>PIED COMPLET N \u00b0 331-8<\/span><\/strong><\/p>\n<p><strong><span>TUBE INTERIEUR COMPLET No.331-7 [1510 -1470-1237]<\/span><\/strong><\/p>\n<p><strong><span>PLAQUE PIEDS -1 = NR.438<\/span><\/strong><\/p>\n<p><strong><span>POINT FEET -2 = NR.202<\/span><\/strong><\/p>\n<p>&nbsp;<\/p>\n<p style=\"text-align: -webkit-center;\">\n<p style=\"text-align: -webkit-center;\">\n<\/div>\n<p><img loading=\"lazy\" decoding=\"async\" class=\"wp-image-418 alignright\" style=\"text-align: -webkit-center;\" src=\"https:\/\/mq-statieven.com\/wp-content\/uploads\/2013\/01\/Centrale_gedeelte_aandrijving_MQ_331A_60.JPG\" sizes=\"auto, (max-width: 700px) 100vw, 700px\" srcset=\"https:\/\/mq-statieven.com\/wp-content\/uploads\/2013\/01\/Centrale_gedeelte_aandrijving_MQ_331A_60.JPG 2338w, https:\/\/mq-statieven.com\/wp-content\/uploads\/2013\/01\/Centrale_gedeelte_aandrijving_MQ_331A_60-300x212.jpg 300w, https:\/\/mq-statieven.com\/wp-content\/uploads\/2013\/01\/Centrale_gedeelte_aandrijving_MQ_331A_60-768x543.jpg 768w, https:\/\/mq-statieven.com\/wp-content\/uploads\/2013\/01\/Centrale_gedeelte_aandrijving_MQ_331A_60-1024x724.jpg 1024w, https:\/\/mq-statieven.com\/wp-content\/uploads\/2013\/01\/Centrale_gedeelte_aandrijving_MQ_331A_60-1200x848.jpg 1200w\" alt=\"Centrale d'achat apr\u00e8s MQ 331A 60\" width=\"360\" height=\"255\" \/><img loading=\"lazy\" decoding=\"async\" class=\"wp-image-386 aligncenter\" style=\"text-align: -webkit-center;\" src=\"https:\/\/mq-statieven.com\/wp-content\/uploads\/2013\/01\/huis_aandrijving_groot.JPG\" alt=\"huis aandrijving groot\" width=\"339\" height=\"239\" \/><\/p>\n<p>&nbsp;<\/p>\n<p><img loading=\"lazy\" decoding=\"async\" class=\"\" src=\"https:\/\/mq-statieven.com\/wp-content\/uploads\/2013\/01\/poot_331.JPG\" alt=\"poot 331\" width=\"341\" height=\"241\" \/><\/p>\n<p>&nbsp;<\/p>\n","protected":false},"excerpt":{"rendered":"<p>Tripode de tr\u00e8s haute qualit\u00e9 fabriqu\u00e9 en Hollande Max: 391 cm Min: 188 cm Max.\u00a0\u00e9quipement de poids: 12 kg Longueur de transport: 202 cm Poids: 20 kg Pied disponible -1&hellip;<\/p>\n","protected":false},"featured_media":2686,"comment_status":"closed","ping_status":"closed","template":"","meta":[],"product_cat":[25,83],"product_tag":[],"class_list":{"0":"post-2687","1":"product","2":"type-product","3":"status-publish","4":"has-post-thumbnail","6":"product_cat-topographie","7":"product_cat-trepieds-et-mats","8":"","10":"first","11":"instock","12":"taxable","13":"shipping-taxable","14":"product-type-simple"},"yoast_head":"<!-- This site is optimized with the Yoast SEO plugin v24.7 - https:\/\/yoast.com\/wordpress\/plugins\/seo\/ -->\n<title>Tr\u00e9pieds aluminium STATIEVEN - LASER ELECTRONIQUE TP<\/title>\n<meta name=\"robots\" content=\"index, follow, max-snippet:-1, max-image-preview:large, max-video-preview:-1\" \/>\n<link rel=\"canonical\" href=\"https:\/\/laserelectronique.com\/?product=trepieds-aluminium-statieven\" \/>\n<meta property=\"og:locale\" content=\"fr_FR\" \/>\n<meta property=\"og:type\" content=\"article\" \/>\n<meta property=\"og:title\" content=\"Tr\u00e9pieds aluminium STATIEVEN - LASER ELECTRONIQUE TP\" \/>\n<meta property=\"og:description\" content=\"Tripode de tr\u00e8s haute qualit\u00e9 fabriqu\u00e9 en Hollande Max: 391 cm Min: 188 cm Max.\u00a0\u00e9quipement de poids: 12 kg Longueur de transport: 202 cm Poids: 20 kg Pied disponible -1&hellip;\" \/>\n<meta property=\"og:url\" content=\"https:\/\/laserelectronique.com\/?product=trepieds-aluminium-statieven\" \/>\n<meta property=\"og:site_name\" content=\"LASER ELECTRONIQUE TP\" \/>\n<meta property=\"article:modified_time\" content=\"2020-11-18T14:35:49+00:00\" \/>\n<meta property=\"og:image\" content=\"https:\/\/laserelectronique.com\/wp-content\/uploads\/2019\/08\/MQ331A60-634x1024.png\" \/>\n\t<meta property=\"og:image:width\" content=\"1100\" \/>\n\t<meta property=\"og:image:height\" content=\"1100\" \/>\n\t<meta property=\"og:image:type\" content=\"image\/png\" \/>\n<meta name=\"twitter:card\" content=\"summary_large_image\" \/>\n<script type=\"application\/ld+json\" class=\"yoast-schema-graph\">{\"@context\":\"https:\/\/schema.org\",\"@graph\":[{\"@type\":\"WebPage\",\"@id\":\"https:\/\/laserelectronique.com\/?product=trepieds-aluminium-statieven\",\"url\":\"https:\/\/laserelectronique.com\/?product=trepieds-aluminium-statieven\",\"name\":\"Tr\u00e9pieds aluminium STATIEVEN - LASER ELECTRONIQUE TP\",\"isPartOf\":{\"@id\":\"https:\/\/laserelectronique.com\/#website\"},\"primaryImageOfPage\":{\"@id\":\"https:\/\/laserelectronique.com\/?product=trepieds-aluminium-statieven#primaryimage\"},\"image\":{\"@id\":\"https:\/\/laserelectronique.com\/?product=trepieds-aluminium-statieven#primaryimage\"},\"thumbnailUrl\":\"https:\/\/laserelectronique.com\/wp-content\/uploads\/2019\/08\/MQ331A60-634x1024.png\",\"datePublished\":\"2019-08-10T08:11:20+00:00\",\"dateModified\":\"2020-11-18T14:35:49+00:00\",\"breadcrumb\":{\"@id\":\"https:\/\/laserelectronique.com\/?product=trepieds-aluminium-statieven#breadcrumb\"},\"inLanguage\":\"fr-FR\",\"potentialAction\":[{\"@type\":\"ReadAction\",\"target\":[\"https:\/\/laserelectronique.com\/?product=trepieds-aluminium-statieven\"]}]},{\"@type\":\"ImageObject\",\"inLanguage\":\"fr-FR\",\"@id\":\"https:\/\/laserelectronique.com\/?product=trepieds-aluminium-statieven#primaryimage\",\"url\":\"https:\/\/laserelectronique.com\/wp-content\/uploads\/2019\/08\/MQ331A60-634x1024.png\",\"contentUrl\":\"https:\/\/laserelectronique.com\/wp-content\/uploads\/2019\/08\/MQ331A60-634x1024.png\",\"width\":1100,\"height\":1100},{\"@type\":\"BreadcrumbList\",\"@id\":\"https:\/\/laserelectronique.com\/?product=trepieds-aluminium-statieven#breadcrumb\",\"itemListElement\":[{\"@type\":\"ListItem\",\"position\":1,\"name\":\"Accueil\",\"item\":\"https:\/\/laserelectronique.com\/\"},{\"@type\":\"ListItem\",\"position\":2,\"name\":\"Boutique\",\"item\":\"https:\/\/laserelectronique.com\/?page_id=7\"},{\"@type\":\"ListItem\",\"position\":3,\"name\":\"Tr\u00e9pieds aluminium STATIEVEN\"}]},{\"@type\":\"WebSite\",\"@id\":\"https:\/\/laserelectronique.com\/#website\",\"url\":\"https:\/\/laserelectronique.com\/\",\"name\":\"LASER ELECTRONIQUE TP\",\"description\":\"VOTRE PARTENAIRE EN GUIDAGE D&#039;ENGINS, TOPOGRAPHIE ET SERVICES\",\"potentialAction\":[{\"@type\":\"SearchAction\",\"target\":{\"@type\":\"EntryPoint\",\"urlTemplate\":\"https:\/\/laserelectronique.com\/?s={search_term_string}\"},\"query-input\":{\"@type\":\"PropertyValueSpecification\",\"valueRequired\":true,\"valueName\":\"search_term_string\"}}],\"inLanguage\":\"fr-FR\"}]}<\/script>\n<!-- \/ Yoast SEO plugin. -->","yoast_head_json":{"title":"Tr\u00e9pieds aluminium STATIEVEN - LASER ELECTRONIQUE TP","robots":{"index":"index","follow":"follow","max-snippet":"max-snippet:-1","max-image-preview":"max-image-preview:large","max-video-preview":"max-video-preview:-1"},"canonical":"https:\/\/laserelectronique.com\/?product=trepieds-aluminium-statieven","og_locale":"fr_FR","og_type":"article","og_title":"Tr\u00e9pieds aluminium STATIEVEN - LASER ELECTRONIQUE TP","og_description":"Tripode de tr\u00e8s haute qualit\u00e9 fabriqu\u00e9 en Hollande Max: 391 cm Min: 188 cm Max.\u00a0\u00e9quipement de poids: 12 kg Longueur de transport: 202 cm Poids: 20 kg Pied disponible -1&hellip;","og_url":"https:\/\/laserelectronique.com\/?product=trepieds-aluminium-statieven","og_site_name":"LASER ELECTRONIQUE TP","article_modified_time":"2020-11-18T14:35:49+00:00","og_image":[{"width":1100,"height":1100,"url":"https:\/\/laserelectronique.com\/wp-content\/uploads\/2019\/08\/MQ331A60-634x1024.png","type":"image\/png"}],"twitter_card":"summary_large_image","schema":{"@context":"https:\/\/schema.org","@graph":[{"@type":"WebPage","@id":"https:\/\/laserelectronique.com\/?product=trepieds-aluminium-statieven","url":"https:\/\/laserelectronique.com\/?product=trepieds-aluminium-statieven","name":"Tr\u00e9pieds aluminium STATIEVEN - LASER ELECTRONIQUE TP","isPartOf":{"@id":"https:\/\/laserelectronique.com\/#website"},"primaryImageOfPage":{"@id":"https:\/\/laserelectronique.com\/?product=trepieds-aluminium-statieven#primaryimage"},"image":{"@id":"https:\/\/laserelectronique.com\/?product=trepieds-aluminium-statieven#primaryimage"},"thumbnailUrl":"https:\/\/laserelectronique.com\/wp-content\/uploads\/2019\/08\/MQ331A60-634x1024.png","datePublished":"2019-08-10T08:11:20+00:00","dateModified":"2020-11-18T14:35:49+00:00","breadcrumb":{"@id":"https:\/\/laserelectronique.com\/?product=trepieds-aluminium-statieven#breadcrumb"},"inLanguage":"fr-FR","potentialAction":[{"@type":"ReadAction","target":["https:\/\/laserelectronique.com\/?product=trepieds-aluminium-statieven"]}]},{"@type":"ImageObject","inLanguage":"fr-FR","@id":"https:\/\/laserelectronique.com\/?product=trepieds-aluminium-statieven#primaryimage","url":"https:\/\/laserelectronique.com\/wp-content\/uploads\/2019\/08\/MQ331A60-634x1024.png","contentUrl":"https:\/\/laserelectronique.com\/wp-content\/uploads\/2019\/08\/MQ331A60-634x1024.png","width":1100,"height":1100},{"@type":"BreadcrumbList","@id":"https:\/\/laserelectronique.com\/?product=trepieds-aluminium-statieven#breadcrumb","itemListElement":[{"@type":"ListItem","position":1,"name":"Accueil","item":"https:\/\/laserelectronique.com\/"},{"@type":"ListItem","position":2,"name":"Boutique","item":"https:\/\/laserelectronique.com\/?page_id=7"},{"@type":"ListItem","position":3,"name":"Tr\u00e9pieds aluminium STATIEVEN"}]},{"@type":"WebSite","@id":"https:\/\/laserelectronique.com\/#website","url":"https:\/\/laserelectronique.com\/","name":"LASER ELECTRONIQUE TP","description":"VOTRE PARTENAIRE EN GUIDAGE D&#039;ENGINS, TOPOGRAPHIE ET SERVICES","potentialAction":[{"@type":"SearchAction","target":{"@type":"EntryPoint","urlTemplate":"https:\/\/laserelectronique.com\/?s={search_term_string}"},"query-input":{"@type":"PropertyValueSpecification","valueRequired":true,"valueName":"search_term_string"}}],"inLanguage":"fr-FR"}]}},"_links":{"self":[{"href":"https:\/\/laserelectronique.com\/index.php?rest_route=\/wp\/v2\/product\/2687","targetHints":{"allow":["GET"]}}],"collection":[{"href":"https:\/\/laserelectronique.com\/index.php?rest_route=\/wp\/v2\/product"}],"about":[{"href":"https:\/\/laserelectronique.com\/index.php?rest_route=\/wp\/v2\/types\/product"}],"replies":[{"embeddable":true,"href":"https:\/\/laserelectronique.com\/index.php?rest_route=%2Fwp%2Fv2%2Fcomments&post=2687"}],"wp:featuredmedia":[{"embeddable":true,"href":"https:\/\/laserelectronique.com\/index.php?rest_route=\/wp\/v2\/media\/2686"}],"wp:attachment":[{"href":"https:\/\/laserelectronique.com\/index.php?rest_route=%2Fwp%2Fv2%2Fmedia&parent=2687"}],"wp:term":[{"taxonomy":"product_cat","embeddable":true,"href":"https:\/\/laserelectronique.com\/index.php?rest_route=%2Fwp%2Fv2%2Fproduct_cat&post=2687"},{"taxonomy":"product_tag","embeddable":true,"href":"https:\/\/laserelectronique.com\/index.php?rest_route=%2Fwp%2Fv2%2Fproduct_tag&post=2687"}],"curies":[{"name":"wp","href":"https:\/\/api.w.org\/{rel}","templated":true}]}}