{"id":2678,"date":"2019-07-28T16:38:39","date_gmt":"2019-07-28T14:38:39","guid":{"rendered":"http:\/\/laserelectronique.com\/?post_type=product&#038;p=2678"},"modified":"2020-11-18T15:35:49","modified_gmt":"2020-11-18T14:35:49","slug":"recepteur-laser-lsb110-topcon","status":"publish","type":"product","link":"https:\/\/laserelectronique.com\/?product=recepteur-laser-lsb110-topcon","title":{"rendered":"R\u00e9cepteur laser LSB110 Topcon"},"content":{"rendered":"<h3 class=\"section-header no-print\"><strong>V\u00e9rification de nivellement d\u2019\u00e9cran distant<\/strong><\/h3>\n<p><strong>Les r\u00e9cepteurs de machine laser et les \u00e9crans distants Topcon sont des solutions de contr\u00f4le de nivellement permettant de commander et contr\u00f4ler automatiquement les fonctionnalit\u00e9s des bulldozers, d\u00e9capeuses, excavatrices, pelleteuses et\u00a0trancheuses.<\/strong><\/p>\n<ul>\n<li><strong>Une conception solide et \u00e9tanche<\/strong><\/li>\n<li><strong>D\u00e9tection \u00e0 360\u00b0<\/strong><\/li>\n<li><strong>\u00c9cran LED en couleurs<\/strong><\/li>\n<li><strong>Compatible sans fil et CAN<\/strong><\/li>\n<li><strong>Indication d\u2019aplomb\/inclinaison<\/strong><\/li>\n<li><strong>Correspondance de machine<\/strong><\/li>\n<\/ul>\n<h3><strong>Documentation:<\/strong><\/h3>\n<p><a href=\"https:\/\/laserelectronique.com\/wp-content\/uploads\/2019\/07\/r\u00e9cepteurs-laser-TOCON.pdf\"><strong>R\u00e9cepteurs laser Topcon<\/strong><\/a><\/p>\n","protected":false},"excerpt":{"rendered":"<p>V\u00e9rification de nivellement d\u2019\u00e9cran distant Les r\u00e9cepteurs de machine laser et les \u00e9crans distants Topcon sont des solutions de contr\u00f4le de nivellement permettant de commander et contr\u00f4ler automatiquement les fonctionnalit\u00e9s&hellip;<\/p>\n","protected":false},"featured_media":2676,"comment_status":"closed","ping_status":"closed","template":"","meta":[],"product_cat":[85],"product_tag":[],"class_list":{"0":"post-2678","1":"product","2":"type-product","3":"status-publish","4":"has-post-thumbnail","6":"product_cat-recepteurs-laser","7":"","9":"first","10":"instock","11":"taxable","12":"shipping-taxable","13":"product-type-simple"},"yoast_head":"<!-- This site is optimized with the Yoast SEO plugin v24.7 - https:\/\/yoast.com\/wordpress\/plugins\/seo\/ -->\n<title>R\u00e9cepteur laser LSB110 Topcon - LASER ELECTRONIQUE TP<\/title>\n<meta name=\"robots\" content=\"index, follow, max-snippet:-1, max-image-preview:large, max-video-preview:-1\" \/>\n<link rel=\"canonical\" href=\"https:\/\/laserelectronique.com\/?product=recepteur-laser-lsb110-topcon\" \/>\n<meta property=\"og:locale\" content=\"fr_FR\" \/>\n<meta property=\"og:type\" content=\"article\" \/>\n<meta property=\"og:title\" content=\"R\u00e9cepteur laser LSB110 Topcon - LASER ELECTRONIQUE TP\" \/>\n<meta property=\"og:description\" content=\"V\u00e9rification de nivellement d\u2019\u00e9cran distant Les r\u00e9cepteurs de machine laser et les \u00e9crans distants Topcon sont des solutions de contr\u00f4le de nivellement permettant de commander et contr\u00f4ler automatiquement les fonctionnalit\u00e9s&hellip;\" \/>\n<meta property=\"og:url\" content=\"https:\/\/laserelectronique.com\/?product=recepteur-laser-lsb110-topcon\" \/>\n<meta property=\"og:site_name\" content=\"LASER ELECTRONIQUE TP\" \/>\n<meta property=\"article:modified_time\" content=\"2020-11-18T14:35:49+00:00\" \/>\n<meta property=\"og:image\" content=\"https:\/\/laserelectronique.com\/wp-content\/uploads\/2019\/07\/LSB110.png\" \/>\n\t<meta property=\"og:image:width\" content=\"250\" \/>\n\t<meta property=\"og:image:height\" content=\"250\" \/>\n\t<meta property=\"og:image:type\" content=\"image\/png\" \/>\n<meta name=\"twitter:card\" content=\"summary_large_image\" \/>\n<script type=\"application\/ld+json\" class=\"yoast-schema-graph\">{\"@context\":\"https:\/\/schema.org\",\"@graph\":[{\"@type\":\"WebPage\",\"@id\":\"https:\/\/laserelectronique.com\/?product=recepteur-laser-lsb110-topcon\",\"url\":\"https:\/\/laserelectronique.com\/?product=recepteur-laser-lsb110-topcon\",\"name\":\"R\u00e9cepteur laser LSB110 Topcon - LASER ELECTRONIQUE TP\",\"isPartOf\":{\"@id\":\"https:\/\/laserelectronique.com\/#website\"},\"primaryImageOfPage\":{\"@id\":\"https:\/\/laserelectronique.com\/?product=recepteur-laser-lsb110-topcon#primaryimage\"},\"image\":{\"@id\":\"https:\/\/laserelectronique.com\/?product=recepteur-laser-lsb110-topcon#primaryimage\"},\"thumbnailUrl\":\"https:\/\/laserelectronique.com\/wp-content\/uploads\/2019\/07\/LSB110.png\",\"datePublished\":\"2019-07-28T14:38:39+00:00\",\"dateModified\":\"2020-11-18T14:35:49+00:00\",\"breadcrumb\":{\"@id\":\"https:\/\/laserelectronique.com\/?product=recepteur-laser-lsb110-topcon#breadcrumb\"},\"inLanguage\":\"fr-FR\",\"potentialAction\":[{\"@type\":\"ReadAction\",\"target\":[\"https:\/\/laserelectronique.com\/?product=recepteur-laser-lsb110-topcon\"]}]},{\"@type\":\"ImageObject\",\"inLanguage\":\"fr-FR\",\"@id\":\"https:\/\/laserelectronique.com\/?product=recepteur-laser-lsb110-topcon#primaryimage\",\"url\":\"https:\/\/laserelectronique.com\/wp-content\/uploads\/2019\/07\/LSB110.png\",\"contentUrl\":\"https:\/\/laserelectronique.com\/wp-content\/uploads\/2019\/07\/LSB110.png\",\"width\":250,\"height\":250},{\"@type\":\"BreadcrumbList\",\"@id\":\"https:\/\/laserelectronique.com\/?product=recepteur-laser-lsb110-topcon#breadcrumb\",\"itemListElement\":[{\"@type\":\"ListItem\",\"position\":1,\"name\":\"Accueil\",\"item\":\"https:\/\/laserelectronique.com\/\"},{\"@type\":\"ListItem\",\"position\":2,\"name\":\"Boutique\",\"item\":\"https:\/\/laserelectronique.com\/?page_id=7\"},{\"@type\":\"ListItem\",\"position\":3,\"name\":\"R\u00e9cepteur laser LSB110 Topcon\"}]},{\"@type\":\"WebSite\",\"@id\":\"https:\/\/laserelectronique.com\/#website\",\"url\":\"https:\/\/laserelectronique.com\/\",\"name\":\"LASER ELECTRONIQUE TP\",\"description\":\"VOTRE PARTENAIRE EN GUIDAGE D&#039;ENGINS, TOPOGRAPHIE ET SERVICES\",\"potentialAction\":[{\"@type\":\"SearchAction\",\"target\":{\"@type\":\"EntryPoint\",\"urlTemplate\":\"https:\/\/laserelectronique.com\/?s={search_term_string}\"},\"query-input\":{\"@type\":\"PropertyValueSpecification\",\"valueRequired\":true,\"valueName\":\"search_term_string\"}}],\"inLanguage\":\"fr-FR\"}]}<\/script>\n<!-- \/ Yoast SEO plugin. -->","yoast_head_json":{"title":"R\u00e9cepteur laser LSB110 Topcon - LASER ELECTRONIQUE TP","robots":{"index":"index","follow":"follow","max-snippet":"max-snippet:-1","max-image-preview":"max-image-preview:large","max-video-preview":"max-video-preview:-1"},"canonical":"https:\/\/laserelectronique.com\/?product=recepteur-laser-lsb110-topcon","og_locale":"fr_FR","og_type":"article","og_title":"R\u00e9cepteur laser LSB110 Topcon - LASER ELECTRONIQUE TP","og_description":"V\u00e9rification de nivellement d\u2019\u00e9cran distant Les r\u00e9cepteurs de machine laser et les \u00e9crans distants Topcon sont des solutions de contr\u00f4le de nivellement permettant de commander et contr\u00f4ler automatiquement les fonctionnalit\u00e9s&hellip;","og_url":"https:\/\/laserelectronique.com\/?product=recepteur-laser-lsb110-topcon","og_site_name":"LASER ELECTRONIQUE TP","article_modified_time":"2020-11-18T14:35:49+00:00","og_image":[{"width":250,"height":250,"url":"https:\/\/laserelectronique.com\/wp-content\/uploads\/2019\/07\/LSB110.png","type":"image\/png"}],"twitter_card":"summary_large_image","schema":{"@context":"https:\/\/schema.org","@graph":[{"@type":"WebPage","@id":"https:\/\/laserelectronique.com\/?product=recepteur-laser-lsb110-topcon","url":"https:\/\/laserelectronique.com\/?product=recepteur-laser-lsb110-topcon","name":"R\u00e9cepteur laser LSB110 Topcon - LASER ELECTRONIQUE TP","isPartOf":{"@id":"https:\/\/laserelectronique.com\/#website"},"primaryImageOfPage":{"@id":"https:\/\/laserelectronique.com\/?product=recepteur-laser-lsb110-topcon#primaryimage"},"image":{"@id":"https:\/\/laserelectronique.com\/?product=recepteur-laser-lsb110-topcon#primaryimage"},"thumbnailUrl":"https:\/\/laserelectronique.com\/wp-content\/uploads\/2019\/07\/LSB110.png","datePublished":"2019-07-28T14:38:39+00:00","dateModified":"2020-11-18T14:35:49+00:00","breadcrumb":{"@id":"https:\/\/laserelectronique.com\/?product=recepteur-laser-lsb110-topcon#breadcrumb"},"inLanguage":"fr-FR","potentialAction":[{"@type":"ReadAction","target":["https:\/\/laserelectronique.com\/?product=recepteur-laser-lsb110-topcon"]}]},{"@type":"ImageObject","inLanguage":"fr-FR","@id":"https:\/\/laserelectronique.com\/?product=recepteur-laser-lsb110-topcon#primaryimage","url":"https:\/\/laserelectronique.com\/wp-content\/uploads\/2019\/07\/LSB110.png","contentUrl":"https:\/\/laserelectronique.com\/wp-content\/uploads\/2019\/07\/LSB110.png","width":250,"height":250},{"@type":"BreadcrumbList","@id":"https:\/\/laserelectronique.com\/?product=recepteur-laser-lsb110-topcon#breadcrumb","itemListElement":[{"@type":"ListItem","position":1,"name":"Accueil","item":"https:\/\/laserelectronique.com\/"},{"@type":"ListItem","position":2,"name":"Boutique","item":"https:\/\/laserelectronique.com\/?page_id=7"},{"@type":"ListItem","position":3,"name":"R\u00e9cepteur laser LSB110 Topcon"}]},{"@type":"WebSite","@id":"https:\/\/laserelectronique.com\/#website","url":"https:\/\/laserelectronique.com\/","name":"LASER ELECTRONIQUE TP","description":"VOTRE PARTENAIRE EN GUIDAGE D&#039;ENGINS, TOPOGRAPHIE ET SERVICES","potentialAction":[{"@type":"SearchAction","target":{"@type":"EntryPoint","urlTemplate":"https:\/\/laserelectronique.com\/?s={search_term_string}"},"query-input":{"@type":"PropertyValueSpecification","valueRequired":true,"valueName":"search_term_string"}}],"inLanguage":"fr-FR"}]}},"_links":{"self":[{"href":"https:\/\/laserelectronique.com\/index.php?rest_route=\/wp\/v2\/product\/2678","targetHints":{"allow":["GET"]}}],"collection":[{"href":"https:\/\/laserelectronique.com\/index.php?rest_route=\/wp\/v2\/product"}],"about":[{"href":"https:\/\/laserelectronique.com\/index.php?rest_route=\/wp\/v2\/types\/product"}],"replies":[{"embeddable":true,"href":"https:\/\/laserelectronique.com\/index.php?rest_route=%2Fwp%2Fv2%2Fcomments&post=2678"}],"wp:featuredmedia":[{"embeddable":true,"href":"https:\/\/laserelectronique.com\/index.php?rest_route=\/wp\/v2\/media\/2676"}],"wp:attachment":[{"href":"https:\/\/laserelectronique.com\/index.php?rest_route=%2Fwp%2Fv2%2Fmedia&parent=2678"}],"wp:term":[{"taxonomy":"product_cat","embeddable":true,"href":"https:\/\/laserelectronique.com\/index.php?rest_route=%2Fwp%2Fv2%2Fproduct_cat&post=2678"},{"taxonomy":"product_tag","embeddable":true,"href":"https:\/\/laserelectronique.com\/index.php?rest_route=%2Fwp%2Fv2%2Fproduct_tag&post=2678"}],"curies":[{"name":"wp","href":"https:\/\/api.w.org\/{rel}","templated":true}]}}