{"id":2677,"date":"2019-07-28T16:33:54","date_gmt":"2019-07-28T14:33:54","guid":{"rendered":"http:\/\/laserelectronique.com\/?post_type=product&#038;p=2677"},"modified":"2020-11-18T15:35:49","modified_gmt":"2020-11-18T14:35:49","slug":"recepteur-laser-ls80a-topcon","status":"publish","type":"product","link":"https:\/\/laserelectronique.com\/?product=recepteur-laser-ls80a-topcon","title":{"rendered":"R\u00e9cepteur laser LS80A Topcon"},"content":{"rendered":"<h3 class=\"section-header no-print\"><strong>La ma\u00eetrise dans le creux de votre main.<\/strong><\/h3>\n<p><strong>Les r\u00e9cepteurs laser Topcon permettent \u00e0 un seul membre de l\u2019\u00e9quipe de terminer rapidement et avec pr\u00e9cision n\u2019importe quelle t\u00e2che, du nivellement de fondation \u00e0 la finition de\u00a0b\u00e9ton.<\/strong><\/p>\n<ul>\n<li><strong>\u00a0Communication bidirectionnelle<\/strong><\/li>\n<li><strong>Alerte de hauteur et d\u2019\u00e9tat de la batterie<\/strong><\/li>\n<li><strong>5 niveaux de pr\u00e9cision d\u2019affichage LCD<\/strong><\/li>\n<li><strong>Une autonomie prolong\u00e9e<\/strong><\/li>\n<\/ul>\n<h2><strong>Documentation:<\/strong><\/h2>\n<p><a href=\"http:\/\/laserins.fr\/wp-content\/uploads\/2019\/07\/brochure-ls80a.pdf\"><strong>Brochure ls100<\/strong><\/a><\/p>\n","protected":false},"excerpt":{"rendered":"<p>La ma\u00eetrise dans le creux de votre main. Les r\u00e9cepteurs laser Topcon permettent \u00e0 un seul membre de l\u2019\u00e9quipe de terminer rapidement et avec pr\u00e9cision n\u2019importe quelle t\u00e2che, du nivellement&hellip;<\/p>\n","protected":false},"featured_media":2675,"comment_status":"closed","ping_status":"closed","template":"","meta":[],"product_cat":[85],"product_tag":[],"class_list":{"0":"post-2677","1":"product","2":"type-product","3":"status-publish","4":"has-post-thumbnail","6":"product_cat-recepteurs-laser","7":"","9":"first","10":"instock","11":"taxable","12":"shipping-taxable","13":"product-type-simple"},"yoast_head":"<!-- This site is optimized with the Yoast SEO plugin v24.7 - https:\/\/yoast.com\/wordpress\/plugins\/seo\/ -->\n<title>R\u00e9cepteur laser LS80A Topcon - LASER ELECTRONIQUE TP<\/title>\n<meta name=\"robots\" content=\"index, follow, max-snippet:-1, max-image-preview:large, max-video-preview:-1\" \/>\n<link rel=\"canonical\" href=\"https:\/\/laserelectronique.com\/?product=recepteur-laser-ls80a-topcon\" \/>\n<meta property=\"og:locale\" content=\"fr_FR\" \/>\n<meta property=\"og:type\" content=\"article\" \/>\n<meta property=\"og:title\" content=\"R\u00e9cepteur laser LS80A Topcon - LASER ELECTRONIQUE TP\" \/>\n<meta property=\"og:description\" content=\"La ma\u00eetrise dans le creux de votre main. Les r\u00e9cepteurs laser Topcon permettent \u00e0 un seul membre de l\u2019\u00e9quipe de terminer rapidement et avec pr\u00e9cision n\u2019importe quelle t\u00e2che, du nivellement&hellip;\" \/>\n<meta property=\"og:url\" content=\"https:\/\/laserelectronique.com\/?product=recepteur-laser-ls80a-topcon\" \/>\n<meta property=\"og:site_name\" content=\"LASER ELECTRONIQUE TP\" \/>\n<meta property=\"article:modified_time\" content=\"2020-11-18T14:35:49+00:00\" \/>\n<meta property=\"og:image\" content=\"https:\/\/laserelectronique.com\/wp-content\/uploads\/2019\/07\/ls80.png\" \/>\n\t<meta property=\"og:image:width\" content=\"850\" \/>\n\t<meta property=\"og:image:height\" content=\"850\" \/>\n\t<meta property=\"og:image:type\" content=\"image\/png\" \/>\n<meta name=\"twitter:card\" content=\"summary_large_image\" \/>\n<script type=\"application\/ld+json\" class=\"yoast-schema-graph\">{\"@context\":\"https:\/\/schema.org\",\"@graph\":[{\"@type\":\"WebPage\",\"@id\":\"https:\/\/laserelectronique.com\/?product=recepteur-laser-ls80a-topcon\",\"url\":\"https:\/\/laserelectronique.com\/?product=recepteur-laser-ls80a-topcon\",\"name\":\"R\u00e9cepteur laser LS80A Topcon - LASER ELECTRONIQUE TP\",\"isPartOf\":{\"@id\":\"https:\/\/laserelectronique.com\/#website\"},\"primaryImageOfPage\":{\"@id\":\"https:\/\/laserelectronique.com\/?product=recepteur-laser-ls80a-topcon#primaryimage\"},\"image\":{\"@id\":\"https:\/\/laserelectronique.com\/?product=recepteur-laser-ls80a-topcon#primaryimage\"},\"thumbnailUrl\":\"https:\/\/laserelectronique.com\/wp-content\/uploads\/2019\/07\/ls80.png\",\"datePublished\":\"2019-07-28T14:33:54+00:00\",\"dateModified\":\"2020-11-18T14:35:49+00:00\",\"breadcrumb\":{\"@id\":\"https:\/\/laserelectronique.com\/?product=recepteur-laser-ls80a-topcon#breadcrumb\"},\"inLanguage\":\"fr-FR\",\"potentialAction\":[{\"@type\":\"ReadAction\",\"target\":[\"https:\/\/laserelectronique.com\/?product=recepteur-laser-ls80a-topcon\"]}]},{\"@type\":\"ImageObject\",\"inLanguage\":\"fr-FR\",\"@id\":\"https:\/\/laserelectronique.com\/?product=recepteur-laser-ls80a-topcon#primaryimage\",\"url\":\"https:\/\/laserelectronique.com\/wp-content\/uploads\/2019\/07\/ls80.png\",\"contentUrl\":\"https:\/\/laserelectronique.com\/wp-content\/uploads\/2019\/07\/ls80.png\",\"width\":850,\"height\":850},{\"@type\":\"BreadcrumbList\",\"@id\":\"https:\/\/laserelectronique.com\/?product=recepteur-laser-ls80a-topcon#breadcrumb\",\"itemListElement\":[{\"@type\":\"ListItem\",\"position\":1,\"name\":\"Accueil\",\"item\":\"https:\/\/laserelectronique.com\/\"},{\"@type\":\"ListItem\",\"position\":2,\"name\":\"Boutique\",\"item\":\"https:\/\/laserelectronique.com\/?page_id=7\"},{\"@type\":\"ListItem\",\"position\":3,\"name\":\"R\u00e9cepteur laser LS80A Topcon\"}]},{\"@type\":\"WebSite\",\"@id\":\"https:\/\/laserelectronique.com\/#website\",\"url\":\"https:\/\/laserelectronique.com\/\",\"name\":\"LASER ELECTRONIQUE TP\",\"description\":\"VOTRE PARTENAIRE EN GUIDAGE D&#039;ENGINS, TOPOGRAPHIE ET SERVICES\",\"potentialAction\":[{\"@type\":\"SearchAction\",\"target\":{\"@type\":\"EntryPoint\",\"urlTemplate\":\"https:\/\/laserelectronique.com\/?s={search_term_string}\"},\"query-input\":{\"@type\":\"PropertyValueSpecification\",\"valueRequired\":true,\"valueName\":\"search_term_string\"}}],\"inLanguage\":\"fr-FR\"}]}<\/script>\n<!-- \/ Yoast SEO plugin. -->","yoast_head_json":{"title":"R\u00e9cepteur laser LS80A Topcon - LASER ELECTRONIQUE TP","robots":{"index":"index","follow":"follow","max-snippet":"max-snippet:-1","max-image-preview":"max-image-preview:large","max-video-preview":"max-video-preview:-1"},"canonical":"https:\/\/laserelectronique.com\/?product=recepteur-laser-ls80a-topcon","og_locale":"fr_FR","og_type":"article","og_title":"R\u00e9cepteur laser LS80A Topcon - LASER ELECTRONIQUE TP","og_description":"La ma\u00eetrise dans le creux de votre main. Les r\u00e9cepteurs laser Topcon permettent \u00e0 un seul membre de l\u2019\u00e9quipe de terminer rapidement et avec pr\u00e9cision n\u2019importe quelle t\u00e2che, du nivellement&hellip;","og_url":"https:\/\/laserelectronique.com\/?product=recepteur-laser-ls80a-topcon","og_site_name":"LASER ELECTRONIQUE TP","article_modified_time":"2020-11-18T14:35:49+00:00","og_image":[{"width":850,"height":850,"url":"https:\/\/laserelectronique.com\/wp-content\/uploads\/2019\/07\/ls80.png","type":"image\/png"}],"twitter_card":"summary_large_image","schema":{"@context":"https:\/\/schema.org","@graph":[{"@type":"WebPage","@id":"https:\/\/laserelectronique.com\/?product=recepteur-laser-ls80a-topcon","url":"https:\/\/laserelectronique.com\/?product=recepteur-laser-ls80a-topcon","name":"R\u00e9cepteur laser LS80A Topcon - LASER ELECTRONIQUE TP","isPartOf":{"@id":"https:\/\/laserelectronique.com\/#website"},"primaryImageOfPage":{"@id":"https:\/\/laserelectronique.com\/?product=recepteur-laser-ls80a-topcon#primaryimage"},"image":{"@id":"https:\/\/laserelectronique.com\/?product=recepteur-laser-ls80a-topcon#primaryimage"},"thumbnailUrl":"https:\/\/laserelectronique.com\/wp-content\/uploads\/2019\/07\/ls80.png","datePublished":"2019-07-28T14:33:54+00:00","dateModified":"2020-11-18T14:35:49+00:00","breadcrumb":{"@id":"https:\/\/laserelectronique.com\/?product=recepteur-laser-ls80a-topcon#breadcrumb"},"inLanguage":"fr-FR","potentialAction":[{"@type":"ReadAction","target":["https:\/\/laserelectronique.com\/?product=recepteur-laser-ls80a-topcon"]}]},{"@type":"ImageObject","inLanguage":"fr-FR","@id":"https:\/\/laserelectronique.com\/?product=recepteur-laser-ls80a-topcon#primaryimage","url":"https:\/\/laserelectronique.com\/wp-content\/uploads\/2019\/07\/ls80.png","contentUrl":"https:\/\/laserelectronique.com\/wp-content\/uploads\/2019\/07\/ls80.png","width":850,"height":850},{"@type":"BreadcrumbList","@id":"https:\/\/laserelectronique.com\/?product=recepteur-laser-ls80a-topcon#breadcrumb","itemListElement":[{"@type":"ListItem","position":1,"name":"Accueil","item":"https:\/\/laserelectronique.com\/"},{"@type":"ListItem","position":2,"name":"Boutique","item":"https:\/\/laserelectronique.com\/?page_id=7"},{"@type":"ListItem","position":3,"name":"R\u00e9cepteur laser LS80A Topcon"}]},{"@type":"WebSite","@id":"https:\/\/laserelectronique.com\/#website","url":"https:\/\/laserelectronique.com\/","name":"LASER ELECTRONIQUE TP","description":"VOTRE PARTENAIRE EN GUIDAGE D&#039;ENGINS, TOPOGRAPHIE ET SERVICES","potentialAction":[{"@type":"SearchAction","target":{"@type":"EntryPoint","urlTemplate":"https:\/\/laserelectronique.com\/?s={search_term_string}"},"query-input":{"@type":"PropertyValueSpecification","valueRequired":true,"valueName":"search_term_string"}}],"inLanguage":"fr-FR"}]}},"_links":{"self":[{"href":"https:\/\/laserelectronique.com\/index.php?rest_route=\/wp\/v2\/product\/2677","targetHints":{"allow":["GET"]}}],"collection":[{"href":"https:\/\/laserelectronique.com\/index.php?rest_route=\/wp\/v2\/product"}],"about":[{"href":"https:\/\/laserelectronique.com\/index.php?rest_route=\/wp\/v2\/types\/product"}],"replies":[{"embeddable":true,"href":"https:\/\/laserelectronique.com\/index.php?rest_route=%2Fwp%2Fv2%2Fcomments&post=2677"}],"wp:featuredmedia":[{"embeddable":true,"href":"https:\/\/laserelectronique.com\/index.php?rest_route=\/wp\/v2\/media\/2675"}],"wp:attachment":[{"href":"https:\/\/laserelectronique.com\/index.php?rest_route=%2Fwp%2Fv2%2Fmedia&parent=2677"}],"wp:term":[{"taxonomy":"product_cat","embeddable":true,"href":"https:\/\/laserelectronique.com\/index.php?rest_route=%2Fwp%2Fv2%2Fproduct_cat&post=2677"},{"taxonomy":"product_tag","embeddable":true,"href":"https:\/\/laserelectronique.com\/index.php?rest_route=%2Fwp%2Fv2%2Fproduct_tag&post=2677"}],"curies":[{"name":"wp","href":"https:\/\/api.w.org\/{rel}","templated":true}]}}