{"id":2673,"date":"2019-07-28T16:14:33","date_gmt":"2019-07-28T14:14:33","guid":{"rendered":"http:\/\/laserelectronique.com\/?post_type=product&#038;p=2673"},"modified":"2020-11-18T15:35:50","modified_gmt":"2020-11-18T14:35:50","slug":"laser-croix-nedo-460872","status":"publish","type":"product","link":"https:\/\/laserelectronique.com\/?product=laser-croix-nedo-460872","title":{"rendered":"Laser croix Nedo 460872"},"content":{"rendered":"<div class=\"media overflow-fix\">\n<div class=\"media-body col-xs-12 col-sm-6 overflow-fix\">\n<div class=\"STYLE_12\" align=\"LEFT\">\n<div class=\"media overflow-fix\">\n<div class=\"media-body col-xs-12 col-sm-6 overflow-fix\">\n<div class=\"STYLE_9\" align=\"center\">\n<h3 class=\"STYLE_BildBalken\" align=\"center\"><strong>X-Liner<sup>5.2<\/sup>\u00a0R\u00e9f. 460 872<\/strong><\/h3>\n<\/div>\n<p><img loading=\"lazy\" decoding=\"async\" class=\"size-full wp-image-2794 alignleft\" src=\"http:\/\/laserins.fr\/wp-content\/uploads\/2019\/07\/460872-1.gif\" alt=\"\" width=\"215\" height=\"241\" \/><\/p>\n<div class=\"STYLE_12\" align=\"LEFT\"><strong>Le X-Liner<sup>5.2<\/sup>\u00a0est la combinaison astucieuse d\u2019un laser\u00a0<\/strong><strong>5 points et d\u2019un laser cruciforme. 5 points laser parfaitement\u00a0<\/strong><strong>perpendiculaires entre eux sont compl\u00e9t\u00e9s par une lign<\/strong><strong>e laser horizontale et une ligne laser verticale.<\/strong><\/div>\n<div class=\"STYLE_12\" align=\"LEFT\"><strong>Le X-Liner<sup>5.2\u00a0<\/sup><\/strong><strong>est ainsi extr\u00eamement flexible dans toutes les applications\u00a0<\/strong><br \/>\n<strong>de nivellement, alignement, prise d\u2019aplomb et report\u00a0<\/strong><br \/>\n<strong>d\u2019angles droits. Gr\u00e2ce \u00e0 la fonction impulsion, le X-Liner<sup>5.2<\/sup><\/strong><br \/>\n<strong>peut \u00eatre utilis\u00e9 avec le r\u00e9cepteur laser ACCEPTOR<i>line<\/i>,\u00a0<\/strong><br \/>\n<strong>m\u00eame lorsque les conditions d\u2019\u00e9clairage sont d\u00e9favorables.<\/strong><\/div>\n<\/div>\n<\/div>\n<div align=\"LEFT\"><\/div>\n<div class=\"media overflow-fix\">\n<div class=\"media-body col-xs-12 col-sm-6 overflow-fix\">\n<h3 class=\"STYLE_12\" align=\"LEFT\"><strong>Particularit\u00e9s :<\/strong><\/h3>\n<div class=\"STYLE_12\" align=\"LEFT\"><strong><img loading=\"lazy\" decoding=\"async\" class=\"wp-image-2792 alignleft\" src=\"http:\/\/laserins.fr\/wp-content\/uploads\/2019\/07\/460872-3gif.gif\" alt=\"\" width=\"203\" height=\"131\" \/><\/strong><\/div>\n<div class=\"STYLE_12\" align=\"LEFT\">\n<ul type=\"square\">\n<li><strong>Laser cinq points\/cruciforme pour le nivellement,<\/strong><br \/>\n<strong>l\u2019alignement, la prise d\u2019aplomb et le report d\u2019angle\u00a0<\/strong><strong>droits<\/strong><\/li>\n<li><strong>Les points et les lignes laser sont bien visibles<\/strong><\/li>\n<li><strong>Les lignes laser sont activables individuellement<\/strong><\/li>\n<li><strong>Fonction impulsion pour l\u2019utilisation avec le<\/strong><strong><br \/>\nr\u00e9cepteur laser en option ACCEPTOR<i>line<\/i><\/strong><\/li>\n<li><strong>C<\/strong><strong>ompensateur \u00e0 amortissement magn\u00e9tique fiable<\/strong><\/li>\n<li><strong>Fonction inclinaison<\/strong><\/li>\n<li><strong>Adaptateur universel avec aimant puissant et\u00a0<\/strong><strong>raccords filet\u00e9s 1\/4\u2033 et 5\/8\u2033<\/strong><\/li>\n<\/ul>\n<\/div>\n<h3 class=\"STYLE_12\" align=\"LEFT\"><strong>Conditionnement R\u00e9f. 460 872:<\/strong><\/h3>\n<p><img loading=\"lazy\" decoding=\"async\" class=\"wp-image-2791 alignleft\" src=\"http:\/\/laserins.fr\/wp-content\/uploads\/2019\/07\/460872-4.gif\" alt=\"\" width=\"221\" height=\"184\" \/><\/p>\n<div class=\"STYLE_12\" align=\"LEFT\">\n<ul type=\"square\">\n<li><strong>Laser X-Liner<sup>5.2<\/sup><\/strong><\/li>\n<li><strong>Cible<\/strong><\/li>\n<li><strong>Adaptateur multifonction<\/strong><\/li>\n<li><strong>Sac de transport<\/strong><\/li>\n<\/ul>\n<\/div>\n<div align=\"Left\"><\/div>\n<h3 align=\"Left\"><\/h3>\n<p>&nbsp;<\/p>\n<h3 class=\"STYLE_12\" align=\"Left\"><strong>Caract\u00e9<\/strong><strong>ristiques techniques :<\/strong><\/h3>\n<div class=\"STYLE_12\" align=\"LEFT\">\n<table border=\"0\" width=\"413\" cellspacing=\"0\" cellpadding=\"2\">\n<tbody>\n<tr>\n<td class=\"TabelleZeile1\" align=\"LEFT\" valign=\"TOP\" width=\"170\"><strong>Pr\u00e9cision<\/strong><\/td>\n<td class=\"TabelleZeile1\" align=\"LEFT\" valign=\"TOP\" width=\"200\"><strong>\u00b1 0.3 mm\/m<\/strong><\/td>\n<\/tr>\n<tr>\n<td class=\"TabelleZeile2\" align=\"LEFT\" valign=\"TOP\" width=\"170\"><strong>Plage d\u2019auto-ajustement<\/strong><\/td>\n<td class=\"TabelleZeile2\" align=\"LEFT\" valign=\"TOP\" width=\"200\"><strong>\u00b1 4\u00b0<\/strong><\/td>\n<\/tr>\n<tr>\n<td class=\"TabelleZeile3\" align=\"LEFT\" valign=\"TOP\" width=\"170\"><strong>Port\u00e9e ma<\/strong><strong>xi \u00d8<\/strong><strong><br \/>\n<\/strong><\/td>\n<td class=\"TabelleZeile3\" align=\"LEFT\" valign=\"TOP\" width=\"200\"><strong>env. 50 m sans r\u00e9cepteur<\/strong><br \/>\n<strong>env. 100 m avec r\u00e9cepteur<\/strong><\/td>\n<\/tr>\n<tr>\n<td class=\"TabelleZeile2\" align=\"LEFT\" valign=\"TOP\" width=\"170\"><strong>Laser<\/strong><\/td>\n<td class=\"TabelleZeile2\" align=\"LEFT\" valign=\"TOP\" width=\"200\"><strong>classe 2M, 630-680 nm<\/strong><\/td>\n<\/tr>\n<tr>\n<td class=\"TabelleZeile3\" align=\"LEFT\" valign=\"TOP\" width=\"170\"><strong>Etanch\u00e9it\u00e9<\/strong><\/td>\n<td class=\"TabelleZeile3\" align=\"LEFT\" valign=\"TOP\" width=\"200\"><strong>IP 54<\/strong><\/td>\n<\/tr>\n<tr>\n<td class=\"TabelleZeile2\" align=\"LEFT\" valign=\"TOP\" width=\"170\"><strong>Alimentat<\/strong><strong>ion<\/strong><strong><br \/>\n<\/strong><\/td>\n<td class=\"TabelleZeile2\" align=\"LEFT\" valign=\"TOP\" width=\"200\"><strong>3 x 1,5 V type AA<\/strong><\/td>\n<\/tr>\n<tr>\n<td class=\"TabelleZeile3\" align=\"LEFT\" valign=\"TOP\" width=\"170\"><strong>Autonomie<\/strong><\/td>\n<td class=\"TabelleZeile3\" align=\"LEFT\" valign=\"TOP\" width=\"200\"><strong>env. 15 h<\/strong><\/td>\n<\/tr>\n<tr>\n<td class=\"TabelleZeile2\" align=\"LEFT\" valign=\"TOP\" width=\"170\"><strong>R\u00e9f.<\/strong><\/td>\n<td class=\"TabelleZeile2\" align=\"LEFT\" valign=\"TOP\" width=\"200\"><strong>460 872<\/strong><\/td>\n<\/tr>\n<\/tbody>\n<\/table>\n<\/div>\n<\/div>\n<\/div>\n<\/div>\n<\/div>\n<\/div>\n","protected":false},"excerpt":{"rendered":"<p>X-Liner5.2\u00a0R\u00e9f. 460 872 Le X-Liner5.2\u00a0est la combinaison astucieuse d\u2019un laser\u00a05 points et d\u2019un laser cruciforme. 5 points laser parfaitement\u00a0perpendiculaires entre eux sont compl\u00e9t\u00e9s par une ligne laser horizontale et une&hellip;<\/p>\n","protected":false},"featured_media":2667,"comment_status":"closed","ping_status":"closed","template":"","meta":[],"product_cat":[81],"product_tag":[],"class_list":{"0":"post-2673","1":"product","2":"type-product","3":"status-publish","4":"has-post-thumbnail","6":"product_cat-laser-croix","7":"","9":"first","10":"instock","11":"taxable","12":"shipping-taxable","13":"product-type-simple"},"yoast_head":"<!-- This site is optimized with the Yoast SEO plugin v24.7 - https:\/\/yoast.com\/wordpress\/plugins\/seo\/ -->\n<title>Laser croix Nedo 460872 - LASER ELECTRONIQUE TP<\/title>\n<meta name=\"robots\" content=\"index, follow, max-snippet:-1, max-image-preview:large, max-video-preview:-1\" \/>\n<link rel=\"canonical\" href=\"https:\/\/laserelectronique.com\/?product=laser-croix-nedo-460872\" \/>\n<meta property=\"og:locale\" content=\"fr_FR\" \/>\n<meta property=\"og:type\" content=\"article\" \/>\n<meta property=\"og:title\" content=\"Laser croix Nedo 460872 - LASER ELECTRONIQUE TP\" \/>\n<meta property=\"og:description\" content=\"X-Liner5.2\u00a0R\u00e9f. 460 872 Le X-Liner5.2\u00a0est la combinaison astucieuse d\u2019un laser\u00a05 points et d\u2019un laser cruciforme. 5 points laser parfaitement\u00a0perpendiculaires entre eux sont compl\u00e9t\u00e9s par une ligne laser horizontale et une&hellip;\" \/>\n<meta property=\"og:url\" content=\"https:\/\/laserelectronique.com\/?product=laser-croix-nedo-460872\" \/>\n<meta property=\"og:site_name\" content=\"LASER ELECTRONIQUE TP\" \/>\n<meta property=\"article:modified_time\" content=\"2020-11-18T14:35:50+00:00\" \/>\n<meta property=\"og:image\" content=\"https:\/\/laserelectronique.com\/wp-content\/uploads\/2019\/07\/460872.png\" \/>\n\t<meta property=\"og:image:width\" content=\"1300\" \/>\n\t<meta property=\"og:image:height\" content=\"1300\" \/>\n\t<meta property=\"og:image:type\" content=\"image\/png\" \/>\n<meta name=\"twitter:card\" content=\"summary_large_image\" \/>\n<meta name=\"twitter:label1\" content=\"Dur\u00e9e de lecture estim\u00e9e\" \/>\n\t<meta name=\"twitter:data1\" content=\"1 minute\" \/>\n<script type=\"application\/ld+json\" class=\"yoast-schema-graph\">{\"@context\":\"https:\/\/schema.org\",\"@graph\":[{\"@type\":\"WebPage\",\"@id\":\"https:\/\/laserelectronique.com\/?product=laser-croix-nedo-460872\",\"url\":\"https:\/\/laserelectronique.com\/?product=laser-croix-nedo-460872\",\"name\":\"Laser croix Nedo 460872 - LASER ELECTRONIQUE TP\",\"isPartOf\":{\"@id\":\"https:\/\/laserelectronique.com\/#website\"},\"primaryImageOfPage\":{\"@id\":\"https:\/\/laserelectronique.com\/?product=laser-croix-nedo-460872#primaryimage\"},\"image\":{\"@id\":\"https:\/\/laserelectronique.com\/?product=laser-croix-nedo-460872#primaryimage\"},\"thumbnailUrl\":\"https:\/\/laserelectronique.com\/wp-content\/uploads\/2019\/07\/460872.png\",\"datePublished\":\"2019-07-28T14:14:33+00:00\",\"dateModified\":\"2020-11-18T14:35:50+00:00\",\"breadcrumb\":{\"@id\":\"https:\/\/laserelectronique.com\/?product=laser-croix-nedo-460872#breadcrumb\"},\"inLanguage\":\"fr-FR\",\"potentialAction\":[{\"@type\":\"ReadAction\",\"target\":[\"https:\/\/laserelectronique.com\/?product=laser-croix-nedo-460872\"]}]},{\"@type\":\"ImageObject\",\"inLanguage\":\"fr-FR\",\"@id\":\"https:\/\/laserelectronique.com\/?product=laser-croix-nedo-460872#primaryimage\",\"url\":\"https:\/\/laserelectronique.com\/wp-content\/uploads\/2019\/07\/460872.png\",\"contentUrl\":\"https:\/\/laserelectronique.com\/wp-content\/uploads\/2019\/07\/460872.png\",\"width\":1300,\"height\":1300},{\"@type\":\"BreadcrumbList\",\"@id\":\"https:\/\/laserelectronique.com\/?product=laser-croix-nedo-460872#breadcrumb\",\"itemListElement\":[{\"@type\":\"ListItem\",\"position\":1,\"name\":\"Accueil\",\"item\":\"https:\/\/laserelectronique.com\/\"},{\"@type\":\"ListItem\",\"position\":2,\"name\":\"Boutique\",\"item\":\"https:\/\/laserelectronique.com\/?page_id=7\"},{\"@type\":\"ListItem\",\"position\":3,\"name\":\"Laser croix Nedo 460872\"}]},{\"@type\":\"WebSite\",\"@id\":\"https:\/\/laserelectronique.com\/#website\",\"url\":\"https:\/\/laserelectronique.com\/\",\"name\":\"LASER ELECTRONIQUE TP\",\"description\":\"VOTRE PARTENAIRE EN GUIDAGE D&#039;ENGINS, TOPOGRAPHIE ET SERVICES\",\"potentialAction\":[{\"@type\":\"SearchAction\",\"target\":{\"@type\":\"EntryPoint\",\"urlTemplate\":\"https:\/\/laserelectronique.com\/?s={search_term_string}\"},\"query-input\":{\"@type\":\"PropertyValueSpecification\",\"valueRequired\":true,\"valueName\":\"search_term_string\"}}],\"inLanguage\":\"fr-FR\"}]}<\/script>\n<!-- \/ Yoast SEO plugin. -->","yoast_head_json":{"title":"Laser croix Nedo 460872 - LASER ELECTRONIQUE TP","robots":{"index":"index","follow":"follow","max-snippet":"max-snippet:-1","max-image-preview":"max-image-preview:large","max-video-preview":"max-video-preview:-1"},"canonical":"https:\/\/laserelectronique.com\/?product=laser-croix-nedo-460872","og_locale":"fr_FR","og_type":"article","og_title":"Laser croix Nedo 460872 - LASER ELECTRONIQUE TP","og_description":"X-Liner5.2\u00a0R\u00e9f. 460 872 Le X-Liner5.2\u00a0est la combinaison astucieuse d\u2019un laser\u00a05 points et d\u2019un laser cruciforme. 5 points laser parfaitement\u00a0perpendiculaires entre eux sont compl\u00e9t\u00e9s par une ligne laser horizontale et une&hellip;","og_url":"https:\/\/laserelectronique.com\/?product=laser-croix-nedo-460872","og_site_name":"LASER ELECTRONIQUE TP","article_modified_time":"2020-11-18T14:35:50+00:00","og_image":[{"width":1300,"height":1300,"url":"https:\/\/laserelectronique.com\/wp-content\/uploads\/2019\/07\/460872.png","type":"image\/png"}],"twitter_card":"summary_large_image","twitter_misc":{"Dur\u00e9e de lecture estim\u00e9e":"1 minute"},"schema":{"@context":"https:\/\/schema.org","@graph":[{"@type":"WebPage","@id":"https:\/\/laserelectronique.com\/?product=laser-croix-nedo-460872","url":"https:\/\/laserelectronique.com\/?product=laser-croix-nedo-460872","name":"Laser croix Nedo 460872 - LASER ELECTRONIQUE TP","isPartOf":{"@id":"https:\/\/laserelectronique.com\/#website"},"primaryImageOfPage":{"@id":"https:\/\/laserelectronique.com\/?product=laser-croix-nedo-460872#primaryimage"},"image":{"@id":"https:\/\/laserelectronique.com\/?product=laser-croix-nedo-460872#primaryimage"},"thumbnailUrl":"https:\/\/laserelectronique.com\/wp-content\/uploads\/2019\/07\/460872.png","datePublished":"2019-07-28T14:14:33+00:00","dateModified":"2020-11-18T14:35:50+00:00","breadcrumb":{"@id":"https:\/\/laserelectronique.com\/?product=laser-croix-nedo-460872#breadcrumb"},"inLanguage":"fr-FR","potentialAction":[{"@type":"ReadAction","target":["https:\/\/laserelectronique.com\/?product=laser-croix-nedo-460872"]}]},{"@type":"ImageObject","inLanguage":"fr-FR","@id":"https:\/\/laserelectronique.com\/?product=laser-croix-nedo-460872#primaryimage","url":"https:\/\/laserelectronique.com\/wp-content\/uploads\/2019\/07\/460872.png","contentUrl":"https:\/\/laserelectronique.com\/wp-content\/uploads\/2019\/07\/460872.png","width":1300,"height":1300},{"@type":"BreadcrumbList","@id":"https:\/\/laserelectronique.com\/?product=laser-croix-nedo-460872#breadcrumb","itemListElement":[{"@type":"ListItem","position":1,"name":"Accueil","item":"https:\/\/laserelectronique.com\/"},{"@type":"ListItem","position":2,"name":"Boutique","item":"https:\/\/laserelectronique.com\/?page_id=7"},{"@type":"ListItem","position":3,"name":"Laser croix Nedo 460872"}]},{"@type":"WebSite","@id":"https:\/\/laserelectronique.com\/#website","url":"https:\/\/laserelectronique.com\/","name":"LASER ELECTRONIQUE TP","description":"VOTRE PARTENAIRE EN GUIDAGE D&#039;ENGINS, TOPOGRAPHIE ET SERVICES","potentialAction":[{"@type":"SearchAction","target":{"@type":"EntryPoint","urlTemplate":"https:\/\/laserelectronique.com\/?s={search_term_string}"},"query-input":{"@type":"PropertyValueSpecification","valueRequired":true,"valueName":"search_term_string"}}],"inLanguage":"fr-FR"}]}},"_links":{"self":[{"href":"https:\/\/laserelectronique.com\/index.php?rest_route=\/wp\/v2\/product\/2673","targetHints":{"allow":["GET"]}}],"collection":[{"href":"https:\/\/laserelectronique.com\/index.php?rest_route=\/wp\/v2\/product"}],"about":[{"href":"https:\/\/laserelectronique.com\/index.php?rest_route=\/wp\/v2\/types\/product"}],"replies":[{"embeddable":true,"href":"https:\/\/laserelectronique.com\/index.php?rest_route=%2Fwp%2Fv2%2Fcomments&post=2673"}],"wp:featuredmedia":[{"embeddable":true,"href":"https:\/\/laserelectronique.com\/index.php?rest_route=\/wp\/v2\/media\/2667"}],"wp:attachment":[{"href":"https:\/\/laserelectronique.com\/index.php?rest_route=%2Fwp%2Fv2%2Fmedia&parent=2673"}],"wp:term":[{"taxonomy":"product_cat","embeddable":true,"href":"https:\/\/laserelectronique.com\/index.php?rest_route=%2Fwp%2Fv2%2Fproduct_cat&post=2673"},{"taxonomy":"product_tag","embeddable":true,"href":"https:\/\/laserelectronique.com\/index.php?rest_route=%2Fwp%2Fv2%2Fproduct_tag&post=2673"}],"curies":[{"name":"wp","href":"https:\/\/api.w.org\/{rel}","templated":true}]}}