{"id":2671,"date":"2019-07-28T16:06:05","date_gmt":"2019-07-28T14:06:05","guid":{"rendered":"http:\/\/laserelectronique.com\/?post_type=product&#038;p=2671"},"modified":"2022-07-27T11:47:33","modified_gmt":"2022-07-27T09:47:33","slug":"laser-croix-nedo-460870","status":"publish","type":"product","link":"https:\/\/laserelectronique.com\/?product=laser-croix-nedo-460870","title":{"rendered":"Laser croix Nedo 460870"},"content":{"rendered":"<div class=\"STYLE_9\" align=\"center\"><strong>-Liner<sup>2<\/sup>\u00a0R\u00e9f. 460 870<\/strong><\/div>\n<div class=\"STYLE_12\" align=\"LEFT\"><strong><img loading=\"lazy\" decoding=\"async\" class=\" wp-image-2804 alignleft\" src=\"http:\/\/laserins.fr\/wp-content\/uploads\/2019\/07\/460870.gif\" alt=\"\" width=\"295\" height=\"331\" \/>Laser cruciforme \u00e0 calage automatique avec une ligne\u00a0<\/strong><br \/>\n<strong>laser verticale et une ligne laser horizontale. La croix\u00a0<\/strong><br \/>\n<strong>laser bien visible sur le mur permet un nivellement et\u00a0<\/strong><br \/>\n<strong>un alignement rapides et pr\u00e9cis. Gr\u00e2ce \u00e0 la fonction\u00a0<\/strong><br \/>\n<strong>impulsion, le X-Liner<sup>2<\/sup>\u00a0peut \u00eatre utilis\u00e9 avec le r\u00e9cepteur\u00a0<\/strong><br \/>\n<strong>laser ACCEPTOR<i>line<\/i>, m\u00eame lorsque les conditions\u00a0<\/strong><br \/>\n<strong>d\u2019\u00e9clairage sont d\u00e9favorables.<\/strong><strong>Particularit\u00e9s :<\/strong><\/div>\n<div class=\"STYLE_12\" align=\"LEFT\"><strong>Laser cruciforme \u00e0 calage automatique pour le\u00a0<\/strong><strong>nivellement et l\u2019alignement<\/strong><\/div>\n<div class=\"STYLE_12\" align=\"LEFT\">\n<ul type=\"square\">\n<li><strong>Lignes laser horizontales et verticales bien visibles<\/strong><br \/>\n<strong>et activables individuellement<\/strong><\/li>\n<li><strong>Fonction impulsion pour l\u2019utilisation avec le<\/strong><br \/>\n<strong>r\u00e9cepteur laser en option<\/strong><\/li>\n<\/ul>\n<div class=\"STYLE_12\" align=\"LEFT\">\n<ul type=\"square\">\n<li><strong>Amortissement magn\u00e9tique fiable<\/strong><\/li>\n<li><strong>Fonction inclinaison<\/strong><\/li>\n<li><strong>Adaptateur universel avec aimant puissant et<\/strong><br \/>\n<strong>raccords filet\u00e9s 1\/4\u2033 et 5\/8\u2033<\/strong><\/li>\n<\/ul>\n<\/div>\n<div class=\"STYLE_9\" align=\"center\"><\/div>\n<h3 class=\"STYLE_12\" align=\"LEFT\"><strong>Conditionnement R\u00e9f. 460 870:<\/strong><\/h3>\n<div class=\"STYLE_12\" align=\"LEFT\"><strong><img loading=\"lazy\" decoding=\"async\" class=\"wp-image-2802 alignleft\" src=\"http:\/\/laserins.fr\/wp-content\/uploads\/2019\/07\/460870_lieferumfang_big.gif\" alt=\"\" width=\"249\" height=\"207\" \/><\/strong><\/div>\n<div class=\"STYLE_12\" align=\"LEFT\">\n<ul type=\"square\">\n<li><strong>Laser X-Liner<sup>2<\/sup><\/strong><\/li>\n<li><strong>Cible<\/strong><strong>Adaptateur universel avec raccord filet\u00e9 1\/4\u2019\u2019<\/strong><\/li>\n<li><strong>Adaptateur \u00e0 rotule<\/strong><\/li>\n<li><strong>Sangles de fixation<\/strong><\/li>\n<li><strong>Sac de transport<img loading=\"lazy\" decoding=\"async\" src=\"http:\/\/www.nedo.com\/img\/trans.gif\" alt=\"\" width=\"1\" height=\"1\" border=\"0\" hspace=\"0\" vspace=\"0\" \/><\/strong><\/li>\n<\/ul>\n<\/div>\n<div align=\"Left\"><\/div>\n<div align=\"Left\"><\/div>\n<h3 class=\"STYLE_12\" align=\"Left\"><strong>Caract\u00e9ristiques techniques :<\/strong><\/h3>\n<h3 align=\"Left\"><\/h3>\n<p><img loading=\"lazy\" decoding=\"async\" class=\"wp-image-2803 alignright\" src=\"http:\/\/laserins.fr\/wp-content\/uploads\/2019\/07\/460870_icons.gif\" alt=\"\" width=\"264\" height=\"170\" \/><\/p>\n<div class=\"STYLE_12\" align=\"LEFT\">\n<table border=\"0\" cellspacing=\"0\" cellpadding=\"2\">\n<tbody>\n<tr>\n<td class=\"TabelleZeile1\" align=\"LEFT\" valign=\"TOP\" width=\"170\"><strong>Pr\u00e9cision<\/strong><\/td>\n<td class=\"TabelleZeile1\" align=\"LEFT\" valign=\"TOP\" width=\"200\"><strong>\u00b1 0,3 mm\/m<\/strong><\/td>\n<\/tr>\n<tr>\n<td class=\"TabelleZeile2\" align=\"LEFT\" valign=\"TOP\" width=\"170\"><strong>Plage d\u2019auto-ajustement<\/strong><\/td>\n<td class=\"TabelleZeile2\" align=\"LEFT\" valign=\"TOP\" width=\"200\"><strong>\u00b1 4\u00b0<\/strong><\/td>\n<\/tr>\n<tr>\n<td class=\"TabelleZeile3\" align=\"LEFT\" valign=\"TOP\" width=\"170\"><strong>Port\u00e9e maxi \u00d8<\/strong><\/td>\n<td class=\"TabelleZeile3\" align=\"LEFT\" valign=\"TOP\" width=\"200\"><strong>env. 50 m sans r\u00e9cepteur\u00a0<\/strong><br \/>\n<strong>env. 100 m avec r\u00e9cepteur<\/strong><\/td>\n<\/tr>\n<tr>\n<td class=\"TabelleZeile2\" align=\"LEFT\" valign=\"TOP\" width=\"170\"><strong>Laser<\/strong><\/td>\n<td class=\"TabelleZeile2\" align=\"LEFT\" valign=\"TOP\" width=\"200\"><strong>classe 2M, 635 nm<\/strong><\/td>\n<\/tr>\n<tr>\n<td class=\"TabelleZeile3\" align=\"LEFT\" valign=\"TOP\" width=\"170\"><strong>Alimentation<\/strong><\/td>\n<td class=\"TabelleZeile3\" align=\"LEFT\" valign=\"TOP\" width=\"200\"><strong>3 x 1,5 V type AA<\/strong><\/td>\n<\/tr>\n<tr>\n<td class=\"TabelleZeile2\" align=\"LEFT\" valign=\"TOP\" width=\"170\"><strong>Etanch\u00e9it\u00e9<\/strong><\/td>\n<td class=\"TabelleZeile2\" align=\"LEFT\" valign=\"TOP\" width=\"200\"><strong>IP 54<\/strong><\/td>\n<\/tr>\n<tr>\n<td class=\"TabelleZeile3\" align=\"LEFT\" valign=\"TOP\" width=\"170\"><strong>Autonomie<\/strong><\/td>\n<td class=\"TabelleZeile3\" align=\"LEFT\" valign=\"TOP\" width=\"200\"><strong>env. 20 h<\/strong><\/td>\n<\/tr>\n<tr>\n<td class=\"TabelleZeile2\" align=\"LEFT\" valign=\"TOP\" width=\"170\"><strong>R\u00e9f.<\/strong><\/td>\n<td class=\"TabelleZeile2\" align=\"LEFT\" valign=\"TOP\" width=\"200\"><strong>460 870<\/strong><\/td>\n<\/tr>\n<\/tbody>\n<\/table>\n<div class=\"STYLE_12\" align=\"LEFT\"><img loading=\"lazy\" decoding=\"async\" class=\"size-full wp-image-2801 alignleft\" src=\"http:\/\/laserins.fr\/wp-content\/uploads\/2019\/07\/460870_tastatur.gif\" alt=\"\" width=\"215\" height=\"177\" \/><\/div>\n<p>&nbsp;<\/p>\n<p>&nbsp;<\/p>\n<\/div>\n<\/div>\n","protected":false},"excerpt":{"rendered":"<p>-Liner2\u00a0R\u00e9f. 460 870 Laser cruciforme \u00e0 calage automatique avec une ligne\u00a0 laser verticale et une ligne laser horizontale. La croix\u00a0 laser bien visible sur le mur permet un nivellement et\u00a0&hellip;<\/p>\n","protected":false},"featured_media":2662,"comment_status":"closed","ping_status":"closed","template":"","meta":[],"product_cat":[81],"product_tag":[],"class_list":{"0":"post-2671","1":"product","2":"type-product","3":"status-publish","4":"has-post-thumbnail","6":"product_cat-laser-croix","7":"","9":"first","10":"instock","11":"taxable","12":"shipping-taxable","13":"product-type-simple"},"yoast_head":"<!-- This site is optimized with the Yoast SEO plugin v24.7 - https:\/\/yoast.com\/wordpress\/plugins\/seo\/ -->\n<title>Laser croix Nedo 460870 - LASER ELECTRONIQUE TP<\/title>\n<meta name=\"robots\" content=\"index, follow, max-snippet:-1, max-image-preview:large, max-video-preview:-1\" \/>\n<link rel=\"canonical\" href=\"https:\/\/laserelectronique.com\/?product=laser-croix-nedo-460870\" \/>\n<meta property=\"og:locale\" content=\"fr_FR\" \/>\n<meta property=\"og:type\" content=\"article\" \/>\n<meta property=\"og:title\" content=\"Laser croix Nedo 460870 - LASER ELECTRONIQUE TP\" \/>\n<meta property=\"og:description\" content=\"-Liner2\u00a0R\u00e9f. 460 870 Laser cruciforme \u00e0 calage automatique avec une ligne\u00a0 laser verticale et une ligne laser horizontale. La croix\u00a0 laser bien visible sur le mur permet un nivellement et\u00a0&hellip;\" \/>\n<meta property=\"og:url\" content=\"https:\/\/laserelectronique.com\/?product=laser-croix-nedo-460870\" \/>\n<meta property=\"og:site_name\" content=\"LASER ELECTRONIQUE TP\" \/>\n<meta property=\"article:modified_time\" content=\"2022-07-27T09:47:33+00:00\" \/>\n<meta property=\"og:image\" content=\"https:\/\/laserelectronique.com\/wp-content\/uploads\/2019\/07\/460870-1.png\" \/>\n\t<meta property=\"og:image:width\" content=\"1300\" \/>\n\t<meta property=\"og:image:height\" content=\"1300\" \/>\n\t<meta property=\"og:image:type\" content=\"image\/png\" \/>\n<meta name=\"twitter:card\" content=\"summary_large_image\" \/>\n<meta name=\"twitter:label1\" content=\"Dur\u00e9e de lecture estim\u00e9e\" \/>\n\t<meta name=\"twitter:data1\" content=\"1 minute\" \/>\n<script type=\"application\/ld+json\" class=\"yoast-schema-graph\">{\"@context\":\"https:\/\/schema.org\",\"@graph\":[{\"@type\":\"WebPage\",\"@id\":\"https:\/\/laserelectronique.com\/?product=laser-croix-nedo-460870\",\"url\":\"https:\/\/laserelectronique.com\/?product=laser-croix-nedo-460870\",\"name\":\"Laser croix Nedo 460870 - LASER ELECTRONIQUE TP\",\"isPartOf\":{\"@id\":\"https:\/\/laserelectronique.com\/#website\"},\"primaryImageOfPage\":{\"@id\":\"https:\/\/laserelectronique.com\/?product=laser-croix-nedo-460870#primaryimage\"},\"image\":{\"@id\":\"https:\/\/laserelectronique.com\/?product=laser-croix-nedo-460870#primaryimage\"},\"thumbnailUrl\":\"https:\/\/laserelectronique.com\/wp-content\/uploads\/2019\/07\/460870-1.png\",\"datePublished\":\"2019-07-28T14:06:05+00:00\",\"dateModified\":\"2022-07-27T09:47:33+00:00\",\"breadcrumb\":{\"@id\":\"https:\/\/laserelectronique.com\/?product=laser-croix-nedo-460870#breadcrumb\"},\"inLanguage\":\"fr-FR\",\"potentialAction\":[{\"@type\":\"ReadAction\",\"target\":[\"https:\/\/laserelectronique.com\/?product=laser-croix-nedo-460870\"]}]},{\"@type\":\"ImageObject\",\"inLanguage\":\"fr-FR\",\"@id\":\"https:\/\/laserelectronique.com\/?product=laser-croix-nedo-460870#primaryimage\",\"url\":\"https:\/\/laserelectronique.com\/wp-content\/uploads\/2019\/07\/460870-1.png\",\"contentUrl\":\"https:\/\/laserelectronique.com\/wp-content\/uploads\/2019\/07\/460870-1.png\",\"width\":1300,\"height\":1300},{\"@type\":\"BreadcrumbList\",\"@id\":\"https:\/\/laserelectronique.com\/?product=laser-croix-nedo-460870#breadcrumb\",\"itemListElement\":[{\"@type\":\"ListItem\",\"position\":1,\"name\":\"Accueil\",\"item\":\"https:\/\/laserelectronique.com\/\"},{\"@type\":\"ListItem\",\"position\":2,\"name\":\"Boutique\",\"item\":\"https:\/\/laserelectronique.com\/?page_id=7\"},{\"@type\":\"ListItem\",\"position\":3,\"name\":\"Laser croix Nedo 460870\"}]},{\"@type\":\"WebSite\",\"@id\":\"https:\/\/laserelectronique.com\/#website\",\"url\":\"https:\/\/laserelectronique.com\/\",\"name\":\"LASER ELECTRONIQUE TP\",\"description\":\"VOTRE PARTENAIRE EN GUIDAGE D&#039;ENGINS, TOPOGRAPHIE ET SERVICES\",\"potentialAction\":[{\"@type\":\"SearchAction\",\"target\":{\"@type\":\"EntryPoint\",\"urlTemplate\":\"https:\/\/laserelectronique.com\/?s={search_term_string}\"},\"query-input\":{\"@type\":\"PropertyValueSpecification\",\"valueRequired\":true,\"valueName\":\"search_term_string\"}}],\"inLanguage\":\"fr-FR\"}]}<\/script>\n<!-- \/ Yoast SEO plugin. -->","yoast_head_json":{"title":"Laser croix Nedo 460870 - LASER ELECTRONIQUE TP","robots":{"index":"index","follow":"follow","max-snippet":"max-snippet:-1","max-image-preview":"max-image-preview:large","max-video-preview":"max-video-preview:-1"},"canonical":"https:\/\/laserelectronique.com\/?product=laser-croix-nedo-460870","og_locale":"fr_FR","og_type":"article","og_title":"Laser croix Nedo 460870 - LASER ELECTRONIQUE TP","og_description":"-Liner2\u00a0R\u00e9f. 460 870 Laser cruciforme \u00e0 calage automatique avec une ligne\u00a0 laser verticale et une ligne laser horizontale. La croix\u00a0 laser bien visible sur le mur permet un nivellement et\u00a0&hellip;","og_url":"https:\/\/laserelectronique.com\/?product=laser-croix-nedo-460870","og_site_name":"LASER ELECTRONIQUE TP","article_modified_time":"2022-07-27T09:47:33+00:00","og_image":[{"width":1300,"height":1300,"url":"https:\/\/laserelectronique.com\/wp-content\/uploads\/2019\/07\/460870-1.png","type":"image\/png"}],"twitter_card":"summary_large_image","twitter_misc":{"Dur\u00e9e de lecture estim\u00e9e":"1 minute"},"schema":{"@context":"https:\/\/schema.org","@graph":[{"@type":"WebPage","@id":"https:\/\/laserelectronique.com\/?product=laser-croix-nedo-460870","url":"https:\/\/laserelectronique.com\/?product=laser-croix-nedo-460870","name":"Laser croix Nedo 460870 - LASER ELECTRONIQUE TP","isPartOf":{"@id":"https:\/\/laserelectronique.com\/#website"},"primaryImageOfPage":{"@id":"https:\/\/laserelectronique.com\/?product=laser-croix-nedo-460870#primaryimage"},"image":{"@id":"https:\/\/laserelectronique.com\/?product=laser-croix-nedo-460870#primaryimage"},"thumbnailUrl":"https:\/\/laserelectronique.com\/wp-content\/uploads\/2019\/07\/460870-1.png","datePublished":"2019-07-28T14:06:05+00:00","dateModified":"2022-07-27T09:47:33+00:00","breadcrumb":{"@id":"https:\/\/laserelectronique.com\/?product=laser-croix-nedo-460870#breadcrumb"},"inLanguage":"fr-FR","potentialAction":[{"@type":"ReadAction","target":["https:\/\/laserelectronique.com\/?product=laser-croix-nedo-460870"]}]},{"@type":"ImageObject","inLanguage":"fr-FR","@id":"https:\/\/laserelectronique.com\/?product=laser-croix-nedo-460870#primaryimage","url":"https:\/\/laserelectronique.com\/wp-content\/uploads\/2019\/07\/460870-1.png","contentUrl":"https:\/\/laserelectronique.com\/wp-content\/uploads\/2019\/07\/460870-1.png","width":1300,"height":1300},{"@type":"BreadcrumbList","@id":"https:\/\/laserelectronique.com\/?product=laser-croix-nedo-460870#breadcrumb","itemListElement":[{"@type":"ListItem","position":1,"name":"Accueil","item":"https:\/\/laserelectronique.com\/"},{"@type":"ListItem","position":2,"name":"Boutique","item":"https:\/\/laserelectronique.com\/?page_id=7"},{"@type":"ListItem","position":3,"name":"Laser croix Nedo 460870"}]},{"@type":"WebSite","@id":"https:\/\/laserelectronique.com\/#website","url":"https:\/\/laserelectronique.com\/","name":"LASER ELECTRONIQUE TP","description":"VOTRE PARTENAIRE EN GUIDAGE D&#039;ENGINS, TOPOGRAPHIE ET SERVICES","potentialAction":[{"@type":"SearchAction","target":{"@type":"EntryPoint","urlTemplate":"https:\/\/laserelectronique.com\/?s={search_term_string}"},"query-input":{"@type":"PropertyValueSpecification","valueRequired":true,"valueName":"search_term_string"}}],"inLanguage":"fr-FR"}]}},"_links":{"self":[{"href":"https:\/\/laserelectronique.com\/index.php?rest_route=\/wp\/v2\/product\/2671","targetHints":{"allow":["GET"]}}],"collection":[{"href":"https:\/\/laserelectronique.com\/index.php?rest_route=\/wp\/v2\/product"}],"about":[{"href":"https:\/\/laserelectronique.com\/index.php?rest_route=\/wp\/v2\/types\/product"}],"replies":[{"embeddable":true,"href":"https:\/\/laserelectronique.com\/index.php?rest_route=%2Fwp%2Fv2%2Fcomments&post=2671"}],"wp:featuredmedia":[{"embeddable":true,"href":"https:\/\/laserelectronique.com\/index.php?rest_route=\/wp\/v2\/media\/2662"}],"wp:attachment":[{"href":"https:\/\/laserelectronique.com\/index.php?rest_route=%2Fwp%2Fv2%2Fmedia&parent=2671"}],"wp:term":[{"taxonomy":"product_cat","embeddable":true,"href":"https:\/\/laserelectronique.com\/index.php?rest_route=%2Fwp%2Fv2%2Fproduct_cat&post=2671"},{"taxonomy":"product_tag","embeddable":true,"href":"https:\/\/laserelectronique.com\/index.php?rest_route=%2Fwp%2Fv2%2Fproduct_tag&post=2671"}],"curies":[{"name":"wp","href":"https:\/\/api.w.org\/{rel}","templated":true}]}}