{"id":2634,"date":"2019-07-27T09:47:12","date_gmt":"2019-07-27T07:47:12","guid":{"rendered":"http:\/\/laserelectronique.com\/?post_type=product&#038;p=2634"},"modified":"2020-11-18T15:36:15","modified_gmt":"2020-11-18T14:36:15","slug":"trepieds-aluminium-nedo","status":"publish","type":"product","link":"https:\/\/laserelectronique.com\/?product=trepieds-aluminium-nedo","title":{"rendered":"Tr\u00e9pieds aluminium NEDO"},"content":{"rendered":"<div class=\"STYLE_12\" align=\"LEFT\"><strong>Les tr\u00e9pieds en aluminium de Nedo sont tr\u00e8s\u00a0<\/strong><br \/>\n<strong>robustes et se distinguent par une rigidit\u00e9 exem<\/strong><strong>plaire. <\/strong><\/div>\n<div class=\"STYLE_12\" align=\"LEFT\"><strong>Ils sont principalement destin\u00e9s \u00e0 la fixa<\/strong><strong>tion de niveaux, de th\u00e9odolites de chantier et de <\/strong><strong>lasers rotatifs.<\/strong><br \/>\n<strong>Gr\u00e2ce au blocage rapide, les branches des tr\u00e9<\/strong><strong>pieds se d\u00e9ploient et se bloquent facilement et\u00a0<\/strong><br \/>\n<strong>sans effort.<\/strong><\/div>\n<h3><strong>Documentation:<\/strong><\/h3>\n<p><a href=\"https:\/\/laserelectronique.com\/wp-content\/uploads\/2019\/07\/Tr\u00e9pieds-alu-NEDO.pdf\"><strong>Tr\u00e9pieds aluminium NEDO, une gamme compl\u00e8te<\/strong><\/a><\/p>\n<p>&nbsp;<\/p>\n","protected":false},"excerpt":{"rendered":"<p>Les tr\u00e9pieds en aluminium de Nedo sont tr\u00e8s\u00a0 robustes et se distinguent par une rigidit\u00e9 exemplaire. Ils sont principalement destin\u00e9s \u00e0 la fixation de niveaux, de th\u00e9odolites de chantier et&hellip;<\/p>\n","protected":false},"featured_media":2629,"comment_status":"closed","ping_status":"closed","template":"","meta":[],"product_cat":[25,83],"product_tag":[],"class_list":{"0":"post-2634","1":"product","2":"type-product","3":"status-publish","4":"has-post-thumbnail","6":"product_cat-topographie","7":"product_cat-trepieds-et-mats","8":"","10":"first","11":"instock","12":"taxable","13":"shipping-taxable","14":"product-type-simple"},"yoast_head":"<!-- This site is optimized with the Yoast SEO plugin v24.7 - https:\/\/yoast.com\/wordpress\/plugins\/seo\/ -->\n<title>Tr\u00e9pieds aluminium NEDO - LASER ELECTRONIQUE TP<\/title>\n<meta name=\"robots\" content=\"index, follow, max-snippet:-1, max-image-preview:large, max-video-preview:-1\" \/>\n<link rel=\"canonical\" href=\"https:\/\/laserelectronique.com\/?product=trepieds-aluminium-nedo\" \/>\n<meta property=\"og:locale\" content=\"fr_FR\" \/>\n<meta property=\"og:type\" content=\"article\" \/>\n<meta property=\"og:title\" content=\"Tr\u00e9pieds aluminium NEDO - LASER ELECTRONIQUE TP\" \/>\n<meta property=\"og:description\" content=\"Les tr\u00e9pieds en aluminium de Nedo sont tr\u00e8s\u00a0 robustes et se distinguent par une rigidit\u00e9 exemplaire. Ils sont principalement destin\u00e9s \u00e0 la fixation de niveaux, de th\u00e9odolites de chantier et&hellip;\" \/>\n<meta property=\"og:url\" content=\"https:\/\/laserelectronique.com\/?product=trepieds-aluminium-nedo\" \/>\n<meta property=\"og:site_name\" content=\"LASER ELECTRONIQUE TP\" \/>\n<meta property=\"article:modified_time\" content=\"2020-11-18T14:36:15+00:00\" \/>\n<meta property=\"og:image\" content=\"https:\/\/laserelectronique.com\/wp-content\/uploads\/2019\/07\/200215-613.png\" \/>\n\t<meta property=\"og:image:width\" content=\"800\" \/>\n\t<meta property=\"og:image:height\" content=\"800\" \/>\n\t<meta property=\"og:image:type\" content=\"image\/png\" \/>\n<meta name=\"twitter:card\" content=\"summary_large_image\" \/>\n<script type=\"application\/ld+json\" class=\"yoast-schema-graph\">{\"@context\":\"https:\/\/schema.org\",\"@graph\":[{\"@type\":\"WebPage\",\"@id\":\"https:\/\/laserelectronique.com\/?product=trepieds-aluminium-nedo\",\"url\":\"https:\/\/laserelectronique.com\/?product=trepieds-aluminium-nedo\",\"name\":\"Tr\u00e9pieds aluminium NEDO - LASER ELECTRONIQUE TP\",\"isPartOf\":{\"@id\":\"https:\/\/laserelectronique.com\/#website\"},\"primaryImageOfPage\":{\"@id\":\"https:\/\/laserelectronique.com\/?product=trepieds-aluminium-nedo#primaryimage\"},\"image\":{\"@id\":\"https:\/\/laserelectronique.com\/?product=trepieds-aluminium-nedo#primaryimage\"},\"thumbnailUrl\":\"https:\/\/laserelectronique.com\/wp-content\/uploads\/2019\/07\/200215-613.png\",\"datePublished\":\"2019-07-27T07:47:12+00:00\",\"dateModified\":\"2020-11-18T14:36:15+00:00\",\"breadcrumb\":{\"@id\":\"https:\/\/laserelectronique.com\/?product=trepieds-aluminium-nedo#breadcrumb\"},\"inLanguage\":\"fr-FR\",\"potentialAction\":[{\"@type\":\"ReadAction\",\"target\":[\"https:\/\/laserelectronique.com\/?product=trepieds-aluminium-nedo\"]}]},{\"@type\":\"ImageObject\",\"inLanguage\":\"fr-FR\",\"@id\":\"https:\/\/laserelectronique.com\/?product=trepieds-aluminium-nedo#primaryimage\",\"url\":\"https:\/\/laserelectronique.com\/wp-content\/uploads\/2019\/07\/200215-613.png\",\"contentUrl\":\"https:\/\/laserelectronique.com\/wp-content\/uploads\/2019\/07\/200215-613.png\",\"width\":800,\"height\":800},{\"@type\":\"BreadcrumbList\",\"@id\":\"https:\/\/laserelectronique.com\/?product=trepieds-aluminium-nedo#breadcrumb\",\"itemListElement\":[{\"@type\":\"ListItem\",\"position\":1,\"name\":\"Accueil\",\"item\":\"https:\/\/laserelectronique.com\/\"},{\"@type\":\"ListItem\",\"position\":2,\"name\":\"Boutique\",\"item\":\"https:\/\/laserelectronique.com\/?page_id=7\"},{\"@type\":\"ListItem\",\"position\":3,\"name\":\"Tr\u00e9pieds aluminium NEDO\"}]},{\"@type\":\"WebSite\",\"@id\":\"https:\/\/laserelectronique.com\/#website\",\"url\":\"https:\/\/laserelectronique.com\/\",\"name\":\"LASER ELECTRONIQUE TP\",\"description\":\"VOTRE PARTENAIRE EN GUIDAGE D&#039;ENGINS, TOPOGRAPHIE ET SERVICES\",\"potentialAction\":[{\"@type\":\"SearchAction\",\"target\":{\"@type\":\"EntryPoint\",\"urlTemplate\":\"https:\/\/laserelectronique.com\/?s={search_term_string}\"},\"query-input\":{\"@type\":\"PropertyValueSpecification\",\"valueRequired\":true,\"valueName\":\"search_term_string\"}}],\"inLanguage\":\"fr-FR\"}]}<\/script>\n<!-- \/ Yoast SEO plugin. -->","yoast_head_json":{"title":"Tr\u00e9pieds aluminium NEDO - LASER ELECTRONIQUE TP","robots":{"index":"index","follow":"follow","max-snippet":"max-snippet:-1","max-image-preview":"max-image-preview:large","max-video-preview":"max-video-preview:-1"},"canonical":"https:\/\/laserelectronique.com\/?product=trepieds-aluminium-nedo","og_locale":"fr_FR","og_type":"article","og_title":"Tr\u00e9pieds aluminium NEDO - LASER ELECTRONIQUE TP","og_description":"Les tr\u00e9pieds en aluminium de Nedo sont tr\u00e8s\u00a0 robustes et se distinguent par une rigidit\u00e9 exemplaire. Ils sont principalement destin\u00e9s \u00e0 la fixation de niveaux, de th\u00e9odolites de chantier et&hellip;","og_url":"https:\/\/laserelectronique.com\/?product=trepieds-aluminium-nedo","og_site_name":"LASER ELECTRONIQUE TP","article_modified_time":"2020-11-18T14:36:15+00:00","og_image":[{"width":800,"height":800,"url":"https:\/\/laserelectronique.com\/wp-content\/uploads\/2019\/07\/200215-613.png","type":"image\/png"}],"twitter_card":"summary_large_image","schema":{"@context":"https:\/\/schema.org","@graph":[{"@type":"WebPage","@id":"https:\/\/laserelectronique.com\/?product=trepieds-aluminium-nedo","url":"https:\/\/laserelectronique.com\/?product=trepieds-aluminium-nedo","name":"Tr\u00e9pieds aluminium NEDO - LASER ELECTRONIQUE TP","isPartOf":{"@id":"https:\/\/laserelectronique.com\/#website"},"primaryImageOfPage":{"@id":"https:\/\/laserelectronique.com\/?product=trepieds-aluminium-nedo#primaryimage"},"image":{"@id":"https:\/\/laserelectronique.com\/?product=trepieds-aluminium-nedo#primaryimage"},"thumbnailUrl":"https:\/\/laserelectronique.com\/wp-content\/uploads\/2019\/07\/200215-613.png","datePublished":"2019-07-27T07:47:12+00:00","dateModified":"2020-11-18T14:36:15+00:00","breadcrumb":{"@id":"https:\/\/laserelectronique.com\/?product=trepieds-aluminium-nedo#breadcrumb"},"inLanguage":"fr-FR","potentialAction":[{"@type":"ReadAction","target":["https:\/\/laserelectronique.com\/?product=trepieds-aluminium-nedo"]}]},{"@type":"ImageObject","inLanguage":"fr-FR","@id":"https:\/\/laserelectronique.com\/?product=trepieds-aluminium-nedo#primaryimage","url":"https:\/\/laserelectronique.com\/wp-content\/uploads\/2019\/07\/200215-613.png","contentUrl":"https:\/\/laserelectronique.com\/wp-content\/uploads\/2019\/07\/200215-613.png","width":800,"height":800},{"@type":"BreadcrumbList","@id":"https:\/\/laserelectronique.com\/?product=trepieds-aluminium-nedo#breadcrumb","itemListElement":[{"@type":"ListItem","position":1,"name":"Accueil","item":"https:\/\/laserelectronique.com\/"},{"@type":"ListItem","position":2,"name":"Boutique","item":"https:\/\/laserelectronique.com\/?page_id=7"},{"@type":"ListItem","position":3,"name":"Tr\u00e9pieds aluminium NEDO"}]},{"@type":"WebSite","@id":"https:\/\/laserelectronique.com\/#website","url":"https:\/\/laserelectronique.com\/","name":"LASER ELECTRONIQUE TP","description":"VOTRE PARTENAIRE EN GUIDAGE D&#039;ENGINS, TOPOGRAPHIE ET SERVICES","potentialAction":[{"@type":"SearchAction","target":{"@type":"EntryPoint","urlTemplate":"https:\/\/laserelectronique.com\/?s={search_term_string}"},"query-input":{"@type":"PropertyValueSpecification","valueRequired":true,"valueName":"search_term_string"}}],"inLanguage":"fr-FR"}]}},"_links":{"self":[{"href":"https:\/\/laserelectronique.com\/index.php?rest_route=\/wp\/v2\/product\/2634","targetHints":{"allow":["GET"]}}],"collection":[{"href":"https:\/\/laserelectronique.com\/index.php?rest_route=\/wp\/v2\/product"}],"about":[{"href":"https:\/\/laserelectronique.com\/index.php?rest_route=\/wp\/v2\/types\/product"}],"replies":[{"embeddable":true,"href":"https:\/\/laserelectronique.com\/index.php?rest_route=%2Fwp%2Fv2%2Fcomments&post=2634"}],"wp:featuredmedia":[{"embeddable":true,"href":"https:\/\/laserelectronique.com\/index.php?rest_route=\/wp\/v2\/media\/2629"}],"wp:attachment":[{"href":"https:\/\/laserelectronique.com\/index.php?rest_route=%2Fwp%2Fv2%2Fmedia&parent=2634"}],"wp:term":[{"taxonomy":"product_cat","embeddable":true,"href":"https:\/\/laserelectronique.com\/index.php?rest_route=%2Fwp%2Fv2%2Fproduct_cat&post=2634"},{"taxonomy":"product_tag","embeddable":true,"href":"https:\/\/laserelectronique.com\/index.php?rest_route=%2Fwp%2Fv2%2Fproduct_tag&post=2634"}],"curies":[{"name":"wp","href":"https:\/\/api.w.org\/{rel}","templated":true}]}}