{"id":262,"date":"2017-03-29T10:11:52","date_gmt":"2017-03-29T08:11:52","guid":{"rendered":"http:\/\/laserins.fr\/?product=rateau-a-enrobe-150-cm"},"modified":"2020-12-26T16:48:43","modified_gmt":"2020-12-26T15:48:43","slug":"rateau-a-enrobe-150-cm","status":"publish","type":"product","link":"https:\/\/laserelectronique.com\/?product=rateau-a-enrobe-150-cm","title":{"rendered":"R\u00e2teau \u00e0 enrob\u00e9 150 cm E150"},"content":{"rendered":"<p><strong>Outil id\u00e9al pour la mise en oeuvre de bitume : l\u00e9ger, maniable, d&rsquo;une longue dur\u00e9e de vie.<\/strong><\/p>\n<p><strong>Facile \u00e0 nettoyer (y compris \u00e0 la flamme).<\/strong><\/p>\n<p><strong>Plaque en alliage aluminium profil\u00e9e.<\/strong><\/p>\n<p><strong>Largeur 150 cm &#8211; R\u00e9f\u00e9rence E150<\/strong><\/p>\n<p><strong>Fabrication Allemande<\/strong><\/p>\n<p><img loading=\"lazy\" decoding=\"async\" class=\"alignnone wp-image-2058\" src=\"http:\/\/laserins.fr\/wp-content\/uploads\/2018\/05\/ALUREXGIF.gif\" alt=\"\" width=\"325\" height=\"244\" \/><\/p>\n<h3>Document produit:<\/h3>\n<ul>\n<li><span style=\"color: #0000ff;\"><a style=\"color: #0000ff;\" href=\"https:\/\/laserelectronique.com\/wp-content\/uploads\/2018\/01\/15-Doc-OutilsEnrob\u00e9s-LASER-INS-2020.pdf\">Doc TARIF-OutilsEnrob\u00e9s-LASER-INS-2020<\/a><\/span><\/li>\n<li><a href=\"http:\/\/laserins.fr\/wp-content\/uploads\/2018\/01\/Doc-OUTILS-complete-2017.pdf\">Doc OUTILS complete 2017<\/a><\/li>\n<\/ul>\n","protected":false},"excerpt":{"rendered":"<p>Outil id\u00e9al pour la mise en oeuvre de bitume : l\u00e9ger, maniable, d&rsquo;une longue dur\u00e9e de vie. Facile \u00e0 nettoyer (y compris \u00e0 la flamme). Plaque en alliage aluminium profil\u00e9e.&hellip;<\/p>\n","protected":false},"featured_media":260,"comment_status":"closed","ping_status":"closed","template":"","meta":[],"product_cat":[88],"product_tag":[],"class_list":{"0":"post-262","1":"product","2":"type-product","3":"status-publish","4":"has-post-thumbnail","6":"product_cat-outils","7":"","9":"first","10":"instock","11":"taxable","12":"shipping-taxable","13":"product-type-simple"},"yoast_head":"<!-- This site is optimized with the Yoast SEO plugin v24.7 - https:\/\/yoast.com\/wordpress\/plugins\/seo\/ -->\n<title>R\u00e2teau \u00e0 enrob\u00e9 150 cm E150 - LASER ELECTRONIQUE TP<\/title>\n<meta name=\"robots\" content=\"index, follow, max-snippet:-1, max-image-preview:large, max-video-preview:-1\" \/>\n<link rel=\"canonical\" href=\"https:\/\/laserelectronique.com\/?product=rateau-a-enrobe-150-cm\" \/>\n<meta property=\"og:locale\" content=\"fr_FR\" \/>\n<meta property=\"og:type\" content=\"article\" \/>\n<meta property=\"og:title\" content=\"R\u00e2teau \u00e0 enrob\u00e9 150 cm E150 - LASER ELECTRONIQUE TP\" \/>\n<meta property=\"og:description\" content=\"Outil id\u00e9al pour la mise en oeuvre de bitume : l\u00e9ger, maniable, d&rsquo;une longue dur\u00e9e de vie. Facile \u00e0 nettoyer (y compris \u00e0 la flamme). Plaque en alliage aluminium profil\u00e9e.&hellip;\" \/>\n<meta property=\"og:url\" content=\"https:\/\/laserelectronique.com\/?product=rateau-a-enrobe-150-cm\" \/>\n<meta property=\"og:site_name\" content=\"LASER ELECTRONIQUE TP\" \/>\n<meta property=\"article:modified_time\" content=\"2020-12-26T15:48:43+00:00\" \/>\n<meta property=\"og:image\" content=\"https:\/\/laserelectronique.com\/wp-content\/uploads\/2017\/03\/E60-S.jpg\" \/>\n\t<meta property=\"og:image:width\" content=\"1000\" \/>\n\t<meta property=\"og:image:height\" content=\"750\" \/>\n\t<meta property=\"og:image:type\" content=\"image\/jpeg\" \/>\n<meta name=\"twitter:card\" content=\"summary_large_image\" \/>\n<script type=\"application\/ld+json\" class=\"yoast-schema-graph\">{\"@context\":\"https:\/\/schema.org\",\"@graph\":[{\"@type\":\"WebPage\",\"@id\":\"https:\/\/laserelectronique.com\/?product=rateau-a-enrobe-150-cm\",\"url\":\"https:\/\/laserelectronique.com\/?product=rateau-a-enrobe-150-cm\",\"name\":\"R\u00e2teau \u00e0 enrob\u00e9 150 cm E150 - LASER ELECTRONIQUE TP\",\"isPartOf\":{\"@id\":\"https:\/\/laserelectronique.com\/#website\"},\"primaryImageOfPage\":{\"@id\":\"https:\/\/laserelectronique.com\/?product=rateau-a-enrobe-150-cm#primaryimage\"},\"image\":{\"@id\":\"https:\/\/laserelectronique.com\/?product=rateau-a-enrobe-150-cm#primaryimage\"},\"thumbnailUrl\":\"https:\/\/laserelectronique.com\/wp-content\/uploads\/2017\/03\/E60-S.jpg\",\"datePublished\":\"2017-03-29T08:11:52+00:00\",\"dateModified\":\"2020-12-26T15:48:43+00:00\",\"breadcrumb\":{\"@id\":\"https:\/\/laserelectronique.com\/?product=rateau-a-enrobe-150-cm#breadcrumb\"},\"inLanguage\":\"fr-FR\",\"potentialAction\":[{\"@type\":\"ReadAction\",\"target\":[\"https:\/\/laserelectronique.com\/?product=rateau-a-enrobe-150-cm\"]}]},{\"@type\":\"ImageObject\",\"inLanguage\":\"fr-FR\",\"@id\":\"https:\/\/laserelectronique.com\/?product=rateau-a-enrobe-150-cm#primaryimage\",\"url\":\"https:\/\/laserelectronique.com\/wp-content\/uploads\/2017\/03\/E60-S.jpg\",\"contentUrl\":\"https:\/\/laserelectronique.com\/wp-content\/uploads\/2017\/03\/E60-S.jpg\",\"width\":1000,\"height\":750},{\"@type\":\"BreadcrumbList\",\"@id\":\"https:\/\/laserelectronique.com\/?product=rateau-a-enrobe-150-cm#breadcrumb\",\"itemListElement\":[{\"@type\":\"ListItem\",\"position\":1,\"name\":\"Accueil\",\"item\":\"https:\/\/laserelectronique.com\/\"},{\"@type\":\"ListItem\",\"position\":2,\"name\":\"Boutique\",\"item\":\"https:\/\/laserelectronique.com\/?page_id=7\"},{\"@type\":\"ListItem\",\"position\":3,\"name\":\"R\u00e2teau \u00e0 enrob\u00e9 150 cm E150\"}]},{\"@type\":\"WebSite\",\"@id\":\"https:\/\/laserelectronique.com\/#website\",\"url\":\"https:\/\/laserelectronique.com\/\",\"name\":\"LASER ELECTRONIQUE TP\",\"description\":\"VOTRE PARTENAIRE EN GUIDAGE D&#039;ENGINS, TOPOGRAPHIE ET SERVICES\",\"potentialAction\":[{\"@type\":\"SearchAction\",\"target\":{\"@type\":\"EntryPoint\",\"urlTemplate\":\"https:\/\/laserelectronique.com\/?s={search_term_string}\"},\"query-input\":{\"@type\":\"PropertyValueSpecification\",\"valueRequired\":true,\"valueName\":\"search_term_string\"}}],\"inLanguage\":\"fr-FR\"}]}<\/script>\n<!-- \/ Yoast SEO plugin. -->","yoast_head_json":{"title":"R\u00e2teau \u00e0 enrob\u00e9 150 cm E150 - LASER ELECTRONIQUE TP","robots":{"index":"index","follow":"follow","max-snippet":"max-snippet:-1","max-image-preview":"max-image-preview:large","max-video-preview":"max-video-preview:-1"},"canonical":"https:\/\/laserelectronique.com\/?product=rateau-a-enrobe-150-cm","og_locale":"fr_FR","og_type":"article","og_title":"R\u00e2teau \u00e0 enrob\u00e9 150 cm E150 - LASER ELECTRONIQUE TP","og_description":"Outil id\u00e9al pour la mise en oeuvre de bitume : l\u00e9ger, maniable, d&rsquo;une longue dur\u00e9e de vie. Facile \u00e0 nettoyer (y compris \u00e0 la flamme). Plaque en alliage aluminium profil\u00e9e.&hellip;","og_url":"https:\/\/laserelectronique.com\/?product=rateau-a-enrobe-150-cm","og_site_name":"LASER ELECTRONIQUE TP","article_modified_time":"2020-12-26T15:48:43+00:00","og_image":[{"width":1000,"height":750,"url":"https:\/\/laserelectronique.com\/wp-content\/uploads\/2017\/03\/E60-S.jpg","type":"image\/jpeg"}],"twitter_card":"summary_large_image","schema":{"@context":"https:\/\/schema.org","@graph":[{"@type":"WebPage","@id":"https:\/\/laserelectronique.com\/?product=rateau-a-enrobe-150-cm","url":"https:\/\/laserelectronique.com\/?product=rateau-a-enrobe-150-cm","name":"R\u00e2teau \u00e0 enrob\u00e9 150 cm E150 - LASER ELECTRONIQUE TP","isPartOf":{"@id":"https:\/\/laserelectronique.com\/#website"},"primaryImageOfPage":{"@id":"https:\/\/laserelectronique.com\/?product=rateau-a-enrobe-150-cm#primaryimage"},"image":{"@id":"https:\/\/laserelectronique.com\/?product=rateau-a-enrobe-150-cm#primaryimage"},"thumbnailUrl":"https:\/\/laserelectronique.com\/wp-content\/uploads\/2017\/03\/E60-S.jpg","datePublished":"2017-03-29T08:11:52+00:00","dateModified":"2020-12-26T15:48:43+00:00","breadcrumb":{"@id":"https:\/\/laserelectronique.com\/?product=rateau-a-enrobe-150-cm#breadcrumb"},"inLanguage":"fr-FR","potentialAction":[{"@type":"ReadAction","target":["https:\/\/laserelectronique.com\/?product=rateau-a-enrobe-150-cm"]}]},{"@type":"ImageObject","inLanguage":"fr-FR","@id":"https:\/\/laserelectronique.com\/?product=rateau-a-enrobe-150-cm#primaryimage","url":"https:\/\/laserelectronique.com\/wp-content\/uploads\/2017\/03\/E60-S.jpg","contentUrl":"https:\/\/laserelectronique.com\/wp-content\/uploads\/2017\/03\/E60-S.jpg","width":1000,"height":750},{"@type":"BreadcrumbList","@id":"https:\/\/laserelectronique.com\/?product=rateau-a-enrobe-150-cm#breadcrumb","itemListElement":[{"@type":"ListItem","position":1,"name":"Accueil","item":"https:\/\/laserelectronique.com\/"},{"@type":"ListItem","position":2,"name":"Boutique","item":"https:\/\/laserelectronique.com\/?page_id=7"},{"@type":"ListItem","position":3,"name":"R\u00e2teau \u00e0 enrob\u00e9 150 cm E150"}]},{"@type":"WebSite","@id":"https:\/\/laserelectronique.com\/#website","url":"https:\/\/laserelectronique.com\/","name":"LASER ELECTRONIQUE TP","description":"VOTRE PARTENAIRE EN GUIDAGE D&#039;ENGINS, TOPOGRAPHIE ET SERVICES","potentialAction":[{"@type":"SearchAction","target":{"@type":"EntryPoint","urlTemplate":"https:\/\/laserelectronique.com\/?s={search_term_string}"},"query-input":{"@type":"PropertyValueSpecification","valueRequired":true,"valueName":"search_term_string"}}],"inLanguage":"fr-FR"}]}},"_links":{"self":[{"href":"https:\/\/laserelectronique.com\/index.php?rest_route=\/wp\/v2\/product\/262","targetHints":{"allow":["GET"]}}],"collection":[{"href":"https:\/\/laserelectronique.com\/index.php?rest_route=\/wp\/v2\/product"}],"about":[{"href":"https:\/\/laserelectronique.com\/index.php?rest_route=\/wp\/v2\/types\/product"}],"replies":[{"embeddable":true,"href":"https:\/\/laserelectronique.com\/index.php?rest_route=%2Fwp%2Fv2%2Fcomments&post=262"}],"wp:featuredmedia":[{"embeddable":true,"href":"https:\/\/laserelectronique.com\/index.php?rest_route=\/wp\/v2\/media\/260"}],"wp:attachment":[{"href":"https:\/\/laserelectronique.com\/index.php?rest_route=%2Fwp%2Fv2%2Fmedia&parent=262"}],"wp:term":[{"taxonomy":"product_cat","embeddable":true,"href":"https:\/\/laserelectronique.com\/index.php?rest_route=%2Fwp%2Fv2%2Fproduct_cat&post=262"},{"taxonomy":"product_tag","embeddable":true,"href":"https:\/\/laserelectronique.com\/index.php?rest_route=%2Fwp%2Fv2%2Fproduct_tag&post=262"}],"curies":[{"name":"wp","href":"https:\/\/api.w.org\/{rel}","templated":true}]}}