{"id":2604,"date":"2019-07-25T10:39:15","date_gmt":"2019-07-25T08:39:15","guid":{"rendered":"http:\/\/laserelectronique.com\/?post_type=product&#038;p=2604"},"modified":"2020-11-18T15:36:16","modified_gmt":"2020-11-18T14:36:16","slug":"laser-canalisation-tp-l5","status":"publish","type":"product","link":"https:\/\/laserelectronique.com\/?product=laser-canalisation-tp-l5","title":{"rendered":"Laser Canalisation Topcon TP-L5"},"content":{"rendered":"<p><strong>Cette combinaison de fonctions et technologies a d\u00e9montr\u00e9 qu&rsquo;elle pouvait r\u00e9pondre aux demandes des entrepreneurs. Vous disposez d&rsquo;un laser sup\u00e9rieur aux autres lasers d&rsquo;alignement sur le march\u00e9. Que ce soit dans les tranch\u00e9es, sur le comptoir ou pour un guidage laser pour l&rsquo;industrie mini\u00e8re et le tunnelage, Topcon est la norme industrielle. Choisissez un faisceau rouge tr\u00e8s brillant, ou un faisceau vert hautement\u00a0visible.<\/strong><\/p>\n<ul>\n<li><strong>Technologie GreenBeam\u00ae ultra visible<\/strong><\/li>\n<li><strong>Un nivellement et une mise \u00e0 niveau des plus pr\u00e9cis<\/strong><\/li>\n<li><strong>Syst\u00e8me d&rsquo;alignement automatique SmartLine\u00ae<\/strong><\/li>\n<li><strong>Un bo\u00eetier en aluminium moul\u00e9 solide<\/strong><\/li>\n<li><strong>Un faisceau de fil \u00e0 plomb int\u00e9gr\u00e9<\/strong><\/li>\n<\/ul>\n<p>&nbsp;<\/p>\n<p><strong><a href=\"https:\/\/www.topconpositioning.com\/sites\/default\/files\/product_files\/tp-l5.pdf\"><em>VISUALISEZ LE DESCRIPTIF COMPLET DU TP-L5<\/em><\/a><\/strong><\/p>\n<p>&nbsp;<\/p>\n<p>&nbsp;<\/p>\n<p>&nbsp;<\/p>\n<p>&nbsp;<\/p>\n","protected":false},"excerpt":{"rendered":"<p>Cette combinaison de fonctions et technologies a d\u00e9montr\u00e9 qu&rsquo;elle pouvait r\u00e9pondre aux demandes des entrepreneurs. Vous disposez d&rsquo;un laser sup\u00e9rieur aux autres lasers d&rsquo;alignement sur le march\u00e9. Que ce soit&hellip;<\/p>\n","protected":false},"featured_media":2605,"comment_status":"closed","ping_status":"closed","template":"","meta":[],"product_cat":[33,25],"product_tag":[],"class_list":{"0":"post-2604","1":"product","2":"type-product","3":"status-publish","4":"has-post-thumbnail","6":"product_cat-laser-de-canalisation","7":"product_cat-topographie","8":"","10":"first","11":"instock","12":"taxable","13":"shipping-taxable","14":"product-type-simple"},"yoast_head":"<!-- This site is optimized with the Yoast SEO plugin v24.7 - https:\/\/yoast.com\/wordpress\/plugins\/seo\/ -->\n<title>Laser Canalisation Topcon TP-L5 - LASER ELECTRONIQUE TP<\/title>\n<meta name=\"robots\" content=\"index, follow, max-snippet:-1, max-image-preview:large, max-video-preview:-1\" \/>\n<link rel=\"canonical\" href=\"https:\/\/laserelectronique.com\/?product=laser-canalisation-tp-l5\" \/>\n<meta property=\"og:locale\" content=\"fr_FR\" \/>\n<meta property=\"og:type\" content=\"article\" \/>\n<meta property=\"og:title\" content=\"Laser Canalisation Topcon TP-L5 - LASER ELECTRONIQUE TP\" \/>\n<meta property=\"og:description\" content=\"Cette combinaison de fonctions et technologies a d\u00e9montr\u00e9 qu&rsquo;elle pouvait r\u00e9pondre aux demandes des entrepreneurs. Vous disposez d&rsquo;un laser sup\u00e9rieur aux autres lasers d&rsquo;alignement sur le march\u00e9. Que ce soit&hellip;\" \/>\n<meta property=\"og:url\" content=\"https:\/\/laserelectronique.com\/?product=laser-canalisation-tp-l5\" \/>\n<meta property=\"og:site_name\" content=\"LASER ELECTRONIQUE TP\" \/>\n<meta property=\"article:modified_time\" content=\"2020-11-18T14:36:16+00:00\" \/>\n<meta property=\"og:image\" content=\"https:\/\/laserelectronique.com\/wp-content\/uploads\/2019\/07\/TP-L5-TOPCON.png\" \/>\n\t<meta property=\"og:image:width\" content=\"450\" \/>\n\t<meta property=\"og:image:height\" content=\"300\" \/>\n\t<meta property=\"og:image:type\" content=\"image\/png\" \/>\n<meta name=\"twitter:card\" content=\"summary_large_image\" \/>\n<meta name=\"twitter:label1\" content=\"Dur\u00e9e de lecture estim\u00e9e\" \/>\n\t<meta name=\"twitter:data1\" content=\"1 minute\" \/>\n<script type=\"application\/ld+json\" class=\"yoast-schema-graph\">{\"@context\":\"https:\/\/schema.org\",\"@graph\":[{\"@type\":\"WebPage\",\"@id\":\"https:\/\/laserelectronique.com\/?product=laser-canalisation-tp-l5\",\"url\":\"https:\/\/laserelectronique.com\/?product=laser-canalisation-tp-l5\",\"name\":\"Laser Canalisation Topcon TP-L5 - LASER ELECTRONIQUE TP\",\"isPartOf\":{\"@id\":\"https:\/\/laserelectronique.com\/#website\"},\"primaryImageOfPage\":{\"@id\":\"https:\/\/laserelectronique.com\/?product=laser-canalisation-tp-l5#primaryimage\"},\"image\":{\"@id\":\"https:\/\/laserelectronique.com\/?product=laser-canalisation-tp-l5#primaryimage\"},\"thumbnailUrl\":\"https:\/\/laserelectronique.com\/wp-content\/uploads\/2019\/07\/TP-L5-TOPCON.png\",\"datePublished\":\"2019-07-25T08:39:15+00:00\",\"dateModified\":\"2020-11-18T14:36:16+00:00\",\"breadcrumb\":{\"@id\":\"https:\/\/laserelectronique.com\/?product=laser-canalisation-tp-l5#breadcrumb\"},\"inLanguage\":\"fr-FR\",\"potentialAction\":[{\"@type\":\"ReadAction\",\"target\":[\"https:\/\/laserelectronique.com\/?product=laser-canalisation-tp-l5\"]}]},{\"@type\":\"ImageObject\",\"inLanguage\":\"fr-FR\",\"@id\":\"https:\/\/laserelectronique.com\/?product=laser-canalisation-tp-l5#primaryimage\",\"url\":\"https:\/\/laserelectronique.com\/wp-content\/uploads\/2019\/07\/TP-L5-TOPCON.png\",\"contentUrl\":\"https:\/\/laserelectronique.com\/wp-content\/uploads\/2019\/07\/TP-L5-TOPCON.png\",\"width\":450,\"height\":300},{\"@type\":\"BreadcrumbList\",\"@id\":\"https:\/\/laserelectronique.com\/?product=laser-canalisation-tp-l5#breadcrumb\",\"itemListElement\":[{\"@type\":\"ListItem\",\"position\":1,\"name\":\"Accueil\",\"item\":\"https:\/\/laserelectronique.com\/\"},{\"@type\":\"ListItem\",\"position\":2,\"name\":\"Boutique\",\"item\":\"https:\/\/laserelectronique.com\/?page_id=7\"},{\"@type\":\"ListItem\",\"position\":3,\"name\":\"Laser Canalisation Topcon TP-L5\"}]},{\"@type\":\"WebSite\",\"@id\":\"https:\/\/laserelectronique.com\/#website\",\"url\":\"https:\/\/laserelectronique.com\/\",\"name\":\"LASER ELECTRONIQUE TP\",\"description\":\"VOTRE PARTENAIRE EN GUIDAGE D&#039;ENGINS, TOPOGRAPHIE ET SERVICES\",\"potentialAction\":[{\"@type\":\"SearchAction\",\"target\":{\"@type\":\"EntryPoint\",\"urlTemplate\":\"https:\/\/laserelectronique.com\/?s={search_term_string}\"},\"query-input\":{\"@type\":\"PropertyValueSpecification\",\"valueRequired\":true,\"valueName\":\"search_term_string\"}}],\"inLanguage\":\"fr-FR\"}]}<\/script>\n<!-- \/ Yoast SEO plugin. -->","yoast_head_json":{"title":"Laser Canalisation Topcon TP-L5 - LASER ELECTRONIQUE TP","robots":{"index":"index","follow":"follow","max-snippet":"max-snippet:-1","max-image-preview":"max-image-preview:large","max-video-preview":"max-video-preview:-1"},"canonical":"https:\/\/laserelectronique.com\/?product=laser-canalisation-tp-l5","og_locale":"fr_FR","og_type":"article","og_title":"Laser Canalisation Topcon TP-L5 - LASER ELECTRONIQUE TP","og_description":"Cette combinaison de fonctions et technologies a d\u00e9montr\u00e9 qu&rsquo;elle pouvait r\u00e9pondre aux demandes des entrepreneurs. Vous disposez d&rsquo;un laser sup\u00e9rieur aux autres lasers d&rsquo;alignement sur le march\u00e9. Que ce soit&hellip;","og_url":"https:\/\/laserelectronique.com\/?product=laser-canalisation-tp-l5","og_site_name":"LASER ELECTRONIQUE TP","article_modified_time":"2020-11-18T14:36:16+00:00","og_image":[{"width":450,"height":300,"url":"https:\/\/laserelectronique.com\/wp-content\/uploads\/2019\/07\/TP-L5-TOPCON.png","type":"image\/png"}],"twitter_card":"summary_large_image","twitter_misc":{"Dur\u00e9e de lecture estim\u00e9e":"1 minute"},"schema":{"@context":"https:\/\/schema.org","@graph":[{"@type":"WebPage","@id":"https:\/\/laserelectronique.com\/?product=laser-canalisation-tp-l5","url":"https:\/\/laserelectronique.com\/?product=laser-canalisation-tp-l5","name":"Laser Canalisation Topcon TP-L5 - LASER ELECTRONIQUE TP","isPartOf":{"@id":"https:\/\/laserelectronique.com\/#website"},"primaryImageOfPage":{"@id":"https:\/\/laserelectronique.com\/?product=laser-canalisation-tp-l5#primaryimage"},"image":{"@id":"https:\/\/laserelectronique.com\/?product=laser-canalisation-tp-l5#primaryimage"},"thumbnailUrl":"https:\/\/laserelectronique.com\/wp-content\/uploads\/2019\/07\/TP-L5-TOPCON.png","datePublished":"2019-07-25T08:39:15+00:00","dateModified":"2020-11-18T14:36:16+00:00","breadcrumb":{"@id":"https:\/\/laserelectronique.com\/?product=laser-canalisation-tp-l5#breadcrumb"},"inLanguage":"fr-FR","potentialAction":[{"@type":"ReadAction","target":["https:\/\/laserelectronique.com\/?product=laser-canalisation-tp-l5"]}]},{"@type":"ImageObject","inLanguage":"fr-FR","@id":"https:\/\/laserelectronique.com\/?product=laser-canalisation-tp-l5#primaryimage","url":"https:\/\/laserelectronique.com\/wp-content\/uploads\/2019\/07\/TP-L5-TOPCON.png","contentUrl":"https:\/\/laserelectronique.com\/wp-content\/uploads\/2019\/07\/TP-L5-TOPCON.png","width":450,"height":300},{"@type":"BreadcrumbList","@id":"https:\/\/laserelectronique.com\/?product=laser-canalisation-tp-l5#breadcrumb","itemListElement":[{"@type":"ListItem","position":1,"name":"Accueil","item":"https:\/\/laserelectronique.com\/"},{"@type":"ListItem","position":2,"name":"Boutique","item":"https:\/\/laserelectronique.com\/?page_id=7"},{"@type":"ListItem","position":3,"name":"Laser Canalisation Topcon TP-L5"}]},{"@type":"WebSite","@id":"https:\/\/laserelectronique.com\/#website","url":"https:\/\/laserelectronique.com\/","name":"LASER ELECTRONIQUE TP","description":"VOTRE PARTENAIRE EN GUIDAGE D&#039;ENGINS, TOPOGRAPHIE ET SERVICES","potentialAction":[{"@type":"SearchAction","target":{"@type":"EntryPoint","urlTemplate":"https:\/\/laserelectronique.com\/?s={search_term_string}"},"query-input":{"@type":"PropertyValueSpecification","valueRequired":true,"valueName":"search_term_string"}}],"inLanguage":"fr-FR"}]}},"_links":{"self":[{"href":"https:\/\/laserelectronique.com\/index.php?rest_route=\/wp\/v2\/product\/2604","targetHints":{"allow":["GET"]}}],"collection":[{"href":"https:\/\/laserelectronique.com\/index.php?rest_route=\/wp\/v2\/product"}],"about":[{"href":"https:\/\/laserelectronique.com\/index.php?rest_route=\/wp\/v2\/types\/product"}],"replies":[{"embeddable":true,"href":"https:\/\/laserelectronique.com\/index.php?rest_route=%2Fwp%2Fv2%2Fcomments&post=2604"}],"wp:featuredmedia":[{"embeddable":true,"href":"https:\/\/laserelectronique.com\/index.php?rest_route=\/wp\/v2\/media\/2605"}],"wp:attachment":[{"href":"https:\/\/laserelectronique.com\/index.php?rest_route=%2Fwp%2Fv2%2Fmedia&parent=2604"}],"wp:term":[{"taxonomy":"product_cat","embeddable":true,"href":"https:\/\/laserelectronique.com\/index.php?rest_route=%2Fwp%2Fv2%2Fproduct_cat&post=2604"},{"taxonomy":"product_tag","embeddable":true,"href":"https:\/\/laserelectronique.com\/index.php?rest_route=%2Fwp%2Fv2%2Fproduct_tag&post=2604"}],"curies":[{"name":"wp","href":"https:\/\/api.w.org\/{rel}","templated":true}]}}