{"id":2602,"date":"2019-07-25T10:21:54","date_gmt":"2019-07-25T08:21:54","guid":{"rendered":"http:\/\/laserelectronique.com\/?post_type=product&#038;p=2602"},"modified":"2020-11-18T15:36:17","modified_gmt":"2020-11-18T14:36:17","slug":"laser-horizontal-topcon-rl-h5a","status":"publish","type":"product","link":"https:\/\/laserelectronique.com\/?product=laser-horizontal-topcon-rl-h5a","title":{"rendered":"Laser Horizontal Topcon RL-H5A"},"content":{"rendered":"<p><strong>Tr\u00e8s pr\u00e9cis et offrant une longue port\u00e9e, le RL-H5A est un laser de construction \u00e0 nivellement automatique de nouvelle\u00a0g\u00e9n\u00e9ration.<\/strong><\/p>\n<ul>\n<li><strong>Op\u00e9rations sur une longue port\u00e9e (800\u00a0m)<\/strong><\/li>\n<li><strong>R\u00e9cepteur longue port\u00e9e intelligent<\/strong><\/li>\n<li><strong>Fonctionalit\u00e9 de pente simple, intuitive et manuelle<\/strong><\/li>\n<li><strong>Pr\u00e9cision horizontale de \u00b110\u00a0secondes d&rsquo;arc<\/strong><\/li>\n<li><strong>Autonomie de batterie extra longue (100\u00a0heures)<\/strong><\/li>\n<li><strong>Une certification \u00e0 l&rsquo;\u00e9preuve des intemp\u00e9ries IP66 robuste.<\/strong><\/li>\n<\/ul>\n<p>&nbsp;<\/p>\n","protected":false},"excerpt":{"rendered":"<p>Tr\u00e8s pr\u00e9cis et offrant une longue port\u00e9e, le RL-H5A est un laser de construction \u00e0 nivellement automatique de nouvelle\u00a0g\u00e9n\u00e9ration. Op\u00e9rations sur une longue port\u00e9e (800\u00a0m) R\u00e9cepteur longue port\u00e9e intelligent Fonctionalit\u00e9&hellip;<\/p>\n","protected":false},"featured_media":2607,"comment_status":"closed","ping_status":"closed","template":"","meta":[],"product_cat":[31,32,25],"product_tag":[],"class_list":{"0":"post-2602","1":"product","2":"type-product","3":"status-publish","4":"has-post-thumbnail","6":"product_cat-lasers","7":"product_cat-lasers-rotatifs","8":"product_cat-topographie","9":"","11":"first","12":"instock","13":"taxable","14":"shipping-taxable","15":"product-type-simple"},"yoast_head":"<!-- This site is optimized with the Yoast SEO plugin v24.7 - https:\/\/yoast.com\/wordpress\/plugins\/seo\/ -->\n<title>Laser Horizontal Topcon RL-H5A - LASER ELECTRONIQUE TP<\/title>\n<meta name=\"robots\" content=\"index, follow, max-snippet:-1, max-image-preview:large, max-video-preview:-1\" \/>\n<link rel=\"canonical\" href=\"https:\/\/laserelectronique.com\/?product=laser-horizontal-topcon-rl-h5a\" \/>\n<meta property=\"og:locale\" content=\"fr_FR\" \/>\n<meta property=\"og:type\" content=\"article\" \/>\n<meta property=\"og:title\" content=\"Laser Horizontal Topcon RL-H5A - LASER ELECTRONIQUE TP\" \/>\n<meta property=\"og:description\" content=\"Tr\u00e8s pr\u00e9cis et offrant une longue port\u00e9e, le RL-H5A est un laser de construction \u00e0 nivellement automatique de nouvelle\u00a0g\u00e9n\u00e9ration. Op\u00e9rations sur une longue port\u00e9e (800\u00a0m) R\u00e9cepteur longue port\u00e9e intelligent Fonctionalit\u00e9&hellip;\" \/>\n<meta property=\"og:url\" content=\"https:\/\/laserelectronique.com\/?product=laser-horizontal-topcon-rl-h5a\" \/>\n<meta property=\"og:site_name\" content=\"LASER ELECTRONIQUE TP\" \/>\n<meta property=\"article:modified_time\" content=\"2020-11-18T14:36:17+00:00\" \/>\n<meta property=\"og:image\" content=\"https:\/\/laserelectronique.com\/wp-content\/uploads\/2019\/07\/RLH5A-TOPCON.png\" \/>\n\t<meta property=\"og:image:width\" content=\"450\" \/>\n\t<meta property=\"og:image:height\" content=\"414\" \/>\n\t<meta property=\"og:image:type\" content=\"image\/png\" \/>\n<meta name=\"twitter:card\" content=\"summary_large_image\" \/>\n<script type=\"application\/ld+json\" class=\"yoast-schema-graph\">{\"@context\":\"https:\/\/schema.org\",\"@graph\":[{\"@type\":\"WebPage\",\"@id\":\"https:\/\/laserelectronique.com\/?product=laser-horizontal-topcon-rl-h5a\",\"url\":\"https:\/\/laserelectronique.com\/?product=laser-horizontal-topcon-rl-h5a\",\"name\":\"Laser Horizontal Topcon RL-H5A - LASER ELECTRONIQUE TP\",\"isPartOf\":{\"@id\":\"https:\/\/laserelectronique.com\/#website\"},\"primaryImageOfPage\":{\"@id\":\"https:\/\/laserelectronique.com\/?product=laser-horizontal-topcon-rl-h5a#primaryimage\"},\"image\":{\"@id\":\"https:\/\/laserelectronique.com\/?product=laser-horizontal-topcon-rl-h5a#primaryimage\"},\"thumbnailUrl\":\"https:\/\/laserelectronique.com\/wp-content\/uploads\/2019\/07\/RLH5A-TOPCON.png\",\"datePublished\":\"2019-07-25T08:21:54+00:00\",\"dateModified\":\"2020-11-18T14:36:17+00:00\",\"breadcrumb\":{\"@id\":\"https:\/\/laserelectronique.com\/?product=laser-horizontal-topcon-rl-h5a#breadcrumb\"},\"inLanguage\":\"fr-FR\",\"potentialAction\":[{\"@type\":\"ReadAction\",\"target\":[\"https:\/\/laserelectronique.com\/?product=laser-horizontal-topcon-rl-h5a\"]}]},{\"@type\":\"ImageObject\",\"inLanguage\":\"fr-FR\",\"@id\":\"https:\/\/laserelectronique.com\/?product=laser-horizontal-topcon-rl-h5a#primaryimage\",\"url\":\"https:\/\/laserelectronique.com\/wp-content\/uploads\/2019\/07\/RLH5A-TOPCON.png\",\"contentUrl\":\"https:\/\/laserelectronique.com\/wp-content\/uploads\/2019\/07\/RLH5A-TOPCON.png\",\"width\":450,\"height\":414},{\"@type\":\"BreadcrumbList\",\"@id\":\"https:\/\/laserelectronique.com\/?product=laser-horizontal-topcon-rl-h5a#breadcrumb\",\"itemListElement\":[{\"@type\":\"ListItem\",\"position\":1,\"name\":\"Accueil\",\"item\":\"https:\/\/laserelectronique.com\/\"},{\"@type\":\"ListItem\",\"position\":2,\"name\":\"Boutique\",\"item\":\"https:\/\/laserelectronique.com\/?page_id=7\"},{\"@type\":\"ListItem\",\"position\":3,\"name\":\"Laser Horizontal Topcon RL-H5A\"}]},{\"@type\":\"WebSite\",\"@id\":\"https:\/\/laserelectronique.com\/#website\",\"url\":\"https:\/\/laserelectronique.com\/\",\"name\":\"LASER ELECTRONIQUE TP\",\"description\":\"VOTRE PARTENAIRE EN GUIDAGE D&#039;ENGINS, TOPOGRAPHIE ET SERVICES\",\"potentialAction\":[{\"@type\":\"SearchAction\",\"target\":{\"@type\":\"EntryPoint\",\"urlTemplate\":\"https:\/\/laserelectronique.com\/?s={search_term_string}\"},\"query-input\":{\"@type\":\"PropertyValueSpecification\",\"valueRequired\":true,\"valueName\":\"search_term_string\"}}],\"inLanguage\":\"fr-FR\"}]}<\/script>\n<!-- \/ Yoast SEO plugin. -->","yoast_head_json":{"title":"Laser Horizontal Topcon RL-H5A - LASER ELECTRONIQUE TP","robots":{"index":"index","follow":"follow","max-snippet":"max-snippet:-1","max-image-preview":"max-image-preview:large","max-video-preview":"max-video-preview:-1"},"canonical":"https:\/\/laserelectronique.com\/?product=laser-horizontal-topcon-rl-h5a","og_locale":"fr_FR","og_type":"article","og_title":"Laser Horizontal Topcon RL-H5A - LASER ELECTRONIQUE TP","og_description":"Tr\u00e8s pr\u00e9cis et offrant une longue port\u00e9e, le RL-H5A est un laser de construction \u00e0 nivellement automatique de nouvelle\u00a0g\u00e9n\u00e9ration. Op\u00e9rations sur une longue port\u00e9e (800\u00a0m) R\u00e9cepteur longue port\u00e9e intelligent Fonctionalit\u00e9&hellip;","og_url":"https:\/\/laserelectronique.com\/?product=laser-horizontal-topcon-rl-h5a","og_site_name":"LASER ELECTRONIQUE TP","article_modified_time":"2020-11-18T14:36:17+00:00","og_image":[{"width":450,"height":414,"url":"https:\/\/laserelectronique.com\/wp-content\/uploads\/2019\/07\/RLH5A-TOPCON.png","type":"image\/png"}],"twitter_card":"summary_large_image","schema":{"@context":"https:\/\/schema.org","@graph":[{"@type":"WebPage","@id":"https:\/\/laserelectronique.com\/?product=laser-horizontal-topcon-rl-h5a","url":"https:\/\/laserelectronique.com\/?product=laser-horizontal-topcon-rl-h5a","name":"Laser Horizontal Topcon RL-H5A - LASER ELECTRONIQUE TP","isPartOf":{"@id":"https:\/\/laserelectronique.com\/#website"},"primaryImageOfPage":{"@id":"https:\/\/laserelectronique.com\/?product=laser-horizontal-topcon-rl-h5a#primaryimage"},"image":{"@id":"https:\/\/laserelectronique.com\/?product=laser-horizontal-topcon-rl-h5a#primaryimage"},"thumbnailUrl":"https:\/\/laserelectronique.com\/wp-content\/uploads\/2019\/07\/RLH5A-TOPCON.png","datePublished":"2019-07-25T08:21:54+00:00","dateModified":"2020-11-18T14:36:17+00:00","breadcrumb":{"@id":"https:\/\/laserelectronique.com\/?product=laser-horizontal-topcon-rl-h5a#breadcrumb"},"inLanguage":"fr-FR","potentialAction":[{"@type":"ReadAction","target":["https:\/\/laserelectronique.com\/?product=laser-horizontal-topcon-rl-h5a"]}]},{"@type":"ImageObject","inLanguage":"fr-FR","@id":"https:\/\/laserelectronique.com\/?product=laser-horizontal-topcon-rl-h5a#primaryimage","url":"https:\/\/laserelectronique.com\/wp-content\/uploads\/2019\/07\/RLH5A-TOPCON.png","contentUrl":"https:\/\/laserelectronique.com\/wp-content\/uploads\/2019\/07\/RLH5A-TOPCON.png","width":450,"height":414},{"@type":"BreadcrumbList","@id":"https:\/\/laserelectronique.com\/?product=laser-horizontal-topcon-rl-h5a#breadcrumb","itemListElement":[{"@type":"ListItem","position":1,"name":"Accueil","item":"https:\/\/laserelectronique.com\/"},{"@type":"ListItem","position":2,"name":"Boutique","item":"https:\/\/laserelectronique.com\/?page_id=7"},{"@type":"ListItem","position":3,"name":"Laser Horizontal Topcon RL-H5A"}]},{"@type":"WebSite","@id":"https:\/\/laserelectronique.com\/#website","url":"https:\/\/laserelectronique.com\/","name":"LASER ELECTRONIQUE TP","description":"VOTRE PARTENAIRE EN GUIDAGE D&#039;ENGINS, TOPOGRAPHIE ET SERVICES","potentialAction":[{"@type":"SearchAction","target":{"@type":"EntryPoint","urlTemplate":"https:\/\/laserelectronique.com\/?s={search_term_string}"},"query-input":{"@type":"PropertyValueSpecification","valueRequired":true,"valueName":"search_term_string"}}],"inLanguage":"fr-FR"}]}},"_links":{"self":[{"href":"https:\/\/laserelectronique.com\/index.php?rest_route=\/wp\/v2\/product\/2602","targetHints":{"allow":["GET"]}}],"collection":[{"href":"https:\/\/laserelectronique.com\/index.php?rest_route=\/wp\/v2\/product"}],"about":[{"href":"https:\/\/laserelectronique.com\/index.php?rest_route=\/wp\/v2\/types\/product"}],"replies":[{"embeddable":true,"href":"https:\/\/laserelectronique.com\/index.php?rest_route=%2Fwp%2Fv2%2Fcomments&post=2602"}],"wp:featuredmedia":[{"embeddable":true,"href":"https:\/\/laserelectronique.com\/index.php?rest_route=\/wp\/v2\/media\/2607"}],"wp:attachment":[{"href":"https:\/\/laserelectronique.com\/index.php?rest_route=%2Fwp%2Fv2%2Fmedia&parent=2602"}],"wp:term":[{"taxonomy":"product_cat","embeddable":true,"href":"https:\/\/laserelectronique.com\/index.php?rest_route=%2Fwp%2Fv2%2Fproduct_cat&post=2602"},{"taxonomy":"product_tag","embeddable":true,"href":"https:\/\/laserelectronique.com\/index.php?rest_route=%2Fwp%2Fv2%2Fproduct_tag&post=2602"}],"curies":[{"name":"wp","href":"https:\/\/api.w.org\/{rel}","templated":true}]}}