{"id":2599,"date":"2019-07-25T10:01:39","date_gmt":"2019-07-25T08:01:39","guid":{"rendered":"http:\/\/laserelectronique.com\/?post_type=product&#038;p=2599"},"modified":"2020-11-18T15:36:17","modified_gmt":"2020-11-18T14:36:17","slug":"laser-double-pente-topcon-rl-sv2s","status":"publish","type":"product","link":"https:\/\/laserelectronique.com\/?product=laser-double-pente-topcon-rl-sv2s","title":{"rendered":"Laser Double Pente Topcon RL-SV2S"},"content":{"rendered":"<p><strong>Le RL-SV2S est con\u00e7u pour fonctionner en multi-t\u00e2ches, ce qui signifie que vous pouvez l&rsquo;utiliser pour les travaux int\u00e9rieurs ou de construction, en bref, pour des travaux pour lesquels vous avez besoin d&rsquo;un laser pour trouver l&rsquo;horizontale, les pentes simples, double et les applications verticales. Ce laser est dot\u00e9 de toutes les fonctions et est simple\u00a0d&rsquo;utilisation.<\/strong><\/p>\n<p><strong>En bref, le RL-SV2S satisfait tous les besoins de votre chantier\u00a0!<\/strong><\/p>\n<ul>\n<li><strong>Pente horizontale, simple ou double<\/strong><\/li>\n<li><strong>Fonction verticale<\/strong><\/li>\n<li><strong>Radio distante compl\u00e8te<\/strong><\/li>\n<li><strong>Op\u00e9rations longue port\u00e9e (800\u00a0m)<\/strong><\/li>\n<li><strong>Une certification IP66 robuste<\/strong><\/li>\n<li><strong>Autonomie de batterie tr\u00e8s importante (120 heures)<\/strong><\/li>\n<\/ul>\n<p>&nbsp;<\/p>\n<p><strong><a href=\"https:\/\/www.topconpositioning.com\/sites\/default\/files\/product_files\/rlsv2s.pdf\" target=\"_blank\" rel=\"noopener noreferrer\"><em>VISUALISEZ LE DESCRIPTIF COMPLET DU RL-SV2S<\/em><\/a><\/strong><\/p>\n<p>&nbsp;<\/p>\n","protected":false},"excerpt":{"rendered":"<p>&nbsp;<\/p>\n<p>&nbsp;<\/p>\n<p>&nbsp;<\/p>\n<p>&nbsp;<\/p>\n","protected":false},"featured_media":2600,"comment_status":"closed","ping_status":"closed","template":"","meta":[],"product_cat":[32],"product_tag":[],"class_list":{"0":"post-2599","1":"product","2":"type-product","3":"status-publish","4":"has-post-thumbnail","6":"product_cat-lasers-rotatifs","7":"","9":"first","10":"instock","11":"taxable","12":"shipping-taxable","13":"product-type-simple"},"yoast_head":"<!-- This site is optimized with the Yoast SEO plugin v24.7 - https:\/\/yoast.com\/wordpress\/plugins\/seo\/ -->\n<title>Laser Double Pente Topcon RL-SV2S - LASER ELECTRONIQUE TP<\/title>\n<meta name=\"robots\" content=\"index, follow, max-snippet:-1, max-image-preview:large, max-video-preview:-1\" \/>\n<link rel=\"canonical\" href=\"https:\/\/laserelectronique.com\/?product=laser-double-pente-topcon-rl-sv2s\" \/>\n<meta property=\"og:locale\" content=\"fr_FR\" \/>\n<meta property=\"og:type\" content=\"article\" \/>\n<meta property=\"og:title\" content=\"Laser Double Pente Topcon RL-SV2S - LASER ELECTRONIQUE TP\" \/>\n<meta property=\"og:description\" content=\"&nbsp;  &nbsp;  &nbsp;  &nbsp;\" \/>\n<meta property=\"og:url\" content=\"https:\/\/laserelectronique.com\/?product=laser-double-pente-topcon-rl-sv2s\" \/>\n<meta property=\"og:site_name\" content=\"LASER ELECTRONIQUE TP\" \/>\n<meta property=\"article:modified_time\" content=\"2020-11-18T14:36:17+00:00\" \/>\n<meta property=\"og:image\" content=\"https:\/\/laserelectronique.com\/wp-content\/uploads\/2019\/07\/RLSV2S-TOPCON.png\" \/>\n\t<meta property=\"og:image:width\" content=\"450\" \/>\n\t<meta property=\"og:image:height\" content=\"500\" \/>\n\t<meta property=\"og:image:type\" content=\"image\/png\" \/>\n<meta name=\"twitter:card\" content=\"summary_large_image\" \/>\n<meta name=\"twitter:label1\" content=\"Dur\u00e9e de lecture estim\u00e9e\" \/>\n\t<meta name=\"twitter:data1\" content=\"1 minute\" \/>\n<script type=\"application\/ld+json\" class=\"yoast-schema-graph\">{\"@context\":\"https:\/\/schema.org\",\"@graph\":[{\"@type\":\"WebPage\",\"@id\":\"https:\/\/laserelectronique.com\/?product=laser-double-pente-topcon-rl-sv2s\",\"url\":\"https:\/\/laserelectronique.com\/?product=laser-double-pente-topcon-rl-sv2s\",\"name\":\"Laser Double Pente Topcon RL-SV2S - LASER ELECTRONIQUE TP\",\"isPartOf\":{\"@id\":\"https:\/\/laserelectronique.com\/#website\"},\"primaryImageOfPage\":{\"@id\":\"https:\/\/laserelectronique.com\/?product=laser-double-pente-topcon-rl-sv2s#primaryimage\"},\"image\":{\"@id\":\"https:\/\/laserelectronique.com\/?product=laser-double-pente-topcon-rl-sv2s#primaryimage\"},\"thumbnailUrl\":\"https:\/\/laserelectronique.com\/wp-content\/uploads\/2019\/07\/RLSV2S-TOPCON.png\",\"datePublished\":\"2019-07-25T08:01:39+00:00\",\"dateModified\":\"2020-11-18T14:36:17+00:00\",\"breadcrumb\":{\"@id\":\"https:\/\/laserelectronique.com\/?product=laser-double-pente-topcon-rl-sv2s#breadcrumb\"},\"inLanguage\":\"fr-FR\",\"potentialAction\":[{\"@type\":\"ReadAction\",\"target\":[\"https:\/\/laserelectronique.com\/?product=laser-double-pente-topcon-rl-sv2s\"]}]},{\"@type\":\"ImageObject\",\"inLanguage\":\"fr-FR\",\"@id\":\"https:\/\/laserelectronique.com\/?product=laser-double-pente-topcon-rl-sv2s#primaryimage\",\"url\":\"https:\/\/laserelectronique.com\/wp-content\/uploads\/2019\/07\/RLSV2S-TOPCON.png\",\"contentUrl\":\"https:\/\/laserelectronique.com\/wp-content\/uploads\/2019\/07\/RLSV2S-TOPCON.png\",\"width\":450,\"height\":500},{\"@type\":\"BreadcrumbList\",\"@id\":\"https:\/\/laserelectronique.com\/?product=laser-double-pente-topcon-rl-sv2s#breadcrumb\",\"itemListElement\":[{\"@type\":\"ListItem\",\"position\":1,\"name\":\"Accueil\",\"item\":\"https:\/\/laserelectronique.com\/\"},{\"@type\":\"ListItem\",\"position\":2,\"name\":\"Boutique\",\"item\":\"https:\/\/laserelectronique.com\/?page_id=7\"},{\"@type\":\"ListItem\",\"position\":3,\"name\":\"Laser Double Pente Topcon RL-SV2S\"}]},{\"@type\":\"WebSite\",\"@id\":\"https:\/\/laserelectronique.com\/#website\",\"url\":\"https:\/\/laserelectronique.com\/\",\"name\":\"LASER ELECTRONIQUE TP\",\"description\":\"VOTRE PARTENAIRE EN GUIDAGE D&#039;ENGINS, TOPOGRAPHIE ET SERVICES\",\"potentialAction\":[{\"@type\":\"SearchAction\",\"target\":{\"@type\":\"EntryPoint\",\"urlTemplate\":\"https:\/\/laserelectronique.com\/?s={search_term_string}\"},\"query-input\":{\"@type\":\"PropertyValueSpecification\",\"valueRequired\":true,\"valueName\":\"search_term_string\"}}],\"inLanguage\":\"fr-FR\"}]}<\/script>\n<!-- \/ Yoast SEO plugin. -->","yoast_head_json":{"title":"Laser Double Pente Topcon RL-SV2S - LASER ELECTRONIQUE TP","robots":{"index":"index","follow":"follow","max-snippet":"max-snippet:-1","max-image-preview":"max-image-preview:large","max-video-preview":"max-video-preview:-1"},"canonical":"https:\/\/laserelectronique.com\/?product=laser-double-pente-topcon-rl-sv2s","og_locale":"fr_FR","og_type":"article","og_title":"Laser Double Pente Topcon RL-SV2S - LASER ELECTRONIQUE TP","og_description":"&nbsp;  &nbsp;  &nbsp;  &nbsp;","og_url":"https:\/\/laserelectronique.com\/?product=laser-double-pente-topcon-rl-sv2s","og_site_name":"LASER ELECTRONIQUE TP","article_modified_time":"2020-11-18T14:36:17+00:00","og_image":[{"width":450,"height":500,"url":"https:\/\/laserelectronique.com\/wp-content\/uploads\/2019\/07\/RLSV2S-TOPCON.png","type":"image\/png"}],"twitter_card":"summary_large_image","twitter_misc":{"Dur\u00e9e de lecture estim\u00e9e":"1 minute"},"schema":{"@context":"https:\/\/schema.org","@graph":[{"@type":"WebPage","@id":"https:\/\/laserelectronique.com\/?product=laser-double-pente-topcon-rl-sv2s","url":"https:\/\/laserelectronique.com\/?product=laser-double-pente-topcon-rl-sv2s","name":"Laser Double Pente Topcon RL-SV2S - LASER ELECTRONIQUE TP","isPartOf":{"@id":"https:\/\/laserelectronique.com\/#website"},"primaryImageOfPage":{"@id":"https:\/\/laserelectronique.com\/?product=laser-double-pente-topcon-rl-sv2s#primaryimage"},"image":{"@id":"https:\/\/laserelectronique.com\/?product=laser-double-pente-topcon-rl-sv2s#primaryimage"},"thumbnailUrl":"https:\/\/laserelectronique.com\/wp-content\/uploads\/2019\/07\/RLSV2S-TOPCON.png","datePublished":"2019-07-25T08:01:39+00:00","dateModified":"2020-11-18T14:36:17+00:00","breadcrumb":{"@id":"https:\/\/laserelectronique.com\/?product=laser-double-pente-topcon-rl-sv2s#breadcrumb"},"inLanguage":"fr-FR","potentialAction":[{"@type":"ReadAction","target":["https:\/\/laserelectronique.com\/?product=laser-double-pente-topcon-rl-sv2s"]}]},{"@type":"ImageObject","inLanguage":"fr-FR","@id":"https:\/\/laserelectronique.com\/?product=laser-double-pente-topcon-rl-sv2s#primaryimage","url":"https:\/\/laserelectronique.com\/wp-content\/uploads\/2019\/07\/RLSV2S-TOPCON.png","contentUrl":"https:\/\/laserelectronique.com\/wp-content\/uploads\/2019\/07\/RLSV2S-TOPCON.png","width":450,"height":500},{"@type":"BreadcrumbList","@id":"https:\/\/laserelectronique.com\/?product=laser-double-pente-topcon-rl-sv2s#breadcrumb","itemListElement":[{"@type":"ListItem","position":1,"name":"Accueil","item":"https:\/\/laserelectronique.com\/"},{"@type":"ListItem","position":2,"name":"Boutique","item":"https:\/\/laserelectronique.com\/?page_id=7"},{"@type":"ListItem","position":3,"name":"Laser Double Pente Topcon RL-SV2S"}]},{"@type":"WebSite","@id":"https:\/\/laserelectronique.com\/#website","url":"https:\/\/laserelectronique.com\/","name":"LASER ELECTRONIQUE TP","description":"VOTRE PARTENAIRE EN GUIDAGE D&#039;ENGINS, TOPOGRAPHIE ET SERVICES","potentialAction":[{"@type":"SearchAction","target":{"@type":"EntryPoint","urlTemplate":"https:\/\/laserelectronique.com\/?s={search_term_string}"},"query-input":{"@type":"PropertyValueSpecification","valueRequired":true,"valueName":"search_term_string"}}],"inLanguage":"fr-FR"}]}},"_links":{"self":[{"href":"https:\/\/laserelectronique.com\/index.php?rest_route=\/wp\/v2\/product\/2599","targetHints":{"allow":["GET"]}}],"collection":[{"href":"https:\/\/laserelectronique.com\/index.php?rest_route=\/wp\/v2\/product"}],"about":[{"href":"https:\/\/laserelectronique.com\/index.php?rest_route=\/wp\/v2\/types\/product"}],"replies":[{"embeddable":true,"href":"https:\/\/laserelectronique.com\/index.php?rest_route=%2Fwp%2Fv2%2Fcomments&post=2599"}],"wp:featuredmedia":[{"embeddable":true,"href":"https:\/\/laserelectronique.com\/index.php?rest_route=\/wp\/v2\/media\/2600"}],"wp:attachment":[{"href":"https:\/\/laserelectronique.com\/index.php?rest_route=%2Fwp%2Fv2%2Fmedia&parent=2599"}],"wp:term":[{"taxonomy":"product_cat","embeddable":true,"href":"https:\/\/laserelectronique.com\/index.php?rest_route=%2Fwp%2Fv2%2Fproduct_cat&post=2599"},{"taxonomy":"product_tag","embeddable":true,"href":"https:\/\/laserelectronique.com\/index.php?rest_route=%2Fwp%2Fv2%2Fproduct_tag&post=2599"}],"curies":[{"name":"wp","href":"https:\/\/api.w.org\/{rel}","templated":true}]}}