{"id":215,"date":"2017-03-28T14:49:20","date_gmt":"2017-03-28T12:49:20","guid":{"rendered":"http:\/\/laserins.fr\/?product=pulverisation-eau-ou-gasoil"},"modified":"2022-07-30T15:09:51","modified_gmt":"2022-07-30T13:09:51","slug":"pulverisation-eau-ou-gasoil","status":"publish","type":"product","link":"https:\/\/laserelectronique.com\/?product=pulverisation-eau-ou-gasoil","title":{"rendered":"Pulverisation Eau ou Gasoil 12V"},"content":{"rendered":"<p><strong>Pompe pour de la Pulv\u00e9risation d&rsquo;Eau ou de Gasoil<\/strong><\/p>\n<p><strong>R\u00e9f\u00e9rence Hamm 851124, Bitelli 282854, Dynapac 383697<\/strong><\/p>\n<p><strong>7,6 l\/min &#8211; 6,9 bars<\/strong><\/p>\n<p><strong>12V &#8211; R\u00e9f\u00e9rence : 282854<\/strong><\/p>\n<p>&nbsp;<\/p>\n<h3>Document produit:<\/h3>\n<ul>\n<li><a href=\"http:\/\/laserins.fr\/wp-content\/uploads\/2017\/03\/17-DOC-TRANSFERT-12-24-V.pdf\">Doc pompes 12-24v<\/a><\/li>\n<\/ul>\n<p><span style=\"color: #0000ff;\"><strong>\u00a0<\/strong><\/span><\/p>\n","protected":false},"excerpt":{"rendered":"<p>Pompe pour de la Pulv\u00e9risation d&rsquo;Eau ou de Gasoil R\u00e9f\u00e9rence Hamm 851124, Bitelli 282854, Dynapac 383697 7,6 l\/min &#8211; 6,9 bars 12V &#8211; R\u00e9f\u00e9rence : 282854 &nbsp; Document produit: Doc&hellip;<\/p>\n","protected":false},"featured_media":219,"comment_status":"closed","ping_status":"closed","template":"","meta":[],"product_cat":[87,21],"product_tag":[72,71],"class_list":{"0":"post-215","1":"product","2":"type-product","3":"status-publish","4":"has-post-thumbnail","6":"product_cat-pompes-de-pulverisation","7":"product_cat-transfert-12v24v","8":"product_tag-dynapac-383697","9":"product_tag-hamm-851124","10":"","12":"first","13":"instock","14":"taxable","15":"shipping-taxable","16":"product-type-simple"},"yoast_head":"<!-- This site is optimized with the Yoast SEO plugin v24.7 - https:\/\/yoast.com\/wordpress\/plugins\/seo\/ -->\n<title>Pulverisation Eau ou Gasoil 12V - LASER ELECTRONIQUE TP<\/title>\n<meta name=\"robots\" content=\"index, follow, max-snippet:-1, max-image-preview:large, max-video-preview:-1\" \/>\n<link rel=\"canonical\" href=\"https:\/\/laserelectronique.com\/?product=pulverisation-eau-ou-gasoil\" \/>\n<meta property=\"og:locale\" content=\"fr_FR\" \/>\n<meta property=\"og:type\" content=\"article\" \/>\n<meta property=\"og:title\" content=\"Pulverisation Eau ou Gasoil 12V - LASER ELECTRONIQUE TP\" \/>\n<meta property=\"og:description\" content=\"Pompe pour de la Pulv\u00e9risation d&rsquo;Eau ou de Gasoil R\u00e9f\u00e9rence Hamm 851124, Bitelli 282854, Dynapac 383697 7,6 l\/min &#8211; 6,9 bars 12V &#8211; R\u00e9f\u00e9rence : 282854 &nbsp; Document produit: Doc&hellip;\" \/>\n<meta property=\"og:url\" content=\"https:\/\/laserelectronique.com\/?product=pulverisation-eau-ou-gasoil\" \/>\n<meta property=\"og:site_name\" content=\"LASER ELECTRONIQUE TP\" \/>\n<meta property=\"article:modified_time\" content=\"2022-07-30T13:09:51+00:00\" \/>\n<meta property=\"og:image\" content=\"https:\/\/laserelectronique.com\/wp-content\/uploads\/2017\/03\/282854-S.jpg\" \/>\n\t<meta property=\"og:image:width\" content=\"1200\" \/>\n\t<meta property=\"og:image:height\" content=\"796\" \/>\n\t<meta property=\"og:image:type\" content=\"image\/jpeg\" \/>\n<meta name=\"twitter:card\" content=\"summary_large_image\" \/>\n<script type=\"application\/ld+json\" class=\"yoast-schema-graph\">{\"@context\":\"https:\/\/schema.org\",\"@graph\":[{\"@type\":\"WebPage\",\"@id\":\"https:\/\/laserelectronique.com\/?product=pulverisation-eau-ou-gasoil\",\"url\":\"https:\/\/laserelectronique.com\/?product=pulverisation-eau-ou-gasoil\",\"name\":\"Pulverisation Eau ou Gasoil 12V - LASER ELECTRONIQUE TP\",\"isPartOf\":{\"@id\":\"https:\/\/laserelectronique.com\/#website\"},\"primaryImageOfPage\":{\"@id\":\"https:\/\/laserelectronique.com\/?product=pulverisation-eau-ou-gasoil#primaryimage\"},\"image\":{\"@id\":\"https:\/\/laserelectronique.com\/?product=pulverisation-eau-ou-gasoil#primaryimage\"},\"thumbnailUrl\":\"https:\/\/laserelectronique.com\/wp-content\/uploads\/2017\/03\/282854-S.jpg\",\"datePublished\":\"2017-03-28T12:49:20+00:00\",\"dateModified\":\"2022-07-30T13:09:51+00:00\",\"breadcrumb\":{\"@id\":\"https:\/\/laserelectronique.com\/?product=pulverisation-eau-ou-gasoil#breadcrumb\"},\"inLanguage\":\"fr-FR\",\"potentialAction\":[{\"@type\":\"ReadAction\",\"target\":[\"https:\/\/laserelectronique.com\/?product=pulverisation-eau-ou-gasoil\"]}]},{\"@type\":\"ImageObject\",\"inLanguage\":\"fr-FR\",\"@id\":\"https:\/\/laserelectronique.com\/?product=pulverisation-eau-ou-gasoil#primaryimage\",\"url\":\"https:\/\/laserelectronique.com\/wp-content\/uploads\/2017\/03\/282854-S.jpg\",\"contentUrl\":\"https:\/\/laserelectronique.com\/wp-content\/uploads\/2017\/03\/282854-S.jpg\",\"width\":1200,\"height\":796,\"caption\":\"383697 dynapac\"},{\"@type\":\"BreadcrumbList\",\"@id\":\"https:\/\/laserelectronique.com\/?product=pulverisation-eau-ou-gasoil#breadcrumb\",\"itemListElement\":[{\"@type\":\"ListItem\",\"position\":1,\"name\":\"Accueil\",\"item\":\"https:\/\/laserelectronique.com\/\"},{\"@type\":\"ListItem\",\"position\":2,\"name\":\"Boutique\",\"item\":\"https:\/\/laserelectronique.com\/?page_id=7\"},{\"@type\":\"ListItem\",\"position\":3,\"name\":\"Pulverisation Eau ou Gasoil 12V\"}]},{\"@type\":\"WebSite\",\"@id\":\"https:\/\/laserelectronique.com\/#website\",\"url\":\"https:\/\/laserelectronique.com\/\",\"name\":\"LASER ELECTRONIQUE TP\",\"description\":\"VOTRE PARTENAIRE EN GUIDAGE D&#039;ENGINS, TOPOGRAPHIE ET SERVICES\",\"potentialAction\":[{\"@type\":\"SearchAction\",\"target\":{\"@type\":\"EntryPoint\",\"urlTemplate\":\"https:\/\/laserelectronique.com\/?s={search_term_string}\"},\"query-input\":{\"@type\":\"PropertyValueSpecification\",\"valueRequired\":true,\"valueName\":\"search_term_string\"}}],\"inLanguage\":\"fr-FR\"}]}<\/script>\n<!-- \/ Yoast SEO plugin. -->","yoast_head_json":{"title":"Pulverisation Eau ou Gasoil 12V - LASER ELECTRONIQUE TP","robots":{"index":"index","follow":"follow","max-snippet":"max-snippet:-1","max-image-preview":"max-image-preview:large","max-video-preview":"max-video-preview:-1"},"canonical":"https:\/\/laserelectronique.com\/?product=pulverisation-eau-ou-gasoil","og_locale":"fr_FR","og_type":"article","og_title":"Pulverisation Eau ou Gasoil 12V - LASER ELECTRONIQUE TP","og_description":"Pompe pour de la Pulv\u00e9risation d&rsquo;Eau ou de Gasoil R\u00e9f\u00e9rence Hamm 851124, Bitelli 282854, Dynapac 383697 7,6 l\/min &#8211; 6,9 bars 12V &#8211; R\u00e9f\u00e9rence : 282854 &nbsp; Document produit: Doc&hellip;","og_url":"https:\/\/laserelectronique.com\/?product=pulverisation-eau-ou-gasoil","og_site_name":"LASER ELECTRONIQUE TP","article_modified_time":"2022-07-30T13:09:51+00:00","og_image":[{"width":1200,"height":796,"url":"https:\/\/laserelectronique.com\/wp-content\/uploads\/2017\/03\/282854-S.jpg","type":"image\/jpeg"}],"twitter_card":"summary_large_image","schema":{"@context":"https:\/\/schema.org","@graph":[{"@type":"WebPage","@id":"https:\/\/laserelectronique.com\/?product=pulverisation-eau-ou-gasoil","url":"https:\/\/laserelectronique.com\/?product=pulverisation-eau-ou-gasoil","name":"Pulverisation Eau ou Gasoil 12V - LASER ELECTRONIQUE TP","isPartOf":{"@id":"https:\/\/laserelectronique.com\/#website"},"primaryImageOfPage":{"@id":"https:\/\/laserelectronique.com\/?product=pulverisation-eau-ou-gasoil#primaryimage"},"image":{"@id":"https:\/\/laserelectronique.com\/?product=pulverisation-eau-ou-gasoil#primaryimage"},"thumbnailUrl":"https:\/\/laserelectronique.com\/wp-content\/uploads\/2017\/03\/282854-S.jpg","datePublished":"2017-03-28T12:49:20+00:00","dateModified":"2022-07-30T13:09:51+00:00","breadcrumb":{"@id":"https:\/\/laserelectronique.com\/?product=pulverisation-eau-ou-gasoil#breadcrumb"},"inLanguage":"fr-FR","potentialAction":[{"@type":"ReadAction","target":["https:\/\/laserelectronique.com\/?product=pulverisation-eau-ou-gasoil"]}]},{"@type":"ImageObject","inLanguage":"fr-FR","@id":"https:\/\/laserelectronique.com\/?product=pulverisation-eau-ou-gasoil#primaryimage","url":"https:\/\/laserelectronique.com\/wp-content\/uploads\/2017\/03\/282854-S.jpg","contentUrl":"https:\/\/laserelectronique.com\/wp-content\/uploads\/2017\/03\/282854-S.jpg","width":1200,"height":796,"caption":"383697 dynapac"},{"@type":"BreadcrumbList","@id":"https:\/\/laserelectronique.com\/?product=pulverisation-eau-ou-gasoil#breadcrumb","itemListElement":[{"@type":"ListItem","position":1,"name":"Accueil","item":"https:\/\/laserelectronique.com\/"},{"@type":"ListItem","position":2,"name":"Boutique","item":"https:\/\/laserelectronique.com\/?page_id=7"},{"@type":"ListItem","position":3,"name":"Pulverisation Eau ou Gasoil 12V"}]},{"@type":"WebSite","@id":"https:\/\/laserelectronique.com\/#website","url":"https:\/\/laserelectronique.com\/","name":"LASER ELECTRONIQUE TP","description":"VOTRE PARTENAIRE EN GUIDAGE D&#039;ENGINS, TOPOGRAPHIE ET SERVICES","potentialAction":[{"@type":"SearchAction","target":{"@type":"EntryPoint","urlTemplate":"https:\/\/laserelectronique.com\/?s={search_term_string}"},"query-input":{"@type":"PropertyValueSpecification","valueRequired":true,"valueName":"search_term_string"}}],"inLanguage":"fr-FR"}]}},"_links":{"self":[{"href":"https:\/\/laserelectronique.com\/index.php?rest_route=\/wp\/v2\/product\/215","targetHints":{"allow":["GET"]}}],"collection":[{"href":"https:\/\/laserelectronique.com\/index.php?rest_route=\/wp\/v2\/product"}],"about":[{"href":"https:\/\/laserelectronique.com\/index.php?rest_route=\/wp\/v2\/types\/product"}],"replies":[{"embeddable":true,"href":"https:\/\/laserelectronique.com\/index.php?rest_route=%2Fwp%2Fv2%2Fcomments&post=215"}],"wp:featuredmedia":[{"embeddable":true,"href":"https:\/\/laserelectronique.com\/index.php?rest_route=\/wp\/v2\/media\/219"}],"wp:attachment":[{"href":"https:\/\/laserelectronique.com\/index.php?rest_route=%2Fwp%2Fv2%2Fmedia&parent=215"}],"wp:term":[{"taxonomy":"product_cat","embeddable":true,"href":"https:\/\/laserelectronique.com\/index.php?rest_route=%2Fwp%2Fv2%2Fproduct_cat&post=215"},{"taxonomy":"product_tag","embeddable":true,"href":"https:\/\/laserelectronique.com\/index.php?rest_route=%2Fwp%2Fv2%2Fproduct_tag&post=215"}],"curies":[{"name":"wp","href":"https:\/\/api.w.org\/{rel}","templated":true}]}}