{"id":2081,"date":"2018-06-14T22:49:08","date_gmt":"2018-06-14T20:49:08","guid":{"rendered":"http:\/\/laserins.fr\/?post_type=product&#038;p=2081"},"modified":"2024-09-20T14:31:15","modified_gmt":"2024-09-20T12:31:15","slug":"valise-de-nivellement-bss4-complete","status":"publish","type":"product","link":"https:\/\/laserelectronique.com\/?product=valise-de-nivellement-bss4-complete","title":{"rendered":"Valise de nivellement BSS4 compl\u00e8te"},"content":{"rendered":"<p><strong>Ensemble Sonic adaptable pour poutre de nivellement BSS4 Moba.<\/strong><\/p>\n<p><strong>Compatible finisseur toute marque.<\/strong><\/p>\n<p><strong>Comprenant 4 skis avec t\u00e9l\u00e9commande, boitier de jonction, c\u00e2bles\u00a0et valise.<\/strong><\/p>\n<p><strong>Existe en version sp\u00e9cifique <\/strong><strong>VOGELE.<\/strong><\/p>\n<p><strong>Nous consulter pour des produits sp\u00e9cifiques hors catalogue.<\/strong><\/p>\n<p><strong>Devis gratuit.<\/strong><\/p>\n<p>&nbsp;<\/p>\n<h3><strong>Document produit:<\/strong><\/h3>\n<ul>\n<li><a href=\"http:\/\/laserins.fr\/wp-content\/uploads\/2017\/04\/DOC-Electronique-Pupitre.pdf\">Electronique &#8211; Pupitre<\/a><\/li>\n<\/ul>\n","protected":false},"excerpt":{"rendered":"<p>Ensemble Sonic adaptable pour poutre de nivellement BSS4 Moba. Compatible finisseur toute marque. Comprenant 4 skis avec t\u00e9l\u00e9commande, boitier de jonction, c\u00e2bles\u00a0et valise. Existe en version sp\u00e9cifique VOGELE. Nous consulter&hellip;<\/p>\n","protected":false},"featured_media":2080,"comment_status":"closed","ping_status":"closed","template":"","meta":[],"product_cat":[24],"product_tag":[],"class_list":{"0":"post-2081","1":"product","2":"type-product","3":"status-publish","4":"has-post-thumbnail","6":"product_cat-finisseur","7":"","9":"first","10":"instock","11":"taxable","12":"shipping-taxable","13":"product-type-simple"},"yoast_head":"<!-- This site is optimized with the Yoast SEO plugin v24.7 - https:\/\/yoast.com\/wordpress\/plugins\/seo\/ -->\n<title>Valise de nivellement BSS4 compl\u00e8te - LASER ELECTRONIQUE TP<\/title>\n<meta name=\"robots\" content=\"index, follow, max-snippet:-1, max-image-preview:large, max-video-preview:-1\" \/>\n<link rel=\"canonical\" href=\"https:\/\/laserelectronique.com\/?product=valise-de-nivellement-bss4-complete\" \/>\n<meta property=\"og:locale\" content=\"fr_FR\" \/>\n<meta property=\"og:type\" content=\"article\" \/>\n<meta property=\"og:title\" content=\"Valise de nivellement BSS4 compl\u00e8te - LASER ELECTRONIQUE TP\" \/>\n<meta property=\"og:description\" content=\"Ensemble Sonic adaptable pour poutre de nivellement BSS4 Moba. Compatible finisseur toute marque. Comprenant 4 skis avec t\u00e9l\u00e9commande, boitier de jonction, c\u00e2bles\u00a0et valise. Existe en version sp\u00e9cifique VOGELE. Nous consulter&hellip;\" \/>\n<meta property=\"og:url\" content=\"https:\/\/laserelectronique.com\/?product=valise-de-nivellement-bss4-complete\" \/>\n<meta property=\"og:site_name\" content=\"LASER ELECTRONIQUE TP\" \/>\n<meta property=\"article:modified_time\" content=\"2024-09-20T12:31:15+00:00\" \/>\n<meta property=\"og:image\" content=\"https:\/\/laserelectronique.com\/wp-content\/uploads\/2018\/06\/valise-bss4.png\" \/>\n\t<meta property=\"og:image:width\" content=\"1420\" \/>\n\t<meta property=\"og:image:height\" content=\"1420\" \/>\n\t<meta property=\"og:image:type\" content=\"image\/png\" \/>\n<meta name=\"twitter:card\" content=\"summary_large_image\" \/>\n<script type=\"application\/ld+json\" class=\"yoast-schema-graph\">{\"@context\":\"https:\/\/schema.org\",\"@graph\":[{\"@type\":\"WebPage\",\"@id\":\"https:\/\/laserelectronique.com\/?product=valise-de-nivellement-bss4-complete\",\"url\":\"https:\/\/laserelectronique.com\/?product=valise-de-nivellement-bss4-complete\",\"name\":\"Valise de nivellement BSS4 compl\u00e8te - LASER ELECTRONIQUE TP\",\"isPartOf\":{\"@id\":\"https:\/\/laserelectronique.com\/#website\"},\"primaryImageOfPage\":{\"@id\":\"https:\/\/laserelectronique.com\/?product=valise-de-nivellement-bss4-complete#primaryimage\"},\"image\":{\"@id\":\"https:\/\/laserelectronique.com\/?product=valise-de-nivellement-bss4-complete#primaryimage\"},\"thumbnailUrl\":\"https:\/\/laserelectronique.com\/wp-content\/uploads\/2018\/06\/valise-bss4.png\",\"datePublished\":\"2018-06-14T20:49:08+00:00\",\"dateModified\":\"2024-09-20T12:31:15+00:00\",\"breadcrumb\":{\"@id\":\"https:\/\/laserelectronique.com\/?product=valise-de-nivellement-bss4-complete#breadcrumb\"},\"inLanguage\":\"fr-FR\",\"potentialAction\":[{\"@type\":\"ReadAction\",\"target\":[\"https:\/\/laserelectronique.com\/?product=valise-de-nivellement-bss4-complete\"]}]},{\"@type\":\"ImageObject\",\"inLanguage\":\"fr-FR\",\"@id\":\"https:\/\/laserelectronique.com\/?product=valise-de-nivellement-bss4-complete#primaryimage\",\"url\":\"https:\/\/laserelectronique.com\/wp-content\/uploads\/2018\/06\/valise-bss4.png\",\"contentUrl\":\"https:\/\/laserelectronique.com\/wp-content\/uploads\/2018\/06\/valise-bss4.png\",\"width\":1420,\"height\":1420},{\"@type\":\"BreadcrumbList\",\"@id\":\"https:\/\/laserelectronique.com\/?product=valise-de-nivellement-bss4-complete#breadcrumb\",\"itemListElement\":[{\"@type\":\"ListItem\",\"position\":1,\"name\":\"Accueil\",\"item\":\"https:\/\/laserelectronique.com\/\"},{\"@type\":\"ListItem\",\"position\":2,\"name\":\"Boutique\",\"item\":\"https:\/\/laserelectronique.com\/?page_id=7\"},{\"@type\":\"ListItem\",\"position\":3,\"name\":\"Valise de nivellement BSS4 compl\u00e8te\"}]},{\"@type\":\"WebSite\",\"@id\":\"https:\/\/laserelectronique.com\/#website\",\"url\":\"https:\/\/laserelectronique.com\/\",\"name\":\"LASER ELECTRONIQUE TP\",\"description\":\"VOTRE PARTENAIRE EN GUIDAGE D&#039;ENGINS, TOPOGRAPHIE ET SERVICES\",\"potentialAction\":[{\"@type\":\"SearchAction\",\"target\":{\"@type\":\"EntryPoint\",\"urlTemplate\":\"https:\/\/laserelectronique.com\/?s={search_term_string}\"},\"query-input\":{\"@type\":\"PropertyValueSpecification\",\"valueRequired\":true,\"valueName\":\"search_term_string\"}}],\"inLanguage\":\"fr-FR\"}]}<\/script>\n<!-- \/ Yoast SEO plugin. -->","yoast_head_json":{"title":"Valise de nivellement BSS4 compl\u00e8te - LASER ELECTRONIQUE TP","robots":{"index":"index","follow":"follow","max-snippet":"max-snippet:-1","max-image-preview":"max-image-preview:large","max-video-preview":"max-video-preview:-1"},"canonical":"https:\/\/laserelectronique.com\/?product=valise-de-nivellement-bss4-complete","og_locale":"fr_FR","og_type":"article","og_title":"Valise de nivellement BSS4 compl\u00e8te - LASER ELECTRONIQUE TP","og_description":"Ensemble Sonic adaptable pour poutre de nivellement BSS4 Moba. Compatible finisseur toute marque. Comprenant 4 skis avec t\u00e9l\u00e9commande, boitier de jonction, c\u00e2bles\u00a0et valise. Existe en version sp\u00e9cifique VOGELE. Nous consulter&hellip;","og_url":"https:\/\/laserelectronique.com\/?product=valise-de-nivellement-bss4-complete","og_site_name":"LASER ELECTRONIQUE TP","article_modified_time":"2024-09-20T12:31:15+00:00","og_image":[{"width":1420,"height":1420,"url":"https:\/\/laserelectronique.com\/wp-content\/uploads\/2018\/06\/valise-bss4.png","type":"image\/png"}],"twitter_card":"summary_large_image","schema":{"@context":"https:\/\/schema.org","@graph":[{"@type":"WebPage","@id":"https:\/\/laserelectronique.com\/?product=valise-de-nivellement-bss4-complete","url":"https:\/\/laserelectronique.com\/?product=valise-de-nivellement-bss4-complete","name":"Valise de nivellement BSS4 compl\u00e8te - LASER ELECTRONIQUE TP","isPartOf":{"@id":"https:\/\/laserelectronique.com\/#website"},"primaryImageOfPage":{"@id":"https:\/\/laserelectronique.com\/?product=valise-de-nivellement-bss4-complete#primaryimage"},"image":{"@id":"https:\/\/laserelectronique.com\/?product=valise-de-nivellement-bss4-complete#primaryimage"},"thumbnailUrl":"https:\/\/laserelectronique.com\/wp-content\/uploads\/2018\/06\/valise-bss4.png","datePublished":"2018-06-14T20:49:08+00:00","dateModified":"2024-09-20T12:31:15+00:00","breadcrumb":{"@id":"https:\/\/laserelectronique.com\/?product=valise-de-nivellement-bss4-complete#breadcrumb"},"inLanguage":"fr-FR","potentialAction":[{"@type":"ReadAction","target":["https:\/\/laserelectronique.com\/?product=valise-de-nivellement-bss4-complete"]}]},{"@type":"ImageObject","inLanguage":"fr-FR","@id":"https:\/\/laserelectronique.com\/?product=valise-de-nivellement-bss4-complete#primaryimage","url":"https:\/\/laserelectronique.com\/wp-content\/uploads\/2018\/06\/valise-bss4.png","contentUrl":"https:\/\/laserelectronique.com\/wp-content\/uploads\/2018\/06\/valise-bss4.png","width":1420,"height":1420},{"@type":"BreadcrumbList","@id":"https:\/\/laserelectronique.com\/?product=valise-de-nivellement-bss4-complete#breadcrumb","itemListElement":[{"@type":"ListItem","position":1,"name":"Accueil","item":"https:\/\/laserelectronique.com\/"},{"@type":"ListItem","position":2,"name":"Boutique","item":"https:\/\/laserelectronique.com\/?page_id=7"},{"@type":"ListItem","position":3,"name":"Valise de nivellement BSS4 compl\u00e8te"}]},{"@type":"WebSite","@id":"https:\/\/laserelectronique.com\/#website","url":"https:\/\/laserelectronique.com\/","name":"LASER ELECTRONIQUE TP","description":"VOTRE PARTENAIRE EN GUIDAGE D&#039;ENGINS, TOPOGRAPHIE ET SERVICES","potentialAction":[{"@type":"SearchAction","target":{"@type":"EntryPoint","urlTemplate":"https:\/\/laserelectronique.com\/?s={search_term_string}"},"query-input":{"@type":"PropertyValueSpecification","valueRequired":true,"valueName":"search_term_string"}}],"inLanguage":"fr-FR"}]}},"_links":{"self":[{"href":"https:\/\/laserelectronique.com\/index.php?rest_route=\/wp\/v2\/product\/2081","targetHints":{"allow":["GET"]}}],"collection":[{"href":"https:\/\/laserelectronique.com\/index.php?rest_route=\/wp\/v2\/product"}],"about":[{"href":"https:\/\/laserelectronique.com\/index.php?rest_route=\/wp\/v2\/types\/product"}],"replies":[{"embeddable":true,"href":"https:\/\/laserelectronique.com\/index.php?rest_route=%2Fwp%2Fv2%2Fcomments&post=2081"}],"wp:featuredmedia":[{"embeddable":true,"href":"https:\/\/laserelectronique.com\/index.php?rest_route=\/wp\/v2\/media\/2080"}],"wp:attachment":[{"href":"https:\/\/laserelectronique.com\/index.php?rest_route=%2Fwp%2Fv2%2Fmedia&parent=2081"}],"wp:term":[{"taxonomy":"product_cat","embeddable":true,"href":"https:\/\/laserelectronique.com\/index.php?rest_route=%2Fwp%2Fv2%2Fproduct_cat&post=2081"},{"taxonomy":"product_tag","embeddable":true,"href":"https:\/\/laserelectronique.com\/index.php?rest_route=%2Fwp%2Fv2%2Fproduct_tag&post=2081"}],"curies":[{"name":"wp","href":"https:\/\/api.w.org\/{rel}","templated":true}]}}