{"id":2069,"date":"2018-05-24T19:43:41","date_gmt":"2018-05-24T17:43:41","guid":{"rendered":"http:\/\/laserins.fr\/?post_type=product&#038;p=2069"},"modified":"2020-11-18T15:36:19","modified_gmt":"2020-11-18T14:36:19","slug":"support-magnetique-pour-pendule","status":"publish","type":"product","link":"https:\/\/laserelectronique.com\/?product=support-magnetique-pour-pendule","title":{"rendered":"Support magn\u00e9tique pour pendule"},"content":{"rendered":"<p><strong>Support avec fixation magn\u00e9tique finisseurs, raboteuses et machines \u00e0 coffrage glissant<\/strong><\/p>\n<p><strong>pour un d\u00e9montage facile<\/strong><\/p>\n<p><strong>compos\u00e9 d&rsquo;une plaque aluminium \u00e9paisseur 10 mm, 2 aimants 25 kg chacun et<\/strong><\/p>\n<p><strong> 4 silentblocs avec \u00e9crous<\/strong><\/p>\n<p><img loading=\"lazy\" decoding=\"async\" class=\"alignnone wp-image-2071\" src=\"http:\/\/laserins.fr\/wp-content\/uploads\/2018\/05\/support-magnetique-pendule-3-1024x1024.png\" alt=\"\" width=\"261\" height=\"261\" srcset=\"https:\/\/laserelectronique.com\/wp-content\/uploads\/2018\/05\/support-magnetique-pendule-3-1024x1024.png 1024w, https:\/\/laserelectronique.com\/wp-content\/uploads\/2018\/05\/support-magnetique-pendule-3-300x300.png 300w, https:\/\/laserelectronique.com\/wp-content\/uploads\/2018\/05\/support-magnetique-pendule-3-100x100.png 100w, https:\/\/laserelectronique.com\/wp-content\/uploads\/2018\/05\/support-magnetique-pendule-3-600x600.png 600w, https:\/\/laserelectronique.com\/wp-content\/uploads\/2018\/05\/support-magnetique-pendule-3-150x150.png 150w, https:\/\/laserelectronique.com\/wp-content\/uploads\/2018\/05\/support-magnetique-pendule-3-768x768.png 768w, https:\/\/laserelectronique.com\/wp-content\/uploads\/2018\/05\/support-magnetique-pendule-3-75x75.png 75w, https:\/\/laserelectronique.com\/wp-content\/uploads\/2018\/05\/support-magnetique-pendule-3-80x80.png 80w, https:\/\/laserelectronique.com\/wp-content\/uploads\/2018\/05\/support-magnetique-pendule-3.png 1550w\" sizes=\"auto, (max-width: 261px) 100vw, 261px\" \/><img loading=\"lazy\" decoding=\"async\" class=\"alignnone wp-image-2068\" src=\"http:\/\/laserins.fr\/wp-content\/uploads\/2018\/05\/support-magnetique-pendule-1-1024x1024.png\" alt=\"\" width=\"272\" height=\"271\" srcset=\"https:\/\/laserelectronique.com\/wp-content\/uploads\/2018\/05\/support-magnetique-pendule-1-1024x1024.png 1024w, https:\/\/laserelectronique.com\/wp-content\/uploads\/2018\/05\/support-magnetique-pendule-1-300x300.png 300w, https:\/\/laserelectronique.com\/wp-content\/uploads\/2018\/05\/support-magnetique-pendule-1-100x100.png 100w, https:\/\/laserelectronique.com\/wp-content\/uploads\/2018\/05\/support-magnetique-pendule-1-600x600.png 600w, https:\/\/laserelectronique.com\/wp-content\/uploads\/2018\/05\/support-magnetique-pendule-1-150x150.png 150w, https:\/\/laserelectronique.com\/wp-content\/uploads\/2018\/05\/support-magnetique-pendule-1-768x768.png 768w, https:\/\/laserelectronique.com\/wp-content\/uploads\/2018\/05\/support-magnetique-pendule-1-75x75.png 75w, https:\/\/laserelectronique.com\/wp-content\/uploads\/2018\/05\/support-magnetique-pendule-1-80x80.png 80w, https:\/\/laserelectronique.com\/wp-content\/uploads\/2018\/05\/support-magnetique-pendule-1.png 1638w\" sizes=\"auto, (max-width: 272px) 100vw, 272px\" \/><\/p>\n<p><strong>Nous consulter pour des produits sp\u00e9cifiques hors catalogue.<\/strong><\/p>\n<p><strong>Devis gratuit.<\/strong><\/p>\n<p>&nbsp;<\/p>\n<h3><strong>Document produit:<\/strong><\/h3>\n<ul>\n<li><a href=\"http:\/\/laserins.fr\/wp-content\/uploads\/2017\/04\/DOC-Electronique-Pupitre.pdf\">Electronique &#8211; Pupitre<\/a><\/li>\n<\/ul>\n","protected":false},"excerpt":{"rendered":"<p>Support avec fixation magn\u00e9tique finisseurs, raboteuses et machines \u00e0 coffrage glissant pour un d\u00e9montage facile compos\u00e9 d&rsquo;une plaque aluminium \u00e9paisseur 10 mm, 2 aimants 25 kg chacun et 4 silentblocs&hellip;<\/p>\n","protected":false},"featured_media":2067,"comment_status":"closed","ping_status":"closed","template":"","meta":[],"product_cat":[24],"product_tag":[],"class_list":{"0":"post-2069","1":"product","2":"type-product","3":"status-publish","4":"has-post-thumbnail","6":"product_cat-finisseur","7":"","9":"first","10":"instock","11":"taxable","12":"shipping-taxable","13":"product-type-simple"},"yoast_head":"<!-- This site is optimized with the Yoast SEO plugin v24.7 - https:\/\/yoast.com\/wordpress\/plugins\/seo\/ -->\n<title>Support magn\u00e9tique pour pendule - LASER ELECTRONIQUE TP<\/title>\n<meta name=\"robots\" content=\"index, follow, max-snippet:-1, max-image-preview:large, max-video-preview:-1\" \/>\n<link rel=\"canonical\" href=\"https:\/\/laserelectronique.com\/?product=support-magnetique-pour-pendule\" \/>\n<meta property=\"og:locale\" content=\"fr_FR\" \/>\n<meta property=\"og:type\" content=\"article\" \/>\n<meta property=\"og:title\" content=\"Support magn\u00e9tique pour pendule - LASER ELECTRONIQUE TP\" \/>\n<meta property=\"og:description\" content=\"Support avec fixation magn\u00e9tique finisseurs, raboteuses et machines \u00e0 coffrage glissant pour un d\u00e9montage facile compos\u00e9 d&rsquo;une plaque aluminium \u00e9paisseur 10 mm, 2 aimants 25 kg chacun et 4 silentblocs&hellip;\" \/>\n<meta property=\"og:url\" content=\"https:\/\/laserelectronique.com\/?product=support-magnetique-pour-pendule\" \/>\n<meta property=\"og:site_name\" content=\"LASER ELECTRONIQUE TP\" \/>\n<meta property=\"article:modified_time\" content=\"2020-11-18T14:36:19+00:00\" \/>\n<meta property=\"og:image\" content=\"https:\/\/laserelectronique.com\/wp-content\/uploads\/2018\/05\/support-magnetique-pendule-2.png\" \/>\n\t<meta property=\"og:image:width\" content=\"1600\" \/>\n\t<meta property=\"og:image:height\" content=\"1600\" \/>\n\t<meta property=\"og:image:type\" content=\"image\/png\" \/>\n<meta name=\"twitter:card\" content=\"summary_large_image\" \/>\n<script type=\"application\/ld+json\" class=\"yoast-schema-graph\">{\"@context\":\"https:\/\/schema.org\",\"@graph\":[{\"@type\":\"WebPage\",\"@id\":\"https:\/\/laserelectronique.com\/?product=support-magnetique-pour-pendule\",\"url\":\"https:\/\/laserelectronique.com\/?product=support-magnetique-pour-pendule\",\"name\":\"Support magn\u00e9tique pour pendule - LASER ELECTRONIQUE TP\",\"isPartOf\":{\"@id\":\"https:\/\/laserelectronique.com\/#website\"},\"primaryImageOfPage\":{\"@id\":\"https:\/\/laserelectronique.com\/?product=support-magnetique-pour-pendule#primaryimage\"},\"image\":{\"@id\":\"https:\/\/laserelectronique.com\/?product=support-magnetique-pour-pendule#primaryimage\"},\"thumbnailUrl\":\"https:\/\/laserelectronique.com\/wp-content\/uploads\/2018\/05\/support-magnetique-pendule-2.png\",\"datePublished\":\"2018-05-24T17:43:41+00:00\",\"dateModified\":\"2020-11-18T14:36:19+00:00\",\"breadcrumb\":{\"@id\":\"https:\/\/laserelectronique.com\/?product=support-magnetique-pour-pendule#breadcrumb\"},\"inLanguage\":\"fr-FR\",\"potentialAction\":[{\"@type\":\"ReadAction\",\"target\":[\"https:\/\/laserelectronique.com\/?product=support-magnetique-pour-pendule\"]}]},{\"@type\":\"ImageObject\",\"inLanguage\":\"fr-FR\",\"@id\":\"https:\/\/laserelectronique.com\/?product=support-magnetique-pour-pendule#primaryimage\",\"url\":\"https:\/\/laserelectronique.com\/wp-content\/uploads\/2018\/05\/support-magnetique-pendule-2.png\",\"contentUrl\":\"https:\/\/laserelectronique.com\/wp-content\/uploads\/2018\/05\/support-magnetique-pendule-2.png\",\"width\":1600,\"height\":1600},{\"@type\":\"BreadcrumbList\",\"@id\":\"https:\/\/laserelectronique.com\/?product=support-magnetique-pour-pendule#breadcrumb\",\"itemListElement\":[{\"@type\":\"ListItem\",\"position\":1,\"name\":\"Accueil\",\"item\":\"https:\/\/laserelectronique.com\/\"},{\"@type\":\"ListItem\",\"position\":2,\"name\":\"Boutique\",\"item\":\"https:\/\/laserelectronique.com\/?page_id=7\"},{\"@type\":\"ListItem\",\"position\":3,\"name\":\"Support magn\u00e9tique pour pendule\"}]},{\"@type\":\"WebSite\",\"@id\":\"https:\/\/laserelectronique.com\/#website\",\"url\":\"https:\/\/laserelectronique.com\/\",\"name\":\"LASER ELECTRONIQUE TP\",\"description\":\"VOTRE PARTENAIRE EN GUIDAGE D&#039;ENGINS, TOPOGRAPHIE ET SERVICES\",\"potentialAction\":[{\"@type\":\"SearchAction\",\"target\":{\"@type\":\"EntryPoint\",\"urlTemplate\":\"https:\/\/laserelectronique.com\/?s={search_term_string}\"},\"query-input\":{\"@type\":\"PropertyValueSpecification\",\"valueRequired\":true,\"valueName\":\"search_term_string\"}}],\"inLanguage\":\"fr-FR\"}]}<\/script>\n<!-- \/ Yoast SEO plugin. -->","yoast_head_json":{"title":"Support magn\u00e9tique pour pendule - LASER ELECTRONIQUE TP","robots":{"index":"index","follow":"follow","max-snippet":"max-snippet:-1","max-image-preview":"max-image-preview:large","max-video-preview":"max-video-preview:-1"},"canonical":"https:\/\/laserelectronique.com\/?product=support-magnetique-pour-pendule","og_locale":"fr_FR","og_type":"article","og_title":"Support magn\u00e9tique pour pendule - LASER ELECTRONIQUE TP","og_description":"Support avec fixation magn\u00e9tique finisseurs, raboteuses et machines \u00e0 coffrage glissant pour un d\u00e9montage facile compos\u00e9 d&rsquo;une plaque aluminium \u00e9paisseur 10 mm, 2 aimants 25 kg chacun et 4 silentblocs&hellip;","og_url":"https:\/\/laserelectronique.com\/?product=support-magnetique-pour-pendule","og_site_name":"LASER ELECTRONIQUE TP","article_modified_time":"2020-11-18T14:36:19+00:00","og_image":[{"width":1600,"height":1600,"url":"https:\/\/laserelectronique.com\/wp-content\/uploads\/2018\/05\/support-magnetique-pendule-2.png","type":"image\/png"}],"twitter_card":"summary_large_image","schema":{"@context":"https:\/\/schema.org","@graph":[{"@type":"WebPage","@id":"https:\/\/laserelectronique.com\/?product=support-magnetique-pour-pendule","url":"https:\/\/laserelectronique.com\/?product=support-magnetique-pour-pendule","name":"Support magn\u00e9tique pour pendule - LASER ELECTRONIQUE TP","isPartOf":{"@id":"https:\/\/laserelectronique.com\/#website"},"primaryImageOfPage":{"@id":"https:\/\/laserelectronique.com\/?product=support-magnetique-pour-pendule#primaryimage"},"image":{"@id":"https:\/\/laserelectronique.com\/?product=support-magnetique-pour-pendule#primaryimage"},"thumbnailUrl":"https:\/\/laserelectronique.com\/wp-content\/uploads\/2018\/05\/support-magnetique-pendule-2.png","datePublished":"2018-05-24T17:43:41+00:00","dateModified":"2020-11-18T14:36:19+00:00","breadcrumb":{"@id":"https:\/\/laserelectronique.com\/?product=support-magnetique-pour-pendule#breadcrumb"},"inLanguage":"fr-FR","potentialAction":[{"@type":"ReadAction","target":["https:\/\/laserelectronique.com\/?product=support-magnetique-pour-pendule"]}]},{"@type":"ImageObject","inLanguage":"fr-FR","@id":"https:\/\/laserelectronique.com\/?product=support-magnetique-pour-pendule#primaryimage","url":"https:\/\/laserelectronique.com\/wp-content\/uploads\/2018\/05\/support-magnetique-pendule-2.png","contentUrl":"https:\/\/laserelectronique.com\/wp-content\/uploads\/2018\/05\/support-magnetique-pendule-2.png","width":1600,"height":1600},{"@type":"BreadcrumbList","@id":"https:\/\/laserelectronique.com\/?product=support-magnetique-pour-pendule#breadcrumb","itemListElement":[{"@type":"ListItem","position":1,"name":"Accueil","item":"https:\/\/laserelectronique.com\/"},{"@type":"ListItem","position":2,"name":"Boutique","item":"https:\/\/laserelectronique.com\/?page_id=7"},{"@type":"ListItem","position":3,"name":"Support magn\u00e9tique pour pendule"}]},{"@type":"WebSite","@id":"https:\/\/laserelectronique.com\/#website","url":"https:\/\/laserelectronique.com\/","name":"LASER ELECTRONIQUE TP","description":"VOTRE PARTENAIRE EN GUIDAGE D&#039;ENGINS, TOPOGRAPHIE ET SERVICES","potentialAction":[{"@type":"SearchAction","target":{"@type":"EntryPoint","urlTemplate":"https:\/\/laserelectronique.com\/?s={search_term_string}"},"query-input":{"@type":"PropertyValueSpecification","valueRequired":true,"valueName":"search_term_string"}}],"inLanguage":"fr-FR"}]}},"_links":{"self":[{"href":"https:\/\/laserelectronique.com\/index.php?rest_route=\/wp\/v2\/product\/2069","targetHints":{"allow":["GET"]}}],"collection":[{"href":"https:\/\/laserelectronique.com\/index.php?rest_route=\/wp\/v2\/product"}],"about":[{"href":"https:\/\/laserelectronique.com\/index.php?rest_route=\/wp\/v2\/types\/product"}],"replies":[{"embeddable":true,"href":"https:\/\/laserelectronique.com\/index.php?rest_route=%2Fwp%2Fv2%2Fcomments&post=2069"}],"wp:featuredmedia":[{"embeddable":true,"href":"https:\/\/laserelectronique.com\/index.php?rest_route=\/wp\/v2\/media\/2067"}],"wp:attachment":[{"href":"https:\/\/laserelectronique.com\/index.php?rest_route=%2Fwp%2Fv2%2Fmedia&parent=2069"}],"wp:term":[{"taxonomy":"product_cat","embeddable":true,"href":"https:\/\/laserelectronique.com\/index.php?rest_route=%2Fwp%2Fv2%2Fproduct_cat&post=2069"},{"taxonomy":"product_tag","embeddable":true,"href":"https:\/\/laserelectronique.com\/index.php?rest_route=%2Fwp%2Fv2%2Fproduct_tag&post=2069"}],"curies":[{"name":"wp","href":"https:\/\/api.w.org\/{rel}","templated":true}]}}