{"id":2037,"date":"2018-04-26T11:15:59","date_gmt":"2018-04-26T09:15:59","guid":{"rendered":"http:\/\/laserins.fr\/?post_type=product&#038;p=2037"},"modified":"2020-11-18T15:36:20","modified_gmt":"2020-11-18T14:36:20","slug":"indicateur-niveau-hydraulique","status":"publish","type":"product","link":"https:\/\/laserelectronique.com\/?product=indicateur-niveau-hydraulique","title":{"rendered":"Indicateur niveau hydraulique"},"content":{"rendered":"<p><strong>INDICATEUR DE NIVEAU POUR RESERVOIR HYDRAULIQUE<\/strong><\/p>\n<p><b>Corps m\u00e9tallique avec ou sans thermom\u00e8tre<\/b><\/p>\n<p><strong>Entraxes disponibles: 75, 127, 254 mm<\/strong><\/p>\n<p><strong>Prix indiqu\u00e9 pour NT2<\/strong><\/p>\n<p><img loading=\"lazy\" decoding=\"async\" class=\"wp-image-2049 alignleft\" src=\"http:\/\/laserins.fr\/wp-content\/uploads\/2018\/05\/NT2-1024x1024.png\" alt=\"\" width=\"480\" height=\"480\" srcset=\"https:\/\/laserelectronique.com\/wp-content\/uploads\/2018\/05\/NT2-1024x1024.png 1024w, https:\/\/laserelectronique.com\/wp-content\/uploads\/2018\/05\/NT2-300x300.png 300w, https:\/\/laserelectronique.com\/wp-content\/uploads\/2018\/05\/NT2-100x100.png 100w, https:\/\/laserelectronique.com\/wp-content\/uploads\/2018\/05\/NT2-600x600.png 600w, https:\/\/laserelectronique.com\/wp-content\/uploads\/2018\/05\/NT2-150x150.png 150w, https:\/\/laserelectronique.com\/wp-content\/uploads\/2018\/05\/NT2-768x768.png 768w, https:\/\/laserelectronique.com\/wp-content\/uploads\/2018\/05\/NT2-75x75.png 75w, https:\/\/laserelectronique.com\/wp-content\/uploads\/2018\/05\/NT2-80x80.png 80w, https:\/\/laserelectronique.com\/wp-content\/uploads\/2018\/05\/NT2.png 1194w\" sizes=\"auto, (max-width: 480px) 100vw, 480px\" \/><\/p>\n<p><img loading=\"lazy\" decoding=\"async\" class=\"alignnone size-full wp-image-2036\" src=\"http:\/\/laserins.fr\/wp-content\/uploads\/2018\/04\/NIVEAUX-HYDRAULIQUES.png\" alt=\"\" width=\"587\" height=\"547\" srcset=\"https:\/\/laserelectronique.com\/wp-content\/uploads\/2018\/04\/NIVEAUX-HYDRAULIQUES.png 587w, https:\/\/laserelectronique.com\/wp-content\/uploads\/2018\/04\/NIVEAUX-HYDRAULIQUES-300x280.png 300w\" sizes=\"auto, (max-width: 587px) 100vw, 587px\" \/><\/p>\n","protected":false},"excerpt":{"rendered":"<p>INDICATEUR DE NIVEAU POUR RESERVOIR HYDRAULIQUE Corps m\u00e9tallique avec ou sans thermom\u00e8tre Entraxes disponibles: 75, 127, 254 mm Prix indiqu\u00e9 pour NT2<\/p>\n","protected":false},"featured_media":2035,"comment_status":"closed","ping_status":"closed","template":"","meta":[],"product_cat":[57],"product_tag":[],"class_list":{"0":"post-2037","1":"product","2":"type-product","3":"status-publish","4":"has-post-thumbnail","6":"product_cat-securite-et-mesures","7":"","9":"first","10":"instock","11":"taxable","12":"shipping-taxable","13":"purchasable","14":"product-type-simple"},"yoast_head":"<!-- This site is optimized with the Yoast SEO plugin v24.7 - https:\/\/yoast.com\/wordpress\/plugins\/seo\/ -->\n<title>Indicateur niveau hydraulique - LASER ELECTRONIQUE TP<\/title>\n<meta name=\"robots\" content=\"index, follow, max-snippet:-1, max-image-preview:large, max-video-preview:-1\" \/>\n<link rel=\"canonical\" href=\"https:\/\/laserelectronique.com\/?product=indicateur-niveau-hydraulique\" \/>\n<meta property=\"og:locale\" content=\"fr_FR\" \/>\n<meta property=\"og:type\" content=\"article\" \/>\n<meta property=\"og:title\" content=\"Indicateur niveau hydraulique - LASER ELECTRONIQUE TP\" \/>\n<meta property=\"og:description\" content=\"INDICATEUR DE NIVEAU POUR RESERVOIR HYDRAULIQUE Corps m\u00e9tallique avec ou sans thermom\u00e8tre Entraxes disponibles: 75, 127, 254 mm Prix indiqu\u00e9 pour NT2\" \/>\n<meta property=\"og:url\" content=\"https:\/\/laserelectronique.com\/?product=indicateur-niveau-hydraulique\" \/>\n<meta property=\"og:site_name\" content=\"LASER ELECTRONIQUE TP\" \/>\n<meta property=\"article:modified_time\" content=\"2020-11-18T14:36:20+00:00\" \/>\n<meta property=\"og:image\" content=\"https:\/\/laserelectronique.com\/wp-content\/uploads\/2018\/04\/INDICATEURS-NIVEAU-HYD.png\" \/>\n\t<meta property=\"og:image:width\" content=\"350\" \/>\n\t<meta property=\"og:image:height\" content=\"350\" \/>\n\t<meta property=\"og:image:type\" content=\"image\/png\" \/>\n<meta name=\"twitter:card\" content=\"summary_large_image\" \/>\n<script type=\"application\/ld+json\" class=\"yoast-schema-graph\">{\"@context\":\"https:\/\/schema.org\",\"@graph\":[{\"@type\":\"WebPage\",\"@id\":\"https:\/\/laserelectronique.com\/?product=indicateur-niveau-hydraulique\",\"url\":\"https:\/\/laserelectronique.com\/?product=indicateur-niveau-hydraulique\",\"name\":\"Indicateur niveau hydraulique - LASER ELECTRONIQUE TP\",\"isPartOf\":{\"@id\":\"https:\/\/laserelectronique.com\/#website\"},\"primaryImageOfPage\":{\"@id\":\"https:\/\/laserelectronique.com\/?product=indicateur-niveau-hydraulique#primaryimage\"},\"image\":{\"@id\":\"https:\/\/laserelectronique.com\/?product=indicateur-niveau-hydraulique#primaryimage\"},\"thumbnailUrl\":\"https:\/\/laserelectronique.com\/wp-content\/uploads\/2018\/04\/INDICATEURS-NIVEAU-HYD.png\",\"datePublished\":\"2018-04-26T09:15:59+00:00\",\"dateModified\":\"2020-11-18T14:36:20+00:00\",\"breadcrumb\":{\"@id\":\"https:\/\/laserelectronique.com\/?product=indicateur-niveau-hydraulique#breadcrumb\"},\"inLanguage\":\"fr-FR\",\"potentialAction\":[{\"@type\":\"ReadAction\",\"target\":[\"https:\/\/laserelectronique.com\/?product=indicateur-niveau-hydraulique\"]}]},{\"@type\":\"ImageObject\",\"inLanguage\":\"fr-FR\",\"@id\":\"https:\/\/laserelectronique.com\/?product=indicateur-niveau-hydraulique#primaryimage\",\"url\":\"https:\/\/laserelectronique.com\/wp-content\/uploads\/2018\/04\/INDICATEURS-NIVEAU-HYD.png\",\"contentUrl\":\"https:\/\/laserelectronique.com\/wp-content\/uploads\/2018\/04\/INDICATEURS-NIVEAU-HYD.png\",\"width\":350,\"height\":350},{\"@type\":\"BreadcrumbList\",\"@id\":\"https:\/\/laserelectronique.com\/?product=indicateur-niveau-hydraulique#breadcrumb\",\"itemListElement\":[{\"@type\":\"ListItem\",\"position\":1,\"name\":\"Accueil\",\"item\":\"https:\/\/laserelectronique.com\/\"},{\"@type\":\"ListItem\",\"position\":2,\"name\":\"Boutique\",\"item\":\"https:\/\/laserelectronique.com\/?page_id=7\"},{\"@type\":\"ListItem\",\"position\":3,\"name\":\"Indicateur niveau hydraulique\"}]},{\"@type\":\"WebSite\",\"@id\":\"https:\/\/laserelectronique.com\/#website\",\"url\":\"https:\/\/laserelectronique.com\/\",\"name\":\"LASER ELECTRONIQUE TP\",\"description\":\"VOTRE PARTENAIRE EN GUIDAGE D&#039;ENGINS, TOPOGRAPHIE ET SERVICES\",\"potentialAction\":[{\"@type\":\"SearchAction\",\"target\":{\"@type\":\"EntryPoint\",\"urlTemplate\":\"https:\/\/laserelectronique.com\/?s={search_term_string}\"},\"query-input\":{\"@type\":\"PropertyValueSpecification\",\"valueRequired\":true,\"valueName\":\"search_term_string\"}}],\"inLanguage\":\"fr-FR\"}]}<\/script>\n<!-- \/ Yoast SEO plugin. -->","yoast_head_json":{"title":"Indicateur niveau hydraulique - LASER ELECTRONIQUE TP","robots":{"index":"index","follow":"follow","max-snippet":"max-snippet:-1","max-image-preview":"max-image-preview:large","max-video-preview":"max-video-preview:-1"},"canonical":"https:\/\/laserelectronique.com\/?product=indicateur-niveau-hydraulique","og_locale":"fr_FR","og_type":"article","og_title":"Indicateur niveau hydraulique - LASER ELECTRONIQUE TP","og_description":"INDICATEUR DE NIVEAU POUR RESERVOIR HYDRAULIQUE Corps m\u00e9tallique avec ou sans thermom\u00e8tre Entraxes disponibles: 75, 127, 254 mm Prix indiqu\u00e9 pour NT2","og_url":"https:\/\/laserelectronique.com\/?product=indicateur-niveau-hydraulique","og_site_name":"LASER ELECTRONIQUE TP","article_modified_time":"2020-11-18T14:36:20+00:00","og_image":[{"width":350,"height":350,"url":"https:\/\/laserelectronique.com\/wp-content\/uploads\/2018\/04\/INDICATEURS-NIVEAU-HYD.png","type":"image\/png"}],"twitter_card":"summary_large_image","schema":{"@context":"https:\/\/schema.org","@graph":[{"@type":"WebPage","@id":"https:\/\/laserelectronique.com\/?product=indicateur-niveau-hydraulique","url":"https:\/\/laserelectronique.com\/?product=indicateur-niveau-hydraulique","name":"Indicateur niveau hydraulique - LASER ELECTRONIQUE TP","isPartOf":{"@id":"https:\/\/laserelectronique.com\/#website"},"primaryImageOfPage":{"@id":"https:\/\/laserelectronique.com\/?product=indicateur-niveau-hydraulique#primaryimage"},"image":{"@id":"https:\/\/laserelectronique.com\/?product=indicateur-niveau-hydraulique#primaryimage"},"thumbnailUrl":"https:\/\/laserelectronique.com\/wp-content\/uploads\/2018\/04\/INDICATEURS-NIVEAU-HYD.png","datePublished":"2018-04-26T09:15:59+00:00","dateModified":"2020-11-18T14:36:20+00:00","breadcrumb":{"@id":"https:\/\/laserelectronique.com\/?product=indicateur-niveau-hydraulique#breadcrumb"},"inLanguage":"fr-FR","potentialAction":[{"@type":"ReadAction","target":["https:\/\/laserelectronique.com\/?product=indicateur-niveau-hydraulique"]}]},{"@type":"ImageObject","inLanguage":"fr-FR","@id":"https:\/\/laserelectronique.com\/?product=indicateur-niveau-hydraulique#primaryimage","url":"https:\/\/laserelectronique.com\/wp-content\/uploads\/2018\/04\/INDICATEURS-NIVEAU-HYD.png","contentUrl":"https:\/\/laserelectronique.com\/wp-content\/uploads\/2018\/04\/INDICATEURS-NIVEAU-HYD.png","width":350,"height":350},{"@type":"BreadcrumbList","@id":"https:\/\/laserelectronique.com\/?product=indicateur-niveau-hydraulique#breadcrumb","itemListElement":[{"@type":"ListItem","position":1,"name":"Accueil","item":"https:\/\/laserelectronique.com\/"},{"@type":"ListItem","position":2,"name":"Boutique","item":"https:\/\/laserelectronique.com\/?page_id=7"},{"@type":"ListItem","position":3,"name":"Indicateur niveau hydraulique"}]},{"@type":"WebSite","@id":"https:\/\/laserelectronique.com\/#website","url":"https:\/\/laserelectronique.com\/","name":"LASER ELECTRONIQUE TP","description":"VOTRE PARTENAIRE EN GUIDAGE D&#039;ENGINS, TOPOGRAPHIE ET SERVICES","potentialAction":[{"@type":"SearchAction","target":{"@type":"EntryPoint","urlTemplate":"https:\/\/laserelectronique.com\/?s={search_term_string}"},"query-input":{"@type":"PropertyValueSpecification","valueRequired":true,"valueName":"search_term_string"}}],"inLanguage":"fr-FR"}]}},"_links":{"self":[{"href":"https:\/\/laserelectronique.com\/index.php?rest_route=\/wp\/v2\/product\/2037","targetHints":{"allow":["GET"]}}],"collection":[{"href":"https:\/\/laserelectronique.com\/index.php?rest_route=\/wp\/v2\/product"}],"about":[{"href":"https:\/\/laserelectronique.com\/index.php?rest_route=\/wp\/v2\/types\/product"}],"replies":[{"embeddable":true,"href":"https:\/\/laserelectronique.com\/index.php?rest_route=%2Fwp%2Fv2%2Fcomments&post=2037"}],"wp:featuredmedia":[{"embeddable":true,"href":"https:\/\/laserelectronique.com\/index.php?rest_route=\/wp\/v2\/media\/2035"}],"wp:attachment":[{"href":"https:\/\/laserelectronique.com\/index.php?rest_route=%2Fwp%2Fv2%2Fmedia&parent=2037"}],"wp:term":[{"taxonomy":"product_cat","embeddable":true,"href":"https:\/\/laserelectronique.com\/index.php?rest_route=%2Fwp%2Fv2%2Fproduct_cat&post=2037"},{"taxonomy":"product_tag","embeddable":true,"href":"https:\/\/laserelectronique.com\/index.php?rest_route=%2Fwp%2Fv2%2Fproduct_tag&post=2037"}],"curies":[{"name":"wp","href":"https:\/\/api.w.org\/{rel}","templated":true}]}}