{"id":2031,"date":"2018-04-25T15:17:10","date_gmt":"2018-04-25T13:17:10","guid":{"rendered":"http:\/\/laserins.fr\/?post_type=product&#038;p=2031"},"modified":"2022-08-03T10:33:14","modified_gmt":"2022-08-03T08:33:14","slug":"pic-carbure-k7hr20-serie-xxl","status":"publish","type":"product","link":"https:\/\/laserelectronique.com\/?product=pic-carbure-k7hr20-serie-xxl","title":{"rendered":"Pic carbure K7HR20 s\u00e9rie XXL"},"content":{"rendered":"<p><strong>Pic pour raboteuses\u00a0 \u00e9quivalent \u00e0 W7G20X BETEK ou<\/strong><\/p>\n<p><strong>\u00a02308103 WIRGEN g\u00e9n\u00e9ration X<\/strong><\/p>\n<p><strong>Carbure \u00e0 d\u00e9pouille de 40 grammes pour une meilleure rotation<\/strong><\/p>\n<p><strong>Un rapport qualit\u00e9 prix tr\u00e8s avantageux<\/strong><\/p>\n<p><img loading=\"lazy\" decoding=\"async\" class=\"alignnone size-large wp-image-2032\" src=\"http:\/\/laserins.fr\/wp-content\/uploads\/2018\/04\/K7HR-20--1024x646.png\" alt=\"\" width=\"840\" height=\"530\" srcset=\"https:\/\/laserelectronique.com\/wp-content\/uploads\/2018\/04\/K7HR-20--1024x646.png 1024w, https:\/\/laserelectronique.com\/wp-content\/uploads\/2018\/04\/K7HR-20--600x379.png 600w, https:\/\/laserelectronique.com\/wp-content\/uploads\/2018\/04\/K7HR-20--300x189.png 300w, https:\/\/laserelectronique.com\/wp-content\/uploads\/2018\/04\/K7HR-20--768x485.png 768w, https:\/\/laserelectronique.com\/wp-content\/uploads\/2018\/04\/K7HR-20-.png 1082w\" sizes=\"auto, (max-width: 840px) 100vw, 840px\" \/><\/p>\n<p>&nbsp;<\/p>\n<p><strong>Nous consulter pour d&rsquo;autres mod\u00e8les<\/strong><\/p>\n<p><strong>Devis gratuit.<\/strong><\/p>\n<p><a href=\"http:\/\/laserins.fr\/wp-content\/uploads\/2017\/03\/DOC-RABOTEUSES.pdf\">Fiche Produits Raboteuses<\/a><\/p>\n","protected":false},"excerpt":{"rendered":"<p>Pic pour raboteuses\u00a0 \u00e9quivalent \u00e0 W7G20X BETEK ou \u00a02308103 WIRGEN g\u00e9n\u00e9ration X Carbure \u00e0 d\u00e9pouille de 40 grammes pour une meilleure rotation Un rapport qualit\u00e9 prix tr\u00e8s avantageux &nbsp; Nous&hellip;<\/p>\n","protected":false},"featured_media":2002,"comment_status":"closed","ping_status":"closed","template":"","meta":[],"product_cat":[15],"product_tag":[],"class_list":{"0":"post-2031","1":"product","2":"type-product","3":"status-publish","4":"has-post-thumbnail","6":"product_cat-raboteuses","7":"","9":"first","10":"onbackorder","11":"taxable","12":"shipping-taxable","13":"product-type-simple"},"yoast_head":"<!-- This site is optimized with the Yoast SEO plugin v24.7 - https:\/\/yoast.com\/wordpress\/plugins\/seo\/ -->\n<title>Pic carbure K7HR20 s\u00e9rie XXL - LASER ELECTRONIQUE TP<\/title>\n<meta name=\"robots\" content=\"index, follow, max-snippet:-1, max-image-preview:large, max-video-preview:-1\" \/>\n<link rel=\"canonical\" href=\"https:\/\/laserelectronique.com\/?product=pic-carbure-k7hr20-serie-xxl\" \/>\n<meta property=\"og:locale\" content=\"fr_FR\" \/>\n<meta property=\"og:type\" content=\"article\" \/>\n<meta property=\"og:title\" content=\"Pic carbure K7HR20 s\u00e9rie XXL - LASER ELECTRONIQUE TP\" \/>\n<meta property=\"og:description\" content=\"Pic pour raboteuses\u00a0 \u00e9quivalent \u00e0 W7G20X BETEK ou \u00a02308103 WIRGEN g\u00e9n\u00e9ration X Carbure \u00e0 d\u00e9pouille de 40 grammes pour une meilleure rotation Un rapport qualit\u00e9 prix tr\u00e8s avantageux &nbsp; Nous&hellip;\" \/>\n<meta property=\"og:url\" content=\"https:\/\/laserelectronique.com\/?product=pic-carbure-k7hr20-serie-xxl\" \/>\n<meta property=\"og:site_name\" content=\"LASER ELECTRONIQUE TP\" \/>\n<meta property=\"article:modified_time\" content=\"2022-08-03T08:33:14+00:00\" \/>\n<meta property=\"og:image\" content=\"https:\/\/laserelectronique.com\/wp-content\/uploads\/2018\/04\/K7R20.png\" \/>\n\t<meta property=\"og:image:width\" content=\"2709\" \/>\n\t<meta property=\"og:image:height\" content=\"2709\" \/>\n\t<meta property=\"og:image:type\" content=\"image\/png\" \/>\n<meta name=\"twitter:card\" content=\"summary_large_image\" \/>\n<script type=\"application\/ld+json\" class=\"yoast-schema-graph\">{\"@context\":\"https:\/\/schema.org\",\"@graph\":[{\"@type\":\"WebPage\",\"@id\":\"https:\/\/laserelectronique.com\/?product=pic-carbure-k7hr20-serie-xxl\",\"url\":\"https:\/\/laserelectronique.com\/?product=pic-carbure-k7hr20-serie-xxl\",\"name\":\"Pic carbure K7HR20 s\u00e9rie XXL - LASER ELECTRONIQUE TP\",\"isPartOf\":{\"@id\":\"https:\/\/laserelectronique.com\/#website\"},\"primaryImageOfPage\":{\"@id\":\"https:\/\/laserelectronique.com\/?product=pic-carbure-k7hr20-serie-xxl#primaryimage\"},\"image\":{\"@id\":\"https:\/\/laserelectronique.com\/?product=pic-carbure-k7hr20-serie-xxl#primaryimage\"},\"thumbnailUrl\":\"https:\/\/laserelectronique.com\/wp-content\/uploads\/2018\/04\/K7R20.png\",\"datePublished\":\"2018-04-25T13:17:10+00:00\",\"dateModified\":\"2022-08-03T08:33:14+00:00\",\"breadcrumb\":{\"@id\":\"https:\/\/laserelectronique.com\/?product=pic-carbure-k7hr20-serie-xxl#breadcrumb\"},\"inLanguage\":\"fr-FR\",\"potentialAction\":[{\"@type\":\"ReadAction\",\"target\":[\"https:\/\/laserelectronique.com\/?product=pic-carbure-k7hr20-serie-xxl\"]}]},{\"@type\":\"ImageObject\",\"inLanguage\":\"fr-FR\",\"@id\":\"https:\/\/laserelectronique.com\/?product=pic-carbure-k7hr20-serie-xxl#primaryimage\",\"url\":\"https:\/\/laserelectronique.com\/wp-content\/uploads\/2018\/04\/K7R20.png\",\"contentUrl\":\"https:\/\/laserelectronique.com\/wp-content\/uploads\/2018\/04\/K7R20.png\",\"width\":2709,\"height\":2709},{\"@type\":\"BreadcrumbList\",\"@id\":\"https:\/\/laserelectronique.com\/?product=pic-carbure-k7hr20-serie-xxl#breadcrumb\",\"itemListElement\":[{\"@type\":\"ListItem\",\"position\":1,\"name\":\"Accueil\",\"item\":\"https:\/\/laserelectronique.com\/\"},{\"@type\":\"ListItem\",\"position\":2,\"name\":\"Boutique\",\"item\":\"https:\/\/laserelectronique.com\/?page_id=7\"},{\"@type\":\"ListItem\",\"position\":3,\"name\":\"Pic carbure K7HR20 s\u00e9rie XXL\"}]},{\"@type\":\"WebSite\",\"@id\":\"https:\/\/laserelectronique.com\/#website\",\"url\":\"https:\/\/laserelectronique.com\/\",\"name\":\"LASER ELECTRONIQUE TP\",\"description\":\"VOTRE PARTENAIRE EN GUIDAGE D&#039;ENGINS, TOPOGRAPHIE ET SERVICES\",\"potentialAction\":[{\"@type\":\"SearchAction\",\"target\":{\"@type\":\"EntryPoint\",\"urlTemplate\":\"https:\/\/laserelectronique.com\/?s={search_term_string}\"},\"query-input\":{\"@type\":\"PropertyValueSpecification\",\"valueRequired\":true,\"valueName\":\"search_term_string\"}}],\"inLanguage\":\"fr-FR\"}]}<\/script>\n<!-- \/ Yoast SEO plugin. -->","yoast_head_json":{"title":"Pic carbure K7HR20 s\u00e9rie XXL - LASER ELECTRONIQUE TP","robots":{"index":"index","follow":"follow","max-snippet":"max-snippet:-1","max-image-preview":"max-image-preview:large","max-video-preview":"max-video-preview:-1"},"canonical":"https:\/\/laserelectronique.com\/?product=pic-carbure-k7hr20-serie-xxl","og_locale":"fr_FR","og_type":"article","og_title":"Pic carbure K7HR20 s\u00e9rie XXL - LASER ELECTRONIQUE TP","og_description":"Pic pour raboteuses\u00a0 \u00e9quivalent \u00e0 W7G20X BETEK ou \u00a02308103 WIRGEN g\u00e9n\u00e9ration X Carbure \u00e0 d\u00e9pouille de 40 grammes pour une meilleure rotation Un rapport qualit\u00e9 prix tr\u00e8s avantageux &nbsp; Nous&hellip;","og_url":"https:\/\/laserelectronique.com\/?product=pic-carbure-k7hr20-serie-xxl","og_site_name":"LASER ELECTRONIQUE TP","article_modified_time":"2022-08-03T08:33:14+00:00","og_image":[{"width":2709,"height":2709,"url":"https:\/\/laserelectronique.com\/wp-content\/uploads\/2018\/04\/K7R20.png","type":"image\/png"}],"twitter_card":"summary_large_image","schema":{"@context":"https:\/\/schema.org","@graph":[{"@type":"WebPage","@id":"https:\/\/laserelectronique.com\/?product=pic-carbure-k7hr20-serie-xxl","url":"https:\/\/laserelectronique.com\/?product=pic-carbure-k7hr20-serie-xxl","name":"Pic carbure K7HR20 s\u00e9rie XXL - LASER ELECTRONIQUE TP","isPartOf":{"@id":"https:\/\/laserelectronique.com\/#website"},"primaryImageOfPage":{"@id":"https:\/\/laserelectronique.com\/?product=pic-carbure-k7hr20-serie-xxl#primaryimage"},"image":{"@id":"https:\/\/laserelectronique.com\/?product=pic-carbure-k7hr20-serie-xxl#primaryimage"},"thumbnailUrl":"https:\/\/laserelectronique.com\/wp-content\/uploads\/2018\/04\/K7R20.png","datePublished":"2018-04-25T13:17:10+00:00","dateModified":"2022-08-03T08:33:14+00:00","breadcrumb":{"@id":"https:\/\/laserelectronique.com\/?product=pic-carbure-k7hr20-serie-xxl#breadcrumb"},"inLanguage":"fr-FR","potentialAction":[{"@type":"ReadAction","target":["https:\/\/laserelectronique.com\/?product=pic-carbure-k7hr20-serie-xxl"]}]},{"@type":"ImageObject","inLanguage":"fr-FR","@id":"https:\/\/laserelectronique.com\/?product=pic-carbure-k7hr20-serie-xxl#primaryimage","url":"https:\/\/laserelectronique.com\/wp-content\/uploads\/2018\/04\/K7R20.png","contentUrl":"https:\/\/laserelectronique.com\/wp-content\/uploads\/2018\/04\/K7R20.png","width":2709,"height":2709},{"@type":"BreadcrumbList","@id":"https:\/\/laserelectronique.com\/?product=pic-carbure-k7hr20-serie-xxl#breadcrumb","itemListElement":[{"@type":"ListItem","position":1,"name":"Accueil","item":"https:\/\/laserelectronique.com\/"},{"@type":"ListItem","position":2,"name":"Boutique","item":"https:\/\/laserelectronique.com\/?page_id=7"},{"@type":"ListItem","position":3,"name":"Pic carbure K7HR20 s\u00e9rie XXL"}]},{"@type":"WebSite","@id":"https:\/\/laserelectronique.com\/#website","url":"https:\/\/laserelectronique.com\/","name":"LASER ELECTRONIQUE TP","description":"VOTRE PARTENAIRE EN GUIDAGE D&#039;ENGINS, TOPOGRAPHIE ET SERVICES","potentialAction":[{"@type":"SearchAction","target":{"@type":"EntryPoint","urlTemplate":"https:\/\/laserelectronique.com\/?s={search_term_string}"},"query-input":{"@type":"PropertyValueSpecification","valueRequired":true,"valueName":"search_term_string"}}],"inLanguage":"fr-FR"}]}},"_links":{"self":[{"href":"https:\/\/laserelectronique.com\/index.php?rest_route=\/wp\/v2\/product\/2031","targetHints":{"allow":["GET"]}}],"collection":[{"href":"https:\/\/laserelectronique.com\/index.php?rest_route=\/wp\/v2\/product"}],"about":[{"href":"https:\/\/laserelectronique.com\/index.php?rest_route=\/wp\/v2\/types\/product"}],"replies":[{"embeddable":true,"href":"https:\/\/laserelectronique.com\/index.php?rest_route=%2Fwp%2Fv2%2Fcomments&post=2031"}],"wp:featuredmedia":[{"embeddable":true,"href":"https:\/\/laserelectronique.com\/index.php?rest_route=\/wp\/v2\/media\/2002"}],"wp:attachment":[{"href":"https:\/\/laserelectronique.com\/index.php?rest_route=%2Fwp%2Fv2%2Fmedia&parent=2031"}],"wp:term":[{"taxonomy":"product_cat","embeddable":true,"href":"https:\/\/laserelectronique.com\/index.php?rest_route=%2Fwp%2Fv2%2Fproduct_cat&post=2031"},{"taxonomy":"product_tag","embeddable":true,"href":"https:\/\/laserelectronique.com\/index.php?rest_route=%2Fwp%2Fv2%2Fproduct_tag&post=2031"}],"curies":[{"name":"wp","href":"https:\/\/api.w.org\/{rel}","templated":true}]}}