{"id":2023,"date":"2018-04-24T14:15:29","date_gmt":"2018-04-24T12:15:29","guid":{"rendered":"http:\/\/laserins.fr\/?post_type=product&#038;p=2023"},"modified":"2020-11-18T15:36:21","modified_gmt":"2020-11-18T14:36:21","slug":"radar-de-recul-engin-tp-portee-6-m","status":"publish","type":"product","link":"https:\/\/laserelectronique.com\/?product=radar-de-recul-engin-tp-portee-6-m","title":{"rendered":"Radar de recul engin tp port\u00e9e 3, 4 ou 6 m"},"content":{"rendered":"<p><strong>3 mod\u00e8les disponibles <\/strong><\/p>\n<p><strong>port\u00e9e 3, 4 ou 6 m sur une largeur respective de 2.5, 3.5 ou 4.5 m<\/strong><\/p>\n<p><strong>Les syst\u00e8mes \u00e0 capteurs radar Backsense de Brigade sont con\u00e7us pour d\u00e9tecter les personnes et les objets dans les angles morts afin de diminuer le nombre d\u2019accidents. D\u00e9tectant\u00a0<\/strong><strong>les objets fixes et mobiles, ils avertissent le conducteur par un signal visuel et sonore en cabine, alertant ainsi l\u2019op\u00e9rateur qui ne peut pas rep\u00e9rer tous les dangers. Les Backsense fonctionnent efficacement dans les conditions difficiles et par mauvaise visibilit\u00e9 (obscurit\u00e9, fum\u00e9e, brouillard)<\/strong>.<\/p>\n<p><b>kit comprenant: capteur, afficheur et\u00a0 c\u00e2ble 9 m<\/b><\/p>\n<h3><strong>Document produit<\/strong>:<\/h3>\n<p><a href=\"http:\/\/laserins.fr\/wp-content\/uploads\/2017\/11\/DOC-RADAR-laserins.pdf\">DOC RADAR laserins<\/a><\/p>\n<p><a href=\"http:\/\/laserins.fr\/wp-content\/uploads\/2017\/11\/RADAR-DOCCOMPLETElaserins.pdf\">RADAR DOCCOMPLETElaserins<\/a><\/p>\n<p><iframe loading=\"lazy\" width=\"840\" height=\"473\" src=\"https:\/\/www.youtube.com\/embed\/6Il1qNTfWFA?start=99&#038;feature=oembed\" frameborder=\"0\" allow=\"autoplay; encrypted-media\" allowfullscreen><\/iframe><\/p>\n","protected":false},"excerpt":{"rendered":"<p>Programmable:<\/p>\n<p>Longueur de d\u00e9tection 3 \u00e0 30 m en 5 zones configurables<\/p>\n<p>Largeur de d\u00e9tection 2 \u00e0 10m.\u00a0 4 bandes r\u00e9glable<\/p>\n","protected":false},"featured_media":1028,"comment_status":"closed","ping_status":"closed","template":"","meta":[],"product_cat":[12,57],"product_tag":[],"class_list":{"0":"post-2023","1":"product","2":"type-product","3":"status-publish","4":"has-post-thumbnail","6":"product_cat-rouleaux","7":"product_cat-securite-et-mesures","8":"","10":"first","11":"instock","12":"taxable","13":"shipping-taxable","14":"product-type-simple"},"yoast_head":"<!-- This site is optimized with the Yoast SEO plugin v24.7 - https:\/\/yoast.com\/wordpress\/plugins\/seo\/ -->\n<title>Radar de recul engin tp port\u00e9e 3, 4 ou 6 m - LASER ELECTRONIQUE TP<\/title>\n<meta name=\"robots\" content=\"index, follow, max-snippet:-1, max-image-preview:large, max-video-preview:-1\" \/>\n<link rel=\"canonical\" href=\"https:\/\/laserelectronique.com\/?product=radar-de-recul-engin-tp-portee-6-m\" \/>\n<meta property=\"og:locale\" content=\"fr_FR\" \/>\n<meta property=\"og:type\" content=\"article\" \/>\n<meta property=\"og:title\" content=\"Radar de recul engin tp port\u00e9e 3, 4 ou 6 m - LASER ELECTRONIQUE TP\" \/>\n<meta property=\"og:description\" content=\"Programmable:  Longueur de d\u00e9tection 3 \u00e0 30 m en 5 zones configurables  Largeur de d\u00e9tection 2 \u00e0 10m.\u00a0 4 bandes r\u00e9glable\" \/>\n<meta property=\"og:url\" content=\"https:\/\/laserelectronique.com\/?product=radar-de-recul-engin-tp-portee-6-m\" \/>\n<meta property=\"og:site_name\" content=\"LASER ELECTRONIQUE TP\" \/>\n<meta property=\"article:modified_time\" content=\"2020-11-18T14:36:21+00:00\" \/>\n<meta property=\"og:image\" content=\"https:\/\/laserelectronique.com\/wp-content\/uploads\/2017\/11\/Radar-Display-2.png\" \/>\n\t<meta property=\"og:image:width\" content=\"547\" \/>\n\t<meta property=\"og:image:height\" content=\"547\" \/>\n\t<meta property=\"og:image:type\" content=\"image\/png\" \/>\n<meta name=\"twitter:card\" content=\"summary_large_image\" \/>\n<meta name=\"twitter:label1\" content=\"Dur\u00e9e de lecture estim\u00e9e\" \/>\n\t<meta name=\"twitter:data1\" content=\"1 minute\" \/>\n<script type=\"application\/ld+json\" class=\"yoast-schema-graph\">{\"@context\":\"https:\/\/schema.org\",\"@graph\":[{\"@type\":\"WebPage\",\"@id\":\"https:\/\/laserelectronique.com\/?product=radar-de-recul-engin-tp-portee-6-m\",\"url\":\"https:\/\/laserelectronique.com\/?product=radar-de-recul-engin-tp-portee-6-m\",\"name\":\"Radar de recul engin tp port\u00e9e 3, 4 ou 6 m - LASER ELECTRONIQUE TP\",\"isPartOf\":{\"@id\":\"https:\/\/laserelectronique.com\/#website\"},\"primaryImageOfPage\":{\"@id\":\"https:\/\/laserelectronique.com\/?product=radar-de-recul-engin-tp-portee-6-m#primaryimage\"},\"image\":{\"@id\":\"https:\/\/laserelectronique.com\/?product=radar-de-recul-engin-tp-portee-6-m#primaryimage\"},\"thumbnailUrl\":\"https:\/\/laserelectronique.com\/wp-content\/uploads\/2017\/11\/Radar-Display-2.png\",\"datePublished\":\"2018-04-24T12:15:29+00:00\",\"dateModified\":\"2020-11-18T14:36:21+00:00\",\"breadcrumb\":{\"@id\":\"https:\/\/laserelectronique.com\/?product=radar-de-recul-engin-tp-portee-6-m#breadcrumb\"},\"inLanguage\":\"fr-FR\",\"potentialAction\":[{\"@type\":\"ReadAction\",\"target\":[\"https:\/\/laserelectronique.com\/?product=radar-de-recul-engin-tp-portee-6-m\"]}]},{\"@type\":\"ImageObject\",\"inLanguage\":\"fr-FR\",\"@id\":\"https:\/\/laserelectronique.com\/?product=radar-de-recul-engin-tp-portee-6-m#primaryimage\",\"url\":\"https:\/\/laserelectronique.com\/wp-content\/uploads\/2017\/11\/Radar-Display-2.png\",\"contentUrl\":\"https:\/\/laserelectronique.com\/wp-content\/uploads\/2017\/11\/Radar-Display-2.png\",\"width\":547,\"height\":547},{\"@type\":\"BreadcrumbList\",\"@id\":\"https:\/\/laserelectronique.com\/?product=radar-de-recul-engin-tp-portee-6-m#breadcrumb\",\"itemListElement\":[{\"@type\":\"ListItem\",\"position\":1,\"name\":\"Accueil\",\"item\":\"https:\/\/laserelectronique.com\/\"},{\"@type\":\"ListItem\",\"position\":2,\"name\":\"Boutique\",\"item\":\"https:\/\/laserelectronique.com\/?page_id=7\"},{\"@type\":\"ListItem\",\"position\":3,\"name\":\"Radar de recul engin tp port\u00e9e 3, 4 ou 6 m\"}]},{\"@type\":\"WebSite\",\"@id\":\"https:\/\/laserelectronique.com\/#website\",\"url\":\"https:\/\/laserelectronique.com\/\",\"name\":\"LASER ELECTRONIQUE TP\",\"description\":\"VOTRE PARTENAIRE EN GUIDAGE D&#039;ENGINS, TOPOGRAPHIE ET SERVICES\",\"potentialAction\":[{\"@type\":\"SearchAction\",\"target\":{\"@type\":\"EntryPoint\",\"urlTemplate\":\"https:\/\/laserelectronique.com\/?s={search_term_string}\"},\"query-input\":{\"@type\":\"PropertyValueSpecification\",\"valueRequired\":true,\"valueName\":\"search_term_string\"}}],\"inLanguage\":\"fr-FR\"}]}<\/script>\n<!-- \/ Yoast SEO plugin. -->","yoast_head_json":{"title":"Radar de recul engin tp port\u00e9e 3, 4 ou 6 m - LASER ELECTRONIQUE TP","robots":{"index":"index","follow":"follow","max-snippet":"max-snippet:-1","max-image-preview":"max-image-preview:large","max-video-preview":"max-video-preview:-1"},"canonical":"https:\/\/laserelectronique.com\/?product=radar-de-recul-engin-tp-portee-6-m","og_locale":"fr_FR","og_type":"article","og_title":"Radar de recul engin tp port\u00e9e 3, 4 ou 6 m - LASER ELECTRONIQUE TP","og_description":"Programmable:  Longueur de d\u00e9tection 3 \u00e0 30 m en 5 zones configurables  Largeur de d\u00e9tection 2 \u00e0 10m.\u00a0 4 bandes r\u00e9glable","og_url":"https:\/\/laserelectronique.com\/?product=radar-de-recul-engin-tp-portee-6-m","og_site_name":"LASER ELECTRONIQUE TP","article_modified_time":"2020-11-18T14:36:21+00:00","og_image":[{"width":547,"height":547,"url":"https:\/\/laserelectronique.com\/wp-content\/uploads\/2017\/11\/Radar-Display-2.png","type":"image\/png"}],"twitter_card":"summary_large_image","twitter_misc":{"Dur\u00e9e de lecture estim\u00e9e":"1 minute"},"schema":{"@context":"https:\/\/schema.org","@graph":[{"@type":"WebPage","@id":"https:\/\/laserelectronique.com\/?product=radar-de-recul-engin-tp-portee-6-m","url":"https:\/\/laserelectronique.com\/?product=radar-de-recul-engin-tp-portee-6-m","name":"Radar de recul engin tp port\u00e9e 3, 4 ou 6 m - LASER ELECTRONIQUE TP","isPartOf":{"@id":"https:\/\/laserelectronique.com\/#website"},"primaryImageOfPage":{"@id":"https:\/\/laserelectronique.com\/?product=radar-de-recul-engin-tp-portee-6-m#primaryimage"},"image":{"@id":"https:\/\/laserelectronique.com\/?product=radar-de-recul-engin-tp-portee-6-m#primaryimage"},"thumbnailUrl":"https:\/\/laserelectronique.com\/wp-content\/uploads\/2017\/11\/Radar-Display-2.png","datePublished":"2018-04-24T12:15:29+00:00","dateModified":"2020-11-18T14:36:21+00:00","breadcrumb":{"@id":"https:\/\/laserelectronique.com\/?product=radar-de-recul-engin-tp-portee-6-m#breadcrumb"},"inLanguage":"fr-FR","potentialAction":[{"@type":"ReadAction","target":["https:\/\/laserelectronique.com\/?product=radar-de-recul-engin-tp-portee-6-m"]}]},{"@type":"ImageObject","inLanguage":"fr-FR","@id":"https:\/\/laserelectronique.com\/?product=radar-de-recul-engin-tp-portee-6-m#primaryimage","url":"https:\/\/laserelectronique.com\/wp-content\/uploads\/2017\/11\/Radar-Display-2.png","contentUrl":"https:\/\/laserelectronique.com\/wp-content\/uploads\/2017\/11\/Radar-Display-2.png","width":547,"height":547},{"@type":"BreadcrumbList","@id":"https:\/\/laserelectronique.com\/?product=radar-de-recul-engin-tp-portee-6-m#breadcrumb","itemListElement":[{"@type":"ListItem","position":1,"name":"Accueil","item":"https:\/\/laserelectronique.com\/"},{"@type":"ListItem","position":2,"name":"Boutique","item":"https:\/\/laserelectronique.com\/?page_id=7"},{"@type":"ListItem","position":3,"name":"Radar de recul engin tp port\u00e9e 3, 4 ou 6 m"}]},{"@type":"WebSite","@id":"https:\/\/laserelectronique.com\/#website","url":"https:\/\/laserelectronique.com\/","name":"LASER ELECTRONIQUE TP","description":"VOTRE PARTENAIRE EN GUIDAGE D&#039;ENGINS, TOPOGRAPHIE ET SERVICES","potentialAction":[{"@type":"SearchAction","target":{"@type":"EntryPoint","urlTemplate":"https:\/\/laserelectronique.com\/?s={search_term_string}"},"query-input":{"@type":"PropertyValueSpecification","valueRequired":true,"valueName":"search_term_string"}}],"inLanguage":"fr-FR"}]}},"_links":{"self":[{"href":"https:\/\/laserelectronique.com\/index.php?rest_route=\/wp\/v2\/product\/2023","targetHints":{"allow":["GET"]}}],"collection":[{"href":"https:\/\/laserelectronique.com\/index.php?rest_route=\/wp\/v2\/product"}],"about":[{"href":"https:\/\/laserelectronique.com\/index.php?rest_route=\/wp\/v2\/types\/product"}],"replies":[{"embeddable":true,"href":"https:\/\/laserelectronique.com\/index.php?rest_route=%2Fwp%2Fv2%2Fcomments&post=2023"}],"wp:featuredmedia":[{"embeddable":true,"href":"https:\/\/laserelectronique.com\/index.php?rest_route=\/wp\/v2\/media\/1028"}],"wp:attachment":[{"href":"https:\/\/laserelectronique.com\/index.php?rest_route=%2Fwp%2Fv2%2Fmedia&parent=2023"}],"wp:term":[{"taxonomy":"product_cat","embeddable":true,"href":"https:\/\/laserelectronique.com\/index.php?rest_route=%2Fwp%2Fv2%2Fproduct_cat&post=2023"},{"taxonomy":"product_tag","embeddable":true,"href":"https:\/\/laserelectronique.com\/index.php?rest_route=%2Fwp%2Fv2%2Fproduct_tag&post=2023"}],"curies":[{"name":"wp","href":"https:\/\/api.w.org\/{rel}","templated":true}]}}