{"id":2001,"date":"2018-04-11T15:28:39","date_gmt":"2018-04-11T13:28:39","guid":{"rendered":"http:\/\/laserins.fr\/?post_type=product&#038;p=2001"},"modified":"2022-08-03T10:32:44","modified_gmt":"2022-08-03T08:32:44","slug":"pic-carbure-k7r20","status":"publish","type":"product","link":"https:\/\/laserelectronique.com\/?product=pic-carbure-k7r20","title":{"rendered":"Pic carbure K7R20 s\u00e9rie XXL"},"content":{"rendered":"<p><strong>Pic pour raboteuses\u00a0 \u00e9quivalent \u00e0 W6MG20X BETEK ou<\/strong><\/p>\n<p><strong>\u00a0WIRGEN g\u00e9n\u00e9ration X<\/strong><\/p>\n<p><strong>Carbure \u00e0 d\u00e9pouille de 37 grammes pour une meilleure rotation<\/strong><\/p>\n<p><strong>Un rapport qualit\u00e9 prix tr\u00e8s avantageux<\/strong><\/p>\n<p><img loading=\"lazy\" decoding=\"async\" class=\"alignnone size-large wp-image-2006\" src=\"http:\/\/laserins.fr\/wp-content\/uploads\/2018\/04\/K7R20-1024x767.jpg\" alt=\"\" width=\"840\" height=\"629\" srcset=\"https:\/\/laserelectronique.com\/wp-content\/uploads\/2018\/04\/K7R20-1024x767.jpg 1024w, https:\/\/laserelectronique.com\/wp-content\/uploads\/2018\/04\/K7R20-600x449.jpg 600w, https:\/\/laserelectronique.com\/wp-content\/uploads\/2018\/04\/K7R20-300x225.jpg 300w, https:\/\/laserelectronique.com\/wp-content\/uploads\/2018\/04\/K7R20-768x575.jpg 768w, https:\/\/laserelectronique.com\/wp-content\/uploads\/2018\/04\/K7R20.jpg 1846w\" sizes=\"auto, (max-width: 840px) 100vw, 840px\" \/><\/p>\n<p>&nbsp;<\/p>\n<p><strong>Nous consulter pour d&rsquo;autres mod\u00e8les<\/strong><\/p>\n<p><strong>Devis gratuit.<\/strong><\/p>\n<p><a href=\"http:\/\/laserins.fr\/wp-content\/uploads\/2017\/03\/DOC-RABOTEUSES.pdf\">Fiche Produits Raboteuses<\/a><\/p>\n","protected":false},"excerpt":{"rendered":"<p>Pic pour raboteuses\u00a0 \u00e9quivalent \u00e0 W6MG20X BETEK ou \u00a0WIRGEN g\u00e9n\u00e9ration X Carbure \u00e0 d\u00e9pouille de 37 grammes pour une meilleure rotation Un rapport qualit\u00e9 prix tr\u00e8s avantageux &nbsp; Nous consulter&hellip;<\/p>\n","protected":false},"featured_media":2002,"comment_status":"closed","ping_status":"closed","template":"","meta":[],"product_cat":[15],"product_tag":[],"class_list":{"0":"post-2001","1":"product","2":"type-product","3":"status-publish","4":"has-post-thumbnail","6":"product_cat-raboteuses","7":"","9":"first","10":"onbackorder","11":"taxable","12":"shipping-taxable","13":"product-type-simple"},"yoast_head":"<!-- This site is optimized with the Yoast SEO plugin v24.7 - https:\/\/yoast.com\/wordpress\/plugins\/seo\/ -->\n<title>Pic carbure K7R20 s\u00e9rie XXL - LASER ELECTRONIQUE TP<\/title>\n<meta name=\"robots\" content=\"index, follow, max-snippet:-1, max-image-preview:large, max-video-preview:-1\" \/>\n<link rel=\"canonical\" href=\"https:\/\/laserelectronique.com\/?product=pic-carbure-k7r20\" \/>\n<meta property=\"og:locale\" content=\"fr_FR\" \/>\n<meta property=\"og:type\" content=\"article\" \/>\n<meta property=\"og:title\" content=\"Pic carbure K7R20 s\u00e9rie XXL - LASER ELECTRONIQUE TP\" \/>\n<meta property=\"og:description\" content=\"Pic pour raboteuses\u00a0 \u00e9quivalent \u00e0 W6MG20X BETEK ou \u00a0WIRGEN g\u00e9n\u00e9ration X Carbure \u00e0 d\u00e9pouille de 37 grammes pour une meilleure rotation Un rapport qualit\u00e9 prix tr\u00e8s avantageux &nbsp; Nous consulter&hellip;\" \/>\n<meta property=\"og:url\" content=\"https:\/\/laserelectronique.com\/?product=pic-carbure-k7r20\" \/>\n<meta property=\"og:site_name\" content=\"LASER ELECTRONIQUE TP\" \/>\n<meta property=\"article:modified_time\" content=\"2022-08-03T08:32:44+00:00\" \/>\n<meta property=\"og:image\" content=\"https:\/\/laserelectronique.com\/wp-content\/uploads\/2018\/04\/K7R20.png\" \/>\n\t<meta property=\"og:image:width\" content=\"2709\" \/>\n\t<meta property=\"og:image:height\" content=\"2709\" \/>\n\t<meta property=\"og:image:type\" content=\"image\/png\" \/>\n<meta name=\"twitter:card\" content=\"summary_large_image\" \/>\n<script type=\"application\/ld+json\" class=\"yoast-schema-graph\">{\"@context\":\"https:\/\/schema.org\",\"@graph\":[{\"@type\":\"WebPage\",\"@id\":\"https:\/\/laserelectronique.com\/?product=pic-carbure-k7r20\",\"url\":\"https:\/\/laserelectronique.com\/?product=pic-carbure-k7r20\",\"name\":\"Pic carbure K7R20 s\u00e9rie XXL - LASER ELECTRONIQUE TP\",\"isPartOf\":{\"@id\":\"https:\/\/laserelectronique.com\/#website\"},\"primaryImageOfPage\":{\"@id\":\"https:\/\/laserelectronique.com\/?product=pic-carbure-k7r20#primaryimage\"},\"image\":{\"@id\":\"https:\/\/laserelectronique.com\/?product=pic-carbure-k7r20#primaryimage\"},\"thumbnailUrl\":\"https:\/\/laserelectronique.com\/wp-content\/uploads\/2018\/04\/K7R20.png\",\"datePublished\":\"2018-04-11T13:28:39+00:00\",\"dateModified\":\"2022-08-03T08:32:44+00:00\",\"breadcrumb\":{\"@id\":\"https:\/\/laserelectronique.com\/?product=pic-carbure-k7r20#breadcrumb\"},\"inLanguage\":\"fr-FR\",\"potentialAction\":[{\"@type\":\"ReadAction\",\"target\":[\"https:\/\/laserelectronique.com\/?product=pic-carbure-k7r20\"]}]},{\"@type\":\"ImageObject\",\"inLanguage\":\"fr-FR\",\"@id\":\"https:\/\/laserelectronique.com\/?product=pic-carbure-k7r20#primaryimage\",\"url\":\"https:\/\/laserelectronique.com\/wp-content\/uploads\/2018\/04\/K7R20.png\",\"contentUrl\":\"https:\/\/laserelectronique.com\/wp-content\/uploads\/2018\/04\/K7R20.png\",\"width\":2709,\"height\":2709},{\"@type\":\"BreadcrumbList\",\"@id\":\"https:\/\/laserelectronique.com\/?product=pic-carbure-k7r20#breadcrumb\",\"itemListElement\":[{\"@type\":\"ListItem\",\"position\":1,\"name\":\"Accueil\",\"item\":\"https:\/\/laserelectronique.com\/\"},{\"@type\":\"ListItem\",\"position\":2,\"name\":\"Boutique\",\"item\":\"https:\/\/laserelectronique.com\/?page_id=7\"},{\"@type\":\"ListItem\",\"position\":3,\"name\":\"Pic carbure K7R20 s\u00e9rie XXL\"}]},{\"@type\":\"WebSite\",\"@id\":\"https:\/\/laserelectronique.com\/#website\",\"url\":\"https:\/\/laserelectronique.com\/\",\"name\":\"LASER ELECTRONIQUE TP\",\"description\":\"VOTRE PARTENAIRE EN GUIDAGE D&#039;ENGINS, TOPOGRAPHIE ET SERVICES\",\"potentialAction\":[{\"@type\":\"SearchAction\",\"target\":{\"@type\":\"EntryPoint\",\"urlTemplate\":\"https:\/\/laserelectronique.com\/?s={search_term_string}\"},\"query-input\":{\"@type\":\"PropertyValueSpecification\",\"valueRequired\":true,\"valueName\":\"search_term_string\"}}],\"inLanguage\":\"fr-FR\"}]}<\/script>\n<!-- \/ Yoast SEO plugin. -->","yoast_head_json":{"title":"Pic carbure K7R20 s\u00e9rie XXL - LASER ELECTRONIQUE TP","robots":{"index":"index","follow":"follow","max-snippet":"max-snippet:-1","max-image-preview":"max-image-preview:large","max-video-preview":"max-video-preview:-1"},"canonical":"https:\/\/laserelectronique.com\/?product=pic-carbure-k7r20","og_locale":"fr_FR","og_type":"article","og_title":"Pic carbure K7R20 s\u00e9rie XXL - LASER ELECTRONIQUE TP","og_description":"Pic pour raboteuses\u00a0 \u00e9quivalent \u00e0 W6MG20X BETEK ou \u00a0WIRGEN g\u00e9n\u00e9ration X Carbure \u00e0 d\u00e9pouille de 37 grammes pour une meilleure rotation Un rapport qualit\u00e9 prix tr\u00e8s avantageux &nbsp; Nous consulter&hellip;","og_url":"https:\/\/laserelectronique.com\/?product=pic-carbure-k7r20","og_site_name":"LASER ELECTRONIQUE TP","article_modified_time":"2022-08-03T08:32:44+00:00","og_image":[{"width":2709,"height":2709,"url":"https:\/\/laserelectronique.com\/wp-content\/uploads\/2018\/04\/K7R20.png","type":"image\/png"}],"twitter_card":"summary_large_image","schema":{"@context":"https:\/\/schema.org","@graph":[{"@type":"WebPage","@id":"https:\/\/laserelectronique.com\/?product=pic-carbure-k7r20","url":"https:\/\/laserelectronique.com\/?product=pic-carbure-k7r20","name":"Pic carbure K7R20 s\u00e9rie XXL - LASER ELECTRONIQUE TP","isPartOf":{"@id":"https:\/\/laserelectronique.com\/#website"},"primaryImageOfPage":{"@id":"https:\/\/laserelectronique.com\/?product=pic-carbure-k7r20#primaryimage"},"image":{"@id":"https:\/\/laserelectronique.com\/?product=pic-carbure-k7r20#primaryimage"},"thumbnailUrl":"https:\/\/laserelectronique.com\/wp-content\/uploads\/2018\/04\/K7R20.png","datePublished":"2018-04-11T13:28:39+00:00","dateModified":"2022-08-03T08:32:44+00:00","breadcrumb":{"@id":"https:\/\/laserelectronique.com\/?product=pic-carbure-k7r20#breadcrumb"},"inLanguage":"fr-FR","potentialAction":[{"@type":"ReadAction","target":["https:\/\/laserelectronique.com\/?product=pic-carbure-k7r20"]}]},{"@type":"ImageObject","inLanguage":"fr-FR","@id":"https:\/\/laserelectronique.com\/?product=pic-carbure-k7r20#primaryimage","url":"https:\/\/laserelectronique.com\/wp-content\/uploads\/2018\/04\/K7R20.png","contentUrl":"https:\/\/laserelectronique.com\/wp-content\/uploads\/2018\/04\/K7R20.png","width":2709,"height":2709},{"@type":"BreadcrumbList","@id":"https:\/\/laserelectronique.com\/?product=pic-carbure-k7r20#breadcrumb","itemListElement":[{"@type":"ListItem","position":1,"name":"Accueil","item":"https:\/\/laserelectronique.com\/"},{"@type":"ListItem","position":2,"name":"Boutique","item":"https:\/\/laserelectronique.com\/?page_id=7"},{"@type":"ListItem","position":3,"name":"Pic carbure K7R20 s\u00e9rie XXL"}]},{"@type":"WebSite","@id":"https:\/\/laserelectronique.com\/#website","url":"https:\/\/laserelectronique.com\/","name":"LASER ELECTRONIQUE TP","description":"VOTRE PARTENAIRE EN GUIDAGE D&#039;ENGINS, TOPOGRAPHIE ET SERVICES","potentialAction":[{"@type":"SearchAction","target":{"@type":"EntryPoint","urlTemplate":"https:\/\/laserelectronique.com\/?s={search_term_string}"},"query-input":{"@type":"PropertyValueSpecification","valueRequired":true,"valueName":"search_term_string"}}],"inLanguage":"fr-FR"}]}},"_links":{"self":[{"href":"https:\/\/laserelectronique.com\/index.php?rest_route=\/wp\/v2\/product\/2001","targetHints":{"allow":["GET"]}}],"collection":[{"href":"https:\/\/laserelectronique.com\/index.php?rest_route=\/wp\/v2\/product"}],"about":[{"href":"https:\/\/laserelectronique.com\/index.php?rest_route=\/wp\/v2\/types\/product"}],"replies":[{"embeddable":true,"href":"https:\/\/laserelectronique.com\/index.php?rest_route=%2Fwp%2Fv2%2Fcomments&post=2001"}],"wp:featuredmedia":[{"embeddable":true,"href":"https:\/\/laserelectronique.com\/index.php?rest_route=\/wp\/v2\/media\/2002"}],"wp:attachment":[{"href":"https:\/\/laserelectronique.com\/index.php?rest_route=%2Fwp%2Fv2%2Fmedia&parent=2001"}],"wp:term":[{"taxonomy":"product_cat","embeddable":true,"href":"https:\/\/laserelectronique.com\/index.php?rest_route=%2Fwp%2Fv2%2Fproduct_cat&post=2001"},{"taxonomy":"product_tag","embeddable":true,"href":"https:\/\/laserelectronique.com\/index.php?rest_route=%2Fwp%2Fv2%2Fproduct_tag&post=2001"}],"curies":[{"name":"wp","href":"https:\/\/api.w.org\/{rel}","templated":true}]}}