{"id":1951,"date":"2018-03-21T11:59:16","date_gmt":"2018-03-21T10:59:16","guid":{"rendered":"http:\/\/laserins.fr\/?post_type=product&#038;p=1951"},"modified":"2024-10-08T15:46:12","modified_gmt":"2024-10-08T13:46:12","slug":"alarme-de-recul-77-102db-auto-ajustable-preco","status":"publish","type":"product","link":"https:\/\/laserelectronique.com\/?product=alarme-de-recul-77-102db-auto-ajustable-preco","title":{"rendered":"Alarme de recul 77-102db auto-ajustable Britax"},"content":{"rendered":"<h3><strong>Alarme de recul\u00a0 12-24v auto-ajustable<\/strong><\/h3>\n<p><strong>Fixation \u00e0 plaquer ou en \u00e9querre &#8211; trous diam\u00e8tre 8 mm.<\/strong><\/p>\n<p><strong>Applications : Utilitaires, engins agricoles, poids-lourds, bus, engins de chantier et chariot de manutention.<\/strong><\/p>\n<p><b>Se r\u00e8gle automatiquement 5 db au dessus du bruit ambiant.<\/b><\/p>\n<p><strong>largeur\u00a0 101 mm, hauteur 70mm<\/strong><\/p>\n<p>&nbsp;<\/p>\n<h3><strong>Document produit<\/strong>:<\/h3>\n<p>&nbsp;<\/p>\n<p>&nbsp;<\/p>\n<p>&nbsp;<\/p>\n","protected":false},"excerpt":{"rendered":"<p>Alarme de recul\u00a0 12-24v auto-ajustable Fixation \u00e0 plaquer ou en \u00e9querre &#8211; trous diam\u00e8tre 8 mm. Applications : Utilitaires, engins agricoles, poids-lourds, bus, engins de chantier et chariot de manutention.&hellip;<\/p>\n","protected":false},"featured_media":2065,"comment_status":"closed","ping_status":"closed","template":"","meta":[],"product_cat":[57],"product_tag":[],"class_list":{"0":"post-1951","1":"product","2":"type-product","3":"status-publish","4":"has-post-thumbnail","6":"product_cat-securite-et-mesures","7":"","9":"first","10":"onbackorder","11":"taxable","12":"shipping-taxable","13":"purchasable","14":"product-type-simple"},"yoast_head":"<!-- This site is optimized with the Yoast SEO plugin v24.7 - https:\/\/yoast.com\/wordpress\/plugins\/seo\/ -->\n<title>Alarme de recul 77-102db auto-ajustable Britax - LASER ELECTRONIQUE TP<\/title>\n<meta name=\"robots\" content=\"index, follow, max-snippet:-1, max-image-preview:large, max-video-preview:-1\" \/>\n<link rel=\"canonical\" href=\"https:\/\/laserelectronique.com\/?product=alarme-de-recul-77-102db-auto-ajustable-preco\" \/>\n<meta property=\"og:locale\" content=\"fr_FR\" \/>\n<meta property=\"og:type\" content=\"article\" \/>\n<meta property=\"og:title\" content=\"Alarme de recul 77-102db auto-ajustable Britax - LASER ELECTRONIQUE TP\" \/>\n<meta property=\"og:description\" content=\"Alarme de recul\u00a0 12-24v auto-ajustable Fixation \u00e0 plaquer ou en \u00e9querre &#8211; trous diam\u00e8tre 8 mm. Applications : Utilitaires, engins agricoles, poids-lourds, bus, engins de chantier et chariot de manutention.&hellip;\" \/>\n<meta property=\"og:url\" content=\"https:\/\/laserelectronique.com\/?product=alarme-de-recul-77-102db-auto-ajustable-preco\" \/>\n<meta property=\"og:site_name\" content=\"LASER ELECTRONIQUE TP\" \/>\n<meta property=\"article:modified_time\" content=\"2024-10-08T13:46:12+00:00\" \/>\n<meta property=\"og:image\" content=\"https:\/\/laserelectronique.com\/wp-content\/uploads\/2018\/05\/rlp1020-1.png\" \/>\n\t<meta property=\"og:image:width\" content=\"750\" \/>\n\t<meta property=\"og:image:height\" content=\"750\" \/>\n\t<meta property=\"og:image:type\" content=\"image\/png\" \/>\n<meta name=\"twitter:card\" content=\"summary_large_image\" \/>\n<script type=\"application\/ld+json\" class=\"yoast-schema-graph\">{\"@context\":\"https:\/\/schema.org\",\"@graph\":[{\"@type\":\"WebPage\",\"@id\":\"https:\/\/laserelectronique.com\/?product=alarme-de-recul-77-102db-auto-ajustable-preco\",\"url\":\"https:\/\/laserelectronique.com\/?product=alarme-de-recul-77-102db-auto-ajustable-preco\",\"name\":\"Alarme de recul 77-102db auto-ajustable Britax - LASER ELECTRONIQUE TP\",\"isPartOf\":{\"@id\":\"https:\/\/laserelectronique.com\/#website\"},\"primaryImageOfPage\":{\"@id\":\"https:\/\/laserelectronique.com\/?product=alarme-de-recul-77-102db-auto-ajustable-preco#primaryimage\"},\"image\":{\"@id\":\"https:\/\/laserelectronique.com\/?product=alarme-de-recul-77-102db-auto-ajustable-preco#primaryimage\"},\"thumbnailUrl\":\"https:\/\/laserelectronique.com\/wp-content\/uploads\/2018\/05\/rlp1020-1.png\",\"datePublished\":\"2018-03-21T10:59:16+00:00\",\"dateModified\":\"2024-10-08T13:46:12+00:00\",\"breadcrumb\":{\"@id\":\"https:\/\/laserelectronique.com\/?product=alarme-de-recul-77-102db-auto-ajustable-preco#breadcrumb\"},\"inLanguage\":\"fr-FR\",\"potentialAction\":[{\"@type\":\"ReadAction\",\"target\":[\"https:\/\/laserelectronique.com\/?product=alarme-de-recul-77-102db-auto-ajustable-preco\"]}]},{\"@type\":\"ImageObject\",\"inLanguage\":\"fr-FR\",\"@id\":\"https:\/\/laserelectronique.com\/?product=alarme-de-recul-77-102db-auto-ajustable-preco#primaryimage\",\"url\":\"https:\/\/laserelectronique.com\/wp-content\/uploads\/2018\/05\/rlp1020-1.png\",\"contentUrl\":\"https:\/\/laserelectronique.com\/wp-content\/uploads\/2018\/05\/rlp1020-1.png\",\"width\":750,\"height\":750},{\"@type\":\"BreadcrumbList\",\"@id\":\"https:\/\/laserelectronique.com\/?product=alarme-de-recul-77-102db-auto-ajustable-preco#breadcrumb\",\"itemListElement\":[{\"@type\":\"ListItem\",\"position\":1,\"name\":\"Accueil\",\"item\":\"https:\/\/laserelectronique.com\/\"},{\"@type\":\"ListItem\",\"position\":2,\"name\":\"Boutique\",\"item\":\"https:\/\/laserelectronique.com\/?page_id=7\"},{\"@type\":\"ListItem\",\"position\":3,\"name\":\"Alarme de recul 77-102db auto-ajustable Britax\"}]},{\"@type\":\"WebSite\",\"@id\":\"https:\/\/laserelectronique.com\/#website\",\"url\":\"https:\/\/laserelectronique.com\/\",\"name\":\"LASER ELECTRONIQUE TP\",\"description\":\"VOTRE PARTENAIRE EN GUIDAGE D&#039;ENGINS, TOPOGRAPHIE ET SERVICES\",\"potentialAction\":[{\"@type\":\"SearchAction\",\"target\":{\"@type\":\"EntryPoint\",\"urlTemplate\":\"https:\/\/laserelectronique.com\/?s={search_term_string}\"},\"query-input\":{\"@type\":\"PropertyValueSpecification\",\"valueRequired\":true,\"valueName\":\"search_term_string\"}}],\"inLanguage\":\"fr-FR\"}]}<\/script>\n<!-- \/ Yoast SEO plugin. -->","yoast_head_json":{"title":"Alarme de recul 77-102db auto-ajustable Britax - LASER ELECTRONIQUE TP","robots":{"index":"index","follow":"follow","max-snippet":"max-snippet:-1","max-image-preview":"max-image-preview:large","max-video-preview":"max-video-preview:-1"},"canonical":"https:\/\/laserelectronique.com\/?product=alarme-de-recul-77-102db-auto-ajustable-preco","og_locale":"fr_FR","og_type":"article","og_title":"Alarme de recul 77-102db auto-ajustable Britax - LASER ELECTRONIQUE TP","og_description":"Alarme de recul\u00a0 12-24v auto-ajustable Fixation \u00e0 plaquer ou en \u00e9querre &#8211; trous diam\u00e8tre 8 mm. Applications : Utilitaires, engins agricoles, poids-lourds, bus, engins de chantier et chariot de manutention.&hellip;","og_url":"https:\/\/laserelectronique.com\/?product=alarme-de-recul-77-102db-auto-ajustable-preco","og_site_name":"LASER ELECTRONIQUE TP","article_modified_time":"2024-10-08T13:46:12+00:00","og_image":[{"width":750,"height":750,"url":"https:\/\/laserelectronique.com\/wp-content\/uploads\/2018\/05\/rlp1020-1.png","type":"image\/png"}],"twitter_card":"summary_large_image","schema":{"@context":"https:\/\/schema.org","@graph":[{"@type":"WebPage","@id":"https:\/\/laserelectronique.com\/?product=alarme-de-recul-77-102db-auto-ajustable-preco","url":"https:\/\/laserelectronique.com\/?product=alarme-de-recul-77-102db-auto-ajustable-preco","name":"Alarme de recul 77-102db auto-ajustable Britax - LASER ELECTRONIQUE TP","isPartOf":{"@id":"https:\/\/laserelectronique.com\/#website"},"primaryImageOfPage":{"@id":"https:\/\/laserelectronique.com\/?product=alarme-de-recul-77-102db-auto-ajustable-preco#primaryimage"},"image":{"@id":"https:\/\/laserelectronique.com\/?product=alarme-de-recul-77-102db-auto-ajustable-preco#primaryimage"},"thumbnailUrl":"https:\/\/laserelectronique.com\/wp-content\/uploads\/2018\/05\/rlp1020-1.png","datePublished":"2018-03-21T10:59:16+00:00","dateModified":"2024-10-08T13:46:12+00:00","breadcrumb":{"@id":"https:\/\/laserelectronique.com\/?product=alarme-de-recul-77-102db-auto-ajustable-preco#breadcrumb"},"inLanguage":"fr-FR","potentialAction":[{"@type":"ReadAction","target":["https:\/\/laserelectronique.com\/?product=alarme-de-recul-77-102db-auto-ajustable-preco"]}]},{"@type":"ImageObject","inLanguage":"fr-FR","@id":"https:\/\/laserelectronique.com\/?product=alarme-de-recul-77-102db-auto-ajustable-preco#primaryimage","url":"https:\/\/laserelectronique.com\/wp-content\/uploads\/2018\/05\/rlp1020-1.png","contentUrl":"https:\/\/laserelectronique.com\/wp-content\/uploads\/2018\/05\/rlp1020-1.png","width":750,"height":750},{"@type":"BreadcrumbList","@id":"https:\/\/laserelectronique.com\/?product=alarme-de-recul-77-102db-auto-ajustable-preco#breadcrumb","itemListElement":[{"@type":"ListItem","position":1,"name":"Accueil","item":"https:\/\/laserelectronique.com\/"},{"@type":"ListItem","position":2,"name":"Boutique","item":"https:\/\/laserelectronique.com\/?page_id=7"},{"@type":"ListItem","position":3,"name":"Alarme de recul 77-102db auto-ajustable Britax"}]},{"@type":"WebSite","@id":"https:\/\/laserelectronique.com\/#website","url":"https:\/\/laserelectronique.com\/","name":"LASER ELECTRONIQUE TP","description":"VOTRE PARTENAIRE EN GUIDAGE D&#039;ENGINS, TOPOGRAPHIE ET SERVICES","potentialAction":[{"@type":"SearchAction","target":{"@type":"EntryPoint","urlTemplate":"https:\/\/laserelectronique.com\/?s={search_term_string}"},"query-input":{"@type":"PropertyValueSpecification","valueRequired":true,"valueName":"search_term_string"}}],"inLanguage":"fr-FR"}]}},"_links":{"self":[{"href":"https:\/\/laserelectronique.com\/index.php?rest_route=\/wp\/v2\/product\/1951","targetHints":{"allow":["GET"]}}],"collection":[{"href":"https:\/\/laserelectronique.com\/index.php?rest_route=\/wp\/v2\/product"}],"about":[{"href":"https:\/\/laserelectronique.com\/index.php?rest_route=\/wp\/v2\/types\/product"}],"replies":[{"embeddable":true,"href":"https:\/\/laserelectronique.com\/index.php?rest_route=%2Fwp%2Fv2%2Fcomments&post=1951"}],"wp:featuredmedia":[{"embeddable":true,"href":"https:\/\/laserelectronique.com\/index.php?rest_route=\/wp\/v2\/media\/2065"}],"wp:attachment":[{"href":"https:\/\/laserelectronique.com\/index.php?rest_route=%2Fwp%2Fv2%2Fmedia&parent=1951"}],"wp:term":[{"taxonomy":"product_cat","embeddable":true,"href":"https:\/\/laserelectronique.com\/index.php?rest_route=%2Fwp%2Fv2%2Fproduct_cat&post=1951"},{"taxonomy":"product_tag","embeddable":true,"href":"https:\/\/laserelectronique.com\/index.php?rest_route=%2Fwp%2Fv2%2Fproduct_tag&post=1951"}],"curies":[{"name":"wp","href":"https:\/\/api.w.org\/{rel}","templated":true}]}}