{"id":1867,"date":"2018-02-06T11:18:32","date_gmt":"2018-02-06T10:18:32","guid":{"rendered":"http:\/\/laserins.fr\/?post_type=product&#038;p=1867"},"modified":"2022-07-27T11:59:33","modified_gmt":"2022-07-27T09:59:33","slug":"feu-de-travail-led-10-32v","status":"publish","type":"product","link":"https:\/\/laserelectronique.com\/?product=feu-de-travail-led-10-32v","title":{"rendered":"Feu de travail LED 10-32V 1800lm"},"content":{"rendered":"<p><strong>PHARE A LED 27 W, 9 led 3w, 10 \u00e0 32V DC<br \/>\nLumi\u00e8re blanche (6400K) 1800 lumens<br \/>\nPr\u00e9c\u00e2bl\u00e9, c\u00e2ble de sortie 40 cm. 2&#215;0.75mm\u00b2<br \/>\nDimensions hors tout : L 107 x l 107 x P 55 mm<br \/>\nVitre en plycarbonate<br \/>\nFaisceau large FLOOD 120\u00b0, port\u00e9e 1000 m.<br \/>\nCorps robuste en aluminium<br \/>\nLivr\u00e9 avec support en acier inoxydable orientable + 1 vis de fixation<br \/>\nFaible consommation- Grande autonomie-Longue dur\u00e9e de vie<br \/>\nProtection contre les inversions de polarit\u00e9<br \/>\nIP 68<br \/>\nEclairage puissant, faible consommation, longue dur\u00e9e de vie<br \/>\nAvec support inox<\/strong><\/p>\n<p>&nbsp;<\/p>\n","protected":false},"excerpt":{"rendered":"<p>PHARE A LED 27 W, 9 led 3w, 10 \u00e0 32V DC Lumi\u00e8re blanche (6400K) 1800 lumens Pr\u00e9c\u00e2bl\u00e9, c\u00e2ble de sortie 40 cm. 2&#215;0.75mm\u00b2 Dimensions hors tout : L 107&hellip;<\/p>\n","protected":false},"featured_media":1868,"comment_status":"closed","ping_status":"closed","template":"","meta":[],"product_cat":[57],"product_tag":[],"class_list":{"0":"post-1867","1":"product","2":"type-product","3":"status-publish","4":"has-post-thumbnail","6":"product_cat-securite-et-mesures","7":"","9":"first","10":"instock","11":"taxable","12":"shipping-taxable","13":"product-type-simple"},"yoast_head":"<!-- This site is optimized with the Yoast SEO plugin v24.7 - https:\/\/yoast.com\/wordpress\/plugins\/seo\/ -->\n<title>Feu de travail LED 10-32V 1800lm - LASER ELECTRONIQUE TP<\/title>\n<meta name=\"robots\" content=\"index, follow, max-snippet:-1, max-image-preview:large, max-video-preview:-1\" \/>\n<link rel=\"canonical\" href=\"https:\/\/laserelectronique.com\/?product=feu-de-travail-led-10-32v\" \/>\n<meta property=\"og:locale\" content=\"fr_FR\" \/>\n<meta property=\"og:type\" content=\"article\" \/>\n<meta property=\"og:title\" content=\"Feu de travail LED 10-32V 1800lm - LASER ELECTRONIQUE TP\" \/>\n<meta property=\"og:description\" content=\"PHARE A LED 27 W, 9 led 3w, 10 \u00e0 32V DC Lumi\u00e8re blanche (6400K) 1800 lumens Pr\u00e9c\u00e2bl\u00e9, c\u00e2ble de sortie 40 cm. 2&#215;0.75mm\u00b2 Dimensions hors tout : L 107&hellip;\" \/>\n<meta property=\"og:url\" content=\"https:\/\/laserelectronique.com\/?product=feu-de-travail-led-10-32v\" \/>\n<meta property=\"og:site_name\" content=\"LASER ELECTRONIQUE TP\" \/>\n<meta property=\"article:modified_time\" content=\"2022-07-27T09:59:33+00:00\" \/>\n<meta property=\"og:image\" content=\"https:\/\/laserelectronique.com\/wp-content\/uploads\/2018\/02\/hw1700.png\" \/>\n\t<meta property=\"og:image:width\" content=\"400\" \/>\n\t<meta property=\"og:image:height\" content=\"400\" \/>\n\t<meta property=\"og:image:type\" content=\"image\/png\" \/>\n<meta name=\"twitter:card\" content=\"summary_large_image\" \/>\n<script type=\"application\/ld+json\" class=\"yoast-schema-graph\">{\"@context\":\"https:\/\/schema.org\",\"@graph\":[{\"@type\":\"WebPage\",\"@id\":\"https:\/\/laserelectronique.com\/?product=feu-de-travail-led-10-32v\",\"url\":\"https:\/\/laserelectronique.com\/?product=feu-de-travail-led-10-32v\",\"name\":\"Feu de travail LED 10-32V 1800lm - LASER ELECTRONIQUE TP\",\"isPartOf\":{\"@id\":\"https:\/\/laserelectronique.com\/#website\"},\"primaryImageOfPage\":{\"@id\":\"https:\/\/laserelectronique.com\/?product=feu-de-travail-led-10-32v#primaryimage\"},\"image\":{\"@id\":\"https:\/\/laserelectronique.com\/?product=feu-de-travail-led-10-32v#primaryimage\"},\"thumbnailUrl\":\"https:\/\/laserelectronique.com\/wp-content\/uploads\/2018\/02\/hw1700.png\",\"datePublished\":\"2018-02-06T10:18:32+00:00\",\"dateModified\":\"2022-07-27T09:59:33+00:00\",\"breadcrumb\":{\"@id\":\"https:\/\/laserelectronique.com\/?product=feu-de-travail-led-10-32v#breadcrumb\"},\"inLanguage\":\"fr-FR\",\"potentialAction\":[{\"@type\":\"ReadAction\",\"target\":[\"https:\/\/laserelectronique.com\/?product=feu-de-travail-led-10-32v\"]}]},{\"@type\":\"ImageObject\",\"inLanguage\":\"fr-FR\",\"@id\":\"https:\/\/laserelectronique.com\/?product=feu-de-travail-led-10-32v#primaryimage\",\"url\":\"https:\/\/laserelectronique.com\/wp-content\/uploads\/2018\/02\/hw1700.png\",\"contentUrl\":\"https:\/\/laserelectronique.com\/wp-content\/uploads\/2018\/02\/hw1700.png\",\"width\":400,\"height\":400},{\"@type\":\"BreadcrumbList\",\"@id\":\"https:\/\/laserelectronique.com\/?product=feu-de-travail-led-10-32v#breadcrumb\",\"itemListElement\":[{\"@type\":\"ListItem\",\"position\":1,\"name\":\"Accueil\",\"item\":\"https:\/\/laserelectronique.com\/\"},{\"@type\":\"ListItem\",\"position\":2,\"name\":\"Boutique\",\"item\":\"https:\/\/laserelectronique.com\/?page_id=7\"},{\"@type\":\"ListItem\",\"position\":3,\"name\":\"Feu de travail LED 10-32V 1800lm\"}]},{\"@type\":\"WebSite\",\"@id\":\"https:\/\/laserelectronique.com\/#website\",\"url\":\"https:\/\/laserelectronique.com\/\",\"name\":\"LASER ELECTRONIQUE TP\",\"description\":\"VOTRE PARTENAIRE EN GUIDAGE D&#039;ENGINS, TOPOGRAPHIE ET SERVICES\",\"potentialAction\":[{\"@type\":\"SearchAction\",\"target\":{\"@type\":\"EntryPoint\",\"urlTemplate\":\"https:\/\/laserelectronique.com\/?s={search_term_string}\"},\"query-input\":{\"@type\":\"PropertyValueSpecification\",\"valueRequired\":true,\"valueName\":\"search_term_string\"}}],\"inLanguage\":\"fr-FR\"}]}<\/script>\n<!-- \/ Yoast SEO plugin. -->","yoast_head_json":{"title":"Feu de travail LED 10-32V 1800lm - LASER ELECTRONIQUE TP","robots":{"index":"index","follow":"follow","max-snippet":"max-snippet:-1","max-image-preview":"max-image-preview:large","max-video-preview":"max-video-preview:-1"},"canonical":"https:\/\/laserelectronique.com\/?product=feu-de-travail-led-10-32v","og_locale":"fr_FR","og_type":"article","og_title":"Feu de travail LED 10-32V 1800lm - LASER ELECTRONIQUE TP","og_description":"PHARE A LED 27 W, 9 led 3w, 10 \u00e0 32V DC Lumi\u00e8re blanche (6400K) 1800 lumens Pr\u00e9c\u00e2bl\u00e9, c\u00e2ble de sortie 40 cm. 2&#215;0.75mm\u00b2 Dimensions hors tout : L 107&hellip;","og_url":"https:\/\/laserelectronique.com\/?product=feu-de-travail-led-10-32v","og_site_name":"LASER ELECTRONIQUE TP","article_modified_time":"2022-07-27T09:59:33+00:00","og_image":[{"width":400,"height":400,"url":"https:\/\/laserelectronique.com\/wp-content\/uploads\/2018\/02\/hw1700.png","type":"image\/png"}],"twitter_card":"summary_large_image","schema":{"@context":"https:\/\/schema.org","@graph":[{"@type":"WebPage","@id":"https:\/\/laserelectronique.com\/?product=feu-de-travail-led-10-32v","url":"https:\/\/laserelectronique.com\/?product=feu-de-travail-led-10-32v","name":"Feu de travail LED 10-32V 1800lm - LASER ELECTRONIQUE TP","isPartOf":{"@id":"https:\/\/laserelectronique.com\/#website"},"primaryImageOfPage":{"@id":"https:\/\/laserelectronique.com\/?product=feu-de-travail-led-10-32v#primaryimage"},"image":{"@id":"https:\/\/laserelectronique.com\/?product=feu-de-travail-led-10-32v#primaryimage"},"thumbnailUrl":"https:\/\/laserelectronique.com\/wp-content\/uploads\/2018\/02\/hw1700.png","datePublished":"2018-02-06T10:18:32+00:00","dateModified":"2022-07-27T09:59:33+00:00","breadcrumb":{"@id":"https:\/\/laserelectronique.com\/?product=feu-de-travail-led-10-32v#breadcrumb"},"inLanguage":"fr-FR","potentialAction":[{"@type":"ReadAction","target":["https:\/\/laserelectronique.com\/?product=feu-de-travail-led-10-32v"]}]},{"@type":"ImageObject","inLanguage":"fr-FR","@id":"https:\/\/laserelectronique.com\/?product=feu-de-travail-led-10-32v#primaryimage","url":"https:\/\/laserelectronique.com\/wp-content\/uploads\/2018\/02\/hw1700.png","contentUrl":"https:\/\/laserelectronique.com\/wp-content\/uploads\/2018\/02\/hw1700.png","width":400,"height":400},{"@type":"BreadcrumbList","@id":"https:\/\/laserelectronique.com\/?product=feu-de-travail-led-10-32v#breadcrumb","itemListElement":[{"@type":"ListItem","position":1,"name":"Accueil","item":"https:\/\/laserelectronique.com\/"},{"@type":"ListItem","position":2,"name":"Boutique","item":"https:\/\/laserelectronique.com\/?page_id=7"},{"@type":"ListItem","position":3,"name":"Feu de travail LED 10-32V 1800lm"}]},{"@type":"WebSite","@id":"https:\/\/laserelectronique.com\/#website","url":"https:\/\/laserelectronique.com\/","name":"LASER ELECTRONIQUE TP","description":"VOTRE PARTENAIRE EN GUIDAGE D&#039;ENGINS, TOPOGRAPHIE ET SERVICES","potentialAction":[{"@type":"SearchAction","target":{"@type":"EntryPoint","urlTemplate":"https:\/\/laserelectronique.com\/?s={search_term_string}"},"query-input":{"@type":"PropertyValueSpecification","valueRequired":true,"valueName":"search_term_string"}}],"inLanguage":"fr-FR"}]}},"_links":{"self":[{"href":"https:\/\/laserelectronique.com\/index.php?rest_route=\/wp\/v2\/product\/1867","targetHints":{"allow":["GET"]}}],"collection":[{"href":"https:\/\/laserelectronique.com\/index.php?rest_route=\/wp\/v2\/product"}],"about":[{"href":"https:\/\/laserelectronique.com\/index.php?rest_route=\/wp\/v2\/types\/product"}],"replies":[{"embeddable":true,"href":"https:\/\/laserelectronique.com\/index.php?rest_route=%2Fwp%2Fv2%2Fcomments&post=1867"}],"wp:featuredmedia":[{"embeddable":true,"href":"https:\/\/laserelectronique.com\/index.php?rest_route=\/wp\/v2\/media\/1868"}],"wp:attachment":[{"href":"https:\/\/laserelectronique.com\/index.php?rest_route=%2Fwp%2Fv2%2Fmedia&parent=1867"}],"wp:term":[{"taxonomy":"product_cat","embeddable":true,"href":"https:\/\/laserelectronique.com\/index.php?rest_route=%2Fwp%2Fv2%2Fproduct_cat&post=1867"},{"taxonomy":"product_tag","embeddable":true,"href":"https:\/\/laserelectronique.com\/index.php?rest_route=%2Fwp%2Fv2%2Fproduct_tag&post=1867"}],"curies":[{"name":"wp","href":"https:\/\/api.w.org\/{rel}","templated":true}]}}