{"id":1779,"date":"2018-01-26T12:24:06","date_gmt":"2018-01-26T11:24:06","guid":{"rendered":"http:\/\/laserins.fr\/?post_type=product&#038;p=1779"},"modified":"2022-07-27T11:37:12","modified_gmt":"2022-07-27T09:37:12","slug":"systeme-de-cameras-moniteur-4692","status":"publish","type":"product","link":"https:\/\/laserelectronique.com\/?product=systeme-de-cameras-moniteur-4692","title":{"rendered":"Syst\u00e8me de cam\u00e9ra-moniteur BRIGADE 4692"},"content":{"rendered":"<p><strong>Garantie <span style=\"color: #333333;\">2 ans<\/span><\/strong><\/p>\n<p><span style=\"color: #333333;\"><strong>Moniteur LCD num\u00e9rique. 12-24v DC <\/strong><\/span><\/p>\n<p><strong>Taille (LxHxP) 196 x 118 x 26mm \/3 entr\u00e9es cam\u00e9ra 3 D\u00e9clenchements automatiques Miroir \/ commutation normale depuis le menu Fonction anti-sabotage du bouton-poussoir\/ marqueurs de distance \u00e0 l&rsquo;\u00e9cran\/ audio\/ \u00e9cran pare-soleil Auto -dimmer\/ menus multilingues\/ auto-commutation PAL-NTSC\/ qualit\u00e9 d&rsquo;image r\u00e9tro-\u00e9clairage LED (donne 20.000 heures de vie)\/ \u00e9cran anti-\u00e9blouissant R\u00e9solution: 800 x 480\/ rapport de contraste: 500: 1, luminosit\u00e9: 400cd \/ m2 Angles de vue: C\u00f4t\u00e9 70\u00b0 x Haut 50\u00b0 x Bas 70\u00b0\/ puissance: 18 Watts-1,5 Amp\u00e8res\/ durabilit\u00e9 et normes vibrations m\u00e9caniques: 4G choc m\u00e9canique: 100G, temp\u00e9rature de fonctionnement: -30 \u00e0 + 70 \u00b0C \/ Marquage CE homologu\u00e9 CEM: E HALT\/ fourni avec support orientable BMM15\u00a0<\/strong><\/p>\n<p><strong>Cam\u00e9ra<\/strong><\/p>\n<p><strong>Angle de vision (HxVxD) 90\u00b0 horizontal x 70\u00b0 x 115\u00b0 diagonal\/<\/strong><strong>IP67<\/strong><strong>\/Dimensions (LxHxD) 88 x 80 x 70 mm \/<\/strong><strong>LED infrarouges capteur jour-nuit pour une<\/strong><strong>\u00a0d<\/strong><strong>istance d&rsquo;\u00e9clairage 15 m\u00e8tres\/<\/strong><strong>audio\/<\/strong><strong>vision Miroir\/<\/strong><strong>CCD 1\/3 pouce Sharp\/<\/strong><strong>syst\u00e8me TV : PAL 420 lignes\/ 0.2A<\/strong><\/p>\n<p><strong>Document produit:<\/strong><\/p>\n<ul>\n<li><a href=\"http:\/\/laserins.fr\/wp-content\/uploads\/2018\/01\/VBV-770-000-4692.pdf\">VBV-770-000 (4692)<\/a><\/li>\n<li><a href=\"http:\/\/laserins.fr\/wp-content\/uploads\/2018\/01\/PS436800-VBV-770M-M.pdf\">PS(4368)00 &#8211; VBV-770M-M<\/a><\/li>\n<li><a href=\"http:\/\/laserins.fr\/wp-content\/uploads\/2018\/01\/PB428800-VBV-770M.pdf\">PB(4288)00 &#8211; VBV-770M<\/a><\/li>\n<li><a href=\"http:\/\/laserins.fr\/wp-content\/uploads\/2018\/01\/VBV-700C.pdf\">VBV-700C<\/a><\/li>\n<li><a href=\"http:\/\/laserins.fr\/wp-content\/uploads\/2017\/11\/Systeme-de-camera-moniteur-catalogue.pdf\">Systeme-de-camera-moniteur-catalogue<\/a><\/li>\n<li><a href=\"http:\/\/laserins.fr\/wp-content\/uploads\/2018\/03\/brigade-BG-ENGIN-TP-LOURD-laserins.pdf\">brigade-BG-ENGIN-TP-LOURD laserins<\/a><\/li>\n<li><a href=\"http:\/\/laserins.fr\/wp-content\/uploads\/2018\/04\/DOCSECURITEEMBARQUEEBRIGADE.pdf\">DOCSECURITEEMBARQUEEBRIGADE<\/a><\/li>\n<\/ul>\n","protected":false},"excerpt":{"rendered":"<p>Garantie 2 ans Moniteur LCD num\u00e9rique. 12-24v DC Taille (LxHxP) 196 x 118 x 26mm \/3 entr\u00e9es cam\u00e9ra 3 D\u00e9clenchements automatiques Miroir \/ commutation normale depuis le menu Fonction anti-sabotage&hellip;<\/p>\n","protected":false},"featured_media":1774,"comment_status":"closed","ping_status":"closed","template":"","meta":[],"product_cat":[57],"product_tag":[],"class_list":{"0":"post-1779","1":"product","2":"type-product","3":"status-publish","4":"has-post-thumbnail","6":"product_cat-securite-et-mesures","7":"","9":"first","10":"instock","11":"taxable","12":"shipping-taxable","13":"product-type-simple"},"yoast_head":"<!-- This site is optimized with the Yoast SEO plugin v24.7 - https:\/\/yoast.com\/wordpress\/plugins\/seo\/ -->\n<title>Syst\u00e8me de cam\u00e9ra-moniteur BRIGADE 4692 - LASER ELECTRONIQUE TP<\/title>\n<meta name=\"robots\" content=\"index, follow, max-snippet:-1, max-image-preview:large, max-video-preview:-1\" \/>\n<link rel=\"canonical\" href=\"https:\/\/laserelectronique.com\/?product=systeme-de-cameras-moniteur-4692\" \/>\n<meta property=\"og:locale\" content=\"fr_FR\" \/>\n<meta property=\"og:type\" content=\"article\" \/>\n<meta property=\"og:title\" content=\"Syst\u00e8me de cam\u00e9ra-moniteur BRIGADE 4692 - LASER ELECTRONIQUE TP\" \/>\n<meta property=\"og:description\" content=\"Garantie 2 ans Moniteur LCD num\u00e9rique. 12-24v DC Taille (LxHxP) 196 x 118 x 26mm \/3 entr\u00e9es cam\u00e9ra 3 D\u00e9clenchements automatiques Miroir \/ commutation normale depuis le menu Fonction anti-sabotage&hellip;\" \/>\n<meta property=\"og:url\" content=\"https:\/\/laserelectronique.com\/?product=systeme-de-cameras-moniteur-4692\" \/>\n<meta property=\"og:site_name\" content=\"LASER ELECTRONIQUE TP\" \/>\n<meta property=\"article:modified_time\" content=\"2022-07-27T09:37:12+00:00\" \/>\n<meta property=\"og:image\" content=\"https:\/\/laserelectronique.com\/wp-content\/uploads\/2018\/01\/kit4692.png\" \/>\n\t<meta property=\"og:image:width\" content=\"431\" \/>\n\t<meta property=\"og:image:height\" content=\"431\" \/>\n\t<meta property=\"og:image:type\" content=\"image\/png\" \/>\n<meta name=\"twitter:card\" content=\"summary_large_image\" \/>\n<meta name=\"twitter:label1\" content=\"Dur\u00e9e de lecture estim\u00e9e\" \/>\n\t<meta name=\"twitter:data1\" content=\"1 minute\" \/>\n<script type=\"application\/ld+json\" class=\"yoast-schema-graph\">{\"@context\":\"https:\/\/schema.org\",\"@graph\":[{\"@type\":\"WebPage\",\"@id\":\"https:\/\/laserelectronique.com\/?product=systeme-de-cameras-moniteur-4692\",\"url\":\"https:\/\/laserelectronique.com\/?product=systeme-de-cameras-moniteur-4692\",\"name\":\"Syst\u00e8me de cam\u00e9ra-moniteur BRIGADE 4692 - LASER ELECTRONIQUE TP\",\"isPartOf\":{\"@id\":\"https:\/\/laserelectronique.com\/#website\"},\"primaryImageOfPage\":{\"@id\":\"https:\/\/laserelectronique.com\/?product=systeme-de-cameras-moniteur-4692#primaryimage\"},\"image\":{\"@id\":\"https:\/\/laserelectronique.com\/?product=systeme-de-cameras-moniteur-4692#primaryimage\"},\"thumbnailUrl\":\"https:\/\/laserelectronique.com\/wp-content\/uploads\/2018\/01\/kit4692.png\",\"datePublished\":\"2018-01-26T11:24:06+00:00\",\"dateModified\":\"2022-07-27T09:37:12+00:00\",\"breadcrumb\":{\"@id\":\"https:\/\/laserelectronique.com\/?product=systeme-de-cameras-moniteur-4692#breadcrumb\"},\"inLanguage\":\"fr-FR\",\"potentialAction\":[{\"@type\":\"ReadAction\",\"target\":[\"https:\/\/laserelectronique.com\/?product=systeme-de-cameras-moniteur-4692\"]}]},{\"@type\":\"ImageObject\",\"inLanguage\":\"fr-FR\",\"@id\":\"https:\/\/laserelectronique.com\/?product=systeme-de-cameras-moniteur-4692#primaryimage\",\"url\":\"https:\/\/laserelectronique.com\/wp-content\/uploads\/2018\/01\/kit4692.png\",\"contentUrl\":\"https:\/\/laserelectronique.com\/wp-content\/uploads\/2018\/01\/kit4692.png\",\"width\":431,\"height\":431},{\"@type\":\"BreadcrumbList\",\"@id\":\"https:\/\/laserelectronique.com\/?product=systeme-de-cameras-moniteur-4692#breadcrumb\",\"itemListElement\":[{\"@type\":\"ListItem\",\"position\":1,\"name\":\"Accueil\",\"item\":\"https:\/\/laserelectronique.com\/\"},{\"@type\":\"ListItem\",\"position\":2,\"name\":\"Boutique\",\"item\":\"https:\/\/laserelectronique.com\/?page_id=7\"},{\"@type\":\"ListItem\",\"position\":3,\"name\":\"Syst\u00e8me de cam\u00e9ra-moniteur BRIGADE 4692\"}]},{\"@type\":\"WebSite\",\"@id\":\"https:\/\/laserelectronique.com\/#website\",\"url\":\"https:\/\/laserelectronique.com\/\",\"name\":\"LASER ELECTRONIQUE TP\",\"description\":\"VOTRE PARTENAIRE EN GUIDAGE D&#039;ENGINS, TOPOGRAPHIE ET SERVICES\",\"potentialAction\":[{\"@type\":\"SearchAction\",\"target\":{\"@type\":\"EntryPoint\",\"urlTemplate\":\"https:\/\/laserelectronique.com\/?s={search_term_string}\"},\"query-input\":{\"@type\":\"PropertyValueSpecification\",\"valueRequired\":true,\"valueName\":\"search_term_string\"}}],\"inLanguage\":\"fr-FR\"}]}<\/script>\n<!-- \/ Yoast SEO plugin. -->","yoast_head_json":{"title":"Syst\u00e8me de cam\u00e9ra-moniteur BRIGADE 4692 - LASER ELECTRONIQUE TP","robots":{"index":"index","follow":"follow","max-snippet":"max-snippet:-1","max-image-preview":"max-image-preview:large","max-video-preview":"max-video-preview:-1"},"canonical":"https:\/\/laserelectronique.com\/?product=systeme-de-cameras-moniteur-4692","og_locale":"fr_FR","og_type":"article","og_title":"Syst\u00e8me de cam\u00e9ra-moniteur BRIGADE 4692 - LASER ELECTRONIQUE TP","og_description":"Garantie 2 ans Moniteur LCD num\u00e9rique. 12-24v DC Taille (LxHxP) 196 x 118 x 26mm \/3 entr\u00e9es cam\u00e9ra 3 D\u00e9clenchements automatiques Miroir \/ commutation normale depuis le menu Fonction anti-sabotage&hellip;","og_url":"https:\/\/laserelectronique.com\/?product=systeme-de-cameras-moniteur-4692","og_site_name":"LASER ELECTRONIQUE TP","article_modified_time":"2022-07-27T09:37:12+00:00","og_image":[{"width":431,"height":431,"url":"https:\/\/laserelectronique.com\/wp-content\/uploads\/2018\/01\/kit4692.png","type":"image\/png"}],"twitter_card":"summary_large_image","twitter_misc":{"Dur\u00e9e de lecture estim\u00e9e":"1 minute"},"schema":{"@context":"https:\/\/schema.org","@graph":[{"@type":"WebPage","@id":"https:\/\/laserelectronique.com\/?product=systeme-de-cameras-moniteur-4692","url":"https:\/\/laserelectronique.com\/?product=systeme-de-cameras-moniteur-4692","name":"Syst\u00e8me de cam\u00e9ra-moniteur BRIGADE 4692 - LASER ELECTRONIQUE TP","isPartOf":{"@id":"https:\/\/laserelectronique.com\/#website"},"primaryImageOfPage":{"@id":"https:\/\/laserelectronique.com\/?product=systeme-de-cameras-moniteur-4692#primaryimage"},"image":{"@id":"https:\/\/laserelectronique.com\/?product=systeme-de-cameras-moniteur-4692#primaryimage"},"thumbnailUrl":"https:\/\/laserelectronique.com\/wp-content\/uploads\/2018\/01\/kit4692.png","datePublished":"2018-01-26T11:24:06+00:00","dateModified":"2022-07-27T09:37:12+00:00","breadcrumb":{"@id":"https:\/\/laserelectronique.com\/?product=systeme-de-cameras-moniteur-4692#breadcrumb"},"inLanguage":"fr-FR","potentialAction":[{"@type":"ReadAction","target":["https:\/\/laserelectronique.com\/?product=systeme-de-cameras-moniteur-4692"]}]},{"@type":"ImageObject","inLanguage":"fr-FR","@id":"https:\/\/laserelectronique.com\/?product=systeme-de-cameras-moniteur-4692#primaryimage","url":"https:\/\/laserelectronique.com\/wp-content\/uploads\/2018\/01\/kit4692.png","contentUrl":"https:\/\/laserelectronique.com\/wp-content\/uploads\/2018\/01\/kit4692.png","width":431,"height":431},{"@type":"BreadcrumbList","@id":"https:\/\/laserelectronique.com\/?product=systeme-de-cameras-moniteur-4692#breadcrumb","itemListElement":[{"@type":"ListItem","position":1,"name":"Accueil","item":"https:\/\/laserelectronique.com\/"},{"@type":"ListItem","position":2,"name":"Boutique","item":"https:\/\/laserelectronique.com\/?page_id=7"},{"@type":"ListItem","position":3,"name":"Syst\u00e8me de cam\u00e9ra-moniteur BRIGADE 4692"}]},{"@type":"WebSite","@id":"https:\/\/laserelectronique.com\/#website","url":"https:\/\/laserelectronique.com\/","name":"LASER ELECTRONIQUE TP","description":"VOTRE PARTENAIRE EN GUIDAGE D&#039;ENGINS, TOPOGRAPHIE ET SERVICES","potentialAction":[{"@type":"SearchAction","target":{"@type":"EntryPoint","urlTemplate":"https:\/\/laserelectronique.com\/?s={search_term_string}"},"query-input":{"@type":"PropertyValueSpecification","valueRequired":true,"valueName":"search_term_string"}}],"inLanguage":"fr-FR"}]}},"_links":{"self":[{"href":"https:\/\/laserelectronique.com\/index.php?rest_route=\/wp\/v2\/product\/1779","targetHints":{"allow":["GET"]}}],"collection":[{"href":"https:\/\/laserelectronique.com\/index.php?rest_route=\/wp\/v2\/product"}],"about":[{"href":"https:\/\/laserelectronique.com\/index.php?rest_route=\/wp\/v2\/types\/product"}],"replies":[{"embeddable":true,"href":"https:\/\/laserelectronique.com\/index.php?rest_route=%2Fwp%2Fv2%2Fcomments&post=1779"}],"wp:featuredmedia":[{"embeddable":true,"href":"https:\/\/laserelectronique.com\/index.php?rest_route=\/wp\/v2\/media\/1774"}],"wp:attachment":[{"href":"https:\/\/laserelectronique.com\/index.php?rest_route=%2Fwp%2Fv2%2Fmedia&parent=1779"}],"wp:term":[{"taxonomy":"product_cat","embeddable":true,"href":"https:\/\/laserelectronique.com\/index.php?rest_route=%2Fwp%2Fv2%2Fproduct_cat&post=1779"},{"taxonomy":"product_tag","embeddable":true,"href":"https:\/\/laserelectronique.com\/index.php?rest_route=%2Fwp%2Fv2%2Fproduct_tag&post=1779"}],"curies":[{"name":"wp","href":"https:\/\/api.w.org\/{rel}","templated":true}]}}