{"id":1706,"date":"2018-01-05T14:53:29","date_gmt":"2018-01-05T13:53:29","guid":{"rendered":"http:\/\/laserins.fr\/?post_type=product&#038;p=1706"},"modified":"2022-07-30T15:10:25","modified_gmt":"2022-07-30T13:10:25","slug":"pompe-transfert-dhuile-24v","status":"publish","type":"product","link":"https:\/\/laserelectronique.com\/?product=pompe-transfert-dhuile-24v","title":{"rendered":"Pompe transfert d&rsquo;huile 24V"},"content":{"rendered":"<p><strong>Pompe de transfert \u00e0 palettes<\/strong><\/p>\n<p><strong>Gasoil et huiles l\u00e9g\u00e8res<\/strong><\/p>\n<p><strong>24V &#8211; R\u00e9f\u00e9rence : P45710-24V<\/strong><\/p>\n<p>&nbsp;<\/p>\n<h3>Document produit:<\/h3>\n<ul>\n<li><a href=\"http:\/\/laserins.fr\/wp-content\/uploads\/2017\/03\/17-DOC-TRANSFERT-12-24-V.pdf\">Doc pompes 12-24v<\/a><\/li>\n<\/ul>\n<p><span style=\"color: #000000;\"><strong>\u00a0<\/strong><\/span><\/p>\n","protected":false},"excerpt":{"rendered":"<p>Pompe de transfert \u00e0 palettes Gasoil et huiles l\u00e9g\u00e8res 24V &#8211; R\u00e9f\u00e9rence : P45710-24V &nbsp; Document produit: Doc pompes 12-24v \u00a0<\/p>\n","protected":false},"featured_media":231,"comment_status":"closed","ping_status":"closed","template":"","meta":[],"product_cat":[21],"product_tag":[],"class_list":{"0":"post-1706","1":"product","2":"type-product","3":"status-publish","4":"has-post-thumbnail","6":"product_cat-transfert-12v24v","7":"","9":"first","10":"instock","11":"taxable","12":"shipping-taxable","13":"product-type-simple"},"yoast_head":"<!-- This site is optimized with the Yoast SEO plugin v24.7 - https:\/\/yoast.com\/wordpress\/plugins\/seo\/ -->\n<title>Pompe transfert d&#039;huile 24V - LASER ELECTRONIQUE TP<\/title>\n<meta name=\"robots\" content=\"index, follow, max-snippet:-1, max-image-preview:large, max-video-preview:-1\" \/>\n<link rel=\"canonical\" href=\"https:\/\/laserelectronique.com\/?product=pompe-transfert-dhuile-24v\" \/>\n<meta property=\"og:locale\" content=\"fr_FR\" \/>\n<meta property=\"og:type\" content=\"article\" \/>\n<meta property=\"og:title\" content=\"Pompe transfert d&#039;huile 24V - LASER ELECTRONIQUE TP\" \/>\n<meta property=\"og:description\" content=\"Pompe de transfert \u00e0 palettes Gasoil et huiles l\u00e9g\u00e8res 24V &#8211; R\u00e9f\u00e9rence : P45710-24V &nbsp; Document produit: Doc pompes 12-24v \u00a0\" \/>\n<meta property=\"og:url\" content=\"https:\/\/laserelectronique.com\/?product=pompe-transfert-dhuile-24v\" \/>\n<meta property=\"og:site_name\" content=\"LASER ELECTRONIQUE TP\" \/>\n<meta property=\"article:modified_time\" content=\"2022-07-30T13:10:25+00:00\" \/>\n<meta property=\"og:image\" content=\"https:\/\/laserelectronique.com\/wp-content\/uploads\/2017\/03\/45710-S.jpg\" \/>\n\t<meta property=\"og:image:width\" content=\"1600\" \/>\n\t<meta property=\"og:image:height\" content=\"1098\" \/>\n\t<meta property=\"og:image:type\" content=\"image\/jpeg\" \/>\n<meta name=\"twitter:card\" content=\"summary_large_image\" \/>\n<script type=\"application\/ld+json\" class=\"yoast-schema-graph\">{\"@context\":\"https:\/\/schema.org\",\"@graph\":[{\"@type\":\"WebPage\",\"@id\":\"https:\/\/laserelectronique.com\/?product=pompe-transfert-dhuile-24v\",\"url\":\"https:\/\/laserelectronique.com\/?product=pompe-transfert-dhuile-24v\",\"name\":\"Pompe transfert d'huile 24V - LASER ELECTRONIQUE TP\",\"isPartOf\":{\"@id\":\"https:\/\/laserelectronique.com\/#website\"},\"primaryImageOfPage\":{\"@id\":\"https:\/\/laserelectronique.com\/?product=pompe-transfert-dhuile-24v#primaryimage\"},\"image\":{\"@id\":\"https:\/\/laserelectronique.com\/?product=pompe-transfert-dhuile-24v#primaryimage\"},\"thumbnailUrl\":\"https:\/\/laserelectronique.com\/wp-content\/uploads\/2017\/03\/45710-S.jpg\",\"datePublished\":\"2018-01-05T13:53:29+00:00\",\"dateModified\":\"2022-07-30T13:10:25+00:00\",\"breadcrumb\":{\"@id\":\"https:\/\/laserelectronique.com\/?product=pompe-transfert-dhuile-24v#breadcrumb\"},\"inLanguage\":\"fr-FR\",\"potentialAction\":[{\"@type\":\"ReadAction\",\"target\":[\"https:\/\/laserelectronique.com\/?product=pompe-transfert-dhuile-24v\"]}]},{\"@type\":\"ImageObject\",\"inLanguage\":\"fr-FR\",\"@id\":\"https:\/\/laserelectronique.com\/?product=pompe-transfert-dhuile-24v#primaryimage\",\"url\":\"https:\/\/laserelectronique.com\/wp-content\/uploads\/2017\/03\/45710-S.jpg\",\"contentUrl\":\"https:\/\/laserelectronique.com\/wp-content\/uploads\/2017\/03\/45710-S.jpg\",\"width\":1600,\"height\":1098},{\"@type\":\"BreadcrumbList\",\"@id\":\"https:\/\/laserelectronique.com\/?product=pompe-transfert-dhuile-24v#breadcrumb\",\"itemListElement\":[{\"@type\":\"ListItem\",\"position\":1,\"name\":\"Accueil\",\"item\":\"https:\/\/laserelectronique.com\/\"},{\"@type\":\"ListItem\",\"position\":2,\"name\":\"Boutique\",\"item\":\"https:\/\/laserelectronique.com\/?page_id=7\"},{\"@type\":\"ListItem\",\"position\":3,\"name\":\"Pompe transfert d&rsquo;huile 24V\"}]},{\"@type\":\"WebSite\",\"@id\":\"https:\/\/laserelectronique.com\/#website\",\"url\":\"https:\/\/laserelectronique.com\/\",\"name\":\"LASER ELECTRONIQUE TP\",\"description\":\"VOTRE PARTENAIRE EN GUIDAGE D&#039;ENGINS, TOPOGRAPHIE ET SERVICES\",\"potentialAction\":[{\"@type\":\"SearchAction\",\"target\":{\"@type\":\"EntryPoint\",\"urlTemplate\":\"https:\/\/laserelectronique.com\/?s={search_term_string}\"},\"query-input\":{\"@type\":\"PropertyValueSpecification\",\"valueRequired\":true,\"valueName\":\"search_term_string\"}}],\"inLanguage\":\"fr-FR\"}]}<\/script>\n<!-- \/ Yoast SEO plugin. -->","yoast_head_json":{"title":"Pompe transfert d'huile 24V - LASER ELECTRONIQUE TP","robots":{"index":"index","follow":"follow","max-snippet":"max-snippet:-1","max-image-preview":"max-image-preview:large","max-video-preview":"max-video-preview:-1"},"canonical":"https:\/\/laserelectronique.com\/?product=pompe-transfert-dhuile-24v","og_locale":"fr_FR","og_type":"article","og_title":"Pompe transfert d'huile 24V - LASER ELECTRONIQUE TP","og_description":"Pompe de transfert \u00e0 palettes Gasoil et huiles l\u00e9g\u00e8res 24V &#8211; R\u00e9f\u00e9rence : P45710-24V &nbsp; Document produit: Doc pompes 12-24v \u00a0","og_url":"https:\/\/laserelectronique.com\/?product=pompe-transfert-dhuile-24v","og_site_name":"LASER ELECTRONIQUE TP","article_modified_time":"2022-07-30T13:10:25+00:00","og_image":[{"width":1600,"height":1098,"url":"https:\/\/laserelectronique.com\/wp-content\/uploads\/2017\/03\/45710-S.jpg","type":"image\/jpeg"}],"twitter_card":"summary_large_image","schema":{"@context":"https:\/\/schema.org","@graph":[{"@type":"WebPage","@id":"https:\/\/laserelectronique.com\/?product=pompe-transfert-dhuile-24v","url":"https:\/\/laserelectronique.com\/?product=pompe-transfert-dhuile-24v","name":"Pompe transfert d'huile 24V - LASER ELECTRONIQUE TP","isPartOf":{"@id":"https:\/\/laserelectronique.com\/#website"},"primaryImageOfPage":{"@id":"https:\/\/laserelectronique.com\/?product=pompe-transfert-dhuile-24v#primaryimage"},"image":{"@id":"https:\/\/laserelectronique.com\/?product=pompe-transfert-dhuile-24v#primaryimage"},"thumbnailUrl":"https:\/\/laserelectronique.com\/wp-content\/uploads\/2017\/03\/45710-S.jpg","datePublished":"2018-01-05T13:53:29+00:00","dateModified":"2022-07-30T13:10:25+00:00","breadcrumb":{"@id":"https:\/\/laserelectronique.com\/?product=pompe-transfert-dhuile-24v#breadcrumb"},"inLanguage":"fr-FR","potentialAction":[{"@type":"ReadAction","target":["https:\/\/laserelectronique.com\/?product=pompe-transfert-dhuile-24v"]}]},{"@type":"ImageObject","inLanguage":"fr-FR","@id":"https:\/\/laserelectronique.com\/?product=pompe-transfert-dhuile-24v#primaryimage","url":"https:\/\/laserelectronique.com\/wp-content\/uploads\/2017\/03\/45710-S.jpg","contentUrl":"https:\/\/laserelectronique.com\/wp-content\/uploads\/2017\/03\/45710-S.jpg","width":1600,"height":1098},{"@type":"BreadcrumbList","@id":"https:\/\/laserelectronique.com\/?product=pompe-transfert-dhuile-24v#breadcrumb","itemListElement":[{"@type":"ListItem","position":1,"name":"Accueil","item":"https:\/\/laserelectronique.com\/"},{"@type":"ListItem","position":2,"name":"Boutique","item":"https:\/\/laserelectronique.com\/?page_id=7"},{"@type":"ListItem","position":3,"name":"Pompe transfert d&rsquo;huile 24V"}]},{"@type":"WebSite","@id":"https:\/\/laserelectronique.com\/#website","url":"https:\/\/laserelectronique.com\/","name":"LASER ELECTRONIQUE TP","description":"VOTRE PARTENAIRE EN GUIDAGE D&#039;ENGINS, TOPOGRAPHIE ET SERVICES","potentialAction":[{"@type":"SearchAction","target":{"@type":"EntryPoint","urlTemplate":"https:\/\/laserelectronique.com\/?s={search_term_string}"},"query-input":{"@type":"PropertyValueSpecification","valueRequired":true,"valueName":"search_term_string"}}],"inLanguage":"fr-FR"}]}},"_links":{"self":[{"href":"https:\/\/laserelectronique.com\/index.php?rest_route=\/wp\/v2\/product\/1706","targetHints":{"allow":["GET"]}}],"collection":[{"href":"https:\/\/laserelectronique.com\/index.php?rest_route=\/wp\/v2\/product"}],"about":[{"href":"https:\/\/laserelectronique.com\/index.php?rest_route=\/wp\/v2\/types\/product"}],"replies":[{"embeddable":true,"href":"https:\/\/laserelectronique.com\/index.php?rest_route=%2Fwp%2Fv2%2Fcomments&post=1706"}],"wp:featuredmedia":[{"embeddable":true,"href":"https:\/\/laserelectronique.com\/index.php?rest_route=\/wp\/v2\/media\/231"}],"wp:attachment":[{"href":"https:\/\/laserelectronique.com\/index.php?rest_route=%2Fwp%2Fv2%2Fmedia&parent=1706"}],"wp:term":[{"taxonomy":"product_cat","embeddable":true,"href":"https:\/\/laserelectronique.com\/index.php?rest_route=%2Fwp%2Fv2%2Fproduct_cat&post=1706"},{"taxonomy":"product_tag","embeddable":true,"href":"https:\/\/laserelectronique.com\/index.php?rest_route=%2Fwp%2Fv2%2Fproduct_tag&post=1706"}],"curies":[{"name":"wp","href":"https:\/\/api.w.org\/{rel}","templated":true}]}}