{"id":1321,"date":"2017-12-13T19:57:46","date_gmt":"2017-12-13T18:57:46","guid":{"rendered":"http:\/\/laserins.fr\/?post_type=product&#038;p=1321"},"modified":"2020-11-18T15:38:00","modified_gmt":"2020-11-18T14:38:00","slug":"alarme-de-recul-pour-engin-tp-backchat","status":"publish","type":"product","link":"https:\/\/laserelectronique.com\/?product=alarme-de-recul-pour-engin-tp-backchat","title":{"rendered":"Alarme vocale pour engin tp BRIGADE BackChat"},"content":{"rendered":"<h2>Alarmes vocales Backchat<\/h2>\n<p>Les alarmes 12-24V vocales Backchat reproduisent la parole avec une qualit\u00e9 et une clart\u00e9 sans \u00e9gal. Les alarmes Backchat ont un message standard d\u2019avertissement de marche arri\u00e8re, de frein \u00e0 main, ou peuvent m\u00eame servir d\u2019alarme en cas d\u2019attaque. Messages personnalis\u00e9s simples ou doubles ainsi qu\u2019en option, coupure int\u00e9gr\u00e9e de l\u2019alarme la nuit utilisable avec les alarmes parlantes Nightshift.<\/p>\n<ul>\n<li>Messages clairement prononc\u00e9s<\/li>\n<li>Avertissements pour alarmes de recul, de frein \u00e0 main<\/li>\n<li>Messages personnalis\u00e9s<\/li>\n<li>Coupure du son la nuit<\/li>\n<\/ul>\n<p><strong>Garantie 2 ans<\/strong><\/p>\n<h3><strong>Document produit<\/strong>:<\/h3>\n<ul>\n<li><a href=\"http:\/\/laserins.fr\/wp-content\/uploads\/2017\/12\/brigade-Alarmes-de-recul-catalogue-FR.pdf\">brigade Alarmes-de-recul catalogue-FR<\/a><\/li>\n<li><a href=\"http:\/\/laserins.fr\/wp-content\/uploads\/2018\/02\/installation-backalarm.pdf\">installation backalarm<\/a><\/li>\n<li><a href=\"http:\/\/laserins.fr\/wp-content\/uploads\/2018\/03\/brigade-BG-ENGIN-TP-LOURD-laserins.pdf\">brigade-BG-ENGIN-TP-LOURD laserins<\/a><\/li>\n<li><a href=\"http:\/\/laserins.fr\/wp-content\/uploads\/2018\/04\/DOCSECURITEEMBARQUEEBRIGADE.pdf\">DOCSECURITEEMBARQUEEBRIGADE<\/a><\/li>\n<\/ul>\n<p>&nbsp;<\/p>\n","protected":false},"excerpt":{"rendered":"<p>Alarmes vocales Backchat Les alarmes 12-24V vocales Backchat reproduisent la parole avec une qualit\u00e9 et une clart\u00e9 sans \u00e9gal. Les alarmes Backchat ont un message standard d\u2019avertissement de marche arri\u00e8re,&hellip;<\/p>\n","protected":false},"featured_media":1316,"comment_status":"closed","ping_status":"closed","template":"","meta":[],"product_cat":[57],"product_tag":[],"class_list":{"0":"post-1321","1":"product","2":"type-product","3":"status-publish","4":"has-post-thumbnail","6":"product_cat-securite-et-mesures","7":"","9":"first","10":"instock","11":"taxable","12":"shipping-taxable","13":"product-type-simple"},"yoast_head":"<!-- This site is optimized with the Yoast SEO plugin v24.7 - https:\/\/yoast.com\/wordpress\/plugins\/seo\/ -->\n<title>Alarme vocale pour engin tp BRIGADE BackChat - LASER ELECTRONIQUE TP<\/title>\n<meta name=\"robots\" content=\"index, follow, max-snippet:-1, max-image-preview:large, max-video-preview:-1\" \/>\n<link rel=\"canonical\" href=\"https:\/\/laserelectronique.com\/?product=alarme-de-recul-pour-engin-tp-backchat\" \/>\n<meta property=\"og:locale\" content=\"fr_FR\" \/>\n<meta property=\"og:type\" content=\"article\" \/>\n<meta property=\"og:title\" content=\"Alarme vocale pour engin tp BRIGADE BackChat - LASER ELECTRONIQUE TP\" \/>\n<meta property=\"og:description\" content=\"Alarmes vocales Backchat Les alarmes 12-24V vocales Backchat reproduisent la parole avec une qualit\u00e9 et une clart\u00e9 sans \u00e9gal. Les alarmes Backchat ont un message standard d\u2019avertissement de marche arri\u00e8re,&hellip;\" \/>\n<meta property=\"og:url\" content=\"https:\/\/laserelectronique.com\/?product=alarme-de-recul-pour-engin-tp-backchat\" \/>\n<meta property=\"og:site_name\" content=\"LASER ELECTRONIQUE TP\" \/>\n<meta property=\"article:modified_time\" content=\"2020-11-18T14:38:00+00:00\" \/>\n<meta property=\"og:image\" content=\"https:\/\/laserelectronique.com\/wp-content\/uploads\/2017\/12\/backchat-alarm-e1495208693214.jpg\" \/>\n\t<meta property=\"og:image:width\" content=\"550\" \/>\n\t<meta property=\"og:image:height\" content=\"550\" \/>\n\t<meta property=\"og:image:type\" content=\"image\/jpeg\" \/>\n<meta name=\"twitter:card\" content=\"summary_large_image\" \/>\n<meta name=\"twitter:label1\" content=\"Dur\u00e9e de lecture estim\u00e9e\" \/>\n\t<meta name=\"twitter:data1\" content=\"1 minute\" \/>\n<script type=\"application\/ld+json\" class=\"yoast-schema-graph\">{\"@context\":\"https:\/\/schema.org\",\"@graph\":[{\"@type\":\"WebPage\",\"@id\":\"https:\/\/laserelectronique.com\/?product=alarme-de-recul-pour-engin-tp-backchat\",\"url\":\"https:\/\/laserelectronique.com\/?product=alarme-de-recul-pour-engin-tp-backchat\",\"name\":\"Alarme vocale pour engin tp BRIGADE BackChat - LASER ELECTRONIQUE TP\",\"isPartOf\":{\"@id\":\"https:\/\/laserelectronique.com\/#website\"},\"primaryImageOfPage\":{\"@id\":\"https:\/\/laserelectronique.com\/?product=alarme-de-recul-pour-engin-tp-backchat#primaryimage\"},\"image\":{\"@id\":\"https:\/\/laserelectronique.com\/?product=alarme-de-recul-pour-engin-tp-backchat#primaryimage\"},\"thumbnailUrl\":\"https:\/\/laserelectronique.com\/wp-content\/uploads\/2017\/12\/backchat-alarm-e1495208693214.jpg\",\"datePublished\":\"2017-12-13T18:57:46+00:00\",\"dateModified\":\"2020-11-18T14:38:00+00:00\",\"breadcrumb\":{\"@id\":\"https:\/\/laserelectronique.com\/?product=alarme-de-recul-pour-engin-tp-backchat#breadcrumb\"},\"inLanguage\":\"fr-FR\",\"potentialAction\":[{\"@type\":\"ReadAction\",\"target\":[\"https:\/\/laserelectronique.com\/?product=alarme-de-recul-pour-engin-tp-backchat\"]}]},{\"@type\":\"ImageObject\",\"inLanguage\":\"fr-FR\",\"@id\":\"https:\/\/laserelectronique.com\/?product=alarme-de-recul-pour-engin-tp-backchat#primaryimage\",\"url\":\"https:\/\/laserelectronique.com\/wp-content\/uploads\/2017\/12\/backchat-alarm-e1495208693214.jpg\",\"contentUrl\":\"https:\/\/laserelectronique.com\/wp-content\/uploads\/2017\/12\/backchat-alarm-e1495208693214.jpg\",\"width\":550,\"height\":550},{\"@type\":\"BreadcrumbList\",\"@id\":\"https:\/\/laserelectronique.com\/?product=alarme-de-recul-pour-engin-tp-backchat#breadcrumb\",\"itemListElement\":[{\"@type\":\"ListItem\",\"position\":1,\"name\":\"Accueil\",\"item\":\"https:\/\/laserelectronique.com\/\"},{\"@type\":\"ListItem\",\"position\":2,\"name\":\"Boutique\",\"item\":\"https:\/\/laserelectronique.com\/?page_id=7\"},{\"@type\":\"ListItem\",\"position\":3,\"name\":\"Alarme vocale pour engin tp BRIGADE BackChat\"}]},{\"@type\":\"WebSite\",\"@id\":\"https:\/\/laserelectronique.com\/#website\",\"url\":\"https:\/\/laserelectronique.com\/\",\"name\":\"LASER ELECTRONIQUE TP\",\"description\":\"VOTRE PARTENAIRE EN GUIDAGE D&#039;ENGINS, TOPOGRAPHIE ET SERVICES\",\"potentialAction\":[{\"@type\":\"SearchAction\",\"target\":{\"@type\":\"EntryPoint\",\"urlTemplate\":\"https:\/\/laserelectronique.com\/?s={search_term_string}\"},\"query-input\":{\"@type\":\"PropertyValueSpecification\",\"valueRequired\":true,\"valueName\":\"search_term_string\"}}],\"inLanguage\":\"fr-FR\"}]}<\/script>\n<!-- \/ Yoast SEO plugin. -->","yoast_head_json":{"title":"Alarme vocale pour engin tp BRIGADE BackChat - LASER ELECTRONIQUE TP","robots":{"index":"index","follow":"follow","max-snippet":"max-snippet:-1","max-image-preview":"max-image-preview:large","max-video-preview":"max-video-preview:-1"},"canonical":"https:\/\/laserelectronique.com\/?product=alarme-de-recul-pour-engin-tp-backchat","og_locale":"fr_FR","og_type":"article","og_title":"Alarme vocale pour engin tp BRIGADE BackChat - LASER ELECTRONIQUE TP","og_description":"Alarmes vocales Backchat Les alarmes 12-24V vocales Backchat reproduisent la parole avec une qualit\u00e9 et une clart\u00e9 sans \u00e9gal. Les alarmes Backchat ont un message standard d\u2019avertissement de marche arri\u00e8re,&hellip;","og_url":"https:\/\/laserelectronique.com\/?product=alarme-de-recul-pour-engin-tp-backchat","og_site_name":"LASER ELECTRONIQUE TP","article_modified_time":"2020-11-18T14:38:00+00:00","og_image":[{"width":550,"height":550,"url":"https:\/\/laserelectronique.com\/wp-content\/uploads\/2017\/12\/backchat-alarm-e1495208693214.jpg","type":"image\/jpeg"}],"twitter_card":"summary_large_image","twitter_misc":{"Dur\u00e9e de lecture estim\u00e9e":"1 minute"},"schema":{"@context":"https:\/\/schema.org","@graph":[{"@type":"WebPage","@id":"https:\/\/laserelectronique.com\/?product=alarme-de-recul-pour-engin-tp-backchat","url":"https:\/\/laserelectronique.com\/?product=alarme-de-recul-pour-engin-tp-backchat","name":"Alarme vocale pour engin tp BRIGADE BackChat - LASER ELECTRONIQUE TP","isPartOf":{"@id":"https:\/\/laserelectronique.com\/#website"},"primaryImageOfPage":{"@id":"https:\/\/laserelectronique.com\/?product=alarme-de-recul-pour-engin-tp-backchat#primaryimage"},"image":{"@id":"https:\/\/laserelectronique.com\/?product=alarme-de-recul-pour-engin-tp-backchat#primaryimage"},"thumbnailUrl":"https:\/\/laserelectronique.com\/wp-content\/uploads\/2017\/12\/backchat-alarm-e1495208693214.jpg","datePublished":"2017-12-13T18:57:46+00:00","dateModified":"2020-11-18T14:38:00+00:00","breadcrumb":{"@id":"https:\/\/laserelectronique.com\/?product=alarme-de-recul-pour-engin-tp-backchat#breadcrumb"},"inLanguage":"fr-FR","potentialAction":[{"@type":"ReadAction","target":["https:\/\/laserelectronique.com\/?product=alarme-de-recul-pour-engin-tp-backchat"]}]},{"@type":"ImageObject","inLanguage":"fr-FR","@id":"https:\/\/laserelectronique.com\/?product=alarme-de-recul-pour-engin-tp-backchat#primaryimage","url":"https:\/\/laserelectronique.com\/wp-content\/uploads\/2017\/12\/backchat-alarm-e1495208693214.jpg","contentUrl":"https:\/\/laserelectronique.com\/wp-content\/uploads\/2017\/12\/backchat-alarm-e1495208693214.jpg","width":550,"height":550},{"@type":"BreadcrumbList","@id":"https:\/\/laserelectronique.com\/?product=alarme-de-recul-pour-engin-tp-backchat#breadcrumb","itemListElement":[{"@type":"ListItem","position":1,"name":"Accueil","item":"https:\/\/laserelectronique.com\/"},{"@type":"ListItem","position":2,"name":"Boutique","item":"https:\/\/laserelectronique.com\/?page_id=7"},{"@type":"ListItem","position":3,"name":"Alarme vocale pour engin tp BRIGADE BackChat"}]},{"@type":"WebSite","@id":"https:\/\/laserelectronique.com\/#website","url":"https:\/\/laserelectronique.com\/","name":"LASER ELECTRONIQUE TP","description":"VOTRE PARTENAIRE EN GUIDAGE D&#039;ENGINS, TOPOGRAPHIE ET SERVICES","potentialAction":[{"@type":"SearchAction","target":{"@type":"EntryPoint","urlTemplate":"https:\/\/laserelectronique.com\/?s={search_term_string}"},"query-input":{"@type":"PropertyValueSpecification","valueRequired":true,"valueName":"search_term_string"}}],"inLanguage":"fr-FR"}]}},"_links":{"self":[{"href":"https:\/\/laserelectronique.com\/index.php?rest_route=\/wp\/v2\/product\/1321","targetHints":{"allow":["GET"]}}],"collection":[{"href":"https:\/\/laserelectronique.com\/index.php?rest_route=\/wp\/v2\/product"}],"about":[{"href":"https:\/\/laserelectronique.com\/index.php?rest_route=\/wp\/v2\/types\/product"}],"replies":[{"embeddable":true,"href":"https:\/\/laserelectronique.com\/index.php?rest_route=%2Fwp%2Fv2%2Fcomments&post=1321"}],"wp:featuredmedia":[{"embeddable":true,"href":"https:\/\/laserelectronique.com\/index.php?rest_route=\/wp\/v2\/media\/1316"}],"wp:attachment":[{"href":"https:\/\/laserelectronique.com\/index.php?rest_route=%2Fwp%2Fv2%2Fmedia&parent=1321"}],"wp:term":[{"taxonomy":"product_cat","embeddable":true,"href":"https:\/\/laserelectronique.com\/index.php?rest_route=%2Fwp%2Fv2%2Fproduct_cat&post=1321"},{"taxonomy":"product_tag","embeddable":true,"href":"https:\/\/laserelectronique.com\/index.php?rest_route=%2Fwp%2Fv2%2Fproduct_tag&post=1321"}],"curies":[{"name":"wp","href":"https:\/\/api.w.org\/{rel}","templated":true}]}}