{"id":1318,"date":"2017-12-13T15:09:25","date_gmt":"2017-12-13T14:09:25","guid":{"rendered":"http:\/\/laserins.fr\/?post_type=product&#038;p=1318"},"modified":"2022-07-27T12:02:18","modified_gmt":"2022-07-27T10:02:18","slug":"areme-de-recul-pour-engin-tp-sa-bbs","status":"publish","type":"product","link":"https:\/\/laserelectronique.com\/?product=areme-de-recul-pour-engin-tp-sa-bbs","title":{"rendered":"Alarme de recul 77-97db BRIGADE conditions moyennes"},"content":{"rendered":"<h2>SMART bbs-tek\u00ae<\/h2>\n<p><strong>Alarmes de recul 12-24V \u00e0 bruit blanc (cri du lynks) brevet\u00e9es (capteurs de recul) ne sont pas simplement les plus s\u00fbres au monde parce qu\u2019elles permettent de localiser imm\u00e9diatement d\u2019o\u00f9 vient le son, mais avec nos mod\u00e8les auto-r\u00e9glables, elles sont aussi les plus intelligentes du monde.<\/strong><\/p>\n<p><strong>Les alarmes de recul bbs-tek s\u2019ajustent constamment 5 \u00e0 10 d\u00e9cibels au dessus du bruit ambiant, et conviennent donc parfaitement dans un milieu sonore ambiant variable.<\/strong><\/p>\n<ul>\n<li><strong>S\u2019ajuste constamment 5 \u00e0 10 d\u00e9cibels au dessus du bruit ambiant<\/strong><\/li>\n<li><strong>De 77 \u00e0 97 d\u00e9cibels<\/strong><\/li>\n<li><strong>Id\u00e9ale dans des environnements \u00e0 niveau sonore variable<\/strong><\/li>\n<\/ul>\n<p><strong>Garantie \u00e0 vie<\/strong><\/p>\n<h3><strong>Document produit<\/strong>:<\/h3>\n<ul>\n<li><a href=\"http:\/\/laserins.fr\/wp-content\/uploads\/2017\/12\/brigade-Alarmes-de-recul-catalogue-FR.pdf\">brigade Alarmes-de-recul catalogue-FR<\/a><\/li>\n<li><a href=\"http:\/\/laserins.fr\/wp-content\/uploads\/2018\/04\/DOCSECURITEEMBARQUEEBRIGADE.pdf\">DOCSECURITEEMBARQUEEBRIGADE<\/a><\/li>\n<li><a href=\"http:\/\/laserins.fr\/wp-content\/uploads\/2018\/03\/brigade-BG-ENGIN-TP-LOURD-laserins.pdf\">brigade-BG-ENGIN-TP-LOURD laserins<\/a><\/li>\n<\/ul>\n<p><iframe loading=\"lazy\" width=\"840\" height=\"630\" src=\"https:\/\/www.youtube.com\/embed\/yUbAM6t-8ic?feature=oembed\" frameborder=\"0\" allow=\"autoplay; encrypted-media\" allowfullscreen><\/iframe><\/p>\n","protected":false},"excerpt":{"rendered":"<p>SMART bbs-tek\u00ae Alarmes de recul 12-24V \u00e0 bruit blanc (cri du lynks) brevet\u00e9es (capteurs de recul) ne sont pas simplement les plus s\u00fbres au monde parce qu\u2019elles permettent de localiser&hellip;<\/p>\n","protected":false},"featured_media":1315,"comment_status":"closed","ping_status":"closed","template":"","meta":[],"product_cat":[57],"product_tag":[],"class_list":{"0":"post-1318","1":"product","2":"type-product","3":"status-publish","4":"has-post-thumbnail","6":"product_cat-securite-et-mesures","7":"","9":"first","10":"instock","11":"taxable","12":"shipping-taxable","13":"product-type-simple"},"yoast_head":"<!-- This site is optimized with the Yoast SEO plugin v24.7 - https:\/\/yoast.com\/wordpress\/plugins\/seo\/ -->\n<title>Alarme de recul 77-97db BRIGADE conditions moyennes - LASER ELECTRONIQUE TP<\/title>\n<meta name=\"robots\" content=\"index, follow, max-snippet:-1, max-image-preview:large, max-video-preview:-1\" \/>\n<link rel=\"canonical\" href=\"https:\/\/laserelectronique.com\/?product=areme-de-recul-pour-engin-tp-sa-bbs\" \/>\n<meta property=\"og:locale\" content=\"fr_FR\" \/>\n<meta property=\"og:type\" content=\"article\" \/>\n<meta property=\"og:title\" content=\"Alarme de recul 77-97db BRIGADE conditions moyennes - LASER ELECTRONIQUE TP\" \/>\n<meta property=\"og:description\" content=\"SMART bbs-tek\u00ae Alarmes de recul 12-24V \u00e0 bruit blanc (cri du lynks) brevet\u00e9es (capteurs de recul) ne sont pas simplement les plus s\u00fbres au monde parce qu\u2019elles permettent de localiser&hellip;\" \/>\n<meta property=\"og:url\" content=\"https:\/\/laserelectronique.com\/?product=areme-de-recul-pour-engin-tp-sa-bbs\" \/>\n<meta property=\"og:site_name\" content=\"LASER ELECTRONIQUE TP\" \/>\n<meta property=\"article:modified_time\" content=\"2022-07-27T10:02:18+00:00\" \/>\n<meta property=\"og:image\" content=\"https:\/\/laserelectronique.com\/wp-content\/uploads\/2017\/12\/SA-BBS.png\" \/>\n\t<meta property=\"og:image:width\" content=\"550\" \/>\n\t<meta property=\"og:image:height\" content=\"550\" \/>\n\t<meta property=\"og:image:type\" content=\"image\/png\" \/>\n<meta name=\"twitter:card\" content=\"summary_large_image\" \/>\n<meta name=\"twitter:label1\" content=\"Dur\u00e9e de lecture estim\u00e9e\" \/>\n\t<meta name=\"twitter:data1\" content=\"1 minute\" \/>\n<script type=\"application\/ld+json\" class=\"yoast-schema-graph\">{\"@context\":\"https:\/\/schema.org\",\"@graph\":[{\"@type\":\"WebPage\",\"@id\":\"https:\/\/laserelectronique.com\/?product=areme-de-recul-pour-engin-tp-sa-bbs\",\"url\":\"https:\/\/laserelectronique.com\/?product=areme-de-recul-pour-engin-tp-sa-bbs\",\"name\":\"Alarme de recul 77-97db BRIGADE conditions moyennes - LASER ELECTRONIQUE TP\",\"isPartOf\":{\"@id\":\"https:\/\/laserelectronique.com\/#website\"},\"primaryImageOfPage\":{\"@id\":\"https:\/\/laserelectronique.com\/?product=areme-de-recul-pour-engin-tp-sa-bbs#primaryimage\"},\"image\":{\"@id\":\"https:\/\/laserelectronique.com\/?product=areme-de-recul-pour-engin-tp-sa-bbs#primaryimage\"},\"thumbnailUrl\":\"https:\/\/laserelectronique.com\/wp-content\/uploads\/2017\/12\/SA-BBS.png\",\"datePublished\":\"2017-12-13T14:09:25+00:00\",\"dateModified\":\"2022-07-27T10:02:18+00:00\",\"breadcrumb\":{\"@id\":\"https:\/\/laserelectronique.com\/?product=areme-de-recul-pour-engin-tp-sa-bbs#breadcrumb\"},\"inLanguage\":\"fr-FR\",\"potentialAction\":[{\"@type\":\"ReadAction\",\"target\":[\"https:\/\/laserelectronique.com\/?product=areme-de-recul-pour-engin-tp-sa-bbs\"]}]},{\"@type\":\"ImageObject\",\"inLanguage\":\"fr-FR\",\"@id\":\"https:\/\/laserelectronique.com\/?product=areme-de-recul-pour-engin-tp-sa-bbs#primaryimage\",\"url\":\"https:\/\/laserelectronique.com\/wp-content\/uploads\/2017\/12\/SA-BBS.png\",\"contentUrl\":\"https:\/\/laserelectronique.com\/wp-content\/uploads\/2017\/12\/SA-BBS.png\",\"width\":550,\"height\":550},{\"@type\":\"BreadcrumbList\",\"@id\":\"https:\/\/laserelectronique.com\/?product=areme-de-recul-pour-engin-tp-sa-bbs#breadcrumb\",\"itemListElement\":[{\"@type\":\"ListItem\",\"position\":1,\"name\":\"Accueil\",\"item\":\"https:\/\/laserelectronique.com\/\"},{\"@type\":\"ListItem\",\"position\":2,\"name\":\"Boutique\",\"item\":\"https:\/\/laserelectronique.com\/?page_id=7\"},{\"@type\":\"ListItem\",\"position\":3,\"name\":\"Alarme de recul 77-97db BRIGADE conditions moyennes\"}]},{\"@type\":\"WebSite\",\"@id\":\"https:\/\/laserelectronique.com\/#website\",\"url\":\"https:\/\/laserelectronique.com\/\",\"name\":\"LASER ELECTRONIQUE TP\",\"description\":\"VOTRE PARTENAIRE EN GUIDAGE D&#039;ENGINS, TOPOGRAPHIE ET SERVICES\",\"potentialAction\":[{\"@type\":\"SearchAction\",\"target\":{\"@type\":\"EntryPoint\",\"urlTemplate\":\"https:\/\/laserelectronique.com\/?s={search_term_string}\"},\"query-input\":{\"@type\":\"PropertyValueSpecification\",\"valueRequired\":true,\"valueName\":\"search_term_string\"}}],\"inLanguage\":\"fr-FR\"}]}<\/script>\n<!-- \/ Yoast SEO plugin. -->","yoast_head_json":{"title":"Alarme de recul 77-97db BRIGADE conditions moyennes - LASER ELECTRONIQUE TP","robots":{"index":"index","follow":"follow","max-snippet":"max-snippet:-1","max-image-preview":"max-image-preview:large","max-video-preview":"max-video-preview:-1"},"canonical":"https:\/\/laserelectronique.com\/?product=areme-de-recul-pour-engin-tp-sa-bbs","og_locale":"fr_FR","og_type":"article","og_title":"Alarme de recul 77-97db BRIGADE conditions moyennes - LASER ELECTRONIQUE TP","og_description":"SMART bbs-tek\u00ae Alarmes de recul 12-24V \u00e0 bruit blanc (cri du lynks) brevet\u00e9es (capteurs de recul) ne sont pas simplement les plus s\u00fbres au monde parce qu\u2019elles permettent de localiser&hellip;","og_url":"https:\/\/laserelectronique.com\/?product=areme-de-recul-pour-engin-tp-sa-bbs","og_site_name":"LASER ELECTRONIQUE TP","article_modified_time":"2022-07-27T10:02:18+00:00","og_image":[{"width":550,"height":550,"url":"https:\/\/laserelectronique.com\/wp-content\/uploads\/2017\/12\/SA-BBS.png","type":"image\/png"}],"twitter_card":"summary_large_image","twitter_misc":{"Dur\u00e9e de lecture estim\u00e9e":"1 minute"},"schema":{"@context":"https:\/\/schema.org","@graph":[{"@type":"WebPage","@id":"https:\/\/laserelectronique.com\/?product=areme-de-recul-pour-engin-tp-sa-bbs","url":"https:\/\/laserelectronique.com\/?product=areme-de-recul-pour-engin-tp-sa-bbs","name":"Alarme de recul 77-97db BRIGADE conditions moyennes - LASER ELECTRONIQUE TP","isPartOf":{"@id":"https:\/\/laserelectronique.com\/#website"},"primaryImageOfPage":{"@id":"https:\/\/laserelectronique.com\/?product=areme-de-recul-pour-engin-tp-sa-bbs#primaryimage"},"image":{"@id":"https:\/\/laserelectronique.com\/?product=areme-de-recul-pour-engin-tp-sa-bbs#primaryimage"},"thumbnailUrl":"https:\/\/laserelectronique.com\/wp-content\/uploads\/2017\/12\/SA-BBS.png","datePublished":"2017-12-13T14:09:25+00:00","dateModified":"2022-07-27T10:02:18+00:00","breadcrumb":{"@id":"https:\/\/laserelectronique.com\/?product=areme-de-recul-pour-engin-tp-sa-bbs#breadcrumb"},"inLanguage":"fr-FR","potentialAction":[{"@type":"ReadAction","target":["https:\/\/laserelectronique.com\/?product=areme-de-recul-pour-engin-tp-sa-bbs"]}]},{"@type":"ImageObject","inLanguage":"fr-FR","@id":"https:\/\/laserelectronique.com\/?product=areme-de-recul-pour-engin-tp-sa-bbs#primaryimage","url":"https:\/\/laserelectronique.com\/wp-content\/uploads\/2017\/12\/SA-BBS.png","contentUrl":"https:\/\/laserelectronique.com\/wp-content\/uploads\/2017\/12\/SA-BBS.png","width":550,"height":550},{"@type":"BreadcrumbList","@id":"https:\/\/laserelectronique.com\/?product=areme-de-recul-pour-engin-tp-sa-bbs#breadcrumb","itemListElement":[{"@type":"ListItem","position":1,"name":"Accueil","item":"https:\/\/laserelectronique.com\/"},{"@type":"ListItem","position":2,"name":"Boutique","item":"https:\/\/laserelectronique.com\/?page_id=7"},{"@type":"ListItem","position":3,"name":"Alarme de recul 77-97db BRIGADE conditions moyennes"}]},{"@type":"WebSite","@id":"https:\/\/laserelectronique.com\/#website","url":"https:\/\/laserelectronique.com\/","name":"LASER ELECTRONIQUE TP","description":"VOTRE PARTENAIRE EN GUIDAGE D&#039;ENGINS, TOPOGRAPHIE ET SERVICES","potentialAction":[{"@type":"SearchAction","target":{"@type":"EntryPoint","urlTemplate":"https:\/\/laserelectronique.com\/?s={search_term_string}"},"query-input":{"@type":"PropertyValueSpecification","valueRequired":true,"valueName":"search_term_string"}}],"inLanguage":"fr-FR"}]}},"_links":{"self":[{"href":"https:\/\/laserelectronique.com\/index.php?rest_route=\/wp\/v2\/product\/1318","targetHints":{"allow":["GET"]}}],"collection":[{"href":"https:\/\/laserelectronique.com\/index.php?rest_route=\/wp\/v2\/product"}],"about":[{"href":"https:\/\/laserelectronique.com\/index.php?rest_route=\/wp\/v2\/types\/product"}],"replies":[{"embeddable":true,"href":"https:\/\/laserelectronique.com\/index.php?rest_route=%2Fwp%2Fv2%2Fcomments&post=1318"}],"wp:featuredmedia":[{"embeddable":true,"href":"https:\/\/laserelectronique.com\/index.php?rest_route=\/wp\/v2\/media\/1315"}],"wp:attachment":[{"href":"https:\/\/laserelectronique.com\/index.php?rest_route=%2Fwp%2Fv2%2Fmedia&parent=1318"}],"wp:term":[{"taxonomy":"product_cat","embeddable":true,"href":"https:\/\/laserelectronique.com\/index.php?rest_route=%2Fwp%2Fv2%2Fproduct_cat&post=1318"},{"taxonomy":"product_tag","embeddable":true,"href":"https:\/\/laserelectronique.com\/index.php?rest_route=%2Fwp%2Fv2%2Fproduct_tag&post=1318"}],"curies":[{"name":"wp","href":"https:\/\/api.w.org\/{rel}","templated":true}]}}