{"id":1302,"date":"2017-12-10T18:37:19","date_gmt":"2017-12-10T17:37:19","guid":{"rendered":"http:\/\/laserins.fr\/?post_type=product&#038;p=1302"},"modified":"2024-09-19T18:47:12","modified_gmt":"2024-09-19T16:47:12","slug":"poutre-de-nivellement-pour-finisseurs","status":"publish","type":"product","link":"https:\/\/laserelectronique.com\/?product=poutre-de-nivellement-pour-finisseurs","title":{"rendered":"Poutre de nivellement sonic finisseurs"},"content":{"rendered":"<p><strong>Poutre aluminium\u00a0 pour\u00a0 finisseurs, raboteuses et machines \u00e0 coffrage glissant.<\/strong><\/p>\n<p><strong>Valise de nivellement 4 palpeurs \u00e0 ultrason compl\u00e8te.<\/strong><\/p>\n<p>&nbsp;<\/p>\n<p><strong>Nous consulter pour des produits sp\u00e9cifiques hors catalogue.<\/strong><\/p>\n<p><strong>Location possible.<\/strong><\/p>\n<p><strong>Devis gratuit.<\/strong><\/p>\n<p>&nbsp;<\/p>\n<h3><strong>Document produit:<\/strong><\/h3>\n","protected":false},"excerpt":{"rendered":"<p>Poutre aluminium\u00a0 pour\u00a0 finisseurs, raboteuses et machines \u00e0 coffrage glissant. Valise de nivellement 4 palpeurs \u00e0 ultrason compl\u00e8te. &nbsp; Nous consulter pour des produits sp\u00e9cifiques hors catalogue. Location possible. Devis&hellip;<\/p>\n","protected":false},"featured_media":3459,"comment_status":"closed","ping_status":"closed","template":"","meta":[],"product_cat":[77],"product_tag":[],"class_list":{"0":"post-1302","1":"product","2":"type-product","3":"status-publish","4":"has-post-thumbnail","6":"product_cat-equipements-complets","7":"","9":"first","10":"instock","11":"taxable","12":"shipping-taxable","13":"product-type-simple"},"yoast_head":"<!-- This site is optimized with the Yoast SEO plugin v24.7 - https:\/\/yoast.com\/wordpress\/plugins\/seo\/ -->\n<title>Poutre de nivellement sonic finisseurs - LASER ELECTRONIQUE TP<\/title>\n<meta name=\"robots\" content=\"index, follow, max-snippet:-1, max-image-preview:large, max-video-preview:-1\" \/>\n<link rel=\"canonical\" href=\"https:\/\/laserelectronique.com\/?product=poutre-de-nivellement-pour-finisseurs\" \/>\n<meta property=\"og:locale\" content=\"fr_FR\" \/>\n<meta property=\"og:type\" content=\"article\" \/>\n<meta property=\"og:title\" content=\"Poutre de nivellement sonic finisseurs - LASER ELECTRONIQUE TP\" \/>\n<meta property=\"og:description\" content=\"Poutre aluminium\u00a0 pour\u00a0 finisseurs, raboteuses et machines \u00e0 coffrage glissant. Valise de nivellement 4 palpeurs \u00e0 ultrason compl\u00e8te. &nbsp; Nous consulter pour des produits sp\u00e9cifiques hors catalogue. Location possible. Devis&hellip;\" \/>\n<meta property=\"og:url\" content=\"https:\/\/laserelectronique.com\/?product=poutre-de-nivellement-pour-finisseurs\" \/>\n<meta property=\"og:site_name\" content=\"LASER ELECTRONIQUE TP\" \/>\n<meta property=\"article:modified_time\" content=\"2024-09-19T16:47:12+00:00\" \/>\n<meta property=\"og:image\" content=\"https:\/\/laserelectronique.com\/wp-content\/uploads\/2024\/09\/IMG_7613-768x576-1.jpeg\" \/>\n\t<meta property=\"og:image:width\" content=\"768\" \/>\n\t<meta property=\"og:image:height\" content=\"576\" \/>\n\t<meta property=\"og:image:type\" content=\"image\/jpeg\" \/>\n<meta name=\"twitter:card\" content=\"summary_large_image\" \/>\n<script type=\"application\/ld+json\" class=\"yoast-schema-graph\">{\"@context\":\"https:\/\/schema.org\",\"@graph\":[{\"@type\":\"WebPage\",\"@id\":\"https:\/\/laserelectronique.com\/?product=poutre-de-nivellement-pour-finisseurs\",\"url\":\"https:\/\/laserelectronique.com\/?product=poutre-de-nivellement-pour-finisseurs\",\"name\":\"Poutre de nivellement sonic finisseurs - LASER ELECTRONIQUE TP\",\"isPartOf\":{\"@id\":\"https:\/\/laserelectronique.com\/#website\"},\"primaryImageOfPage\":{\"@id\":\"https:\/\/laserelectronique.com\/?product=poutre-de-nivellement-pour-finisseurs#primaryimage\"},\"image\":{\"@id\":\"https:\/\/laserelectronique.com\/?product=poutre-de-nivellement-pour-finisseurs#primaryimage\"},\"thumbnailUrl\":\"https:\/\/laserelectronique.com\/wp-content\/uploads\/2024\/09\/IMG_7613-768x576-1.jpeg\",\"datePublished\":\"2017-12-10T17:37:19+00:00\",\"dateModified\":\"2024-09-19T16:47:12+00:00\",\"breadcrumb\":{\"@id\":\"https:\/\/laserelectronique.com\/?product=poutre-de-nivellement-pour-finisseurs#breadcrumb\"},\"inLanguage\":\"fr-FR\",\"potentialAction\":[{\"@type\":\"ReadAction\",\"target\":[\"https:\/\/laserelectronique.com\/?product=poutre-de-nivellement-pour-finisseurs\"]}]},{\"@type\":\"ImageObject\",\"inLanguage\":\"fr-FR\",\"@id\":\"https:\/\/laserelectronique.com\/?product=poutre-de-nivellement-pour-finisseurs#primaryimage\",\"url\":\"https:\/\/laserelectronique.com\/wp-content\/uploads\/2024\/09\/IMG_7613-768x576-1.jpeg\",\"contentUrl\":\"https:\/\/laserelectronique.com\/wp-content\/uploads\/2024\/09\/IMG_7613-768x576-1.jpeg\",\"width\":768,\"height\":576},{\"@type\":\"BreadcrumbList\",\"@id\":\"https:\/\/laserelectronique.com\/?product=poutre-de-nivellement-pour-finisseurs#breadcrumb\",\"itemListElement\":[{\"@type\":\"ListItem\",\"position\":1,\"name\":\"Accueil\",\"item\":\"https:\/\/laserelectronique.com\/\"},{\"@type\":\"ListItem\",\"position\":2,\"name\":\"Boutique\",\"item\":\"https:\/\/laserelectronique.com\/?page_id=7\"},{\"@type\":\"ListItem\",\"position\":3,\"name\":\"Poutre de nivellement sonic finisseurs\"}]},{\"@type\":\"WebSite\",\"@id\":\"https:\/\/laserelectronique.com\/#website\",\"url\":\"https:\/\/laserelectronique.com\/\",\"name\":\"LASER ELECTRONIQUE TP\",\"description\":\"VOTRE PARTENAIRE EN GUIDAGE D&#039;ENGINS, TOPOGRAPHIE ET SERVICES\",\"potentialAction\":[{\"@type\":\"SearchAction\",\"target\":{\"@type\":\"EntryPoint\",\"urlTemplate\":\"https:\/\/laserelectronique.com\/?s={search_term_string}\"},\"query-input\":{\"@type\":\"PropertyValueSpecification\",\"valueRequired\":true,\"valueName\":\"search_term_string\"}}],\"inLanguage\":\"fr-FR\"}]}<\/script>\n<!-- \/ Yoast SEO plugin. -->","yoast_head_json":{"title":"Poutre de nivellement sonic finisseurs - LASER ELECTRONIQUE TP","robots":{"index":"index","follow":"follow","max-snippet":"max-snippet:-1","max-image-preview":"max-image-preview:large","max-video-preview":"max-video-preview:-1"},"canonical":"https:\/\/laserelectronique.com\/?product=poutre-de-nivellement-pour-finisseurs","og_locale":"fr_FR","og_type":"article","og_title":"Poutre de nivellement sonic finisseurs - LASER ELECTRONIQUE TP","og_description":"Poutre aluminium\u00a0 pour\u00a0 finisseurs, raboteuses et machines \u00e0 coffrage glissant. Valise de nivellement 4 palpeurs \u00e0 ultrason compl\u00e8te. &nbsp; Nous consulter pour des produits sp\u00e9cifiques hors catalogue. Location possible. Devis&hellip;","og_url":"https:\/\/laserelectronique.com\/?product=poutre-de-nivellement-pour-finisseurs","og_site_name":"LASER ELECTRONIQUE TP","article_modified_time":"2024-09-19T16:47:12+00:00","og_image":[{"width":768,"height":576,"url":"https:\/\/laserelectronique.com\/wp-content\/uploads\/2024\/09\/IMG_7613-768x576-1.jpeg","type":"image\/jpeg"}],"twitter_card":"summary_large_image","schema":{"@context":"https:\/\/schema.org","@graph":[{"@type":"WebPage","@id":"https:\/\/laserelectronique.com\/?product=poutre-de-nivellement-pour-finisseurs","url":"https:\/\/laserelectronique.com\/?product=poutre-de-nivellement-pour-finisseurs","name":"Poutre de nivellement sonic finisseurs - LASER ELECTRONIQUE TP","isPartOf":{"@id":"https:\/\/laserelectronique.com\/#website"},"primaryImageOfPage":{"@id":"https:\/\/laserelectronique.com\/?product=poutre-de-nivellement-pour-finisseurs#primaryimage"},"image":{"@id":"https:\/\/laserelectronique.com\/?product=poutre-de-nivellement-pour-finisseurs#primaryimage"},"thumbnailUrl":"https:\/\/laserelectronique.com\/wp-content\/uploads\/2024\/09\/IMG_7613-768x576-1.jpeg","datePublished":"2017-12-10T17:37:19+00:00","dateModified":"2024-09-19T16:47:12+00:00","breadcrumb":{"@id":"https:\/\/laserelectronique.com\/?product=poutre-de-nivellement-pour-finisseurs#breadcrumb"},"inLanguage":"fr-FR","potentialAction":[{"@type":"ReadAction","target":["https:\/\/laserelectronique.com\/?product=poutre-de-nivellement-pour-finisseurs"]}]},{"@type":"ImageObject","inLanguage":"fr-FR","@id":"https:\/\/laserelectronique.com\/?product=poutre-de-nivellement-pour-finisseurs#primaryimage","url":"https:\/\/laserelectronique.com\/wp-content\/uploads\/2024\/09\/IMG_7613-768x576-1.jpeg","contentUrl":"https:\/\/laserelectronique.com\/wp-content\/uploads\/2024\/09\/IMG_7613-768x576-1.jpeg","width":768,"height":576},{"@type":"BreadcrumbList","@id":"https:\/\/laserelectronique.com\/?product=poutre-de-nivellement-pour-finisseurs#breadcrumb","itemListElement":[{"@type":"ListItem","position":1,"name":"Accueil","item":"https:\/\/laserelectronique.com\/"},{"@type":"ListItem","position":2,"name":"Boutique","item":"https:\/\/laserelectronique.com\/?page_id=7"},{"@type":"ListItem","position":3,"name":"Poutre de nivellement sonic finisseurs"}]},{"@type":"WebSite","@id":"https:\/\/laserelectronique.com\/#website","url":"https:\/\/laserelectronique.com\/","name":"LASER ELECTRONIQUE TP","description":"VOTRE PARTENAIRE EN GUIDAGE D&#039;ENGINS, TOPOGRAPHIE ET SERVICES","potentialAction":[{"@type":"SearchAction","target":{"@type":"EntryPoint","urlTemplate":"https:\/\/laserelectronique.com\/?s={search_term_string}"},"query-input":{"@type":"PropertyValueSpecification","valueRequired":true,"valueName":"search_term_string"}}],"inLanguage":"fr-FR"}]}},"_links":{"self":[{"href":"https:\/\/laserelectronique.com\/index.php?rest_route=\/wp\/v2\/product\/1302","targetHints":{"allow":["GET"]}}],"collection":[{"href":"https:\/\/laserelectronique.com\/index.php?rest_route=\/wp\/v2\/product"}],"about":[{"href":"https:\/\/laserelectronique.com\/index.php?rest_route=\/wp\/v2\/types\/product"}],"replies":[{"embeddable":true,"href":"https:\/\/laserelectronique.com\/index.php?rest_route=%2Fwp%2Fv2%2Fcomments&post=1302"}],"wp:featuredmedia":[{"embeddable":true,"href":"https:\/\/laserelectronique.com\/index.php?rest_route=\/wp\/v2\/media\/3459"}],"wp:attachment":[{"href":"https:\/\/laserelectronique.com\/index.php?rest_route=%2Fwp%2Fv2%2Fmedia&parent=1302"}],"wp:term":[{"taxonomy":"product_cat","embeddable":true,"href":"https:\/\/laserelectronique.com\/index.php?rest_route=%2Fwp%2Fv2%2Fproduct_cat&post=1302"},{"taxonomy":"product_tag","embeddable":true,"href":"https:\/\/laserelectronique.com\/index.php?rest_route=%2Fwp%2Fv2%2Fproduct_tag&post=1302"}],"curies":[{"name":"wp","href":"https:\/\/api.w.org\/{rel}","templated":true}]}}