{"id":1218,"date":"2017-12-04T11:38:35","date_gmt":"2017-12-04T10:38:35","guid":{"rendered":"http:\/\/laserins.fr\/?post_type=product&#038;p=1218"},"modified":"2022-07-27T11:45:47","modified_gmt":"2022-07-27T09:45:47","slug":"inclinometre-numerique-1m","status":"publish","type":"product","link":"https:\/\/laserelectronique.com\/?product=inclinometre-numerique-1m","title":{"rendered":"Inclinom\u00e8tre num\u00e9rique  STABILA 1 m\u00e8tre"},"content":{"rendered":"<div id=\"beschreibung\" class=\"section\">\n<h2 class=\"ce_headline\">R\u00e9f\u00e9rence 17672<\/h2>\n<div class=\"ce_text block\">\n<p>Un niveau \u00e0 bulle \u00e9lectronique robuste et pratique, adapt\u00e9 \u00e0 tous les corps de m\u00e9tier. Gr\u00e2ce \u00e0 sa technologie de mesure \u00e9lectronique et \u00e0 ses fioles de pr\u00e9cision, il simplifie et acc\u00e9l\u00e8re consid\u00e9rablement les travaux. Les deux affichages num\u00e9riques \u00e9clair\u00e9s sont lisibles du dessus et sur le c\u00f4t\u00e9. Ce mod\u00e8le enti\u00e8rement lavable b\u00e9n\u00e9ficie d\u2019une protection contre l\u2019eau et la poussi\u00e8re IP 65. Un outil polyvalent STABILA qui deviendra rapidement indispensable pour tous les professionnels.<\/p>\n<\/div>\n<\/div>\n<div id=\"produktvorteile\" class=\"section\">\n<h2 class=\"ce_headline\">Avantages du produit<\/h2>\n<div class=\"ce_text block\">\n<ul class=\"name formatted\">\n<li>Niveau \u00e0 bulle \u00e9lectronique au profil\u00e9 rectangulaire en aluminium ultra-rigide, avec deux\u00a0modules \u00e9lectroniques int\u00e9gr\u00e9s pour la d\u00e9termination imm\u00e9diate des valeurs de mesure d\u2019inclinaisons, pentes et angles.<\/li>\n<li>Protection optimale\u00a0: \u00e9tanche \u00e0 l\u2019eau et \u00e0 la poussi\u00e8re conform\u00e9ment \u00e0 l\u2019indice de protection IP 65 \u2013 Le niveau \u00e0 bulle est enti\u00e8rement lavable.<\/li>\n<li>Affichages num\u00e9riques \u00e0 lisibilit\u00e9 optimale en toute situation, \u00e9clair\u00e9s sur pression d\u2019un bouton.<\/li>\n<li>Guidage acoustique avec 3\u00a0sonorit\u00e9s diff\u00e9rentes pour aligner rapidement des composants sans regarder le niveau \u00e0 bulle.<\/li>\n<li>L\u2019affichage num\u00e9rique se tourne en position invers\u00e9e.<\/li>\n<li>Mode d\u2019angle de r\u00e9f\u00e9rence pour la prise, l\u2019enregistrement et le report d\u2019une mesure d\u2019angle sur d\u2019autres composants.<\/li>\n<li>Verrouillage de clavier.<\/li>\n<li>Avertissement en cas de basculement du niveau \u00e0 bulle dans le second axe.<\/li>\n<li>Modes d\u2019affichage\u00a0: \u00b0, %, mm\/m, pouce\/pied \u2013 D\u00e9cimal et fractions\u00a0 en mode Degr\u00e9s, affichage fin (0,05\u00b0) ou approximatif (0,1\u00b0) au choix.<\/li>\n<li>Env. 150\u00a0heures de fonctionnement.<\/li>\n<li>Housse incluse pour un transport s\u00fbr (longueur 183\u00a0cm sans la housse).<\/li>\n<\/ul>\n<\/div>\n<\/div>\n<div id=\"anwendungsbeispiele\" class=\"section\">\n<h2 class=\"ce_headline\">Exemples d\u2019utilisation<\/h2>\n<div class=\"ce_text block\">\n<ul class=\"name formatted\">\n<li>Particuli\u00e8rement adapt\u00e9 \u00e0 la prise de mesures exactes lors de r\u00e9glage de votre table de finisseur, de travaux de charpenterie et d\u2019\u00e9b\u00e9nisterie, la construction de cuisines ou d\u2019escaliers et la pose de conduites. Id\u00e9al pour les architectes, pour l\u2019inspection des travaux finis, par exemple le contr\u00f4le de la pente d\u2019un balcon.<\/li>\n<\/ul>\n<\/div>\n<\/div>\n<div id=\"technische-daten\" class=\"section\">\n<h2 class=\"ce_headline\">Caract\u00e9ristiques techniques<\/h2>\n<div class=\"ce_text block\">\n<div class=\"mmPrdAttributesTable\">\n<div class=\"line\">\n<div class=\"key\">Pr\u00e9cision de mesure en position normale<\/div>\n<div class=\"val\">0,50 mm\/m<\/div>\n<\/div>\n<div class=\"line\">\n<div class=\"key\">Pr\u00e9cision de mesure en position invers\u00e9e<\/div>\n<div class=\"val\">0,50 mm\/m<\/div>\n<\/div>\n<div class=\"line\">\n<div class=\"key\">Pr\u00e9cision de mesure de pentes \u00e9lectronique \u00e0 0\u00b0 et 90\u00b0 +\/-<\/div>\n<div class=\"val\">0,05\u00b0<\/div>\n<\/div>\n<div class=\"line\">\n<div class=\"key\">Pr\u00e9cision de mesure de pentes \u00e9lectronique de 1\u00b0 \u00e0 89\u00b0 +\/-<\/div>\n<div class=\"val\">0,20\u00b0<\/div>\n<\/div>\n<div class=\"line\">\n<div class=\"key\">Modes de mesure<\/div>\n<div class=\"val\">\u00b0, %, mm\/m, pouce\/pied<\/div>\n<\/div>\n<div class=\"line\">\n<div class=\"key\">Nombre de semelles<\/div>\n<div class=\"val\">2<\/div>\n<\/div>\n<div class=\"line\">\n<div class=\"key\">Embouts<\/div>\n<div class=\"val\">patin antid\u00e9rapant, amovible, amortisseur<\/div>\n<\/div>\n<div class=\"line\">\n<div class=\"key\">Profil\u00e9<\/div>\n<div class=\"val\">profil\u00e9 rectangulaire en aluminium<\/div>\n<\/div>\n<div class=\"line\">\n<div class=\"key\">Schutzklasse<\/div>\n<div class=\"val\">IP 65<\/div>\n<\/div>\n<div class=\"line\">\n<div class=\"key\">Batterie Typ<\/div>\n<div class=\"val\">AA<\/div>\n<\/div>\n<\/div>\n<\/div>\n<\/div>\n<div id=\"varianten\" class=\"section\">\n<h2>Variantes de produit<\/h2>\n<div class=\"ce_table prdVariants\">\n<table>\n<thead>\n<tr>\n<th>Longueur<\/th>\n<th>GTIN-13 Code<\/th>\n<th>N \u00b0 d&rsquo;article<\/th>\n<\/tr>\n<\/thead>\n<tbody>\n<tr>\n<td data-th=\"Longueur\">40 cm<\/td>\n<td data-th=\"GTIN-13 Code\">4005069177058<\/td>\n<td data-th=\"N \u00b0 d'article\">17705<\/td>\n<\/tr>\n<tr>\n<td data-th=\"Longueur\">61 cm<\/td>\n<td data-th=\"GTIN-13 Code\">4005069176709<\/td>\n<td data-th=\"N \u00b0 d'article\">17670<\/td>\n<\/tr>\n<tr>\n<td data-th=\"Longueur\">81 cm<\/td>\n<td data-th=\"GTIN-13 Code\">4005069176716<\/td>\n<td data-th=\"N \u00b0 d'article\">17671<\/td>\n<\/tr>\n<tr>\n<td data-th=\"Longueur\">100 cm<\/td>\n<td data-th=\"GTIN-13 Code\">4005069176723<\/td>\n<td data-th=\"N \u00b0 d'article\">17672<\/td>\n<\/tr>\n<tr>\n<td data-th=\"Longueur\">122 cm<\/td>\n<td data-th=\"GTIN-13 Code\">4005069176730<\/td>\n<td data-th=\"N \u00b0 d'article\">17673<\/td>\n<\/tr>\n<tr>\n<td data-th=\"Longueur\">183 cm<\/td>\n<td data-th=\"GTIN-13 Code\">4005069177065<\/td>\n<td data-th=\"N \u00b0 d'article\">17706<\/td>\n<\/tr>\n<\/tbody>\n<\/table>\n<\/div>\n<\/div>\n<div id=\"accessories\" class=\"section prdAccessories\">\n<h2 class=\"ce_headline\">Accessoire inclus<\/h2>\n<div class=\"prdAccessory block\">\n<figure class=\"image_container col-sm-2\"><span class=\"inner\"><img loading=\"lazy\" decoding=\"async\" src=\"https:\/\/www.stabila.com\/assets\/images\/1\/4005069189860-04c4e361.jpg\" alt=\"Wasserwaagen-Kombitasche LCC-5-120\" width=\"760\" height=\"760\" \/><\/span><\/figure>\n<div class=\"text col-sm-10\">\n<h3 class=\"ce_headline\">Wasserwaagen-Kombitasche LCC-5-120<\/h3>\n<div class=\"description\">\n<ul class=\"name formatted\">\n<li>Housse r\u00e9sistante \u00e0 l\u2019usure, avec fermeture.<\/li>\n<\/ul>\n<\/div>\n<div class=\"gtin\"><span class=\"label\">GTIN-13 Code:<\/span> 4005069189860<\/div>\n<div class=\"artnr\"><span class=\"label\">N \u00b0 d&rsquo;article:<\/span>\u00a018986<\/div>\n<\/div>\n<\/div>\n<\/div>\n<div id=\"downloads\" class=\"section downloads\">\n<h2 class=\"ce_headline\">T\u00e9l\u00e9chargements<\/h2>\n<h2 class=\"ce_headline\"><a href=\"http:\/\/laserins.fr\/wp-content\/uploads\/2017\/12\/17672-manuel-Inclinom\u00e8tre-num\u00e9rique.pdf\">17672 manuel Inclinom\u00e8tre num\u00e9rique<\/a><\/h2>\n<\/div>\n","protected":false},"excerpt":{"rendered":"<p>R\u00e9f\u00e9rence 17672 Un niveau \u00e0 bulle \u00e9lectronique robuste et pratique, adapt\u00e9 \u00e0 tous les corps de m\u00e9tier. Gr\u00e2ce \u00e0 sa technologie de mesure \u00e9lectronique et \u00e0 ses fioles de pr\u00e9cision,&hellip;<\/p>\n","protected":false},"featured_media":1216,"comment_status":"closed","ping_status":"closed","template":"","meta":[],"product_cat":[57],"product_tag":[],"class_list":{"0":"post-1218","1":"product","2":"type-product","3":"status-publish","4":"has-post-thumbnail","6":"product_cat-securite-et-mesures","7":"","9":"first","10":"instock","11":"taxable","12":"shipping-taxable","13":"product-type-simple"},"yoast_head":"<!-- This site is optimized with the Yoast SEO plugin v24.7 - https:\/\/yoast.com\/wordpress\/plugins\/seo\/ -->\n<title>Inclinom\u00e8tre num\u00e9rique STABILA 1 m\u00e8tre - LASER ELECTRONIQUE TP<\/title>\n<meta name=\"robots\" content=\"index, follow, max-snippet:-1, max-image-preview:large, max-video-preview:-1\" \/>\n<link rel=\"canonical\" href=\"https:\/\/laserelectronique.com\/?product=inclinometre-numerique-1m\" \/>\n<meta property=\"og:locale\" content=\"fr_FR\" \/>\n<meta property=\"og:type\" content=\"article\" \/>\n<meta property=\"og:title\" content=\"Inclinom\u00e8tre num\u00e9rique STABILA 1 m\u00e8tre - LASER ELECTRONIQUE TP\" \/>\n<meta property=\"og:description\" content=\"R\u00e9f\u00e9rence 17672 Un niveau \u00e0 bulle \u00e9lectronique robuste et pratique, adapt\u00e9 \u00e0 tous les corps de m\u00e9tier. Gr\u00e2ce \u00e0 sa technologie de mesure \u00e9lectronique et \u00e0 ses fioles de pr\u00e9cision,&hellip;\" \/>\n<meta property=\"og:url\" content=\"https:\/\/laserelectronique.com\/?product=inclinometre-numerique-1m\" \/>\n<meta property=\"og:site_name\" content=\"LASER ELECTRONIQUE TP\" \/>\n<meta property=\"article:modified_time\" content=\"2022-07-27T09:45:47+00:00\" \/>\n<meta property=\"og:image\" content=\"https:\/\/laserelectronique.com\/wp-content\/uploads\/2017\/12\/17672.jpg\" \/>\n\t<meta property=\"og:image:width\" content=\"264\" \/>\n\t<meta property=\"og:image:height\" content=\"264\" \/>\n\t<meta property=\"og:image:type\" content=\"image\/jpeg\" \/>\n<meta name=\"twitter:card\" content=\"summary_large_image\" \/>\n<meta name=\"twitter:label1\" content=\"Dur\u00e9e de lecture estim\u00e9e\" \/>\n\t<meta name=\"twitter:data1\" content=\"2 minutes\" \/>\n<script type=\"application\/ld+json\" class=\"yoast-schema-graph\">{\"@context\":\"https:\/\/schema.org\",\"@graph\":[{\"@type\":\"WebPage\",\"@id\":\"https:\/\/laserelectronique.com\/?product=inclinometre-numerique-1m\",\"url\":\"https:\/\/laserelectronique.com\/?product=inclinometre-numerique-1m\",\"name\":\"Inclinom\u00e8tre num\u00e9rique STABILA 1 m\u00e8tre - LASER ELECTRONIQUE TP\",\"isPartOf\":{\"@id\":\"https:\/\/laserelectronique.com\/#website\"},\"primaryImageOfPage\":{\"@id\":\"https:\/\/laserelectronique.com\/?product=inclinometre-numerique-1m#primaryimage\"},\"image\":{\"@id\":\"https:\/\/laserelectronique.com\/?product=inclinometre-numerique-1m#primaryimage\"},\"thumbnailUrl\":\"https:\/\/laserelectronique.com\/wp-content\/uploads\/2017\/12\/17672.jpg\",\"datePublished\":\"2017-12-04T10:38:35+00:00\",\"dateModified\":\"2022-07-27T09:45:47+00:00\",\"breadcrumb\":{\"@id\":\"https:\/\/laserelectronique.com\/?product=inclinometre-numerique-1m#breadcrumb\"},\"inLanguage\":\"fr-FR\",\"potentialAction\":[{\"@type\":\"ReadAction\",\"target\":[\"https:\/\/laserelectronique.com\/?product=inclinometre-numerique-1m\"]}]},{\"@type\":\"ImageObject\",\"inLanguage\":\"fr-FR\",\"@id\":\"https:\/\/laserelectronique.com\/?product=inclinometre-numerique-1m#primaryimage\",\"url\":\"https:\/\/laserelectronique.com\/wp-content\/uploads\/2017\/12\/17672.jpg\",\"contentUrl\":\"https:\/\/laserelectronique.com\/wp-content\/uploads\/2017\/12\/17672.jpg\",\"width\":264,\"height\":264},{\"@type\":\"BreadcrumbList\",\"@id\":\"https:\/\/laserelectronique.com\/?product=inclinometre-numerique-1m#breadcrumb\",\"itemListElement\":[{\"@type\":\"ListItem\",\"position\":1,\"name\":\"Accueil\",\"item\":\"https:\/\/laserelectronique.com\/\"},{\"@type\":\"ListItem\",\"position\":2,\"name\":\"Boutique\",\"item\":\"https:\/\/laserelectronique.com\/?page_id=7\"},{\"@type\":\"ListItem\",\"position\":3,\"name\":\"Inclinom\u00e8tre num\u00e9rique STABILA 1 m\u00e8tre\"}]},{\"@type\":\"WebSite\",\"@id\":\"https:\/\/laserelectronique.com\/#website\",\"url\":\"https:\/\/laserelectronique.com\/\",\"name\":\"LASER ELECTRONIQUE TP\",\"description\":\"VOTRE PARTENAIRE EN GUIDAGE D&#039;ENGINS, TOPOGRAPHIE ET SERVICES\",\"potentialAction\":[{\"@type\":\"SearchAction\",\"target\":{\"@type\":\"EntryPoint\",\"urlTemplate\":\"https:\/\/laserelectronique.com\/?s={search_term_string}\"},\"query-input\":{\"@type\":\"PropertyValueSpecification\",\"valueRequired\":true,\"valueName\":\"search_term_string\"}}],\"inLanguage\":\"fr-FR\"}]}<\/script>\n<!-- \/ Yoast SEO plugin. -->","yoast_head_json":{"title":"Inclinom\u00e8tre num\u00e9rique STABILA 1 m\u00e8tre - LASER ELECTRONIQUE TP","robots":{"index":"index","follow":"follow","max-snippet":"max-snippet:-1","max-image-preview":"max-image-preview:large","max-video-preview":"max-video-preview:-1"},"canonical":"https:\/\/laserelectronique.com\/?product=inclinometre-numerique-1m","og_locale":"fr_FR","og_type":"article","og_title":"Inclinom\u00e8tre num\u00e9rique STABILA 1 m\u00e8tre - LASER ELECTRONIQUE TP","og_description":"R\u00e9f\u00e9rence 17672 Un niveau \u00e0 bulle \u00e9lectronique robuste et pratique, adapt\u00e9 \u00e0 tous les corps de m\u00e9tier. Gr\u00e2ce \u00e0 sa technologie de mesure \u00e9lectronique et \u00e0 ses fioles de pr\u00e9cision,&hellip;","og_url":"https:\/\/laserelectronique.com\/?product=inclinometre-numerique-1m","og_site_name":"LASER ELECTRONIQUE TP","article_modified_time":"2022-07-27T09:45:47+00:00","og_image":[{"width":264,"height":264,"url":"https:\/\/laserelectronique.com\/wp-content\/uploads\/2017\/12\/17672.jpg","type":"image\/jpeg"}],"twitter_card":"summary_large_image","twitter_misc":{"Dur\u00e9e de lecture estim\u00e9e":"2 minutes"},"schema":{"@context":"https:\/\/schema.org","@graph":[{"@type":"WebPage","@id":"https:\/\/laserelectronique.com\/?product=inclinometre-numerique-1m","url":"https:\/\/laserelectronique.com\/?product=inclinometre-numerique-1m","name":"Inclinom\u00e8tre num\u00e9rique STABILA 1 m\u00e8tre - LASER ELECTRONIQUE TP","isPartOf":{"@id":"https:\/\/laserelectronique.com\/#website"},"primaryImageOfPage":{"@id":"https:\/\/laserelectronique.com\/?product=inclinometre-numerique-1m#primaryimage"},"image":{"@id":"https:\/\/laserelectronique.com\/?product=inclinometre-numerique-1m#primaryimage"},"thumbnailUrl":"https:\/\/laserelectronique.com\/wp-content\/uploads\/2017\/12\/17672.jpg","datePublished":"2017-12-04T10:38:35+00:00","dateModified":"2022-07-27T09:45:47+00:00","breadcrumb":{"@id":"https:\/\/laserelectronique.com\/?product=inclinometre-numerique-1m#breadcrumb"},"inLanguage":"fr-FR","potentialAction":[{"@type":"ReadAction","target":["https:\/\/laserelectronique.com\/?product=inclinometre-numerique-1m"]}]},{"@type":"ImageObject","inLanguage":"fr-FR","@id":"https:\/\/laserelectronique.com\/?product=inclinometre-numerique-1m#primaryimage","url":"https:\/\/laserelectronique.com\/wp-content\/uploads\/2017\/12\/17672.jpg","contentUrl":"https:\/\/laserelectronique.com\/wp-content\/uploads\/2017\/12\/17672.jpg","width":264,"height":264},{"@type":"BreadcrumbList","@id":"https:\/\/laserelectronique.com\/?product=inclinometre-numerique-1m#breadcrumb","itemListElement":[{"@type":"ListItem","position":1,"name":"Accueil","item":"https:\/\/laserelectronique.com\/"},{"@type":"ListItem","position":2,"name":"Boutique","item":"https:\/\/laserelectronique.com\/?page_id=7"},{"@type":"ListItem","position":3,"name":"Inclinom\u00e8tre num\u00e9rique STABILA 1 m\u00e8tre"}]},{"@type":"WebSite","@id":"https:\/\/laserelectronique.com\/#website","url":"https:\/\/laserelectronique.com\/","name":"LASER ELECTRONIQUE TP","description":"VOTRE PARTENAIRE EN GUIDAGE D&#039;ENGINS, TOPOGRAPHIE ET SERVICES","potentialAction":[{"@type":"SearchAction","target":{"@type":"EntryPoint","urlTemplate":"https:\/\/laserelectronique.com\/?s={search_term_string}"},"query-input":{"@type":"PropertyValueSpecification","valueRequired":true,"valueName":"search_term_string"}}],"inLanguage":"fr-FR"}]}},"_links":{"self":[{"href":"https:\/\/laserelectronique.com\/index.php?rest_route=\/wp\/v2\/product\/1218","targetHints":{"allow":["GET"]}}],"collection":[{"href":"https:\/\/laserelectronique.com\/index.php?rest_route=\/wp\/v2\/product"}],"about":[{"href":"https:\/\/laserelectronique.com\/index.php?rest_route=\/wp\/v2\/types\/product"}],"replies":[{"embeddable":true,"href":"https:\/\/laserelectronique.com\/index.php?rest_route=%2Fwp%2Fv2%2Fcomments&post=1218"}],"wp:featuredmedia":[{"embeddable":true,"href":"https:\/\/laserelectronique.com\/index.php?rest_route=\/wp\/v2\/media\/1216"}],"wp:attachment":[{"href":"https:\/\/laserelectronique.com\/index.php?rest_route=%2Fwp%2Fv2%2Fmedia&parent=1218"}],"wp:term":[{"taxonomy":"product_cat","embeddable":true,"href":"https:\/\/laserelectronique.com\/index.php?rest_route=%2Fwp%2Fv2%2Fproduct_cat&post=1218"},{"taxonomy":"product_tag","embeddable":true,"href":"https:\/\/laserelectronique.com\/index.php?rest_route=%2Fwp%2Fv2%2Fproduct_tag&post=1218"}],"curies":[{"name":"wp","href":"https:\/\/api.w.org\/{rel}","templated":true}]}}