{"id":113,"date":"2017-03-27T14:56:03","date_gmt":"2017-03-27T12:56:03","guid":{"rendered":"http:\/\/laserins.fr\/?product=pompe-a-engrenage"},"modified":"2020-11-18T15:41:54","modified_gmt":"2020-11-18T14:41:54","slug":"pompe-a-engrenage","status":"publish","type":"product","link":"https:\/\/laserelectronique.com\/?product=pompe-a-engrenage","title":{"rendered":"Pompe \u00e0 engrenage"},"content":{"rendered":"<p><strong>Pompe \u00e0 entgrennage<\/strong><\/p>\n<p><strong>230V &#8211; 9 l\/min<\/strong><\/p>\n<p><strong>25 bars &#8211; 2000 Cst &#8211; 1&Prime;F<\/strong><\/p>\n<p><strong>R\u00e9f\u00e9rence : P304<\/strong><\/p>\n<p><strong>Fabrication Europ\u00e9enne<\/strong><\/p>\n<p>&nbsp;<\/p>\n<h3>Document produit:<\/h3>\n<ul>\n<li><a href=\"http:\/\/laserins.fr\/wp-content\/uploads\/2017\/03\/20-DOC-TRANSFERT-EAU-AIR-1.pdf\">Pompes \u00e0 Huile<\/a><\/li>\n<\/ul>\n","protected":false},"excerpt":{"rendered":"<p>Pompe \u00e0 entgrennage 230V &#8211; 9 l\/min 25 bars &#8211; 2000 Cst &#8211; 1&Prime;F R\u00e9f\u00e9rence : P304 Fabrication Europ\u00e9enne &nbsp; Document produit: Pompes \u00e0 Huile<\/p>\n","protected":false},"featured_media":115,"comment_status":"closed","ping_status":"closed","template":"","meta":[],"product_cat":[10,17],"product_tag":[],"class_list":{"0":"post-113","1":"product","2":"type-product","3":"status-publish","4":"has-post-thumbnail","6":"product_cat-pompes","7":"product_cat-transfert-huile","8":"","10":"first","11":"instock","12":"taxable","13":"shipping-taxable","14":"product-type-simple"},"yoast_head":"<!-- This site is optimized with the Yoast SEO plugin v24.7 - https:\/\/yoast.com\/wordpress\/plugins\/seo\/ -->\n<title>Pompe \u00e0 engrenage - LASER ELECTRONIQUE TP<\/title>\n<meta name=\"robots\" content=\"index, follow, max-snippet:-1, max-image-preview:large, max-video-preview:-1\" \/>\n<link rel=\"canonical\" href=\"https:\/\/laserelectronique.com\/?product=pompe-a-engrenage\" \/>\n<meta property=\"og:locale\" content=\"fr_FR\" \/>\n<meta property=\"og:type\" content=\"article\" \/>\n<meta property=\"og:title\" content=\"Pompe \u00e0 engrenage - LASER ELECTRONIQUE TP\" \/>\n<meta property=\"og:description\" content=\"Pompe \u00e0 entgrennage 230V &#8211; 9 l\/min 25 bars &#8211; 2000 Cst &#8211; 1&Prime;F R\u00e9f\u00e9rence : P304 Fabrication Europ\u00e9enne &nbsp; Document produit: Pompes \u00e0 Huile\" \/>\n<meta property=\"og:url\" content=\"https:\/\/laserelectronique.com\/?product=pompe-a-engrenage\" \/>\n<meta property=\"og:site_name\" content=\"LASER ELECTRONIQUE TP\" \/>\n<meta property=\"article:modified_time\" content=\"2020-11-18T14:41:54+00:00\" \/>\n<meta property=\"og:image\" content=\"https:\/\/laserelectronique.com\/wp-content\/uploads\/2017\/03\/P304-S.jpg\" \/>\n\t<meta property=\"og:image:width\" content=\"2500\" \/>\n\t<meta property=\"og:image:height\" content=\"2000\" \/>\n\t<meta property=\"og:image:type\" content=\"image\/jpeg\" \/>\n<meta name=\"twitter:card\" content=\"summary_large_image\" \/>\n<script type=\"application\/ld+json\" class=\"yoast-schema-graph\">{\"@context\":\"https:\/\/schema.org\",\"@graph\":[{\"@type\":\"WebPage\",\"@id\":\"https:\/\/laserelectronique.com\/?product=pompe-a-engrenage\",\"url\":\"https:\/\/laserelectronique.com\/?product=pompe-a-engrenage\",\"name\":\"Pompe \u00e0 engrenage - LASER ELECTRONIQUE TP\",\"isPartOf\":{\"@id\":\"https:\/\/laserelectronique.com\/#website\"},\"primaryImageOfPage\":{\"@id\":\"https:\/\/laserelectronique.com\/?product=pompe-a-engrenage#primaryimage\"},\"image\":{\"@id\":\"https:\/\/laserelectronique.com\/?product=pompe-a-engrenage#primaryimage\"},\"thumbnailUrl\":\"https:\/\/laserelectronique.com\/wp-content\/uploads\/2017\/03\/P304-S.jpg\",\"datePublished\":\"2017-03-27T12:56:03+00:00\",\"dateModified\":\"2020-11-18T14:41:54+00:00\",\"breadcrumb\":{\"@id\":\"https:\/\/laserelectronique.com\/?product=pompe-a-engrenage#breadcrumb\"},\"inLanguage\":\"fr-FR\",\"potentialAction\":[{\"@type\":\"ReadAction\",\"target\":[\"https:\/\/laserelectronique.com\/?product=pompe-a-engrenage\"]}]},{\"@type\":\"ImageObject\",\"inLanguage\":\"fr-FR\",\"@id\":\"https:\/\/laserelectronique.com\/?product=pompe-a-engrenage#primaryimage\",\"url\":\"https:\/\/laserelectronique.com\/wp-content\/uploads\/2017\/03\/P304-S.jpg\",\"contentUrl\":\"https:\/\/laserelectronique.com\/wp-content\/uploads\/2017\/03\/P304-S.jpg\",\"width\":2500,\"height\":2000},{\"@type\":\"BreadcrumbList\",\"@id\":\"https:\/\/laserelectronique.com\/?product=pompe-a-engrenage#breadcrumb\",\"itemListElement\":[{\"@type\":\"ListItem\",\"position\":1,\"name\":\"Accueil\",\"item\":\"https:\/\/laserelectronique.com\/\"},{\"@type\":\"ListItem\",\"position\":2,\"name\":\"Boutique\",\"item\":\"https:\/\/laserelectronique.com\/?page_id=7\"},{\"@type\":\"ListItem\",\"position\":3,\"name\":\"Pompe \u00e0 engrenage\"}]},{\"@type\":\"WebSite\",\"@id\":\"https:\/\/laserelectronique.com\/#website\",\"url\":\"https:\/\/laserelectronique.com\/\",\"name\":\"LASER ELECTRONIQUE TP\",\"description\":\"VOTRE PARTENAIRE EN GUIDAGE D&#039;ENGINS, TOPOGRAPHIE ET SERVICES\",\"potentialAction\":[{\"@type\":\"SearchAction\",\"target\":{\"@type\":\"EntryPoint\",\"urlTemplate\":\"https:\/\/laserelectronique.com\/?s={search_term_string}\"},\"query-input\":{\"@type\":\"PropertyValueSpecification\",\"valueRequired\":true,\"valueName\":\"search_term_string\"}}],\"inLanguage\":\"fr-FR\"}]}<\/script>\n<!-- \/ Yoast SEO plugin. -->","yoast_head_json":{"title":"Pompe \u00e0 engrenage - LASER ELECTRONIQUE TP","robots":{"index":"index","follow":"follow","max-snippet":"max-snippet:-1","max-image-preview":"max-image-preview:large","max-video-preview":"max-video-preview:-1"},"canonical":"https:\/\/laserelectronique.com\/?product=pompe-a-engrenage","og_locale":"fr_FR","og_type":"article","og_title":"Pompe \u00e0 engrenage - LASER ELECTRONIQUE TP","og_description":"Pompe \u00e0 entgrennage 230V &#8211; 9 l\/min 25 bars &#8211; 2000 Cst &#8211; 1&Prime;F R\u00e9f\u00e9rence : P304 Fabrication Europ\u00e9enne &nbsp; Document produit: Pompes \u00e0 Huile","og_url":"https:\/\/laserelectronique.com\/?product=pompe-a-engrenage","og_site_name":"LASER ELECTRONIQUE TP","article_modified_time":"2020-11-18T14:41:54+00:00","og_image":[{"width":2500,"height":2000,"url":"https:\/\/laserelectronique.com\/wp-content\/uploads\/2017\/03\/P304-S.jpg","type":"image\/jpeg"}],"twitter_card":"summary_large_image","schema":{"@context":"https:\/\/schema.org","@graph":[{"@type":"WebPage","@id":"https:\/\/laserelectronique.com\/?product=pompe-a-engrenage","url":"https:\/\/laserelectronique.com\/?product=pompe-a-engrenage","name":"Pompe \u00e0 engrenage - LASER ELECTRONIQUE TP","isPartOf":{"@id":"https:\/\/laserelectronique.com\/#website"},"primaryImageOfPage":{"@id":"https:\/\/laserelectronique.com\/?product=pompe-a-engrenage#primaryimage"},"image":{"@id":"https:\/\/laserelectronique.com\/?product=pompe-a-engrenage#primaryimage"},"thumbnailUrl":"https:\/\/laserelectronique.com\/wp-content\/uploads\/2017\/03\/P304-S.jpg","datePublished":"2017-03-27T12:56:03+00:00","dateModified":"2020-11-18T14:41:54+00:00","breadcrumb":{"@id":"https:\/\/laserelectronique.com\/?product=pompe-a-engrenage#breadcrumb"},"inLanguage":"fr-FR","potentialAction":[{"@type":"ReadAction","target":["https:\/\/laserelectronique.com\/?product=pompe-a-engrenage"]}]},{"@type":"ImageObject","inLanguage":"fr-FR","@id":"https:\/\/laserelectronique.com\/?product=pompe-a-engrenage#primaryimage","url":"https:\/\/laserelectronique.com\/wp-content\/uploads\/2017\/03\/P304-S.jpg","contentUrl":"https:\/\/laserelectronique.com\/wp-content\/uploads\/2017\/03\/P304-S.jpg","width":2500,"height":2000},{"@type":"BreadcrumbList","@id":"https:\/\/laserelectronique.com\/?product=pompe-a-engrenage#breadcrumb","itemListElement":[{"@type":"ListItem","position":1,"name":"Accueil","item":"https:\/\/laserelectronique.com\/"},{"@type":"ListItem","position":2,"name":"Boutique","item":"https:\/\/laserelectronique.com\/?page_id=7"},{"@type":"ListItem","position":3,"name":"Pompe \u00e0 engrenage"}]},{"@type":"WebSite","@id":"https:\/\/laserelectronique.com\/#website","url":"https:\/\/laserelectronique.com\/","name":"LASER ELECTRONIQUE TP","description":"VOTRE PARTENAIRE EN GUIDAGE D&#039;ENGINS, TOPOGRAPHIE ET SERVICES","potentialAction":[{"@type":"SearchAction","target":{"@type":"EntryPoint","urlTemplate":"https:\/\/laserelectronique.com\/?s={search_term_string}"},"query-input":{"@type":"PropertyValueSpecification","valueRequired":true,"valueName":"search_term_string"}}],"inLanguage":"fr-FR"}]}},"_links":{"self":[{"href":"https:\/\/laserelectronique.com\/index.php?rest_route=\/wp\/v2\/product\/113","targetHints":{"allow":["GET"]}}],"collection":[{"href":"https:\/\/laserelectronique.com\/index.php?rest_route=\/wp\/v2\/product"}],"about":[{"href":"https:\/\/laserelectronique.com\/index.php?rest_route=\/wp\/v2\/types\/product"}],"replies":[{"embeddable":true,"href":"https:\/\/laserelectronique.com\/index.php?rest_route=%2Fwp%2Fv2%2Fcomments&post=113"}],"wp:featuredmedia":[{"embeddable":true,"href":"https:\/\/laserelectronique.com\/index.php?rest_route=\/wp\/v2\/media\/115"}],"wp:attachment":[{"href":"https:\/\/laserelectronique.com\/index.php?rest_route=%2Fwp%2Fv2%2Fmedia&parent=113"}],"wp:term":[{"taxonomy":"product_cat","embeddable":true,"href":"https:\/\/laserelectronique.com\/index.php?rest_route=%2Fwp%2Fv2%2Fproduct_cat&post=113"},{"taxonomy":"product_tag","embeddable":true,"href":"https:\/\/laserelectronique.com\/index.php?rest_route=%2Fwp%2Fv2%2Fproduct_tag&post=113"}],"curies":[{"name":"wp","href":"https:\/\/api.w.org\/{rel}","templated":true}]}}