{"id":1046,"date":"2017-11-24T14:03:31","date_gmt":"2017-11-24T13:03:31","guid":{"rendered":"http:\/\/laserins.fr\/?post_type=product&#038;p=1046"},"modified":"2023-02-16T10:36:07","modified_gmt":"2023-02-16T09:36:07","slug":"tres-grande-valise-etanche-75-x-45-x-28-cm","status":"publish","type":"product","link":"https:\/\/laserelectronique.com\/?product=tres-grande-valise-etanche-75-x-45-x-28-cm","title":{"rendered":"Tr\u00e8s grande valise \u00e9tanche V754828 75 x 48 x 28 cm"},"content":{"rendered":"<address><em><strong>T<\/strong><\/em><strong>r\u00e8s grande valise \u00e0 roulettes pour prot\u00e9ger votre mat\u00e9riel tel que tableau principal de finisseur<\/strong><\/address>\n<address><strong>Conception et fabricati<em>on Europ\u00e9enne \u00e9tanche\u00a0IP67\u00a0<\/em><\/strong><\/address>\n<address><strong><em>Mousse alv\u00e9ol\u00e9e dans le couvercle <\/em>60 mm et 4 mousses incluses<\/strong><\/address>\n<address><strong>Fond 40 mm et 3 pr\u00e9d\u00e9coup\u00e9es 60 mm<\/strong><\/address>\n<address><em><strong>Avec 4 roulettes axes inox &#8211; 3 Poign\u00e9es rabattables<\/strong><\/em><\/address>\n<address><em><strong>Sept fermoirs \u00e0 ouverture facile en double levier<\/strong><\/em><\/address>\n<address><em><strong>Valve de d\u00e9compression &#8211; Emplacements cadenas et bandouli\u00e8re<\/strong><\/em><\/address>\n<address><em><strong>Dim. ext. 816x540x306 mm<\/strong><\/em><\/address>\n<address><em><strong>Dim. int. 750x480x280 mm (220+60)<\/strong><\/em><\/address>\n<address><em><strong>Poids : 10.2kg \u00a0 \u00a0 Temp\u00e9rature tol\u00e9r\u00e9e : &#8211; 30\u00b0C \/ + 90\u00b0C<\/strong><\/em><\/address>\n<address>\u00a0<\/address>\n<h3><strong>Documents produit :<\/strong><\/h3>\n<ul>\n<li><a href=\"https:\/\/laserelectronique.com\/wp-content\/uploads\/2023\/02\/5-DOCLASERINS-VALISES.pdf\">DOCLASERINS VALISES<\/a><\/li>\n<\/ul>\n","protected":false},"excerpt":{"rendered":"<p>Tr\u00e8s grande valise \u00e0 roulettes pour prot\u00e9ger votre mat\u00e9riel tel que tableau principal de finisseur Conception et fabrication Europ\u00e9enne \u00e9tanche\u00a0IP67\u00a0 Mousse alv\u00e9ol\u00e9e dans le couvercle 60 mm et 4 mousses&hellip;<\/p>\n","protected":false},"featured_media":1047,"comment_status":"closed","ping_status":"closed","template":"","meta":[],"product_cat":[22],"product_tag":[],"class_list":{"0":"post-1046","1":"product","2":"type-product","3":"status-publish","4":"has-post-thumbnail","6":"product_cat-valises-de-transport","7":"","9":"first","10":"instock","11":"taxable","12":"shipping-taxable","13":"product-type-simple"},"yoast_head":"<!-- This site is optimized with the Yoast SEO plugin v24.7 - https:\/\/yoast.com\/wordpress\/plugins\/seo\/ -->\n<title>Tr\u00e8s grande valise \u00e9tanche V754828 75 x 48 x 28 cm - LASER ELECTRONIQUE TP<\/title>\n<meta name=\"robots\" content=\"index, follow, max-snippet:-1, max-image-preview:large, max-video-preview:-1\" \/>\n<link rel=\"canonical\" href=\"https:\/\/laserelectronique.com\/?product=tres-grande-valise-etanche-75-x-45-x-28-cm\" \/>\n<meta property=\"og:locale\" content=\"fr_FR\" \/>\n<meta property=\"og:type\" content=\"article\" \/>\n<meta property=\"og:title\" content=\"Tr\u00e8s grande valise \u00e9tanche V754828 75 x 48 x 28 cm - LASER ELECTRONIQUE TP\" \/>\n<meta property=\"og:description\" content=\"Tr\u00e8s grande valise \u00e0 roulettes pour prot\u00e9ger votre mat\u00e9riel tel que tableau principal de finisseur Conception et fabrication Europ\u00e9enne \u00e9tanche\u00a0IP67\u00a0 Mousse alv\u00e9ol\u00e9e dans le couvercle 60 mm et 4 mousses&hellip;\" \/>\n<meta property=\"og:url\" content=\"https:\/\/laserelectronique.com\/?product=tres-grande-valise-etanche-75-x-45-x-28-cm\" \/>\n<meta property=\"og:site_name\" content=\"LASER ELECTRONIQUE TP\" \/>\n<meta property=\"article:modified_time\" content=\"2023-02-16T09:36:07+00:00\" \/>\n<meta property=\"og:image\" content=\"https:\/\/laserelectronique.com\/wp-content\/uploads\/2017\/11\/V75X48X28.png\" \/>\n\t<meta property=\"og:image:width\" content=\"560\" \/>\n\t<meta property=\"og:image:height\" content=\"560\" \/>\n\t<meta property=\"og:image:type\" content=\"image\/png\" \/>\n<meta name=\"twitter:card\" content=\"summary_large_image\" \/>\n<script type=\"application\/ld+json\" class=\"yoast-schema-graph\">{\"@context\":\"https:\/\/schema.org\",\"@graph\":[{\"@type\":\"WebPage\",\"@id\":\"https:\/\/laserelectronique.com\/?product=tres-grande-valise-etanche-75-x-45-x-28-cm\",\"url\":\"https:\/\/laserelectronique.com\/?product=tres-grande-valise-etanche-75-x-45-x-28-cm\",\"name\":\"Tr\u00e8s grande valise \u00e9tanche V754828 75 x 48 x 28 cm - LASER ELECTRONIQUE TP\",\"isPartOf\":{\"@id\":\"https:\/\/laserelectronique.com\/#website\"},\"primaryImageOfPage\":{\"@id\":\"https:\/\/laserelectronique.com\/?product=tres-grande-valise-etanche-75-x-45-x-28-cm#primaryimage\"},\"image\":{\"@id\":\"https:\/\/laserelectronique.com\/?product=tres-grande-valise-etanche-75-x-45-x-28-cm#primaryimage\"},\"thumbnailUrl\":\"https:\/\/laserelectronique.com\/wp-content\/uploads\/2017\/11\/V75X48X28.png\",\"datePublished\":\"2017-11-24T13:03:31+00:00\",\"dateModified\":\"2023-02-16T09:36:07+00:00\",\"breadcrumb\":{\"@id\":\"https:\/\/laserelectronique.com\/?product=tres-grande-valise-etanche-75-x-45-x-28-cm#breadcrumb\"},\"inLanguage\":\"fr-FR\",\"potentialAction\":[{\"@type\":\"ReadAction\",\"target\":[\"https:\/\/laserelectronique.com\/?product=tres-grande-valise-etanche-75-x-45-x-28-cm\"]}]},{\"@type\":\"ImageObject\",\"inLanguage\":\"fr-FR\",\"@id\":\"https:\/\/laserelectronique.com\/?product=tres-grande-valise-etanche-75-x-45-x-28-cm#primaryimage\",\"url\":\"https:\/\/laserelectronique.com\/wp-content\/uploads\/2017\/11\/V75X48X28.png\",\"contentUrl\":\"https:\/\/laserelectronique.com\/wp-content\/uploads\/2017\/11\/V75X48X28.png\",\"width\":560,\"height\":560},{\"@type\":\"BreadcrumbList\",\"@id\":\"https:\/\/laserelectronique.com\/?product=tres-grande-valise-etanche-75-x-45-x-28-cm#breadcrumb\",\"itemListElement\":[{\"@type\":\"ListItem\",\"position\":1,\"name\":\"Accueil\",\"item\":\"https:\/\/laserelectronique.com\/\"},{\"@type\":\"ListItem\",\"position\":2,\"name\":\"Boutique\",\"item\":\"https:\/\/laserelectronique.com\/?page_id=7\"},{\"@type\":\"ListItem\",\"position\":3,\"name\":\"Tr\u00e8s grande valise \u00e9tanche V754828 75 x 48 x 28 cm\"}]},{\"@type\":\"WebSite\",\"@id\":\"https:\/\/laserelectronique.com\/#website\",\"url\":\"https:\/\/laserelectronique.com\/\",\"name\":\"LASER ELECTRONIQUE TP\",\"description\":\"VOTRE PARTENAIRE EN GUIDAGE D&#039;ENGINS, TOPOGRAPHIE ET SERVICES\",\"potentialAction\":[{\"@type\":\"SearchAction\",\"target\":{\"@type\":\"EntryPoint\",\"urlTemplate\":\"https:\/\/laserelectronique.com\/?s={search_term_string}\"},\"query-input\":{\"@type\":\"PropertyValueSpecification\",\"valueRequired\":true,\"valueName\":\"search_term_string\"}}],\"inLanguage\":\"fr-FR\"}]}<\/script>\n<!-- \/ Yoast SEO plugin. -->","yoast_head_json":{"title":"Tr\u00e8s grande valise \u00e9tanche V754828 75 x 48 x 28 cm - LASER ELECTRONIQUE TP","robots":{"index":"index","follow":"follow","max-snippet":"max-snippet:-1","max-image-preview":"max-image-preview:large","max-video-preview":"max-video-preview:-1"},"canonical":"https:\/\/laserelectronique.com\/?product=tres-grande-valise-etanche-75-x-45-x-28-cm","og_locale":"fr_FR","og_type":"article","og_title":"Tr\u00e8s grande valise \u00e9tanche V754828 75 x 48 x 28 cm - LASER ELECTRONIQUE TP","og_description":"Tr\u00e8s grande valise \u00e0 roulettes pour prot\u00e9ger votre mat\u00e9riel tel que tableau principal de finisseur Conception et fabrication Europ\u00e9enne \u00e9tanche\u00a0IP67\u00a0 Mousse alv\u00e9ol\u00e9e dans le couvercle 60 mm et 4 mousses&hellip;","og_url":"https:\/\/laserelectronique.com\/?product=tres-grande-valise-etanche-75-x-45-x-28-cm","og_site_name":"LASER ELECTRONIQUE TP","article_modified_time":"2023-02-16T09:36:07+00:00","og_image":[{"width":560,"height":560,"url":"https:\/\/laserelectronique.com\/wp-content\/uploads\/2017\/11\/V75X48X28.png","type":"image\/png"}],"twitter_card":"summary_large_image","schema":{"@context":"https:\/\/schema.org","@graph":[{"@type":"WebPage","@id":"https:\/\/laserelectronique.com\/?product=tres-grande-valise-etanche-75-x-45-x-28-cm","url":"https:\/\/laserelectronique.com\/?product=tres-grande-valise-etanche-75-x-45-x-28-cm","name":"Tr\u00e8s grande valise \u00e9tanche V754828 75 x 48 x 28 cm - LASER ELECTRONIQUE TP","isPartOf":{"@id":"https:\/\/laserelectronique.com\/#website"},"primaryImageOfPage":{"@id":"https:\/\/laserelectronique.com\/?product=tres-grande-valise-etanche-75-x-45-x-28-cm#primaryimage"},"image":{"@id":"https:\/\/laserelectronique.com\/?product=tres-grande-valise-etanche-75-x-45-x-28-cm#primaryimage"},"thumbnailUrl":"https:\/\/laserelectronique.com\/wp-content\/uploads\/2017\/11\/V75X48X28.png","datePublished":"2017-11-24T13:03:31+00:00","dateModified":"2023-02-16T09:36:07+00:00","breadcrumb":{"@id":"https:\/\/laserelectronique.com\/?product=tres-grande-valise-etanche-75-x-45-x-28-cm#breadcrumb"},"inLanguage":"fr-FR","potentialAction":[{"@type":"ReadAction","target":["https:\/\/laserelectronique.com\/?product=tres-grande-valise-etanche-75-x-45-x-28-cm"]}]},{"@type":"ImageObject","inLanguage":"fr-FR","@id":"https:\/\/laserelectronique.com\/?product=tres-grande-valise-etanche-75-x-45-x-28-cm#primaryimage","url":"https:\/\/laserelectronique.com\/wp-content\/uploads\/2017\/11\/V75X48X28.png","contentUrl":"https:\/\/laserelectronique.com\/wp-content\/uploads\/2017\/11\/V75X48X28.png","width":560,"height":560},{"@type":"BreadcrumbList","@id":"https:\/\/laserelectronique.com\/?product=tres-grande-valise-etanche-75-x-45-x-28-cm#breadcrumb","itemListElement":[{"@type":"ListItem","position":1,"name":"Accueil","item":"https:\/\/laserelectronique.com\/"},{"@type":"ListItem","position":2,"name":"Boutique","item":"https:\/\/laserelectronique.com\/?page_id=7"},{"@type":"ListItem","position":3,"name":"Tr\u00e8s grande valise \u00e9tanche V754828 75 x 48 x 28 cm"}]},{"@type":"WebSite","@id":"https:\/\/laserelectronique.com\/#website","url":"https:\/\/laserelectronique.com\/","name":"LASER ELECTRONIQUE TP","description":"VOTRE PARTENAIRE EN GUIDAGE D&#039;ENGINS, TOPOGRAPHIE ET SERVICES","potentialAction":[{"@type":"SearchAction","target":{"@type":"EntryPoint","urlTemplate":"https:\/\/laserelectronique.com\/?s={search_term_string}"},"query-input":{"@type":"PropertyValueSpecification","valueRequired":true,"valueName":"search_term_string"}}],"inLanguage":"fr-FR"}]}},"_links":{"self":[{"href":"https:\/\/laserelectronique.com\/index.php?rest_route=\/wp\/v2\/product\/1046","targetHints":{"allow":["GET"]}}],"collection":[{"href":"https:\/\/laserelectronique.com\/index.php?rest_route=\/wp\/v2\/product"}],"about":[{"href":"https:\/\/laserelectronique.com\/index.php?rest_route=\/wp\/v2\/types\/product"}],"replies":[{"embeddable":true,"href":"https:\/\/laserelectronique.com\/index.php?rest_route=%2Fwp%2Fv2%2Fcomments&post=1046"}],"wp:featuredmedia":[{"embeddable":true,"href":"https:\/\/laserelectronique.com\/index.php?rest_route=\/wp\/v2\/media\/1047"}],"wp:attachment":[{"href":"https:\/\/laserelectronique.com\/index.php?rest_route=%2Fwp%2Fv2%2Fmedia&parent=1046"}],"wp:term":[{"taxonomy":"product_cat","embeddable":true,"href":"https:\/\/laserelectronique.com\/index.php?rest_route=%2Fwp%2Fv2%2Fproduct_cat&post=1046"},{"taxonomy":"product_tag","embeddable":true,"href":"https:\/\/laserelectronique.com\/index.php?rest_route=%2Fwp%2Fv2%2Fproduct_tag&post=1046"}],"curies":[{"name":"wp","href":"https:\/\/api.w.org\/{rel}","templated":true}]}}