{"id":1026,"date":"2017-11-24T09:59:33","date_gmt":"2017-11-24T08:59:33","guid":{"rendered":"http:\/\/laserins.fr\/?post_type=product&#038;p=1026"},"modified":"2022-07-27T11:31:36","modified_gmt":"2022-07-27T09:31:36","slug":"bs8000","status":"publish","type":"product","link":"https:\/\/laserelectronique.com\/?product=bs8000","title":{"rendered":"Radar de recul pour engin tp programmable 30 m"},"content":{"rendered":"<p><strong>Radar de recul programmable<\/strong><\/p>\n<p><strong>Longueur de d\u00e9tection 3 \u00e0 30 m en 5 zones configurables<\/strong><\/p>\n<p><strong>Largeur de d\u00e9tection 2 \u00e0 10 m sur 4 bandes r\u00e9glables<\/strong><\/p>\n<p><strong>D\u00e9finition de zones aveugles<\/strong><\/p>\n<p><strong>Distance d\u2019activation de l\u2019avertisseur sonore r\u00e9glable <\/strong><\/p>\n<p><strong>Logiciel convivial sur pc sous windows7 et 8 <\/strong><\/p>\n<p><strong>Chargement sur display par c\u00e2ble usb<\/strong><\/p>\n<p><strong>Volume de l\u2019avertisseur r\u00e9glable 65 \u00e0 90dB <\/strong><\/p>\n<p><strong>Alimentation 12-24V consommation 8W<\/strong><\/p>\n<p><strong>1 entr\u00e9e d\u2019activation + 1 sortie de d\u00e9clanchement<\/strong><\/p>\n<p><strong>Fonction d&rsquo;autodiagnostic<\/strong><\/p>\n<p><strong>Capteur nettoyable \u00e0 la vapeur et \u00e0 la pression.<\/strong><\/p>\n<h3><strong>Document produit<\/strong>:<\/h3>\n<p><a href=\"http:\/\/laserins.fr\/wp-content\/uploads\/2017\/11\/DOC-RADAR-laserins.pdf\">DOC RADAR laserins<\/a><\/p>\n<p><a href=\"http:\/\/laserins.fr\/wp-content\/uploads\/2017\/11\/RADAR-DOCCOMPLETElaserins.pdf\">RADAR DOCCOMPLETElaserins<\/a><\/p>\n<p><iframe loading=\"lazy\" title=\"Backsense\u00ae D\u00e9tection d\u2019obstacles par radar - Fran\u00e7ais\" width=\"840\" height=\"473\" src=\"https:\/\/www.youtube.com\/embed\/6Il1qNTfWFA?start=99&#038;feature=oembed\" frameborder=\"0\" allow=\"accelerometer; autoplay; clipboard-write; encrypted-media; gyroscope; picture-in-picture\" allowfullscreen><\/iframe><\/p>\n","protected":false},"excerpt":{"rendered":"<p>Programmable:<\/p>\n<p>Longueur de d\u00e9tection 3 \u00e0 30 m en 5 zones configurables<\/p>\n<p>Largeur de d\u00e9tection 2 \u00e0 10m.\u00a0 4 bandes r\u00e9glable<\/p>\n","protected":false},"featured_media":1028,"comment_status":"closed","ping_status":"closed","template":"","meta":[],"product_cat":[12,57],"product_tag":[],"class_list":{"0":"post-1026","1":"product","2":"type-product","3":"status-publish","4":"has-post-thumbnail","6":"product_cat-rouleaux","7":"product_cat-securite-et-mesures","8":"","10":"first","11":"instock","12":"taxable","13":"shipping-taxable","14":"product-type-simple"},"yoast_head":"<!-- This site is optimized with the Yoast SEO plugin v24.7 - https:\/\/yoast.com\/wordpress\/plugins\/seo\/ -->\n<title>Radar de recul pour engin tp programmable 30 m - LASER ELECTRONIQUE TP<\/title>\n<meta name=\"robots\" content=\"index, follow, max-snippet:-1, max-image-preview:large, max-video-preview:-1\" \/>\n<link rel=\"canonical\" href=\"https:\/\/laserelectronique.com\/?product=bs8000\" \/>\n<meta property=\"og:locale\" content=\"fr_FR\" \/>\n<meta property=\"og:type\" content=\"article\" \/>\n<meta property=\"og:title\" content=\"Radar de recul pour engin tp programmable 30 m - LASER ELECTRONIQUE TP\" \/>\n<meta property=\"og:description\" content=\"Programmable:  Longueur de d\u00e9tection 3 \u00e0 30 m en 5 zones configurables  Largeur de d\u00e9tection 2 \u00e0 10m.\u00a0 4 bandes r\u00e9glable\" \/>\n<meta property=\"og:url\" content=\"https:\/\/laserelectronique.com\/?product=bs8000\" \/>\n<meta property=\"og:site_name\" content=\"LASER ELECTRONIQUE TP\" \/>\n<meta property=\"article:modified_time\" content=\"2022-07-27T09:31:36+00:00\" \/>\n<meta property=\"og:image\" content=\"https:\/\/laserelectronique.com\/wp-content\/uploads\/2017\/11\/Radar-Display-2.png\" \/>\n\t<meta property=\"og:image:width\" content=\"547\" \/>\n\t<meta property=\"og:image:height\" content=\"547\" \/>\n\t<meta property=\"og:image:type\" content=\"image\/png\" \/>\n<meta name=\"twitter:card\" content=\"summary_large_image\" \/>\n<script type=\"application\/ld+json\" class=\"yoast-schema-graph\">{\"@context\":\"https:\/\/schema.org\",\"@graph\":[{\"@type\":\"WebPage\",\"@id\":\"https:\/\/laserelectronique.com\/?product=bs8000\",\"url\":\"https:\/\/laserelectronique.com\/?product=bs8000\",\"name\":\"Radar de recul pour engin tp programmable 30 m - LASER ELECTRONIQUE TP\",\"isPartOf\":{\"@id\":\"https:\/\/laserelectronique.com\/#website\"},\"primaryImageOfPage\":{\"@id\":\"https:\/\/laserelectronique.com\/?product=bs8000#primaryimage\"},\"image\":{\"@id\":\"https:\/\/laserelectronique.com\/?product=bs8000#primaryimage\"},\"thumbnailUrl\":\"https:\/\/laserelectronique.com\/wp-content\/uploads\/2017\/11\/Radar-Display-2.png\",\"datePublished\":\"2017-11-24T08:59:33+00:00\",\"dateModified\":\"2022-07-27T09:31:36+00:00\",\"breadcrumb\":{\"@id\":\"https:\/\/laserelectronique.com\/?product=bs8000#breadcrumb\"},\"inLanguage\":\"fr-FR\",\"potentialAction\":[{\"@type\":\"ReadAction\",\"target\":[\"https:\/\/laserelectronique.com\/?product=bs8000\"]}]},{\"@type\":\"ImageObject\",\"inLanguage\":\"fr-FR\",\"@id\":\"https:\/\/laserelectronique.com\/?product=bs8000#primaryimage\",\"url\":\"https:\/\/laserelectronique.com\/wp-content\/uploads\/2017\/11\/Radar-Display-2.png\",\"contentUrl\":\"https:\/\/laserelectronique.com\/wp-content\/uploads\/2017\/11\/Radar-Display-2.png\",\"width\":547,\"height\":547},{\"@type\":\"BreadcrumbList\",\"@id\":\"https:\/\/laserelectronique.com\/?product=bs8000#breadcrumb\",\"itemListElement\":[{\"@type\":\"ListItem\",\"position\":1,\"name\":\"Accueil\",\"item\":\"https:\/\/laserelectronique.com\/\"},{\"@type\":\"ListItem\",\"position\":2,\"name\":\"Boutique\",\"item\":\"https:\/\/laserelectronique.com\/?page_id=7\"},{\"@type\":\"ListItem\",\"position\":3,\"name\":\"Radar de recul pour engin tp programmable 30 m\"}]},{\"@type\":\"WebSite\",\"@id\":\"https:\/\/laserelectronique.com\/#website\",\"url\":\"https:\/\/laserelectronique.com\/\",\"name\":\"LASER ELECTRONIQUE TP\",\"description\":\"VOTRE PARTENAIRE EN GUIDAGE D&#039;ENGINS, TOPOGRAPHIE ET SERVICES\",\"potentialAction\":[{\"@type\":\"SearchAction\",\"target\":{\"@type\":\"EntryPoint\",\"urlTemplate\":\"https:\/\/laserelectronique.com\/?s={search_term_string}\"},\"query-input\":{\"@type\":\"PropertyValueSpecification\",\"valueRequired\":true,\"valueName\":\"search_term_string\"}}],\"inLanguage\":\"fr-FR\"}]}<\/script>\n<!-- \/ Yoast SEO plugin. -->","yoast_head_json":{"title":"Radar de recul pour engin tp programmable 30 m - LASER ELECTRONIQUE TP","robots":{"index":"index","follow":"follow","max-snippet":"max-snippet:-1","max-image-preview":"max-image-preview:large","max-video-preview":"max-video-preview:-1"},"canonical":"https:\/\/laserelectronique.com\/?product=bs8000","og_locale":"fr_FR","og_type":"article","og_title":"Radar de recul pour engin tp programmable 30 m - LASER ELECTRONIQUE TP","og_description":"Programmable:  Longueur de d\u00e9tection 3 \u00e0 30 m en 5 zones configurables  Largeur de d\u00e9tection 2 \u00e0 10m.\u00a0 4 bandes r\u00e9glable","og_url":"https:\/\/laserelectronique.com\/?product=bs8000","og_site_name":"LASER ELECTRONIQUE TP","article_modified_time":"2022-07-27T09:31:36+00:00","og_image":[{"width":547,"height":547,"url":"https:\/\/laserelectronique.com\/wp-content\/uploads\/2017\/11\/Radar-Display-2.png","type":"image\/png"}],"twitter_card":"summary_large_image","schema":{"@context":"https:\/\/schema.org","@graph":[{"@type":"WebPage","@id":"https:\/\/laserelectronique.com\/?product=bs8000","url":"https:\/\/laserelectronique.com\/?product=bs8000","name":"Radar de recul pour engin tp programmable 30 m - LASER ELECTRONIQUE TP","isPartOf":{"@id":"https:\/\/laserelectronique.com\/#website"},"primaryImageOfPage":{"@id":"https:\/\/laserelectronique.com\/?product=bs8000#primaryimage"},"image":{"@id":"https:\/\/laserelectronique.com\/?product=bs8000#primaryimage"},"thumbnailUrl":"https:\/\/laserelectronique.com\/wp-content\/uploads\/2017\/11\/Radar-Display-2.png","datePublished":"2017-11-24T08:59:33+00:00","dateModified":"2022-07-27T09:31:36+00:00","breadcrumb":{"@id":"https:\/\/laserelectronique.com\/?product=bs8000#breadcrumb"},"inLanguage":"fr-FR","potentialAction":[{"@type":"ReadAction","target":["https:\/\/laserelectronique.com\/?product=bs8000"]}]},{"@type":"ImageObject","inLanguage":"fr-FR","@id":"https:\/\/laserelectronique.com\/?product=bs8000#primaryimage","url":"https:\/\/laserelectronique.com\/wp-content\/uploads\/2017\/11\/Radar-Display-2.png","contentUrl":"https:\/\/laserelectronique.com\/wp-content\/uploads\/2017\/11\/Radar-Display-2.png","width":547,"height":547},{"@type":"BreadcrumbList","@id":"https:\/\/laserelectronique.com\/?product=bs8000#breadcrumb","itemListElement":[{"@type":"ListItem","position":1,"name":"Accueil","item":"https:\/\/laserelectronique.com\/"},{"@type":"ListItem","position":2,"name":"Boutique","item":"https:\/\/laserelectronique.com\/?page_id=7"},{"@type":"ListItem","position":3,"name":"Radar de recul pour engin tp programmable 30 m"}]},{"@type":"WebSite","@id":"https:\/\/laserelectronique.com\/#website","url":"https:\/\/laserelectronique.com\/","name":"LASER ELECTRONIQUE TP","description":"VOTRE PARTENAIRE EN GUIDAGE D&#039;ENGINS, TOPOGRAPHIE ET SERVICES","potentialAction":[{"@type":"SearchAction","target":{"@type":"EntryPoint","urlTemplate":"https:\/\/laserelectronique.com\/?s={search_term_string}"},"query-input":{"@type":"PropertyValueSpecification","valueRequired":true,"valueName":"search_term_string"}}],"inLanguage":"fr-FR"}]}},"_links":{"self":[{"href":"https:\/\/laserelectronique.com\/index.php?rest_route=\/wp\/v2\/product\/1026","targetHints":{"allow":["GET"]}}],"collection":[{"href":"https:\/\/laserelectronique.com\/index.php?rest_route=\/wp\/v2\/product"}],"about":[{"href":"https:\/\/laserelectronique.com\/index.php?rest_route=\/wp\/v2\/types\/product"}],"replies":[{"embeddable":true,"href":"https:\/\/laserelectronique.com\/index.php?rest_route=%2Fwp%2Fv2%2Fcomments&post=1026"}],"wp:featuredmedia":[{"embeddable":true,"href":"https:\/\/laserelectronique.com\/index.php?rest_route=\/wp\/v2\/media\/1028"}],"wp:attachment":[{"href":"https:\/\/laserelectronique.com\/index.php?rest_route=%2Fwp%2Fv2%2Fmedia&parent=1026"}],"wp:term":[{"taxonomy":"product_cat","embeddable":true,"href":"https:\/\/laserelectronique.com\/index.php?rest_route=%2Fwp%2Fv2%2Fproduct_cat&post=1026"},{"taxonomy":"product_tag","embeddable":true,"href":"https:\/\/laserelectronique.com\/index.php?rest_route=%2Fwp%2Fv2%2Fproduct_tag&post=1026"}],"curies":[{"name":"wp","href":"https:\/\/api.w.org\/{rel}","templated":true}]}}