{"id":928,"date":"2017-10-17T23:25:56","date_gmt":"2017-10-17T21:25:56","guid":{"rendered":"http:\/\/laserins.fr\/?page_id=928"},"modified":"2024-09-16T22:39:38","modified_gmt":"2024-09-16T20:39:38","slug":"mentions-legales","status":"publish","type":"page","link":"https:\/\/laserelectronique.com\/?page_id=928","title":{"rendered":"Mentions l\u00e9gales"},"content":{"rendered":"<section class=\"wpb-content-wrapper\"><h4>[vc_row][vc_column][vc_column_text]<strong>IDENTIFICATION DU SITE<\/strong><\/h4>\n<p><strong> Les informations suivantes sont fournies en vertu de l\u2019Article 6 de LOI n\u00b0 2004-575 du 21 juin 2004 pour la\u00a0Confiance dans l&rsquo;Economie Num\u00e9rique <\/strong><\/p>\n<p><strong>Le site Internet \u00ab\u00a0LASER ELECTRONIQUE TP\u00a0\u00bb est \u00e9dit\u00e9 et exploit\u00e9 par son propri\u00e9taire :<\/strong><\/p>\n<p><strong>EURL LASER INS<\/strong><br \/>\n<strong> 24-28, Avenue Graham Bell<\/strong><br \/>\n<strong> 77600 Bussy Saint Georges &#8211; France<\/strong><br \/>\n<strong> T\u00e9l. : +33 1 64 76 83 35<\/strong><br \/>\n<strong> contact : contact@laserins.fr<\/strong><br \/>\n<strong> RCS Meaux 404 445 595<\/strong><\/p>\n<p><strong>Le site Internet \u00ab\u00a0LASER ELECTRONIQUE TP\u00a0\u00bb est h\u00e9berg\u00e9 par : OVH.<\/strong><\/p>\n<p><strong>Directeur de publication: Charles NGUYEN , charles.nguyen@laserins.fr<\/strong><\/p>\n<p>&nbsp;<\/p>\n<h4><strong>CONDITIONS D&rsquo;UTILISATION<\/strong><\/h4>\n<h4><strong>ACCEPTATION DES CONDITIONS D\u2019UTILISATION<\/strong><\/h4>\n<p><strong>L&rsquo;Editeur du Site d\u00e9tient et exploite ce site. Son utilisation implique que vous acceptez l\u2019ensemble des termes, conditions et notifications contenus et cit\u00e9s dans ce document. Ces conditions g\u00e9n\u00e9rales d\u2019utilisation ne s\u2019appliquent \u00e0 tout le contenu et \u00e0 tous les \u00e9l\u00e9ments disponibles sur le site et \u00e0 aucun site tiers.<\/strong><\/p>\n<p><strong>Si vous n\u2019acceptez pas ces conditions d\u2019utilisation, n\u2019utilisez pas ce site. Nous nous r\u00e9servons le droit, \u00e0 notre discr\u00e9tion, de modifier ces conditions d\u2019utilisation. Par cons\u00e9quent, veuillez v\u00e9rifier r\u00e9guli\u00e8rement ces derni\u00e8res.<\/strong><\/p>\n<p><strong>En continuant \u00e0 utiliser le site apr\u00e8s publication de modifications, vous acceptez automatiquement celles-ci.<\/strong><\/p>\n<h4><strong>DROITS DE PROPRIETE<\/strong><\/h4>\n<p><strong>Vous reconnaissez et acceptez que l\u2019ensemble du contenu et des \u00e9l\u00e9ments disponibles sur ce site soit exclusivement d\u00e9tenus et contr\u00f4l\u00e9s par l\u2019Editeur du Site.<\/strong><\/p>\n<p><strong>De plus, lorsque vous utilisez un contenu et des \u00e9l\u00e9ments sous licence d\u2019un tiers, il est possible que vous soyez li\u00e9 par les contrats de licence de ce dernier. Lorsque vous recevez des informations provenant d\u2019un tiers, l\u2019identit\u00e9 de celui-ci vous est indiqu\u00e9e par un logo ou par une autre indication.<\/strong><\/p>\n<h4><strong>EXCLUSION DE GARANTIE<\/strong><\/h4>\n<p><strong>Tout contenu est propre au site LASER ELECTRONIQUE TP. Ce site peut contenir des inexactitudes techniques ou des erreurs typographiques. L\u2019\u00e9diteur du site se r\u00e9serve le droit de modifier ou de supprimer toute information ou contenu apparaissant sur ce site sans avis pr\u00e9alable.<\/strong><\/p>\n<p><strong>Ni l\u2019\u00e9diteur du site, ni ses fournisseurs de contenu, ni la soci\u00e9t\u00e9 prestataire des services Internet contribuant \u00e0 faire fonctionner ce site web, garantissent son contenu.<\/strong><\/p>\n<p><strong>L\u2019utilisateur assume tous les risques d\u2019utilisation. Aucune responsabilit\u00e9 n\u2019incombe \u00e0 l\u2019\u00e9diteur du site, \u00e0 ses fournisseurs, ou ses prestataires de services, quant \u00e0 l\u2019utilisation des \u00e9l\u00e9ments d\u2019information contenus dans ce site.<\/strong><\/p>\n<h4><strong>CONFIDENTIALITE DES DONNEES PERSONNELLES<\/strong><\/h4>\n<p><strong>L\u2019\u00e9diteur du site a pour principe de prot\u00e9ger la vie priv\u00e9e de ses utilisateurs. Pour toute information sur la protection des donn\u00e9es personnelles, vous pouvez consulter le site de la Commission Informatique et Libert\u00e9 <a href=\"http:\/\/www.cnil.fr\">www.cnil.fr<\/a><\/strong><\/p>\n<p><strong>Les informations transmises par l\u2019utilisateur sur le site, si elles sont consid\u00e9r\u00e9es inacceptables ou en infraction avec les pr\u00e9sentes conditions d\u2019utilisation peuvent \u00eatre supprim\u00e9es sans pr\u00e9avis par LASER ELECTRONIQUE TP.<\/strong><\/p>\n<p><strong>En outre, vous ne devez pas utiliser le site dans le but de recueillir des informations personnelles, notamment des adresses Internet, concernant d\u2019autres utilisateurs du site.<\/strong><\/p>\n<h4><strong>COPYRIGHT ET MARQUES DEPOSEES<\/strong><\/h4>\n<p><strong>LASER ELECRONIQUE TP. Tous droits r\u00e9serv\u00e9s.<\/strong><\/p>\n<p><strong>Tout \u00e9l\u00e9ment pr\u00e9sent sur le site est susceptible d\u2019\u00eatre prot\u00e9g\u00e9 par un droit de propri\u00e9t\u00e9 intellectuelle et toute reproduction constituerait une contrefa\u00e7on au sens des articles L335-2 et suivants du Code de la Propri\u00e9t\u00e9 Intellectuelle, sauf pour un usage strictement personnel et priv\u00e9.<\/strong><\/p>\n<p><strong>Le nom LASER ELECTRONIQUE TP, son logo, ainsi que tous les noms de produits et de services, dessins marques et slogans s\u2019y rapportant sont des marques d\u00e9pos\u00e9es, marques de service ou marques commerciales d\u00e9pos\u00e9es de l\u2019\u00e9diteur du Site. Ils ne peuvent pas \u00eatre utilis\u00e9s \u00e0 des fins commerciales sans consentement pr\u00e9alable. Toutes les autres marques de produits et de services de ce site sont des marques d\u00e9pos\u00e9es de leurs propri\u00e9taires respectifs.<\/strong><\/p>\n<p><strong>Vous vous engagez \u00e0 ne jamais utiliser le contenu ou les \u00e9l\u00e9ments disponibles sur le site dans un quelconque but commercial. La r\u00e9cup\u00e9ration de donn\u00e9es depuis ce site sans l\u2019autorisation de l&rsquo;\u00e9diteur du site est interdite.<\/strong><\/p>\n<p><strong>Tout lien hypertexte provenant d\u2019un site tiers et aboutissant sur ce site n\u00e9cessite l\u2019accord pr\u00e9alable de l\u2019\u00e9diteur du site.<\/strong><\/p>\n<h4><strong>INDEMNISATION<\/strong><\/h4>\n<p><strong>Vous vous engagez \u00e0 indemniser l\u2019\u00e9diteur du site et ses partenaires en cas de mise en cause de leur responsabilit\u00e9, ainsi que de r\u00e9clamations et frais (dont honoraires d\u2019avocat) d\u00e9coulant de votre mauvaise utilisation de ce site.<\/strong><\/p>\n<h4><strong>LOI APPLICABLE ET TRIBUNAL COMPETENT<\/strong><\/h4>\n<p><strong>Vous n\u2019\u00eates pas autoris\u00e9 \u00e0 utiliser le site ou ses services \u00e0 des fins ill\u00e9gales.<\/strong><\/p>\n<p><strong>Ces conditions d\u2019utilisation seront r\u00e9gies et interpr\u00e9t\u00e9es par les lois Fran\u00e7aises. Les contrats de licence r\u00e9gissant votre utilisation d\u2019\u00e9l\u00e9ments tiers sur le site peuvent contenir des dispositions exigeant l\u2019intervention de tribunaux \u00e9trangers pour la r\u00e9solution de litiges li\u00e9s \u00e0 ces contrats.<\/strong><\/p>\n<h4><strong>RECLAMATION POUR CONTREFA\u00c7ON, CONTACT<\/strong><\/h4>\n<p><strong>Si vous estimez que votre travail a \u00e9t\u00e9 copi\u00e9 et qu\u2019il est accessible sur ce site d\u2019une mani\u00e8re constituant une contrefa\u00e7on, une violation de droit d&rsquo;auteur, une violation de droit de marque, vous pouvez le signaler au directeur de publication.<\/strong><\/p>\n<p><strong>Pour obtenir davantage d\u2019informations relatives aux questions juridiques contenues dans ces conditions d\u2019utilisation, ou \u00e0 des questions ou probl\u00e8mes concernant ce service, veuillez \u00e9crire en utilisant le formulaire de contact mis \u00e0 votre disposition sur ce site.[\/vc_column_text][\/vc_column][\/vc_row]<\/strong><\/p>\n<\/section>","protected":false},"excerpt":{"rendered":"<p>[vc_row][vc_column][vc_column_text]IDENTIFICATION DU SITE Les informations suivantes sont fournies en vertu de l\u2019Article 6 de LOI n\u00b0 2004-575 du 21 juin 2004 pour la\u00a0Confiance dans l&rsquo;Economie Num\u00e9rique Le site Internet \u00ab\u00a0LASER&hellip;<\/p>\n","protected":false},"author":2,"featured_media":0,"parent":0,"menu_order":0,"comment_status":"closed","ping_status":"closed","template":"","meta":{"footnotes":""},"class_list":["post-928","page","type-page","status-publish","hentry","no-thumb"],"yoast_head":"<!-- This site is optimized with the Yoast SEO plugin v24.7 - https:\/\/yoast.com\/wordpress\/plugins\/seo\/ -->\n<title>Mentions l\u00e9gales - LASER ELECTRONIQUE TP<\/title>\n<meta name=\"robots\" content=\"index, follow, max-snippet:-1, max-image-preview:large, max-video-preview:-1\" \/>\n<link rel=\"canonical\" href=\"https:\/\/laserelectronique.com\/?page_id=928\" \/>\n<meta property=\"og:locale\" content=\"fr_FR\" \/>\n<meta property=\"og:type\" content=\"article\" \/>\n<meta property=\"og:title\" content=\"Mentions l\u00e9gales - LASER ELECTRONIQUE TP\" \/>\n<meta property=\"og:description\" content=\"[vc_row][vc_column][vc_column_text]IDENTIFICATION DU SITE Les informations suivantes sont fournies en vertu de l\u2019Article 6 de LOI n\u00b0 2004-575 du 21 juin 2004 pour la\u00a0Confiance dans l&rsquo;Economie Num\u00e9rique Le site Internet \u00ab\u00a0LASER&hellip;\" \/>\n<meta property=\"og:url\" content=\"https:\/\/laserelectronique.com\/?page_id=928\" \/>\n<meta property=\"og:site_name\" content=\"LASER ELECTRONIQUE TP\" \/>\n<meta property=\"article:modified_time\" content=\"2024-09-16T20:39:38+00:00\" \/>\n<meta name=\"twitter:card\" content=\"summary_large_image\" \/>\n<meta name=\"twitter:label1\" content=\"Dur\u00e9e de lecture estim\u00e9e\" \/>\n\t<meta name=\"twitter:data1\" content=\"5 minutes\" \/>\n<script type=\"application\/ld+json\" class=\"yoast-schema-graph\">{\"@context\":\"https:\/\/schema.org\",\"@graph\":[{\"@type\":\"WebPage\",\"@id\":\"https:\/\/laserelectronique.com\/?page_id=928\",\"url\":\"https:\/\/laserelectronique.com\/?page_id=928\",\"name\":\"Mentions l\u00e9gales - LASER ELECTRONIQUE TP\",\"isPartOf\":{\"@id\":\"https:\/\/laserelectronique.com\/#website\"},\"datePublished\":\"2017-10-17T21:25:56+00:00\",\"dateModified\":\"2024-09-16T20:39:38+00:00\",\"breadcrumb\":{\"@id\":\"https:\/\/laserelectronique.com\/?page_id=928#breadcrumb\"},\"inLanguage\":\"fr-FR\",\"potentialAction\":[{\"@type\":\"ReadAction\",\"target\":[\"https:\/\/laserelectronique.com\/?page_id=928\"]}]},{\"@type\":\"BreadcrumbList\",\"@id\":\"https:\/\/laserelectronique.com\/?page_id=928#breadcrumb\",\"itemListElement\":[{\"@type\":\"ListItem\",\"position\":1,\"name\":\"Accueil\",\"item\":\"https:\/\/laserelectronique.com\/\"},{\"@type\":\"ListItem\",\"position\":2,\"name\":\"Mentions l\u00e9gales\"}]},{\"@type\":\"WebSite\",\"@id\":\"https:\/\/laserelectronique.com\/#website\",\"url\":\"https:\/\/laserelectronique.com\/\",\"name\":\"LASER ELECTRONIQUE TP\",\"description\":\"VOTRE PARTENAIRE EN GUIDAGE D&#039;ENGINS, TOPOGRAPHIE ET SERVICES\",\"potentialAction\":[{\"@type\":\"SearchAction\",\"target\":{\"@type\":\"EntryPoint\",\"urlTemplate\":\"https:\/\/laserelectronique.com\/?s={search_term_string}\"},\"query-input\":{\"@type\":\"PropertyValueSpecification\",\"valueRequired\":true,\"valueName\":\"search_term_string\"}}],\"inLanguage\":\"fr-FR\"}]}<\/script>\n<!-- \/ Yoast SEO plugin. -->","yoast_head_json":{"title":"Mentions l\u00e9gales - LASER ELECTRONIQUE TP","robots":{"index":"index","follow":"follow","max-snippet":"max-snippet:-1","max-image-preview":"max-image-preview:large","max-video-preview":"max-video-preview:-1"},"canonical":"https:\/\/laserelectronique.com\/?page_id=928","og_locale":"fr_FR","og_type":"article","og_title":"Mentions l\u00e9gales - LASER ELECTRONIQUE TP","og_description":"[vc_row][vc_column][vc_column_text]IDENTIFICATION DU SITE Les informations suivantes sont fournies en vertu de l\u2019Article 6 de LOI n\u00b0 2004-575 du 21 juin 2004 pour la\u00a0Confiance dans l&rsquo;Economie Num\u00e9rique Le site Internet \u00ab\u00a0LASER&hellip;","og_url":"https:\/\/laserelectronique.com\/?page_id=928","og_site_name":"LASER ELECTRONIQUE TP","article_modified_time":"2024-09-16T20:39:38+00:00","twitter_card":"summary_large_image","twitter_misc":{"Dur\u00e9e de lecture estim\u00e9e":"5 minutes"},"schema":{"@context":"https:\/\/schema.org","@graph":[{"@type":"WebPage","@id":"https:\/\/laserelectronique.com\/?page_id=928","url":"https:\/\/laserelectronique.com\/?page_id=928","name":"Mentions l\u00e9gales - LASER ELECTRONIQUE TP","isPartOf":{"@id":"https:\/\/laserelectronique.com\/#website"},"datePublished":"2017-10-17T21:25:56+00:00","dateModified":"2024-09-16T20:39:38+00:00","breadcrumb":{"@id":"https:\/\/laserelectronique.com\/?page_id=928#breadcrumb"},"inLanguage":"fr-FR","potentialAction":[{"@type":"ReadAction","target":["https:\/\/laserelectronique.com\/?page_id=928"]}]},{"@type":"BreadcrumbList","@id":"https:\/\/laserelectronique.com\/?page_id=928#breadcrumb","itemListElement":[{"@type":"ListItem","position":1,"name":"Accueil","item":"https:\/\/laserelectronique.com\/"},{"@type":"ListItem","position":2,"name":"Mentions l\u00e9gales"}]},{"@type":"WebSite","@id":"https:\/\/laserelectronique.com\/#website","url":"https:\/\/laserelectronique.com\/","name":"LASER ELECTRONIQUE TP","description":"VOTRE PARTENAIRE EN GUIDAGE D&#039;ENGINS, TOPOGRAPHIE ET SERVICES","potentialAction":[{"@type":"SearchAction","target":{"@type":"EntryPoint","urlTemplate":"https:\/\/laserelectronique.com\/?s={search_term_string}"},"query-input":{"@type":"PropertyValueSpecification","valueRequired":true,"valueName":"search_term_string"}}],"inLanguage":"fr-FR"}]}},"_links":{"self":[{"href":"https:\/\/laserelectronique.com\/index.php?rest_route=\/wp\/v2\/pages\/928","targetHints":{"allow":["GET"]}}],"collection":[{"href":"https:\/\/laserelectronique.com\/index.php?rest_route=\/wp\/v2\/pages"}],"about":[{"href":"https:\/\/laserelectronique.com\/index.php?rest_route=\/wp\/v2\/types\/page"}],"author":[{"embeddable":true,"href":"https:\/\/laserelectronique.com\/index.php?rest_route=\/wp\/v2\/users\/2"}],"replies":[{"embeddable":true,"href":"https:\/\/laserelectronique.com\/index.php?rest_route=%2Fwp%2Fv2%2Fcomments&post=928"}],"version-history":[{"count":18,"href":"https:\/\/laserelectronique.com\/index.php?rest_route=\/wp\/v2\/pages\/928\/revisions"}],"predecessor-version":[{"id":3449,"href":"https:\/\/laserelectronique.com\/index.php?rest_route=\/wp\/v2\/pages\/928\/revisions\/3449"}],"wp:attachment":[{"href":"https:\/\/laserelectronique.com\/index.php?rest_route=%2Fwp%2Fv2%2Fmedia&parent=928"}],"curies":[{"name":"wp","href":"https:\/\/api.w.org\/{rel}","templated":true}]}}