{"id":661,"date":"2017-09-28T21:25:34","date_gmt":"2017-09-28T19:25:34","guid":{"rendered":"http:\/\/laserins.fr\/?page_id=661"},"modified":"2018-12-18T09:16:33","modified_gmt":"2018-12-18T08:16:33","slug":"laser-electronique-tp","status":"publish","type":"page","link":"https:\/\/laserelectronique.com\/?page_id=661","title":{"rendered":"LASER ELECTRONIQUE TP"},"content":{"rendered":"<section class=\"wpb-content-wrapper\"><p>[vc_row full_width=\u00a0\u00bbstretch_row\u00a0\u00bb gap=\u00a0\u00bb15&Prime;][vc_column offset=\u00a0\u00bbvc_col-lg-offset-0 vc_col-sm-offset-1 vc_col-xs-offset-1&Prime;][vc_single_image image=\u00a0\u00bb1638&Prime; img_size=\u00a0\u00bb300&#215;150&Prime; alignment=\u00a0\u00bbcenter\u00a0\u00bb css_animation=\u00a0\u00bbnone\u00a0\u00bb][\/vc_column][\/vc_row][vc_row full_height=\u00a0\u00bbyes\u00a0\u00bb][vc_column offset=\u00a0\u00bbvc_col-lg-offset-1&Prime;][vc_column_text]<\/p>\n<h5 style=\"text-align: left;\"><span style=\"color: #000080;\"><a style=\"color: #000080;\" href=\"https:\/\/laserelectronique.com\" target=\"_blank\" rel=\"noopener\">LASER ELECTRONIQUE TP<img loading=\"lazy\" decoding=\"async\" class=\"wp-image-2267 alignleft\" src=\"https:\/\/laserelectronique.com\/wp-content\/uploads\/2018\/12\/Site-LETP2-1024x551.png\" alt=\"\" width=\"305\" height=\"164\" srcset=\"https:\/\/laserelectronique.com\/wp-content\/uploads\/2018\/12\/Site-LETP2-1024x551.png 1024w, https:\/\/laserelectronique.com\/wp-content\/uploads\/2018\/12\/Site-LETP2-600x323.png 600w, https:\/\/laserelectronique.com\/wp-content\/uploads\/2018\/12\/Site-LETP2-300x161.png 300w, https:\/\/laserelectronique.com\/wp-content\/uploads\/2018\/12\/Site-LETP2-768x413.png 768w, https:\/\/laserelectronique.com\/wp-content\/uploads\/2018\/12\/Site-LETP2-370x200.png 370w, https:\/\/laserelectronique.com\/wp-content\/uploads\/2018\/12\/Site-LETP2-770x414.png 770w, https:\/\/laserelectronique.com\/wp-content\/uploads\/2018\/12\/Site-LETP2.png 1088w\" sizes=\"auto, (max-width: 305px) 100vw, 305px\" \/><\/a><\/span><\/h5>\n<h5>170 Avenue Marcel Cachin<\/h5>\n<h5>69120 Vaulx en Velin<\/h5>\n<h5>France<\/h5>\n<h5>T\u00e9l\u00e9phone : 0472044189<\/h5>\n<h5><span style=\"color: #000080;\">www.laserelectronique.com<\/span><\/h5>\n<h5>LETP est un \u00e9tablissement secondaire de LASER INS sp\u00e9cialis\u00e9 en mat\u00e9riel de topographie.<\/h5>\n<h5>Agent TOPCON et GEOMAX, LETP vend, loue et r\u00e9pare le mat\u00e9riel de topographie toute marque; lunettes de vis\u00e9e, lasers, th\u00e9odolites, stations totales et gnss.<\/h5>\n<h5>LETP distribue \u00e9galement les produits LASER INS.<\/h5>\n<p>;[\/vc_column_text][\/vc_column][\/vc_row][vc_row][vc_column][vc_gmaps link=\u00a0\u00bb#E-8_JTNDaWZyYW1lJTIwc3JjJTNEJTIyaHR0cHMlM0ElMkYlMkZ3d3cuZ29vZ2xlLmNvbSUyRm1hcHMlMkZlbWJlZCUzRnBiJTNEJTIxMW0xOCUyMTFtMTIlMjExbTMlMjExZDYzNTY4LjY3NzE4NTEwMDI1NiUyMTJkNC44NTY1OTU1ODAwMjAzOTElMjEzZDQ1Ljc4MjIyMzk2OTIwMTU5JTIxMm0zJTIxMWYwJTIxMmYwJTIxM2YwJTIxM20yJTIxMWkxMDI0JTIxMmk3NjglMjE0ZjEzLjElMjEzbTMlMjExbTIlMjExczB4NDdmNGMwYmRlMTkzNGYxNSUyNTNBMHgxNDgzMjUwMzI3YjdmYjUzJTIxMnNMQVNFUiUyQkVMRUNUUk9OSVFVRSUyQlRQJTIxNWUwJTIxM20yJTIxMXNmciUyMTJzZnIlMjE0djE1NDEzNTI1OTEyMTQlMjIlMjB3aWR0aCUzRCUyMjYwMCUyMiUyMGhlaWdodCUzRCUyMjQ1MCUyMiUyMGZyYW1lYm9yZGVyJTNEJTIyMCUyMiUyMHN0eWxlJTNEJTIyYm9yZGVyJTNBMCUyMiUyMGFsbG93ZnVsbHNjcmVlbiUzRSUzQyUyRmlmcmFtZSUzRQ==\u00a0\u00bb][\/vc_column][\/vc_row]<\/p>\n<\/section>","protected":false},"excerpt":{"rendered":"<p>[vc_row full_width=\u00a0\u00bbstretch_row\u00a0\u00bb gap=\u00a0\u00bb15&Prime;][vc_column offset=\u00a0\u00bbvc_col-lg-offset-0 vc_col-sm-offset-1 vc_col-xs-offset-1&Prime;][vc_single_image image=\u00a0\u00bb1638&Prime; img_size=\u00a0\u00bb300&#215;150&Prime; alignment=\u00a0\u00bbcenter\u00a0\u00bb css_animation=\u00a0\u00bbnone\u00a0\u00bb][\/vc_column][\/vc_row][vc_row full_height=\u00a0\u00bbyes\u00a0\u00bb][vc_column offset=\u00a0\u00bbvc_col-lg-offset-1&Prime;][vc_column_text] LASER ELECTRONIQUE TP 170 Avenue Marcel Cachin 69120 Vaulx en Velin France T\u00e9l\u00e9phone : 0472044189 www.laserelectronique.com LETP est&hellip;<\/p>\n","protected":false},"author":2,"featured_media":1350,"parent":27,"menu_order":0,"comment_status":"closed","ping_status":"closed","template":"template-homepage.php","meta":{"footnotes":""},"class_list":["post-661","page","type-page","status-publish","has-post-thumbnail","hentry",""],"yoast_head":"<!-- This site is optimized with the Yoast SEO plugin v24.7 - https:\/\/yoast.com\/wordpress\/plugins\/seo\/ -->\n<title>LASER ELECTRONIQUE TP - LASER ELECTRONIQUE TP<\/title>\n<meta name=\"robots\" content=\"index, follow, max-snippet:-1, max-image-preview:large, max-video-preview:-1\" \/>\n<link rel=\"canonical\" href=\"https:\/\/laserelectronique.com\/?page_id=661\" \/>\n<meta property=\"og:locale\" content=\"fr_FR\" \/>\n<meta property=\"og:type\" content=\"article\" \/>\n<meta property=\"og:title\" content=\"LASER ELECTRONIQUE TP - LASER ELECTRONIQUE TP\" \/>\n<meta property=\"og:description\" content=\"[vc_row full_width=\u00a0\u00bbstretch_row\u00a0\u00bb gap=\u00a0\u00bb15&Prime;][vc_column offset=\u00a0\u00bbvc_col-lg-offset-0 vc_col-sm-offset-1 vc_col-xs-offset-1&Prime;][vc_single_image image=\u00a0\u00bb1638&Prime; img_size=\u00a0\u00bb300&#215;150&Prime; alignment=\u00a0\u00bbcenter\u00a0\u00bb css_animation=\u00a0\u00bbnone\u00a0\u00bb][\/vc_column][\/vc_row][vc_row full_height=\u00a0\u00bbyes\u00a0\u00bb][vc_column offset=\u00a0\u00bbvc_col-lg-offset-1&Prime;][vc_column_text] LASER ELECTRONIQUE TP 170 Avenue Marcel Cachin 69120 Vaulx en Velin France T\u00e9l\u00e9phone : 0472044189 www.laserelectronique.com LETP est&hellip;\" \/>\n<meta property=\"og:url\" content=\"https:\/\/laserelectronique.com\/?page_id=661\" \/>\n<meta property=\"og:site_name\" content=\"LASER ELECTRONIQUE TP\" \/>\n<meta property=\"article:modified_time\" content=\"2018-12-18T08:16:33+00:00\" \/>\n<meta property=\"og:image\" content=\"https:\/\/laserelectronique.com\/wp-content\/uploads\/2017\/12\/letp.png\" \/>\n\t<meta property=\"og:image:width\" content=\"640\" \/>\n\t<meta property=\"og:image:height\" content=\"478\" \/>\n\t<meta property=\"og:image:type\" content=\"image\/png\" \/>\n<meta name=\"twitter:card\" content=\"summary_large_image\" \/>\n<meta name=\"twitter:label1\" content=\"Dur\u00e9e de lecture estim\u00e9e\" \/>\n\t<meta name=\"twitter:data1\" content=\"1 minute\" \/>\n<script type=\"application\/ld+json\" class=\"yoast-schema-graph\">{\"@context\":\"https:\/\/schema.org\",\"@graph\":[{\"@type\":\"WebPage\",\"@id\":\"https:\/\/laserelectronique.com\/?page_id=661\",\"url\":\"https:\/\/laserelectronique.com\/?page_id=661\",\"name\":\"LASER ELECTRONIQUE TP - LASER ELECTRONIQUE TP\",\"isPartOf\":{\"@id\":\"https:\/\/laserelectronique.com\/#website\"},\"primaryImageOfPage\":{\"@id\":\"https:\/\/laserelectronique.com\/?page_id=661#primaryimage\"},\"image\":{\"@id\":\"https:\/\/laserelectronique.com\/?page_id=661#primaryimage\"},\"thumbnailUrl\":\"https:\/\/laserelectronique.com\/wp-content\/uploads\/2017\/12\/letp.png\",\"datePublished\":\"2017-09-28T19:25:34+00:00\",\"dateModified\":\"2018-12-18T08:16:33+00:00\",\"breadcrumb\":{\"@id\":\"https:\/\/laserelectronique.com\/?page_id=661#breadcrumb\"},\"inLanguage\":\"fr-FR\",\"potentialAction\":[{\"@type\":\"ReadAction\",\"target\":[\"https:\/\/laserelectronique.com\/?page_id=661\"]}]},{\"@type\":\"ImageObject\",\"inLanguage\":\"fr-FR\",\"@id\":\"https:\/\/laserelectronique.com\/?page_id=661#primaryimage\",\"url\":\"https:\/\/laserelectronique.com\/wp-content\/uploads\/2017\/12\/letp.png\",\"contentUrl\":\"https:\/\/laserelectronique.com\/wp-content\/uploads\/2017\/12\/letp.png\",\"width\":640,\"height\":478},{\"@type\":\"BreadcrumbList\",\"@id\":\"https:\/\/laserelectronique.com\/?page_id=661#breadcrumb\",\"itemListElement\":[{\"@type\":\"ListItem\",\"position\":1,\"name\":\"Accueil\",\"item\":\"https:\/\/laserelectronique.com\/\"},{\"@type\":\"ListItem\",\"position\":2,\"name\":\"Accueil\",\"item\":\"https:\/\/laserelectronique.com\/\"},{\"@type\":\"ListItem\",\"position\":3,\"name\":\"LASER ELECTRONIQUE TP\"}]},{\"@type\":\"WebSite\",\"@id\":\"https:\/\/laserelectronique.com\/#website\",\"url\":\"https:\/\/laserelectronique.com\/\",\"name\":\"LASER ELECTRONIQUE TP\",\"description\":\"VOTRE PARTENAIRE EN GUIDAGE D&#039;ENGINS, TOPOGRAPHIE ET SERVICES\",\"potentialAction\":[{\"@type\":\"SearchAction\",\"target\":{\"@type\":\"EntryPoint\",\"urlTemplate\":\"https:\/\/laserelectronique.com\/?s={search_term_string}\"},\"query-input\":{\"@type\":\"PropertyValueSpecification\",\"valueRequired\":true,\"valueName\":\"search_term_string\"}}],\"inLanguage\":\"fr-FR\"}]}<\/script>\n<!-- \/ Yoast SEO plugin. -->","yoast_head_json":{"title":"LASER ELECTRONIQUE TP - LASER ELECTRONIQUE TP","robots":{"index":"index","follow":"follow","max-snippet":"max-snippet:-1","max-image-preview":"max-image-preview:large","max-video-preview":"max-video-preview:-1"},"canonical":"https:\/\/laserelectronique.com\/?page_id=661","og_locale":"fr_FR","og_type":"article","og_title":"LASER ELECTRONIQUE TP - LASER ELECTRONIQUE TP","og_description":"[vc_row full_width=\u00a0\u00bbstretch_row\u00a0\u00bb gap=\u00a0\u00bb15&Prime;][vc_column offset=\u00a0\u00bbvc_col-lg-offset-0 vc_col-sm-offset-1 vc_col-xs-offset-1&Prime;][vc_single_image image=\u00a0\u00bb1638&Prime; img_size=\u00a0\u00bb300&#215;150&Prime; alignment=\u00a0\u00bbcenter\u00a0\u00bb css_animation=\u00a0\u00bbnone\u00a0\u00bb][\/vc_column][\/vc_row][vc_row full_height=\u00a0\u00bbyes\u00a0\u00bb][vc_column offset=\u00a0\u00bbvc_col-lg-offset-1&Prime;][vc_column_text] LASER ELECTRONIQUE TP 170 Avenue Marcel Cachin 69120 Vaulx en Velin France T\u00e9l\u00e9phone : 0472044189 www.laserelectronique.com LETP est&hellip;","og_url":"https:\/\/laserelectronique.com\/?page_id=661","og_site_name":"LASER ELECTRONIQUE TP","article_modified_time":"2018-12-18T08:16:33+00:00","og_image":[{"width":640,"height":478,"url":"https:\/\/laserelectronique.com\/wp-content\/uploads\/2017\/12\/letp.png","type":"image\/png"}],"twitter_card":"summary_large_image","twitter_misc":{"Dur\u00e9e de lecture estim\u00e9e":"1 minute"},"schema":{"@context":"https:\/\/schema.org","@graph":[{"@type":"WebPage","@id":"https:\/\/laserelectronique.com\/?page_id=661","url":"https:\/\/laserelectronique.com\/?page_id=661","name":"LASER ELECTRONIQUE TP - LASER ELECTRONIQUE TP","isPartOf":{"@id":"https:\/\/laserelectronique.com\/#website"},"primaryImageOfPage":{"@id":"https:\/\/laserelectronique.com\/?page_id=661#primaryimage"},"image":{"@id":"https:\/\/laserelectronique.com\/?page_id=661#primaryimage"},"thumbnailUrl":"https:\/\/laserelectronique.com\/wp-content\/uploads\/2017\/12\/letp.png","datePublished":"2017-09-28T19:25:34+00:00","dateModified":"2018-12-18T08:16:33+00:00","breadcrumb":{"@id":"https:\/\/laserelectronique.com\/?page_id=661#breadcrumb"},"inLanguage":"fr-FR","potentialAction":[{"@type":"ReadAction","target":["https:\/\/laserelectronique.com\/?page_id=661"]}]},{"@type":"ImageObject","inLanguage":"fr-FR","@id":"https:\/\/laserelectronique.com\/?page_id=661#primaryimage","url":"https:\/\/laserelectronique.com\/wp-content\/uploads\/2017\/12\/letp.png","contentUrl":"https:\/\/laserelectronique.com\/wp-content\/uploads\/2017\/12\/letp.png","width":640,"height":478},{"@type":"BreadcrumbList","@id":"https:\/\/laserelectronique.com\/?page_id=661#breadcrumb","itemListElement":[{"@type":"ListItem","position":1,"name":"Accueil","item":"https:\/\/laserelectronique.com\/"},{"@type":"ListItem","position":2,"name":"Accueil","item":"https:\/\/laserelectronique.com\/"},{"@type":"ListItem","position":3,"name":"LASER ELECTRONIQUE TP"}]},{"@type":"WebSite","@id":"https:\/\/laserelectronique.com\/#website","url":"https:\/\/laserelectronique.com\/","name":"LASER ELECTRONIQUE TP","description":"VOTRE PARTENAIRE EN GUIDAGE D&#039;ENGINS, TOPOGRAPHIE ET SERVICES","potentialAction":[{"@type":"SearchAction","target":{"@type":"EntryPoint","urlTemplate":"https:\/\/laserelectronique.com\/?s={search_term_string}"},"query-input":{"@type":"PropertyValueSpecification","valueRequired":true,"valueName":"search_term_string"}}],"inLanguage":"fr-FR"}]}},"_links":{"self":[{"href":"https:\/\/laserelectronique.com\/index.php?rest_route=\/wp\/v2\/pages\/661","targetHints":{"allow":["GET"]}}],"collection":[{"href":"https:\/\/laserelectronique.com\/index.php?rest_route=\/wp\/v2\/pages"}],"about":[{"href":"https:\/\/laserelectronique.com\/index.php?rest_route=\/wp\/v2\/types\/page"}],"author":[{"embeddable":true,"href":"https:\/\/laserelectronique.com\/index.php?rest_route=\/wp\/v2\/users\/2"}],"replies":[{"embeddable":true,"href":"https:\/\/laserelectronique.com\/index.php?rest_route=%2Fwp%2Fv2%2Fcomments&post=661"}],"version-history":[{"count":67,"href":"https:\/\/laserelectronique.com\/index.php?rest_route=\/wp\/v2\/pages\/661\/revisions"}],"predecessor-version":[{"id":2315,"href":"https:\/\/laserelectronique.com\/index.php?rest_route=\/wp\/v2\/pages\/661\/revisions\/2315"}],"up":[{"embeddable":true,"href":"https:\/\/laserelectronique.com\/index.php?rest_route=\/wp\/v2\/pages\/27"}],"wp:featuredmedia":[{"embeddable":true,"href":"https:\/\/laserelectronique.com\/index.php?rest_route=\/wp\/v2\/media\/1350"}],"wp:attachment":[{"href":"https:\/\/laserelectronique.com\/index.php?rest_route=%2Fwp%2Fv2%2Fmedia&parent=661"}],"curies":[{"name":"wp","href":"https:\/\/api.w.org\/{rel}","templated":true}]}}