{"id":659,"date":"2017-09-28T21:25:07","date_gmt":"2017-09-28T19:25:07","guid":{"rendered":"http:\/\/laserins.fr\/?page_id=659"},"modified":"2019-07-28T14:40:27","modified_gmt":"2019-07-28T12:40:27","slug":"laser-ins","status":"publish","type":"page","link":"https:\/\/laserelectronique.com\/?page_id=659","title":{"rendered":"LASER INS"},"content":{"rendered":"<section class=\"wpb-content-wrapper\"><p>[vc_row gap=\u00a0\u00bb15&Prime;][vc_column][vc_single_image image=\u00a0\u00bb1623&Prime; img_size=\u00a0\u00bbmedium\u00a0\u00bb alignment=\u00a0\u00bbcenter\u00a0\u00bb onclick=\u00a0\u00bbcustom_link\u00a0\u00bb img_link_target=\u00a0\u00bb_blank\u00a0\u00bb link=\u00a0\u00bbhttp:\/\/www.laserins.fr\u00a0\u00bb][vc_row_inner content_placement=\u00a0\u00bbmiddle\u00a0\u00bb][vc_column_inner css=\u00a0\u00bb.vc_custom_1514502315656{margin-left: 0px !important;border-left-width: 0px !important;}\u00a0\u00bb][vc_column_text]<\/p>\n<h5><a href=\"http:\/\/laserins.fr\" target=\"_blank\" rel=\"noopener noreferrer\"><span style=\"color: #000080;\"><span style=\"color: #ff0000;\">LASER INS<\/span><\/span><\/a><\/h5>\n<h5>24-28 Avenue GRAHAM BELL<\/h5>\n<h5>Espace Vinci , B\u00e2timent 17A<br \/>\n77600 Bussy st georges<br \/>\nFrance<br \/>\nT\u00e9l\u00e9phone : 01 64 76 83 35<\/h5>\n<h5><span style=\"color: #ff0000;\"><a style=\"color: #ff0000;\" href=\"http:\/\/laserins.fr\" target=\"_blank\" rel=\"noopener noreferrer\">http:\/\/laserins.fr<\/a><\/span><\/h5>\n<h5>LASER INS est l&rsquo;\u00e9tablissement principal du groupe.<\/h5>\n<h5>Sp\u00e9cialiste des syst\u00e8mes de guidage MOBA, LASER INS propose une large gamme de produits de qualit\u00e9 pour les machines de construction routi\u00e8re.<\/h5>\n<h5>Avec son \u00e9tablissement secondaire LETP, LASER INS vend, loue et r\u00e9pare le mat\u00e9riel de topographie toute marque; lunettes de vis\u00e9e, lasers, th\u00e9odolites, stations totales et gnss.<\/h5>\n<p>[\/vc_column_text][\/vc_column_inner][\/vc_row_inner][\/vc_column][\/vc_row][vc_row][vc_column][vc_gmaps link=\u00a0\u00bb#E-8_JTNDaWZyYW1lJTIwc3JjJTNEJTIyaHR0cHMlM0ElMkYlMkZ3d3cuZ29vZ2xlLmNvbSUyRm1hcHMlMkZlbWJlZCUzRnBiJTNEJTIxMW0xOCUyMTFtMTIlMjExbTMlMjExZDE2ODA2Ni41MTAwNjE2NjU5NiUyMTJkMi4zNDQ3MjM1ODc3MjUzMTMlMjEzZDQ4LjgzODQ1Nzk1NzQ5MTYxJTIxMm0zJTIxMWYwJTIxMmYwJTIxM2YwJTIxM20yJTIxMWkxMDI0JTIxMmk3NjglMjE0ZjEzLjElMjEzbTMlMjExbTIlMjExczB4NDdlNjA0YzZiMjA3NWMxZCUyNTNBMHgxN2Y0NGY4YTQ1YWZjM2UwJTIxMnNMYXNlciUyQklucyUyMTVlMCUyMTNtMiUyMTFzZnIlMjEyc2ZyJTIxNHYxNTQxMzUyODA3Mzg2JTIyJTIwd2lkdGglM0QlMjI2MDAlMjIlMjBoZWlnaHQlM0QlMjI0NTAlMjIlMjBmcmFtZWJvcmRlciUzRCUyMjAlMjIlMjBzdHlsZSUzRCUyMmJvcmRlciUzQTAlMjIlMjBhbGxvd2Z1bGxzY3JlZW4lM0UlM0MlMkZpZnJhbWUlM0U=\u00a0\u00bb][\/vc_column][\/vc_row]<\/p>\n<\/section>","protected":false},"excerpt":{"rendered":"<p>[vc_row gap=\u00a0\u00bb15&Prime;][vc_column][vc_single_image image=\u00a0\u00bb1623&Prime; img_size=\u00a0\u00bbmedium\u00a0\u00bb alignment=\u00a0\u00bbcenter\u00a0\u00bb onclick=\u00a0\u00bbcustom_link\u00a0\u00bb img_link_target=\u00a0\u00bb_blank\u00a0\u00bb link=\u00a0\u00bbhttp:\/\/www.laserins.fr\u00a0\u00bb][vc_row_inner content_placement=\u00a0\u00bbmiddle\u00a0\u00bb][vc_column_inner css=\u00a0\u00bb.vc_custom_1514502315656{margin-left: 0px !important;border-left-width: 0px !important;}\u00a0\u00bb][vc_column_text] LASER INS 24-28 Avenue GRAHAM BELL Espace Vinci , B\u00e2timent 17A 77600 Bussy st georges France&hellip;<\/p>\n","protected":false},"author":2,"featured_media":0,"parent":27,"menu_order":0,"comment_status":"closed","ping_status":"closed","template":"template-homepage.php","meta":{"footnotes":""},"class_list":["post-659","page","type-page","status-publish","hentry","no-thumb"],"yoast_head":"<!-- This site is optimized with the Yoast SEO plugin v24.7 - https:\/\/yoast.com\/wordpress\/plugins\/seo\/ -->\n<title>LASER INS - LASER ELECTRONIQUE TP<\/title>\n<meta name=\"robots\" content=\"index, follow, max-snippet:-1, max-image-preview:large, max-video-preview:-1\" \/>\n<link rel=\"canonical\" href=\"https:\/\/laserelectronique.com\/?page_id=659\" \/>\n<meta property=\"og:locale\" content=\"fr_FR\" \/>\n<meta property=\"og:type\" content=\"article\" \/>\n<meta property=\"og:title\" content=\"LASER INS - LASER ELECTRONIQUE TP\" \/>\n<meta property=\"og:description\" content=\"[vc_row gap=\u00a0\u00bb15&Prime;][vc_column][vc_single_image image=\u00a0\u00bb1623&Prime; img_size=\u00a0\u00bbmedium\u00a0\u00bb alignment=\u00a0\u00bbcenter\u00a0\u00bb onclick=\u00a0\u00bbcustom_link\u00a0\u00bb img_link_target=\u00a0\u00bb_blank\u00a0\u00bb link=\u00a0\u00bbhttp:\/\/www.laserins.fr\u00a0\u00bb][vc_row_inner content_placement=\u00a0\u00bbmiddle\u00a0\u00bb][vc_column_inner css=\u00a0\u00bb.vc_custom_1514502315656{margin-left: 0px !important;border-left-width: 0px !important;}\u00a0\u00bb][vc_column_text] LASER INS 24-28 Avenue GRAHAM BELL Espace Vinci , B\u00e2timent 17A 77600 Bussy st georges France&hellip;\" \/>\n<meta property=\"og:url\" content=\"https:\/\/laserelectronique.com\/?page_id=659\" \/>\n<meta property=\"og:site_name\" content=\"LASER ELECTRONIQUE TP\" \/>\n<meta property=\"article:modified_time\" content=\"2019-07-28T12:40:27+00:00\" \/>\n<meta name=\"twitter:card\" content=\"summary_large_image\" \/>\n<meta name=\"twitter:label1\" content=\"Dur\u00e9e de lecture estim\u00e9e\" \/>\n\t<meta name=\"twitter:data1\" content=\"1 minute\" \/>\n<script type=\"application\/ld+json\" class=\"yoast-schema-graph\">{\"@context\":\"https:\/\/schema.org\",\"@graph\":[{\"@type\":\"WebPage\",\"@id\":\"https:\/\/laserelectronique.com\/?page_id=659\",\"url\":\"https:\/\/laserelectronique.com\/?page_id=659\",\"name\":\"LASER INS - LASER ELECTRONIQUE TP\",\"isPartOf\":{\"@id\":\"https:\/\/laserelectronique.com\/#website\"},\"datePublished\":\"2017-09-28T19:25:07+00:00\",\"dateModified\":\"2019-07-28T12:40:27+00:00\",\"breadcrumb\":{\"@id\":\"https:\/\/laserelectronique.com\/?page_id=659#breadcrumb\"},\"inLanguage\":\"fr-FR\",\"potentialAction\":[{\"@type\":\"ReadAction\",\"target\":[\"https:\/\/laserelectronique.com\/?page_id=659\"]}]},{\"@type\":\"BreadcrumbList\",\"@id\":\"https:\/\/laserelectronique.com\/?page_id=659#breadcrumb\",\"itemListElement\":[{\"@type\":\"ListItem\",\"position\":1,\"name\":\"Accueil\",\"item\":\"https:\/\/laserelectronique.com\/\"},{\"@type\":\"ListItem\",\"position\":2,\"name\":\"Accueil\",\"item\":\"https:\/\/laserelectronique.com\/\"},{\"@type\":\"ListItem\",\"position\":3,\"name\":\"LASER INS\"}]},{\"@type\":\"WebSite\",\"@id\":\"https:\/\/laserelectronique.com\/#website\",\"url\":\"https:\/\/laserelectronique.com\/\",\"name\":\"LASER ELECTRONIQUE TP\",\"description\":\"VOTRE PARTENAIRE EN GUIDAGE D&#039;ENGINS, TOPOGRAPHIE ET SERVICES\",\"potentialAction\":[{\"@type\":\"SearchAction\",\"target\":{\"@type\":\"EntryPoint\",\"urlTemplate\":\"https:\/\/laserelectronique.com\/?s={search_term_string}\"},\"query-input\":{\"@type\":\"PropertyValueSpecification\",\"valueRequired\":true,\"valueName\":\"search_term_string\"}}],\"inLanguage\":\"fr-FR\"}]}<\/script>\n<!-- \/ Yoast SEO plugin. -->","yoast_head_json":{"title":"LASER INS - LASER ELECTRONIQUE TP","robots":{"index":"index","follow":"follow","max-snippet":"max-snippet:-1","max-image-preview":"max-image-preview:large","max-video-preview":"max-video-preview:-1"},"canonical":"https:\/\/laserelectronique.com\/?page_id=659","og_locale":"fr_FR","og_type":"article","og_title":"LASER INS - LASER ELECTRONIQUE TP","og_description":"[vc_row gap=\u00a0\u00bb15&Prime;][vc_column][vc_single_image image=\u00a0\u00bb1623&Prime; img_size=\u00a0\u00bbmedium\u00a0\u00bb alignment=\u00a0\u00bbcenter\u00a0\u00bb onclick=\u00a0\u00bbcustom_link\u00a0\u00bb img_link_target=\u00a0\u00bb_blank\u00a0\u00bb link=\u00a0\u00bbhttp:\/\/www.laserins.fr\u00a0\u00bb][vc_row_inner content_placement=\u00a0\u00bbmiddle\u00a0\u00bb][vc_column_inner css=\u00a0\u00bb.vc_custom_1514502315656{margin-left: 0px !important;border-left-width: 0px !important;}\u00a0\u00bb][vc_column_text] LASER INS 24-28 Avenue GRAHAM BELL Espace Vinci , B\u00e2timent 17A 77600 Bussy st georges France&hellip;","og_url":"https:\/\/laserelectronique.com\/?page_id=659","og_site_name":"LASER ELECTRONIQUE TP","article_modified_time":"2019-07-28T12:40:27+00:00","twitter_card":"summary_large_image","twitter_misc":{"Dur\u00e9e de lecture estim\u00e9e":"1 minute"},"schema":{"@context":"https:\/\/schema.org","@graph":[{"@type":"WebPage","@id":"https:\/\/laserelectronique.com\/?page_id=659","url":"https:\/\/laserelectronique.com\/?page_id=659","name":"LASER INS - LASER ELECTRONIQUE TP","isPartOf":{"@id":"https:\/\/laserelectronique.com\/#website"},"datePublished":"2017-09-28T19:25:07+00:00","dateModified":"2019-07-28T12:40:27+00:00","breadcrumb":{"@id":"https:\/\/laserelectronique.com\/?page_id=659#breadcrumb"},"inLanguage":"fr-FR","potentialAction":[{"@type":"ReadAction","target":["https:\/\/laserelectronique.com\/?page_id=659"]}]},{"@type":"BreadcrumbList","@id":"https:\/\/laserelectronique.com\/?page_id=659#breadcrumb","itemListElement":[{"@type":"ListItem","position":1,"name":"Accueil","item":"https:\/\/laserelectronique.com\/"},{"@type":"ListItem","position":2,"name":"Accueil","item":"https:\/\/laserelectronique.com\/"},{"@type":"ListItem","position":3,"name":"LASER INS"}]},{"@type":"WebSite","@id":"https:\/\/laserelectronique.com\/#website","url":"https:\/\/laserelectronique.com\/","name":"LASER ELECTRONIQUE TP","description":"VOTRE PARTENAIRE EN GUIDAGE D&#039;ENGINS, TOPOGRAPHIE ET SERVICES","potentialAction":[{"@type":"SearchAction","target":{"@type":"EntryPoint","urlTemplate":"https:\/\/laserelectronique.com\/?s={search_term_string}"},"query-input":{"@type":"PropertyValueSpecification","valueRequired":true,"valueName":"search_term_string"}}],"inLanguage":"fr-FR"}]}},"_links":{"self":[{"href":"https:\/\/laserelectronique.com\/index.php?rest_route=\/wp\/v2\/pages\/659","targetHints":{"allow":["GET"]}}],"collection":[{"href":"https:\/\/laserelectronique.com\/index.php?rest_route=\/wp\/v2\/pages"}],"about":[{"href":"https:\/\/laserelectronique.com\/index.php?rest_route=\/wp\/v2\/types\/page"}],"author":[{"embeddable":true,"href":"https:\/\/laserelectronique.com\/index.php?rest_route=\/wp\/v2\/users\/2"}],"replies":[{"embeddable":true,"href":"https:\/\/laserelectronique.com\/index.php?rest_route=%2Fwp%2Fv2%2Fcomments&post=659"}],"version-history":[{"count":28,"href":"https:\/\/laserelectronique.com\/index.php?rest_route=\/wp\/v2\/pages\/659\/revisions"}],"predecessor-version":[{"id":2654,"href":"https:\/\/laserelectronique.com\/index.php?rest_route=\/wp\/v2\/pages\/659\/revisions\/2654"}],"up":[{"embeddable":true,"href":"https:\/\/laserelectronique.com\/index.php?rest_route=\/wp\/v2\/pages\/27"}],"wp:attachment":[{"href":"https:\/\/laserelectronique.com\/index.php?rest_route=%2Fwp%2Fv2%2Fmedia&parent=659"}],"curies":[{"name":"wp","href":"https:\/\/api.w.org\/{rel}","templated":true}]}}